{"id":17587,"date":"2002-01-27T08:09:12","date_gmt":"2002-01-27T08:09:12","guid":{"rendered":"https:\/\/euflightcompensation.com\/comparacoes-de-empresas-de-compensacao-de-voo\/skycop-vs-airhelp\/"},"modified":"2023-02-21T02:22:13","modified_gmt":"2023-02-21T02:22:13","slug":"skycop-vs-airhelp","status":"publish","type":"page","link":"https:\/\/euflightcompensation.com\/pt-pt\/comparacoes-de-empresas-de-compensacao-de-voo\/skycop-vs-airhelp\/","title":{"rendered":"Skycop.com vs Airhelp.com"},"content":{"rendered":"<div class=\"table-2\">\n<style type=\"text\/css\">.fusion-image-before-after-1 .fusion-image-before-after-handle {border-color:#ffffff;}.fusion-image-before-after-1 .fusion-image-before-after-left-arrow {border-right-color:#ffffff;}.fusion-image-before-after-1 .fusion-image-before-after-right-arrow {border-left-color:#ffffff;}.fusion-image-before-after-1 .fusion-image-before-after-handle::after {background:#ffffff;box-shadow: 0 3px 0 #ffffff, 0 0 12px rgba(51,51,51,.5);}.fusion-image-before-after-1 .fusion-image-before-after-handle::before {background:#ffffff;box-shadow: 0 3px 0 #ffffff, 0 0 12px rgba(51,51,51,.5);}.fusion-image-before-after-1 .fusion-image-before-after-handle {background:rgba(255,255,255,0);}.fusion-image-before-after-1 .fusion-image-before-after-before-label:before,.fusion-image-before-after-1 .fusion-image-before-after-after-label:before{font-size:13px;}.fusion-image-before-after-1 .fusion-image-before-after-before-label:before,.fusion-image-before-after-1 .fusion-image-before-after-after-label:before{color:#ffffff;background:rgba(255,255,255,0.15);}<\/style><div class=\"fusion-image-before-after-wrapper fusion-image-before-after-horizontal fusion-image-before-after-wrapper-1\"><div class=\"fusion-image-before-after-element fusion-image-before-after fusion-image-before-after-container fusion-image-before-after-1\" data-offset=\"0.5\" data-orientation=\"horizontal\" data-move-with-handle-only=\"true\" data-click-to-move=\"true\"><img fetchpriority=\"high\" decoding=\"async\" alt=\"Skycop.com\" class=\"fusion-image-before-after-before\" src=\"https:\/\/euflightcompensation.com\/wp-content\/uploads\/2019\/10\/skycop_800x400.jpg\" width=\"800\" height=\"400\"><img decoding=\"async\" alt=\"Airhelp.com\" class=\"fusion-image-before-after-after\" src=\"https:\/\/euflightcompensation.com\/wp-content\/uploads\/2021\/07\/Airhelp-website.jpg\" width=\"800\" height=\"400\"><div class=\"fusion-image-before-after-overlay before-after-overlay-image-centered\"><div class=\"fusion-image-before-after-before-label\" data-content=\"Skycop.com\"><\/div><div class=\"fusion-image-before-after-after-label\" data-content=\"Airhelp.com\"><\/div><\/div><div class=\"fusion-image-before-after-handle fusion-image-before-after-handle-default\"><span class=\"fusion-image-before-after-left-arrow\"><\/span><span class=\"fusion-image-before-after-right-arrow\"><\/span><\/div><\/div><\/div>\n<p>&nbsp;<\/p>\n<p class=\"Body\" style=\"text-align: justify;\">A Skycop.com \u00e9 a melhor das melhores. Com uma classifica\u00e7\u00e3o excelente de 88% por seus clientes, a Skycop pode quase garantir totalmente a satisfa\u00e7\u00e3o ao trabalhar com eles. Seu site \u00e9 f\u00e1cil de usar e ajudar\u00e1 a tornar o processo r\u00e1pido e simples. Eles cobram uma taxa de servi\u00e7o de 25% e trabalham dentro de um prazo de 6 a 12 semanas. Eles s\u00e3o uma das empresas de compensa\u00e7\u00e3o mais baratas e r\u00e1pidas dispon\u00edveis.<\/p>\n<p class=\"Body\" style=\"text-align: justify;\">Em nossa opini\u00e3o, a empresa Airhelp.com n\u00e3o \u00e9 t\u00e3o boa quanto a Skycop, mas seus servi\u00e7os ainda s\u00e3o extremamente bons. Eles oferecem aos clientes a mesma quantia de dinheiro de volta que a Skycop.com oferece apenas por uma taxa de servi\u00e7o um pouco mais alta de 35%. Seu per\u00edodo de tempo \u00e9 de algumas semanas a mais tamb\u00e9m. A Airhelp ficar\u00e1 ao seu lado ao trabalhar com eles, pois eles t\u00eam uma classifica\u00e7\u00e3o excelente de 87% por seus clientes.<\/p>\n<p>&nbsp;<\/p>\n<h2 style=\"text-align: center;\">Compara\u00e7\u00e3o Skycop.com vs Airhelp.com 2026<\/h2>\n<p>&nbsp;<\/p>\n<table width=\"100%\">\n<thead>\n<tr>\n<th style=\"text-align: center;\" align=\"left\">Empresa<\/th>\n<th style=\"text-align: left;\" align=\"left\">Pa\u00eds<\/th>\n<th style=\"text-align: center;\" align=\"left\">Pedido m\u00e9dio<\/th>\n<th style=\"text-align: center;\" align=\"left\">Taxa de sucesso<\/th>\n<th style=\"text-align: center;\" align=\"left\">Prazo<\/th>\n<th align=\"left\"><\/th>\n<\/tr>\n<\/thead>\n<tbody>\n<tr>\n<td style=\"text-align: left;\" align=\"left\"><a href=\"https:\/\/euflightcompensation.com\/pt-pt\/opinioes\/skycop\/\"><img decoding=\"async\" class=\"size-full wp-image-4805 aligncenter\" src=\"https:\/\/euflightcompensation.com\/wp-content\/uploads\/2020\/06\/Skycop.png\" alt=\"\" width=\"100\" height=\"29\" \/><\/a><\/td>\n<td style=\"text-align: center;\" align=\"left\"><img loading=\"lazy\" decoding=\"async\" class=\"aligncenter wp-image-1785 size-full\" style=\"text-align: center; font-weight: bold;\" src=\"https:\/\/euflightcompensation.com\/wp-content\/uploads\/2020\/01\/Lithuania-flag.png\" alt=\"Lithuania flag\" width=\"32\" height=\"32\" \/><\/td>\n<td style=\"text-align: center;\" align=\"left\">320\u20ac<\/td>\n<td style=\"text-align: center;\" align=\"left\">75\u20ac \u2013 180\u20ac<\/td>\n<td style=\"text-align: center;\" align=\"left\">6 &#8211; 12 semanas<\/td>\n<td align=\"left\"><div class=\"fusion-button-wrapper fusion-aligncenter\"><style type=\"text\/css\">.fusion-button.button-1 .fusion-button-text, .fusion-button.button-1 i {color:#ffffff;}.fusion-button.button-1 .fusion-button-icon-divider{border-color:#ffffff;}.fusion-button.button-1:hover .fusion-button-text, .fusion-button.button-1:hover i,.fusion-button.button-1:focus .fusion-button-text, .fusion-button.button-1:focus i,.fusion-button.button-1:active .fusion-button-text, .fusion-button.button-1:active{color:#ffffff;}.fusion-button.button-1:hover .fusion-button-icon-divider, .fusion-button.button-1:hover .fusion-button-icon-divider, .fusion-button.button-1:active .fusion-button-icon-divider{border-color:#ffffff;}.fusion-button.button-1:hover, .fusion-button.button-1:focus, .fusion-button.button-1:active{border-color:#ffffff;}.fusion-button.button-1 {border-color:#ffffff;border-radius:2px;}.fusion-button.button-1{background: #228cdb;}.fusion-button.button-1:hover,.button-1:focus,.fusion-button.button-1:active{background: #228cdb;}<\/style><a class=\"fusion-button button-flat button-small button-custom button-1 fusion-button-default-span fusion-button-default-type\" target=\"_blank\" rel=\"noopener noreferrer nofollow\" title=\"SOLICITE SUA COMPENSA\u00c7\u00c3O\" href=\"https:\/\/euflightcompensation.com\/recommends\/skycoppt\/\"><span class=\"fusion-button-text\">SOLICITE SUA COMPENSA\u00c7\u00c3O<\/span><\/a><\/div><\/td>\n<\/tr>\n<\/tbody>\n<tbody>\n<tr>\n<td style=\"text-align: left;\" align=\"left\"><a href=\"https:\/\/euflightcompensation.com\/pt-pt\/opinioes\/airhelp\/\"><img loading=\"lazy\" decoding=\"async\" class=\"aligncenter size-full wp-image-4797\" src=\"https:\/\/euflightcompensation.com\/wp-content\/uploads\/2021\/07\/Airhelp.png\" alt=\"Airhelp\" width=\"100\" height=\"29\" \/><\/a><\/td>\n<td style=\"text-align: center;\" align=\"left\"><img loading=\"lazy\" decoding=\"async\" class=\"aligncenter wp-image-1789 size-full\" style=\"text-align: center;\" src=\"https:\/\/euflightcompensation.com\/wp-content\/uploads\/2020\/01\/Germany-flag.png\" alt=\"Germany flag\" width=\"32\" height=\"32\" \/><\/td>\n<td style=\"text-align: center;\" align=\"left\">315\u20ac<\/td>\n<td style=\"text-align: center;\" align=\"left\">88\u20ac &#8211; 210\u20ac<\/td>\n<td style=\"text-align: center;\" align=\"left\">8 &#8211; 14 semanas<\/td>\n<td align=\"left\"><div class=\"fusion-button-wrapper fusion-aligncenter\"><style type=\"text\/css\">.fusion-button.button-2 .fusion-button-text, .fusion-button.button-2 i {color:#ffffff;}.fusion-button.button-2 .fusion-button-icon-divider{border-color:#ffffff;}.fusion-button.button-2:hover .fusion-button-text, .fusion-button.button-2:hover i,.fusion-button.button-2:focus .fusion-button-text, .fusion-button.button-2:focus i,.fusion-button.button-2:active .fusion-button-text, .fusion-button.button-2:active{color:#ffffff;}.fusion-button.button-2:hover .fusion-button-icon-divider, .fusion-button.button-2:hover .fusion-button-icon-divider, .fusion-button.button-2:active .fusion-button-icon-divider{border-color:#ffffff;}.fusion-button.button-2:hover, .fusion-button.button-2:focus, .fusion-button.button-2:active{border-color:#ffffff;}.fusion-button.button-2 {border-color:#ffffff;border-radius:2px;}.fusion-button.button-2{background: #228cdb;}.fusion-button.button-2:hover,.button-2:focus,.fusion-button.button-2:active{background: #228cdb;}<\/style><a class=\"fusion-button button-flat button-small button-custom button-2 fusion-button-default-span fusion-button-default-type\" target=\"_blank\" rel=\"noopener noreferrer nofollow\" title=\"SOLICITE SUA COMPENSA\u00c7\u00c3O\" href=\"https:\/\/euflightcompensation.com\/recommends\/airhelppt\/\"><span class=\"fusion-button-text\">SOLICITE SUA COMPENSA\u00c7\u00c3O<\/span><\/a><\/div><\/td>\n<\/tr>\n<\/tbody>\n<\/table>\n<\/div>\n<p>&nbsp;<\/p>\n","protected":false},"excerpt":{"rendered":"<p>&nbsp; A Skycop.com \u00e9 a melhor das melhores. Com uma classifica\u00e7\u00e3o excelente de 88% por seus clientes, a Skycop pode quase garantir totalmente a satisfa\u00e7\u00e3o ao trabalhar com eles. [&hellip;]<\/p>\n","protected":false},"author":1,"featured_media":0,"parent":17583,"menu_order":0,"comment_status":"closed","ping_status":"closed","template":"","meta":{"footnotes":""},"yoast_head":"<title>Skycop.com vs Airhelp.com 2026 - EFC<\/title>\n<meta name=\"robots\" content=\"index, follow, max-snippet:-1, max-image-preview:large, max-video-preview:-1\" \/>\n<link rel=\"canonical\" href=\"https:\/\/euflightcompensation.com\/pt-pt\/comparacoes-de-empresas-de-compensacao-de-voo\/skycop-vs-airhelp\/\" \/>\n<meta property=\"og:locale\" content=\"pt_PT\" \/>\n<meta property=\"og:type\" content=\"article\" \/>\n<meta property=\"og:title\" content=\"Skycop.com vs Airhelp.com 2026 - EFC\" \/>\n<meta property=\"og:description\" content=\"&nbsp; A Skycop.com \u00e9 a melhor das melhores. Com uma classifica\u00e7\u00e3o excelente de 88% por seus clientes, a Skycop pode quase garantir totalmente a satisfa\u00e7\u00e3o ao trabalhar com eles. [&hellip;]\" \/>\n<meta property=\"og:url\" content=\"https:\/\/euflightcompensation.com\/pt-pt\/comparacoes-de-empresas-de-compensacao-de-voo\/skycop-vs-airhelp\/\" \/>\n<meta property=\"og:site_name\" content=\"EUFlightCompensation.com\" \/>\n<meta property=\"article:publisher\" content=\"https:\/\/www.facebook.com\/EUflightcompensationcom\" \/>\n<meta property=\"article:modified_time\" content=\"2023-02-21T02:22:13+00:00\" \/>\n<meta property=\"og:image\" content=\"https:\/\/euflightcompensation.com\/wp-content\/uploads\/2020\/06\/Skycop.png\" \/>\n<meta name=\"twitter:card\" content=\"summary_large_image\" \/>\n<meta name=\"twitter:label1\" content=\"Tempo estimado de leitura\" \/>\n\t<meta name=\"twitter:data1\" content=\"3 minutos\" \/>\n<script type=\"application\/ld+json\" class=\"yoast-schema-graph\">{\"@context\":\"https:\/\/schema.org\",\"@graph\":[{\"@type\":\"WebPage\",\"@id\":\"https:\/\/euflightcompensation.com\/pt-pt\/comparacoes-de-empresas-de-compensacao-de-voo\/skycop-vs-airhelp\/\",\"url\":\"https:\/\/euflightcompensation.com\/pt-pt\/comparacoes-de-empresas-de-compensacao-de-voo\/skycop-vs-airhelp\/\",\"name\":\"Skycop.com vs Airhelp.com 2026 - EFC\",\"isPartOf\":{\"@id\":\"https:\/\/euflightcompensation.com\/pt-pt\/#website\"},\"primaryImageOfPage\":{\"@id\":\"https:\/\/euflightcompensation.com\/pt-pt\/comparacoes-de-empresas-de-compensacao-de-voo\/skycop-vs-airhelp\/#primaryimage\"},\"image\":{\"@id\":\"https:\/\/euflightcompensation.com\/pt-pt\/comparacoes-de-empresas-de-compensacao-de-voo\/skycop-vs-airhelp\/#primaryimage\"},\"thumbnailUrl\":\"https:\/\/euflightcompensation.com\/wp-content\/uploads\/2020\/06\/Skycop.png\",\"datePublished\":\"2002-01-27T08:09:12+00:00\",\"dateModified\":\"2023-02-21T02:22:13+00:00\",\"breadcrumb\":{\"@id\":\"https:\/\/euflightcompensation.com\/pt-pt\/comparacoes-de-empresas-de-compensacao-de-voo\/skycop-vs-airhelp\/#breadcrumb\"},\"inLanguage\":\"pt-PT\",\"potentialAction\":[{\"@type\":\"ReadAction\",\"target\":[\"https:\/\/euflightcompensation.com\/pt-pt\/comparacoes-de-empresas-de-compensacao-de-voo\/skycop-vs-airhelp\/\"]}]},{\"@type\":\"ImageObject\",\"inLanguage\":\"pt-PT\",\"@id\":\"https:\/\/euflightcompensation.com\/pt-pt\/comparacoes-de-empresas-de-compensacao-de-voo\/skycop-vs-airhelp\/#primaryimage\",\"url\":\"https:\/\/euflightcompensation.com\/wp-content\/uploads\/2020\/06\/Skycop.png\",\"contentUrl\":\"https:\/\/euflightcompensation.com\/wp-content\/uploads\/2020\/06\/Skycop.png\"},{\"@type\":\"BreadcrumbList\",\"@id\":\"https:\/\/euflightcompensation.com\/pt-pt\/comparacoes-de-empresas-de-compensacao-de-voo\/skycop-vs-airhelp\/#breadcrumb\",\"itemListElement\":[{\"@type\":\"ListItem\",\"position\":1,\"name\":\"Home\",\"item\":\"https:\/\/euflightcompensation.com\/pt-pt\/\"},{\"@type\":\"ListItem\",\"position\":2,\"name\":\"Compara\u00e7\u00f5es de Empresas de Compensa\u00e7\u00e3o de Voo\",\"item\":\"https:\/\/euflightcompensation.com\/pt-pt\/comparacoes-de-empresas-de-compensacao-de-voo\/\"},{\"@type\":\"ListItem\",\"position\":3,\"name\":\"Skycop.com vs Airhelp.com\"}]},{\"@type\":\"WebSite\",\"@id\":\"https:\/\/euflightcompensation.com\/pt-pt\/#website\",\"url\":\"https:\/\/euflightcompensation.com\/pt-pt\/\",\"name\":\"EUFlightCompensation.com\",\"description\":\"\",\"publisher\":{\"@id\":\"https:\/\/euflightcompensation.com\/pt-pt\/#organization\"},\"potentialAction\":[{\"@type\":\"SearchAction\",\"target\":{\"@type\":\"EntryPoint\",\"urlTemplate\":\"https:\/\/euflightcompensation.com\/pt-pt\/?s={search_term_string}\"},\"query-input\":\"required name=search_term_string\"}],\"inLanguage\":\"pt-PT\"},{\"@type\":\"Organization\",\"@id\":\"https:\/\/euflightcompensation.com\/pt-pt\/#organization\",\"name\":\"EU Flight Compensation\",\"url\":\"https:\/\/euflightcompensation.com\/pt-pt\/\",\"logo\":{\"@type\":\"ImageObject\",\"inLanguage\":\"pt-PT\",\"@id\":\"https:\/\/euflightcompensation.com\/pt-pt\/#\/schema\/logo\/image\/\",\"url\":\"https:\/\/euflightcompensation.com\/wp-content\/uploads\/2023\/05\/EU-Flight-Compensation-Logo-280x80-1.png\",\"contentUrl\":\"https:\/\/euflightcompensation.com\/wp-content\/uploads\/2023\/05\/EU-Flight-Compensation-Logo-280x80-1.png\",\"width\":280,\"height\":80,\"caption\":\"EU Flight Compensation\"},\"image\":{\"@id\":\"https:\/\/euflightcompensation.com\/pt-pt\/#\/schema\/logo\/image\/\"},\"sameAs\":[\"https:\/\/www.facebook.com\/EUflightcompensationcom\"]}]}<\/script>","yoast_head_json":{"title":"Skycop.com vs Airhelp.com 2026 - EFC","robots":{"index":"index","follow":"follow","max-snippet":"max-snippet:-1","max-image-preview":"max-image-preview:large","max-video-preview":"max-video-preview:-1"},"canonical":"https:\/\/euflightcompensation.com\/pt-pt\/comparacoes-de-empresas-de-compensacao-de-voo\/skycop-vs-airhelp\/","og_locale":"pt_PT","og_type":"article","og_title":"Skycop.com vs Airhelp.com 2026 - EFC","og_description":"&nbsp; A Skycop.com \u00e9 a melhor das melhores. Com uma classifica\u00e7\u00e3o excelente de 88% por seus clientes, a Skycop pode quase garantir totalmente a satisfa\u00e7\u00e3o ao trabalhar com eles. [&hellip;]","og_url":"https:\/\/euflightcompensation.com\/pt-pt\/comparacoes-de-empresas-de-compensacao-de-voo\/skycop-vs-airhelp\/","og_site_name":"EUFlightCompensation.com","article_publisher":"https:\/\/www.facebook.com\/EUflightcompensationcom","article_modified_time":"2023-02-21T02:22:13+00:00","og_image":[{"url":"https:\/\/euflightcompensation.com\/wp-content\/uploads\/2020\/06\/Skycop.png"}],"twitter_card":"summary_large_image","twitter_misc":{"Tempo estimado de leitura":"3 minutos"},"schema":{"@context":"https:\/\/schema.org","@graph":[{"@type":"WebPage","@id":"https:\/\/euflightcompensation.com\/pt-pt\/comparacoes-de-empresas-de-compensacao-de-voo\/skycop-vs-airhelp\/","url":"https:\/\/euflightcompensation.com\/pt-pt\/comparacoes-de-empresas-de-compensacao-de-voo\/skycop-vs-airhelp\/","name":"Skycop.com vs Airhelp.com 2026 - EFC","isPartOf":{"@id":"https:\/\/euflightcompensation.com\/pt-pt\/#website"},"primaryImageOfPage":{"@id":"https:\/\/euflightcompensation.com\/pt-pt\/comparacoes-de-empresas-de-compensacao-de-voo\/skycop-vs-airhelp\/#primaryimage"},"image":{"@id":"https:\/\/euflightcompensation.com\/pt-pt\/comparacoes-de-empresas-de-compensacao-de-voo\/skycop-vs-airhelp\/#primaryimage"},"thumbnailUrl":"https:\/\/euflightcompensation.com\/wp-content\/uploads\/2020\/06\/Skycop.png","datePublished":"2002-01-27T08:09:12+00:00","dateModified":"2023-02-21T02:22:13+00:00","breadcrumb":{"@id":"https:\/\/euflightcompensation.com\/pt-pt\/comparacoes-de-empresas-de-compensacao-de-voo\/skycop-vs-airhelp\/#breadcrumb"},"inLanguage":"pt-PT","potentialAction":[{"@type":"ReadAction","target":["https:\/\/euflightcompensation.com\/pt-pt\/comparacoes-de-empresas-de-compensacao-de-voo\/skycop-vs-airhelp\/"]}]},{"@type":"ImageObject","inLanguage":"pt-PT","@id":"https:\/\/euflightcompensation.com\/pt-pt\/comparacoes-de-empresas-de-compensacao-de-voo\/skycop-vs-airhelp\/#primaryimage","url":"https:\/\/euflightcompensation.com\/wp-content\/uploads\/2020\/06\/Skycop.png","contentUrl":"https:\/\/euflightcompensation.com\/wp-content\/uploads\/2020\/06\/Skycop.png"},{"@type":"BreadcrumbList","@id":"https:\/\/euflightcompensation.com\/pt-pt\/comparacoes-de-empresas-de-compensacao-de-voo\/skycop-vs-airhelp\/#breadcrumb","itemListElement":[{"@type":"ListItem","position":1,"name":"Home","item":"https:\/\/euflightcompensation.com\/pt-pt\/"},{"@type":"ListItem","position":2,"name":"Compara\u00e7\u00f5es de Empresas de Compensa\u00e7\u00e3o de Voo","item":"https:\/\/euflightcompensation.com\/pt-pt\/comparacoes-de-empresas-de-compensacao-de-voo\/"},{"@type":"ListItem","position":3,"name":"Skycop.com vs Airhelp.com"}]},{"@type":"WebSite","@id":"https:\/\/euflightcompensation.com\/pt-pt\/#website","url":"https:\/\/euflightcompensation.com\/pt-pt\/","name":"EUFlightCompensation.com","description":"","publisher":{"@id":"https:\/\/euflightcompensation.com\/pt-pt\/#organization"},"potentialAction":[{"@type":"SearchAction","target":{"@type":"EntryPoint","urlTemplate":"https:\/\/euflightcompensation.com\/pt-pt\/?s={search_term_string}"},"query-input":"required name=search_term_string"}],"inLanguage":"pt-PT"},{"@type":"Organization","@id":"https:\/\/euflightcompensation.com\/pt-pt\/#organization","name":"EU Flight Compensation","url":"https:\/\/euflightcompensation.com\/pt-pt\/","logo":{"@type":"ImageObject","inLanguage":"pt-PT","@id":"https:\/\/euflightcompensation.com\/pt-pt\/#\/schema\/logo\/image\/","url":"https:\/\/euflightcompensation.com\/wp-content\/uploads\/2023\/05\/EU-Flight-Compensation-Logo-280x80-1.png","contentUrl":"https:\/\/euflightcompensation.com\/wp-content\/uploads\/2023\/05\/EU-Flight-Compensation-Logo-280x80-1.png","width":280,"height":80,"caption":"EU Flight Compensation"},"image":{"@id":"https:\/\/euflightcompensation.com\/pt-pt\/#\/schema\/logo\/image\/"},"sameAs":["https:\/\/www.facebook.com\/EUflightcompensationcom"]}]}},"_links":{"self":[{"href":"https:\/\/euflightcompensation.com\/pt-pt\/wp-json\/wp\/v2\/pages\/17587"}],"collection":[{"href":"https:\/\/euflightcompensation.com\/pt-pt\/wp-json\/wp\/v2\/pages"}],"about":[{"href":"https:\/\/euflightcompensation.com\/pt-pt\/wp-json\/wp\/v2\/types\/page"}],"author":[{"embeddable":true,"href":"https:\/\/euflightcompensation.com\/pt-pt\/wp-json\/wp\/v2\/users\/1"}],"replies":[{"embeddable":true,"href":"https:\/\/euflightcompensation.com\/pt-pt\/wp-json\/wp\/v2\/comments?post=17587"}],"version-history":[{"count":0,"href":"https:\/\/euflightcompensation.com\/pt-pt\/wp-json\/wp\/v2\/pages\/17587\/revisions"}],"up":[{"embeddable":true,"href":"https:\/\/euflightcompensation.com\/pt-pt\/wp-json\/wp\/v2\/pages\/17583"}],"wp:attachment":[{"href":"https:\/\/euflightcompensation.com\/pt-pt\/wp-json\/wp\/v2\/media?parent=17587"}],"curies":[{"name":"wp","href":"https:\/\/api.w.org\/{rel}","templated":true}]}}