{"id":17572,"date":"2000-12-17T18:08:38","date_gmt":"2000-12-17T18:08:38","guid":{"rendered":"https:\/\/euflightcompensation.com\/about-us\/"},"modified":"2024-02-05T08:32:28","modified_gmt":"2024-02-05T08:32:28","slug":"sobre-nos","status":"publish","type":"page","link":"https:\/\/euflightcompensation.com\/pt-pt\/sobre-nos\/","title":{"rendered":"Sobre n\u00f3s"},"content":{"rendered":"<div class=\"fusion-fullwidth fullwidth-box fusion-builder-row-1 nonhundred-percent-fullwidth non-hundred-percent-height-scrolling\"  style='background-color: rgba(255,255,255,0);background-position: center center;background-repeat: no-repeat;padding-top:0px;padding-right:0px;padding-bottom:0px;padding-left:0px;'><div class=\"fusion-builder-row fusion-row \"><div  class=\"fusion-layout-column fusion_builder_column fusion_builder_column_2_3 fusion-builder-column-1 fusion-two-third fusion-column-first 2_3\"  style='margin-top:0px;margin-bottom:20px;width:66.66%;width:calc(66.66% - ( ( 4% ) * 0.6666 ) );margin-right: 4%;'>\n\t\t\t\t\t<div class=\"fusion-column-wrapper\" style=\"padding: 0px 0px 0px 0px;background-position:left top;background-repeat:no-repeat;-webkit-background-size:cover;-moz-background-size:cover;-o-background-size:cover;background-size:cover;\"   data-bg-url=\"\">\n\t\t\t\t\t\t<div class=\"fusion-text\"><p class=\"Body\" style=\"text-align: justify;\">Infelizmente, nas experi\u00eancias de viagem de hoje, os atrasos nos voos est\u00e3o se tornando cada vez mais comuns. Muitos viajantes ficam sentados em aeroportos enquanto seus voos s\u00e3o atrasados hora a hora at\u00e9 ficarem sentados l\u00e1 por um per\u00edodo de tempo desconhecido. Alguns viajantes t\u00eam a sorte de ter seu voo atrasado apenas algumas horas, enquanto outros viajantes precisam passar a noite no aeroporto enquanto aguardam o pr\u00f3ximo voo dispon\u00edvel. Muitas dessas pessoas tamb\u00e9m n\u00e3o sabem que existem op\u00e7\u00f5es de compensa\u00e7\u00e3o dispon\u00edveis para elas sob o Regulamento CE 261\/2004. Em fevereiro de 2004, a CE decidiu que os viajantes que sofrerem um atraso de mais de tr\u00eas horas, um voo cancelado ou n\u00e3o puderem embarcar no avi\u00e3o devido a overbooking devem ser indenizados por sua inconveni\u00eancia e perda de tempo e dinheiro. Ap\u00f3s essa decis\u00e3o, muitas empresas de compensa\u00e7\u00e3o de voos surgiram em toda a Europa.<\/p>\n<p class=\"Body\" style=\"text-align: justify;\">Quando voc\u00ea est\u00e1 preso no aeroporto e j\u00e1 est\u00e1 cansado, procurar a empresa certa para atender \u00e0s suas necessidades pode parecer algo esmagador. Cada empresa tem um site chamativo com promessas de seu servi\u00e7o r\u00e1pido, taxas de sucesso e o dinheiro que eles devolveram aos seus clientes. Cada empresa come\u00e7a ficar similar a outra e pode parecer imposs\u00edvel escolher a certa, ent\u00e3o os clientes apenas escolhem uma e esperam o melhor. \u00c9 a\u00ed que entra Scott Welsch.<\/p>\n<p style=\"text-align: justify;\">Scott Welsch \u00e9 um advogado baseado em Londres. Ele \u00e9 especialista em direito de viagens e quer educar as pessoas sobre seus direitos como viajantes na Europa, bem como educ\u00e1-los sobre o n\u00famero de empresas dispon\u00edveis para atend\u00ea-los. Muitas empresas tentam atrair seus clientes com promessas de servi\u00e7o r\u00e1pido, taxas de sucesso, dinheiro que eles devolveram com sucesso e gastam muito dinheiro em publicidade, ent\u00e3o algu\u00e9m despreparado e o viajante cansado sentado em uma cadeira no aeroporto, essas parecem ser as melhores op\u00e7\u00f5es.<\/p>\n<\/div><div class=\"fusion-clearfix\"><\/div>\n\n\t\t\t\t\t<\/div>\n\t\t\t\t<\/div><div  class=\"fusion-layout-column fusion_builder_column fusion_builder_column_1_3 fusion-builder-column-2 fusion-one-third fusion-column-last 1_3\"  style='margin-top:0px;margin-bottom:20px;width:33.33%;width:calc(33.33% - ( ( 4% ) * 0.3333 ) );'>\n\t\t\t\t\t<div class=\"fusion-column-wrapper\" style=\"padding: 0px 0px 0px 0px;background-position:left top;background-repeat:no-repeat;-webkit-background-size:cover;-moz-background-size:cover;-o-background-size:cover;background-size:cover;\"   data-bg-url=\"\">\n\t\t\t\t\t\t<div class=\"imageframe-align-center\"><span style=\"-webkit-border-radius:50%;-moz-border-radius:50%;border-radius:50%;-webkit-mask-image: -webkit-radial-gradient(circle, white, black);\" class=\"fusion-imageframe imageframe-none imageframe-1 hover-type-zoomin\"><img fetchpriority=\"high\" fetchpriority=\"high\" decoding=\"async\" src=\"https:\/\/euflightcompensation.com\/wp-content\/uploads\/2019\/10\/Scott-Welsch.jpg\" width=\"1000\" height=\"667\" alt=\"\" title=\"Scott Welsch\" class=\"img-responsive wp-image-16513\" srcset=\"https:\/\/euflightcompensation.com\/wp-content\/uploads\/2019\/10\/Scott-Welsch-200x133.jpg 200w, https:\/\/euflightcompensation.com\/wp-content\/uploads\/2019\/10\/Scott-Welsch-400x267.jpg 400w, https:\/\/euflightcompensation.com\/wp-content\/uploads\/2019\/10\/Scott-Welsch-600x400.jpg 600w, https:\/\/euflightcompensation.com\/wp-content\/uploads\/2019\/10\/Scott-Welsch-800x534.jpg 800w, https:\/\/euflightcompensation.com\/wp-content\/uploads\/2019\/10\/Scott-Welsch.jpg 1000w\" sizes=\"(max-width: 800px) 100vw, 400px\" \/><\/span><\/div><div class=\"fusion-sep-clear\"><\/div><div class=\"fusion-separator fusion-full-width-sep sep-none\" style=\"margin-left: auto;margin-right: auto;margin-top:5px;\"><\/div><div class=\"fusion-text\"><h3 style=\"text-align: center;\">Scott Welsch<\/h3>\n<p style=\"text-align: center;\">Advogado e blogueiro sediado em Londres. Ele \u00e9 especialista em direito de viagem e quer educar as pessoas sobre seus direitos como viajantes na Europa.<\/p>\n<\/div><div class=\"aligncenter\"><div class=\"fusion-social-links\"><div class=\"fusion-social-networks boxed-icons\"><div class=\"fusion-social-networks-wrapper\"><a class=\"fusion-social-network-icon fusion-tooltip fusion-facebook fusion-icon-facebook\" style=\"color:rgb(255,255,255);background-color:#f1574d;border-color:#f1574d;border-radius:50%;\" aria-label=\"fusion-facebook\" target=\"_blank\" rel=\"noopener noreferrer nofollow\" href=\"https:\/\/www.facebook.com\/scott.welsch.313\" data-placement=\"top\" data-title=\"Facebook\" data-toggle=\"tooltip\" title=\"Facebook\"><\/a><a class=\"fusion-social-network-icon fusion-tooltip fusion-youtube fusion-icon-youtube\" style=\"color:rgb(255,255,255);background-color:#f1574d;border-color:#f1574d;border-radius:50%;\" aria-label=\"fusion-youtube\" target=\"_blank\" rel=\"noopener noreferrer nofollow\" href=\"https:\/\/www.youtube.com\/channel\/UC7rL-n6rhaT-mTnY1I1BRTA\" data-placement=\"top\" data-title=\"YouTube\" data-toggle=\"tooltip\" title=\"YouTube\"><\/a><a class=\"fusion-social-network-icon fusion-tooltip fusion-blogger fusion-icon-blogger\" style=\"color:rgb(255,255,255);background-color:#f1574d;border-color:#f1574d;border-radius:50%;\" aria-label=\"fusion-blogger\" target=\"_blank\" rel=\"noopener noreferrer nofollow\" href=\"https:\/\/www.quora.com\/profile\/Scott-Welsch-6\" data-placement=\"top\" data-title=\"Blogger\" data-toggle=\"tooltip\" title=\"Blogger\"><\/a><a class=\"fusion-social-network-icon fusion-tooltip fusion-pinterest fusion-icon-pinterest\" style=\"color:rgb(255,255,255);background-color:#f1574d;border-color:#f1574d;border-radius:50%;\" aria-label=\"fusion-pinterest\" target=\"_blank\" rel=\"noopener noreferrer nofollow\" href=\"https:\/\/www.pinterest.co.uk\/euflightcompensationcom\/\" data-placement=\"top\" data-title=\"Pinterest\" data-toggle=\"tooltip\" title=\"Pinterest\"><\/a><a class=\"fusion-social-network-icon fusion-tooltip fusion-linkedin fusion-icon-linkedin\" style=\"color:rgb(255,255,255);background-color:#f1574d;border-color:#f1574d;border-radius:50%;\" aria-label=\"fusion-linkedin\" target=\"_blank\" rel=\"noopener noreferrer nofollow\" href=\"https:\/\/www.linkedin.com\/in\/scott-welsch-1241231a5\/\" data-placement=\"top\" data-title=\"LinkedIn\" data-toggle=\"tooltip\" title=\"LinkedIn\"><\/a><a class=\"fusion-social-network-icon fusion-tooltip fusion-mail fusion-icon-mail\" style=\"color:rgb(255,255,255);background-color:#f1574d;border-color:#f1574d;border-radius:50%;\" aria-label=\"fusion-mail\" target=\"_self\" rel=\"noopener noreferrer nofollow\" href=\"mailto:in&#102;o&#064;e&#117;&#102;l&#105;g&#104;tc&#111;m&#112;ensa&#116;ion.c&#111;&#109;\" data-placement=\"top\" data-title=\"Mail\" data-toggle=\"tooltip\" title=\"Mail\"><\/a><\/div><\/div><\/div><\/div><div class=\"fusion-clearfix\"><\/div>\n\n\t\t\t\t\t<\/div>\n\t\t\t\t<\/div><div  class=\"fusion-layout-column fusion_builder_column fusion_builder_column_1_1 fusion-builder-column-3 fusion-one-full fusion-column-first fusion-column-last 1_1\"  style='margin-top:0px;margin-bottom:20px;'>\n\t\t\t\t\t<div class=\"fusion-column-wrapper\" style=\"padding: 0px 0px 0px 0px;background-position:left top;background-repeat:no-repeat;-webkit-background-size:cover;-moz-background-size:cover;-o-background-size:cover;background-size:cover;\"   data-bg-url=\"\">\n\t\t\t\t\t\t<div class=\"fusion-text\"><p class=\"Body\" style=\"text-align: justify;\">No entanto, Scott Welsch viu um problema com isso. Ele viu que as empresas mais anunciadas n\u00e3o eram necessariamente as melhores porque nem sempre atendiam \u00e0s necessidades do maior n\u00famero de clientes. A partir dessa observa\u00e7\u00e3o, ele decidiu criar um local central, confi\u00e1vel e com pesquisas bem-feitas, onde os clientes pudessem comparar todas as diferentes empresas em um \u00fanico local. Scott e sua equipe pesquisaram v\u00e1rias empresas diferentes na Europa e compararam o n\u00famero de idiomas que falam, a usabilidade do site, o servi\u00e7o que a empresa oferece aos clientes, o tempo m\u00e9dio de compensa\u00e7\u00e3o, o que a empresa cobra do cliente por seus servi\u00e7os bem-sucedidos, e muitos outros aspectos importantes para criar uma lista de empresas em que acreditavam. As empresas que Scott e sua equipe escolheram como as melhores s\u00e3o aquelas que eles analisaram cuidadosamente e sentem que oferecem os melhores recursos para seus clientes. Scott Welsch tem um senso de justi\u00e7a com os viajantes que foram passados para tr\u00e1s pelas companhias a\u00e9reas e quer ser um amigo de confian\u00e7a que ir\u00e1 educ\u00e1-los e apont\u00e1-los na dire\u00e7\u00e3o certa para quem poderia ajud\u00e1-los a obter a compensa\u00e7\u00e3o que eles merecem.<\/p>\n<\/div><div class=\"fusion-text\"><div class=\"flex flex-grow flex-col gap-3\">\n<div class=\"min-h-&#091;20px&#093; flex flex-col items-start gap-4 whitespace-pre-wrap break-words\">\n<div class=\"markdown prose w-full break-words dark:prose-invert light\">\n<h2>Outros membros da equipa<\/h2>\n<\/div>\n<\/div>\n<\/div>\n<\/div><div class=\"fusion-builder-row fusion-builder-row-inner fusion-row \"><div  class=\"fusion-layout-column fusion_builder_column fusion_builder_column_2_3  fusion-two-third fusion-column-first 2_3\"  style='margin-top: 0px;margin-bottom: 20px;width:66.66%;width:calc(66.66% - ( ( 4% ) * 0.6666 ) );margin-right:4%;'><div class=\"fusion-column-wrapper fusion-column-wrapper-1\" style=\"padding: 0px 0px 0px 0px;background-position:left top;background-repeat:no-repeat;-webkit-background-size:cover;-moz-background-size:cover;-o-background-size:cover;background-size:cover;\"  data-bg-url=\"\"><div class=\"fusion-text\"><h3>Martynas Baniulis<\/h3>\n<h6><span style=\"text-decoration: underline;\">Gestor de Marketing<\/span><\/h6>\n<p style=\"text-align: justify;\">Martynas Baniulis, um Gestor de Marketing altamente talentoso, traz sua expertise em planejamento estrat\u00e9gico e t\u00e9cnicas inovadoras de marketing para o nosso site. Com um hist\u00f3rico comprovado de aumento da consci\u00eancia de marca e impulsionamento do engajamento dos clientes, Martynas \u00e9 fundamental em nossa miss\u00e3o de capacitar os passageiros e simplificar o processo de compensa\u00e7\u00e3o de voos.<\/p>\n<\/div><div class=\"aligncenter\"><div class=\"fusion-social-links\"><div class=\"fusion-social-networks boxed-icons\"><div class=\"fusion-social-networks-wrapper\"><a class=\"fusion-social-network-icon fusion-tooltip fusion-facebook fusion-icon-facebook\" style=\"color:rgba(255,255,255,.6);background-color:#616f85;border-color:#616f85;border-radius:50%;\" aria-label=\"fusion-facebook\" target=\"_blank\" rel=\"noopener noreferrer nofollow\" href=\"https:\/\/www.facebook.com\/baniulis\" data-placement=\"top\" data-title=\"Facebook\" data-toggle=\"tooltip\" title=\"Facebook\"><\/a><a class=\"fusion-social-network-icon fusion-tooltip fusion-twitter fusion-icon-twitter\" style=\"color:rgba(255,255,255,.6);background-color:#616f85;border-color:#616f85;border-radius:50%;\" aria-label=\"fusion-twitter\" target=\"_blank\" rel=\"noopener noreferrer nofollow\" href=\"https:\/\/twitter.com\/MartynasBaniul1\" data-placement=\"top\" data-title=\"Twitter\" data-toggle=\"tooltip\" title=\"Twitter\"><\/a><a class=\"fusion-social-network-icon fusion-tooltip fusion-linkedin fusion-icon-linkedin\" style=\"color:rgba(255,255,255,.6);background-color:#616f85;border-color:#616f85;border-radius:50%;\" aria-label=\"fusion-linkedin\" target=\"_blank\" rel=\"noopener noreferrer nofollow\" href=\"https:\/\/www.linkedin.com\/in\/martynas-baniulis-76a438117\/\" data-placement=\"top\" data-title=\"LinkedIn\" data-toggle=\"tooltip\" title=\"LinkedIn\"><\/a><a class=\"fusion-social-network-icon fusion-tooltip fusion-mail fusion-icon-mail\" style=\"color:rgba(255,255,255,.6);background-color:#616f85;border-color:#616f85;border-radius:50%;\" aria-label=\"fusion-mail\" target=\"_self\" rel=\"noopener noreferrer nofollow\" href=\"mailto:mar&#116;&#121;nas&#064;&#101;u&#102;&#108;i&#103;ht&#099;&#111;&#109;pen&#115;&#097;ti&#111;&#110;.&#099;om\" data-placement=\"top\" data-title=\"Mail\" data-toggle=\"tooltip\" title=\"Mail\"><\/a><\/div><\/div><\/div><\/div><\/div><\/div><div  class=\"fusion-layout-column fusion_builder_column fusion_builder_column_1_3  fusion-one-third fusion-column-last 1_3\"  style='margin-top: 0px;margin-bottom: 20px;width:33.33%;width:calc(33.33% - ( ( 4% ) * 0.3333 ) );'><div class=\"fusion-column-wrapper fusion-column-wrapper-2\" style=\"padding: 0px 0px 0px 0px;background-position:left top;background-repeat:no-repeat;-webkit-background-size:cover;-moz-background-size:cover;-o-background-size:cover;background-size:cover;\"  data-bg-url=\"\"><span class=\"fusion-imageframe imageframe-none imageframe-2 hover-type-none\"><img decoding=\"async\" src=\"https:\/\/euflightcompensation.com\/wp-content\/uploads\/2023\/05\/Martynas-Baniulis-300x300.jpg\" width=\"300\" height=\"300\" alt=\"Martynas Baniulis\" title=\"Martynas-Baniulis\" class=\"img-responsive wp-image-28332\" srcset=\"https:\/\/euflightcompensation.com\/wp-content\/uploads\/2023\/05\/Martynas-Baniulis-200x200.jpg 200w, https:\/\/euflightcompensation.com\/wp-content\/uploads\/2023\/05\/Martynas-Baniulis-400x400.jpg 400w, https:\/\/euflightcompensation.com\/wp-content\/uploads\/2023\/05\/Martynas-Baniulis-600x600.jpg 600w, https:\/\/euflightcompensation.com\/wp-content\/uploads\/2023\/05\/Martynas-Baniulis.jpg 800w\" sizes=\"(max-width: 800px) 100vw, 300px\" \/><\/span><\/div><\/div><\/div><div class=\"fusion-clearfix\"><\/div>\n\n\t\t\t\t\t<\/div>\n\t\t\t\t<\/div><\/div><\/div>\n","protected":false},"excerpt":{"rendered":"","protected":false},"author":1,"featured_media":0,"parent":0,"menu_order":0,"comment_status":"closed","ping_status":"closed","template":"100-width.php","meta":{"footnotes":""},"yoast_head":"<title>Sobre n\u00f3s - EFC<\/title>\n<meta name=\"robots\" content=\"index, follow, max-snippet:-1, max-image-preview:large, max-video-preview:-1\" \/>\n<link rel=\"canonical\" href=\"https:\/\/euflightcompensation.com\/pt-pt\/sobre-nos\/\" \/>\n<meta property=\"og:locale\" content=\"pt_PT\" \/>\n<meta property=\"og:type\" content=\"article\" \/>\n<meta property=\"og:title\" content=\"Sobre n\u00f3s - EFC\" \/>\n<meta property=\"og:url\" content=\"https:\/\/euflightcompensation.com\/pt-pt\/sobre-nos\/\" \/>\n<meta property=\"og:site_name\" content=\"EUFlightCompensation.com\" \/>\n<meta property=\"article:publisher\" content=\"https:\/\/www.facebook.com\/EUflightcompensationcom\" \/>\n<meta property=\"article:modified_time\" content=\"2024-02-05T08:32:28+00:00\" \/>\n<meta name=\"twitter:card\" content=\"summary_large_image\" \/>\n<meta name=\"twitter:label1\" content=\"Tempo estimado de leitura\" \/>\n\t<meta name=\"twitter:data1\" content=\"9 minutos\" \/>\n<script type=\"application\/ld+json\" class=\"yoast-schema-graph\">{\"@context\":\"https:\/\/schema.org\",\"@graph\":[{\"@type\":\"WebPage\",\"@id\":\"https:\/\/euflightcompensation.com\/pt-pt\/sobre-nos\/\",\"url\":\"https:\/\/euflightcompensation.com\/pt-pt\/sobre-nos\/\",\"name\":\"Sobre n\u00f3s - EFC\",\"isPartOf\":{\"@id\":\"https:\/\/euflightcompensation.com\/pt-pt\/#website\"},\"datePublished\":\"2000-12-17T18:08:38+00:00\",\"dateModified\":\"2024-02-05T08:32:28+00:00\",\"breadcrumb\":{\"@id\":\"https:\/\/euflightcompensation.com\/pt-pt\/sobre-nos\/#breadcrumb\"},\"inLanguage\":\"pt-PT\",\"potentialAction\":[{\"@type\":\"ReadAction\",\"target\":[\"https:\/\/euflightcompensation.com\/pt-pt\/sobre-nos\/\"]}]},{\"@type\":\"BreadcrumbList\",\"@id\":\"https:\/\/euflightcompensation.com\/pt-pt\/sobre-nos\/#breadcrumb\",\"itemListElement\":[{\"@type\":\"ListItem\",\"position\":1,\"name\":\"Home\",\"item\":\"https:\/\/euflightcompensation.com\/pt-pt\/\"},{\"@type\":\"ListItem\",\"position\":2,\"name\":\"Sobre n\u00f3s\"}]},{\"@type\":\"WebSite\",\"@id\":\"https:\/\/euflightcompensation.com\/pt-pt\/#website\",\"url\":\"https:\/\/euflightcompensation.com\/pt-pt\/\",\"name\":\"EUFlightCompensation.com\",\"description\":\"\",\"publisher\":{\"@id\":\"https:\/\/euflightcompensation.com\/pt-pt\/#organization\"},\"potentialAction\":[{\"@type\":\"SearchAction\",\"target\":{\"@type\":\"EntryPoint\",\"urlTemplate\":\"https:\/\/euflightcompensation.com\/pt-pt\/?s={search_term_string}\"},\"query-input\":\"required name=search_term_string\"}],\"inLanguage\":\"pt-PT\"},{\"@type\":\"Organization\",\"@id\":\"https:\/\/euflightcompensation.com\/pt-pt\/#organization\",\"name\":\"EU Flight Compensation\",\"url\":\"https:\/\/euflightcompensation.com\/pt-pt\/\",\"logo\":{\"@type\":\"ImageObject\",\"inLanguage\":\"pt-PT\",\"@id\":\"https:\/\/euflightcompensation.com\/pt-pt\/#\/schema\/logo\/image\/\",\"url\":\"https:\/\/euflightcompensation.com\/wp-content\/uploads\/2023\/05\/EU-Flight-Compensation-Logo-280x80-1.png\",\"contentUrl\":\"https:\/\/euflightcompensation.com\/wp-content\/uploads\/2023\/05\/EU-Flight-Compensation-Logo-280x80-1.png\",\"width\":280,\"height\":80,\"caption\":\"EU Flight Compensation\"},\"image\":{\"@id\":\"https:\/\/euflightcompensation.com\/pt-pt\/#\/schema\/logo\/image\/\"},\"sameAs\":[\"https:\/\/www.facebook.com\/EUflightcompensationcom\"]}]}<\/script>","yoast_head_json":{"title":"Sobre n\u00f3s - EFC","robots":{"index":"index","follow":"follow","max-snippet":"max-snippet:-1","max-image-preview":"max-image-preview:large","max-video-preview":"max-video-preview:-1"},"canonical":"https:\/\/euflightcompensation.com\/pt-pt\/sobre-nos\/","og_locale":"pt_PT","og_type":"article","og_title":"Sobre n\u00f3s - EFC","og_url":"https:\/\/euflightcompensation.com\/pt-pt\/sobre-nos\/","og_site_name":"EUFlightCompensation.com","article_publisher":"https:\/\/www.facebook.com\/EUflightcompensationcom","article_modified_time":"2024-02-05T08:32:28+00:00","twitter_card":"summary_large_image","twitter_misc":{"Tempo estimado de leitura":"9 minutos"},"schema":{"@context":"https:\/\/schema.org","@graph":[{"@type":"WebPage","@id":"https:\/\/euflightcompensation.com\/pt-pt\/sobre-nos\/","url":"https:\/\/euflightcompensation.com\/pt-pt\/sobre-nos\/","name":"Sobre n\u00f3s - EFC","isPartOf":{"@id":"https:\/\/euflightcompensation.com\/pt-pt\/#website"},"datePublished":"2000-12-17T18:08:38+00:00","dateModified":"2024-02-05T08:32:28+00:00","breadcrumb":{"@id":"https:\/\/euflightcompensation.com\/pt-pt\/sobre-nos\/#breadcrumb"},"inLanguage":"pt-PT","potentialAction":[{"@type":"ReadAction","target":["https:\/\/euflightcompensation.com\/pt-pt\/sobre-nos\/"]}]},{"@type":"BreadcrumbList","@id":"https:\/\/euflightcompensation.com\/pt-pt\/sobre-nos\/#breadcrumb","itemListElement":[{"@type":"ListItem","position":1,"name":"Home","item":"https:\/\/euflightcompensation.com\/pt-pt\/"},{"@type":"ListItem","position":2,"name":"Sobre n\u00f3s"}]},{"@type":"WebSite","@id":"https:\/\/euflightcompensation.com\/pt-pt\/#website","url":"https:\/\/euflightcompensation.com\/pt-pt\/","name":"EUFlightCompensation.com","description":"","publisher":{"@id":"https:\/\/euflightcompensation.com\/pt-pt\/#organization"},"potentialAction":[{"@type":"SearchAction","target":{"@type":"EntryPoint","urlTemplate":"https:\/\/euflightcompensation.com\/pt-pt\/?s={search_term_string}"},"query-input":"required name=search_term_string"}],"inLanguage":"pt-PT"},{"@type":"Organization","@id":"https:\/\/euflightcompensation.com\/pt-pt\/#organization","name":"EU Flight Compensation","url":"https:\/\/euflightcompensation.com\/pt-pt\/","logo":{"@type":"ImageObject","inLanguage":"pt-PT","@id":"https:\/\/euflightcompensation.com\/pt-pt\/#\/schema\/logo\/image\/","url":"https:\/\/euflightcompensation.com\/wp-content\/uploads\/2023\/05\/EU-Flight-Compensation-Logo-280x80-1.png","contentUrl":"https:\/\/euflightcompensation.com\/wp-content\/uploads\/2023\/05\/EU-Flight-Compensation-Logo-280x80-1.png","width":280,"height":80,"caption":"EU Flight Compensation"},"image":{"@id":"https:\/\/euflightcompensation.com\/pt-pt\/#\/schema\/logo\/image\/"},"sameAs":["https:\/\/www.facebook.com\/EUflightcompensationcom"]}]}},"_links":{"self":[{"href":"https:\/\/euflightcompensation.com\/pt-pt\/wp-json\/wp\/v2\/pages\/17572"}],"collection":[{"href":"https:\/\/euflightcompensation.com\/pt-pt\/wp-json\/wp\/v2\/pages"}],"about":[{"href":"https:\/\/euflightcompensation.com\/pt-pt\/wp-json\/wp\/v2\/types\/page"}],"author":[{"embeddable":true,"href":"https:\/\/euflightcompensation.com\/pt-pt\/wp-json\/wp\/v2\/users\/1"}],"replies":[{"embeddable":true,"href":"https:\/\/euflightcompensation.com\/pt-pt\/wp-json\/wp\/v2\/comments?post=17572"}],"version-history":[{"count":0,"href":"https:\/\/euflightcompensation.com\/pt-pt\/wp-json\/wp\/v2\/pages\/17572\/revisions"}],"wp:attachment":[{"href":"https:\/\/euflightcompensation.com\/pt-pt\/wp-json\/wp\/v2\/media?parent=17572"}],"curies":[{"name":"wp","href":"https:\/\/api.w.org\/{rel}","templated":true}]}}