{"id":17568,"date":"2019-10-07T11:16:05","date_gmt":"2019-10-07T10:16:05","guid":{"rendered":"https:\/\/euflightcompensation.com\/review-process\/"},"modified":"2023-04-03T14:48:56","modified_gmt":"2023-04-03T13:48:56","slug":"processo-de-avaliacao","status":"publish","type":"page","link":"https:\/\/euflightcompensation.com\/pt-pt\/processo-de-avaliacao\/","title":{"rendered":"Processo de avalia\u00e7\u00e3o"},"content":{"rendered":"<p><div class=\"fusion-fullwidth fullwidth-box fusion-builder-row-1 nonhundred-percent-fullwidth non-hundred-percent-height-scrolling\"  style='background-color: rgba(255,255,255,0);background-position: center center;background-repeat: no-repeat;padding-top:0px;padding-right:0px;padding-bottom:0px;padding-left:0px;'><div class=\"fusion-builder-row fusion-row \"><div  class=\"fusion-layout-column fusion_builder_column fusion_builder_column_1_2 fusion-builder-column-1 fusion-one-half fusion-column-first 1_2\"  style='margin-top:0px;margin-bottom:20px;width:50%;width:calc(50% - ( ( 4% ) * 0.5 ) );margin-right: 4%;'>\n\t\t\t\t\t<div class=\"fusion-column-wrapper\" style=\"padding: 0px 0px 0px 0px;background-position:left top;background-repeat:no-repeat;-webkit-background-size:cover;-moz-background-size:cover;-o-background-size:cover;background-size:cover;\"   data-bg-url=\"\">\n\t\t\t\t\t\t<div class=\"fusion-text\"><p class=\"Body\" style=\"text-align: justify;\">Navegar no processo de compensa\u00e7\u00e3o de voo pode ser uma tarefa dif\u00edcil e confusa e a maioria das companhias a\u00e9reas n\u00e3o quer que voc\u00ea tenha sucesso. Existem v\u00e1rias empresas especializadas em ajud\u00e1-lo no processo para garantir que voc\u00ea receba a compensa\u00e7\u00e3o que merece por um voo atrasado ou cancelado. No entanto, cada uma dessas empresas tem suas pr\u00f3prias nuances e pode operar de forma ligeiramente diferente. Selecionamos muitas dessas empresas e criamos este guia para explicar como avaliamos cada empresa para que voc\u00ea possa usar nossos conselhos para encontrar a melhor op\u00e7\u00e3o para sua situa\u00e7\u00e3o.<\/p>\n<\/div><div class=\"fusion-text\"><p class=\"Body\" style=\"text-align: justify;\">O Regulamento de Compensa\u00e7\u00e3o de Voos foi estabelecido em 2004 e garante aos passageiros a compensa\u00e7\u00e3o por cancelamentos de voos, grandes atrasos e recusa de embarque na Uni\u00e3o Europeia. Isso se tornou uma grande despesa para as companhias a\u00e9reas, que desde ent\u00e3o tornaram o processo demorado e complicado para desincentivar os consumidores de buscar sua compensa\u00e7\u00e3o. \u00c9 aqui que entram as empresas de compensa\u00e7\u00e3o de voos para ajudar os consumidores a navegar no processo at\u00e9 o dinheiro que lhes \u00e9 devido pelas companhias a\u00e9reas. Analisamos muitos aspectos diferentes ao considerar se devemos ou n\u00e3o recomendar uma empresa aos nossos leitores, e cada uma delas ser\u00e1 avaliada em uma escala de 1 a 10.<\/p>\n<\/div><div class=\"fusion-clearfix\"><\/div>\n\n\t\t\t\t\t<\/div>\n\t\t\t\t<\/div><div  class=\"fusion-layout-column fusion_builder_column fusion_builder_column_1_2 fusion-builder-column-2 fusion-one-half fusion-column-last 1_2\"  style='margin-top:0px;margin-bottom:20px;width:50%;width:calc(50% - ( ( 4% ) * 0.5 ) );'>\n\t\t\t\t\t<div class=\"fusion-column-wrapper\" style=\"padding: 0px 0px 0px 0px;background-position:left top;background-repeat:no-repeat;-webkit-background-size:cover;-moz-background-size:cover;-o-background-size:cover;background-size:cover;\"   data-bg-url=\"\">\n\t\t\t\t\t\t<span class=\"fusion-imageframe imageframe-none imageframe-1 hover-type-none\"><img fetchpriority=\"high\" fetchpriority=\"high\" decoding=\"async\" src=\"https:\/\/euflightcompensation.com\/wp-content\/uploads\/2019\/10\/review-process.jpg\" width=\"700\" height=\"467\" alt=\"\" title=\"review process\" class=\"img-responsive wp-image-16547\" srcset=\"https:\/\/euflightcompensation.com\/wp-content\/uploads\/2019\/10\/review-process-200x133.jpg 200w, https:\/\/euflightcompensation.com\/wp-content\/uploads\/2019\/10\/review-process-400x267.jpg 400w, https:\/\/euflightcompensation.com\/wp-content\/uploads\/2019\/10\/review-process-600x400.jpg 600w, https:\/\/euflightcompensation.com\/wp-content\/uploads\/2019\/10\/review-process.jpg 700w\" sizes=\"(max-width: 800px) 100vw, 600px\" \/><\/span><div class=\"fusion-sep-clear\"><\/div><div class=\"fusion-separator fusion-full-width-sep sep-single sep-solid\" style=\"border-color:#e0dede;border-top-width:1px;margin-left: auto;margin-right: auto;margin-top:5px;margin-bottom:5px;\"><\/div><div class=\"fusion-button-wrapper fusion-align-block\"><style type=\"text\/css\">.fusion-button.button-1 .fusion-button-text, .fusion-button.button-1 i {color:#ffffff;}.fusion-button.button-1 .fusion-button-icon-divider{border-color:#ffffff;}.fusion-button.button-1:hover .fusion-button-text, .fusion-button.button-1:hover i,.fusion-button.button-1:focus .fusion-button-text, .fusion-button.button-1:focus i,.fusion-button.button-1:active .fusion-button-text, .fusion-button.button-1:active{color:#ffffff;}.fusion-button.button-1:hover .fusion-button-icon-divider, .fusion-button.button-1:hover .fusion-button-icon-divider, .fusion-button.button-1:active .fusion-button-icon-divider{border-color:#ffffff;}.fusion-button.button-1:hover, .fusion-button.button-1:focus, .fusion-button.button-1:active{border-color:#ffffff;}.fusion-button.button-1 {border-color:#ffffff;border-radius:1px;}.fusion-button.button-1{background: #228cdb;}.fusion-button.button-1:hover,.button-1:focus,.fusion-button.button-1:active{background: #228cdb;}<\/style><a class=\"fusion-button button-flat button-medium button-custom button-1 fusion-button-span-yes fusion-button-default-type\" target=\"_self\" href=\"https:\/\/euflightcompensation.com\/pt-pt\/melhores-empresas-de-indenizacoes-aereas\/\"><span class=\"fusion-button-text\">VEJA AS 10 PRINCIPAIS EMPRESAS DE COMPENSA\u00c7\u00c3O<\/span><\/a><\/div><div class=\"fusion-clearfix\"><\/div>\n\n\t\t\t\t\t<\/div>\n\t\t\t\t<\/div><\/div><\/div><div class=\"fusion-fullwidth fullwidth-box fusion-builder-row-2 nonhundred-percent-fullwidth non-hundred-percent-height-scrolling\"  style='background-color: rgba(255,255,255,0);background-position: center center;background-repeat: no-repeat;padding-top:0px;padding-right:0px;padding-bottom:30px;padding-left:0px;'><div class=\"fusion-builder-row fusion-row \"><div  class=\"fusion-layout-column fusion_builder_column fusion_builder_column_1_1 fusion-builder-column-3 fusion-one-full fusion-column-first fusion-column-last 1_1\"  style='margin-top:0px;margin-bottom:0px;'>\n\t\t\t\t\t<div class=\"fusion-column-wrapper\" style=\"padding: 20px 0px 20px 0px;background-position:left top;background-repeat:no-repeat;-webkit-background-size:cover;-moz-background-size:cover;-o-background-size:cover;background-size:cover;\"   data-bg-url=\"\">\n\t\t\t\t\t\t<div class=\"fusion-builder-row fusion-builder-row-inner fusion-row \"><div  class=\"fusion-layout-column fusion_builder_column fusion_builder_column_1_3  fusion-one-third fusion-column-first 1_3\"  style='margin-top: 0px;margin-bottom: 20px;width:33.33%;width:calc(33.33% - ( ( 4% + 4% ) * 0.3333 ) );margin-right:4%;'><div class=\"fusion-column-wrapper fusion-column-wrapper-1\" style=\"padding: 0px 0px 0px 0px;background-position:left top;background-repeat:no-repeat;-webkit-background-size:cover;-moz-background-size:cover;-o-background-size:cover;background-size:cover;\"  data-bg-url=\"\"><style type=\"text\/css\"><\/style><div class=\"fusion-title title fusion-title-1 fusion-sep-none fusion-title-text fusion-title-size-one\" style=\"margin-top:0px;margin-bottom:0px;\"><h1 class=\"title-heading-left\" style=\"margin:0;\"><h3 style=\"text-align: left;\" data-fontsize=\"22\" data-lineheight=\"29\">1. Compensa\u00e7\u00e3o<\/h3><\/h1><\/div><div class=\"fusion-text\"><p style=\"text-align: justify;\">Quanto mais compensa\u00e7\u00e3o melhor, e quanto mais r\u00e1pido melhor. O processo pode ser complicado e os pagamentos por meio de empresas de compensa\u00e7\u00e3o podem levar de um m\u00eas a um ano, dependendo da coopera\u00e7\u00e3o da companhia a\u00e9rea.<\/p>\n<\/div><\/div><\/div><div  class=\"fusion-layout-column fusion_builder_column fusion_builder_column_1_3  fusion-one-third 1_3\"  style='margin-top: 0px;margin-bottom: 20px;width:33.33%;width:calc(33.33% - ( ( 4% + 4% ) * 0.3333 ) );margin-right:4%;'><div class=\"fusion-column-wrapper fusion-column-wrapper-2\" style=\"padding: 0px 0px 0px 0px;background-position:left top;background-repeat:no-repeat;-webkit-background-size:cover;-moz-background-size:cover;-o-background-size:cover;background-size:cover;\"  data-bg-url=\"\"><style type=\"text\/css\"><\/style><div class=\"fusion-title title fusion-title-2 fusion-sep-none fusion-title-text fusion-title-size-one\" style=\"margin-top:0px;margin-bottom:0px;\"><h1 class=\"title-heading-left\" style=\"margin:0;\"><h3 style=\"text-align: left;\">2. Taxa de sucesso<\/h3><\/h1><\/div><div class=\"fusion-text\"><p style=\"text-align: justify;\">Voc\u00ea s\u00f3 pagar\u00e1 pelo servi\u00e7o se eles forem bem-sucedidos em conseguir sua compensa\u00e7\u00e3o. A taxa consistir\u00e1 em uma porcentagem da remunera\u00e7\u00e3o total, bem como um Imposto sobre Valor Agregado na maioria dos cen\u00e1rios.<\/p>\n<\/div><\/div><\/div><div  class=\"fusion-layout-column fusion_builder_column fusion_builder_column_1_3  fusion-one-third fusion-column-last 1_3\"  style='margin-top: 0px;margin-bottom: 20px;width:33.33%;width:calc(33.33% - ( ( 4% + 4% ) * 0.3333 ) );'><div class=\"fusion-column-wrapper fusion-column-wrapper-3\" style=\"padding: 0px 0px 0px 0px;background-position:left top;background-repeat:no-repeat;-webkit-background-size:cover;-moz-background-size:cover;-o-background-size:cover;background-size:cover;\"  data-bg-url=\"\"><style type=\"text\/css\"><\/style><div class=\"fusion-title title fusion-title-3 fusion-sep-none fusion-title-text fusion-title-size-one\" style=\"margin-top:0px;margin-bottom:0px;\"><h1 class=\"title-heading-left\" style=\"margin:0;\"><h3 style=\"text-align: left;\">3. Avalia\u00e7\u00f5es on-line<\/h3><\/h1><\/div><div class=\"fusion-text\"><p style=\"text-align: justify;\">Coment\u00e1rios de clientes anteriores falam muito sobre uma empresa e seus sucessos. Nos certificamos de classificar as avalia\u00e7\u00f5es se s\u00e3o boas ou ruins a fim de obter uma vis\u00e3o completa dos servi\u00e7os que podem fornecer aos clientes.<\/p>\n<\/div><\/div><\/div><\/div><div class=\"fusion-builder-row fusion-builder-row-inner fusion-row \"><div  class=\"fusion-layout-column fusion_builder_column fusion_builder_column_1_3  fusion-one-third fusion-column-first 1_3\"  style='margin-top: 0px;margin-bottom: 20px;width:33.33%;width:calc(33.33% - ( ( 4% + 4% ) * 0.3333 ) );margin-right:4%;'><div class=\"fusion-column-wrapper fusion-column-wrapper-4\" style=\"padding: 0px 0px 0px 0px;background-position:left top;background-repeat:no-repeat;-webkit-background-size:cover;-moz-background-size:cover;-o-background-size:cover;background-size:cover;\"  data-bg-url=\"\"><style type=\"text\/css\"><\/style><div class=\"fusion-title title fusion-title-4 fusion-sep-none fusion-title-text fusion-title-size-one\" style=\"margin-top:0px;margin-bottom:0px;\"><h1 class=\"title-heading-left\" style=\"margin:0;\"><h3 style=\"text-align: left;\">4. Atendimento ao Cliente<\/h3><\/h1><\/div><div class=\"fusion-text\"><p style=\"text-align: justify;\">O atendimento ao cliente \u00e9 uma parte crucial de qualquer experi\u00eancia de neg\u00f3cios e valorizamos mais as empresas que se esfor\u00e7am para fornecer um ambiente de apoio aos seus clientes.<\/p>\n<\/div><\/div><\/div><div  class=\"fusion-layout-column fusion_builder_column fusion_builder_column_1_3  fusion-one-third 1_3\"  style='margin-top: 0px;margin-bottom: 20px;width:33.33%;width:calc(33.33% - ( ( 4% + 4% ) * 0.3333 ) );margin-right:4%;'><div class=\"fusion-column-wrapper fusion-column-wrapper-5\" style=\"padding: 0px 0px 0px 0px;background-position:left top;background-repeat:no-repeat;-webkit-background-size:cover;-moz-background-size:cover;-o-background-size:cover;background-size:cover;\"  data-bg-url=\"\"><style type=\"text\/css\"><\/style><div class=\"fusion-title title fusion-title-5 fusion-sep-none fusion-title-text fusion-title-size-one\" style=\"margin-top:0px;margin-bottom:0px;\"><h1 class=\"title-heading-left\" style=\"margin:0;\"><h3 style=\"text-align: left;\">5. F\u00e1cil de usar<\/h3><\/h1><\/div><div class=\"fusion-text\"><p style=\"text-align: justify;\">O processo de compensa\u00e7\u00e3o de voo \u00e9 bastante confuso e n\u00e3o \u00e9 algo que algu\u00e9m planeje. A assist\u00eancia de compensa\u00e7\u00e3o de voo deve tornar o processo simples e f\u00e1cil.<\/p>\n<\/div><\/div><\/div><div  class=\"fusion-layout-column fusion_builder_column fusion_builder_column_1_3  fusion-one-third fusion-column-last 1_3\"  style='margin-top: 0px;margin-bottom: 20px;width:33.33%;width:calc(33.33% - ( ( 4% + 4% ) * 0.3333 ) );'><div class=\"fusion-column-wrapper fusion-column-wrapper-6\" style=\"padding: 0px 0px 0px 0px;background-position:left top;background-repeat:no-repeat;-webkit-background-size:cover;-moz-background-size:cover;-o-background-size:cover;background-size:cover;\"  data-bg-url=\"\"><style type=\"text\/css\"><\/style><div class=\"fusion-title title fusion-title-6 fusion-sep-none fusion-title-text fusion-title-size-one\" style=\"margin-top:0px;margin-bottom:0px;\"><h1 class=\"title-heading-left\" style=\"margin:0;\"><h3 style=\"text-align: left;\">6. L\u00ednguas<\/h3><\/h1><\/div><div class=\"fusion-text\"><p style=\"text-align: justify;\">A UE abrange uma diversidade bem grande de pessoas e culturas, portanto, essas empresas precisam ser capazes de atender diversas pessoas oferecendo muitas op\u00e7\u00f5es de idiomas diferentes.<\/p>\n<\/div><\/div><\/div><\/div><div class=\"fusion-clearfix\"><\/div>\n\n\t\t\t\t\t<\/div>\n\t\t\t\t<\/div><div  class=\"fusion-layout-column fusion_builder_column fusion_builder_column_1_1 fusion-builder-column-4 fusion-one-full fusion-column-first fusion-column-last 1_1\"  style='margin-top:0px;margin-bottom:0px;'>\n\t\t\t\t\t<div class=\"fusion-column-wrapper\" style=\"padding: 0px 0px 0px 0px;background-position:left top;background-repeat:no-repeat;-webkit-background-size:cover;-moz-background-size:cover;-o-background-size:cover;background-size:cover;\"   data-bg-url=\"\">\n\t\t\t\t\t\t<div class=\"fusion-text\"><p style=\"text-align: justify;\">Voc\u00ea tem direito a uma compensa\u00e7\u00e3o das companhias a\u00e9reas por meio do Regulamento de Compensa\u00e7\u00e3o de Voo, e \u00e9 importante cumprir e obter uma compensa\u00e7\u00e3o financeira pelo inconveniente que um atraso ou cancelamento de voo traz \u00e0 sua vida agitada. As empresas de compensa\u00e7\u00e3o de voos podem fornecer um servi\u00e7o valioso navegando pelo sistema burocr\u00e1tico para recuperar os fundos que lhe s\u00e3o devidos e queremos ter certeza de que voc\u00ea est\u00e1 conectado \u00e0s melhores empresas para o servi\u00e7o.<\/p>\n<\/div><div class=\"fusion-clearfix\"><\/div>\n\n\t\t\t\t\t<\/div>\n\t\t\t\t<\/div><\/div><\/div><\/p>\n","protected":false},"excerpt":{"rendered":"","protected":false},"author":1,"featured_media":0,"parent":0,"menu_order":0,"comment_status":"closed","ping_status":"closed","template":"","meta":{"footnotes":""},"yoast_head":"<title>Processo de avalia\u00e7\u00e3o - EUFlightCompensation.com<\/title>\n<meta name=\"robots\" content=\"index, follow, max-snippet:-1, max-image-preview:large, max-video-preview:-1\" \/>\n<link rel=\"canonical\" href=\"https:\/\/euflightcompensation.com\/pt-pt\/processo-de-avaliacao\/\" \/>\n<meta property=\"og:locale\" content=\"pt_PT\" \/>\n<meta property=\"og:type\" content=\"article\" \/>\n<meta property=\"og:title\" content=\"Processo de avalia\u00e7\u00e3o - EUFlightCompensation.com\" \/>\n<meta property=\"og:url\" content=\"https:\/\/euflightcompensation.com\/pt-pt\/processo-de-avaliacao\/\" \/>\n<meta property=\"og:site_name\" content=\"EUFlightCompensation.com\" \/>\n<meta property=\"article:publisher\" content=\"https:\/\/www.facebook.com\/EUflightcompensationcom\" \/>\n<meta property=\"article:modified_time\" content=\"2023-04-03T13:48:56+00:00\" \/>\n<meta name=\"twitter:card\" content=\"summary_large_image\" \/>\n<meta name=\"twitter:label1\" content=\"Tempo estimado de leitura\" \/>\n\t<meta name=\"twitter:data1\" content=\"13 minutos\" \/>\n<script type=\"application\/ld+json\" class=\"yoast-schema-graph\">{\"@context\":\"https:\/\/schema.org\",\"@graph\":[{\"@type\":\"WebPage\",\"@id\":\"https:\/\/euflightcompensation.com\/pt-pt\/processo-de-avaliacao\/\",\"url\":\"https:\/\/euflightcompensation.com\/pt-pt\/processo-de-avaliacao\/\",\"name\":\"Processo de avalia\u00e7\u00e3o - EUFlightCompensation.com\",\"isPartOf\":{\"@id\":\"https:\/\/euflightcompensation.com\/pt-pt\/#website\"},\"datePublished\":\"2019-10-07T10:16:05+00:00\",\"dateModified\":\"2023-04-03T13:48:56+00:00\",\"breadcrumb\":{\"@id\":\"https:\/\/euflightcompensation.com\/pt-pt\/processo-de-avaliacao\/#breadcrumb\"},\"inLanguage\":\"pt-PT\",\"potentialAction\":[{\"@type\":\"ReadAction\",\"target\":[\"https:\/\/euflightcompensation.com\/pt-pt\/processo-de-avaliacao\/\"]}]},{\"@type\":\"BreadcrumbList\",\"@id\":\"https:\/\/euflightcompensation.com\/pt-pt\/processo-de-avaliacao\/#breadcrumb\",\"itemListElement\":[{\"@type\":\"ListItem\",\"position\":1,\"name\":\"Home\",\"item\":\"https:\/\/euflightcompensation.com\/pt-pt\/\"},{\"@type\":\"ListItem\",\"position\":2,\"name\":\"Processo de avalia\u00e7\u00e3o\"}]},{\"@type\":\"WebSite\",\"@id\":\"https:\/\/euflightcompensation.com\/pt-pt\/#website\",\"url\":\"https:\/\/euflightcompensation.com\/pt-pt\/\",\"name\":\"EUFlightCompensation.com\",\"description\":\"\",\"publisher\":{\"@id\":\"https:\/\/euflightcompensation.com\/pt-pt\/#organization\"},\"potentialAction\":[{\"@type\":\"SearchAction\",\"target\":{\"@type\":\"EntryPoint\",\"urlTemplate\":\"https:\/\/euflightcompensation.com\/pt-pt\/?s={search_term_string}\"},\"query-input\":\"required name=search_term_string\"}],\"inLanguage\":\"pt-PT\"},{\"@type\":\"Organization\",\"@id\":\"https:\/\/euflightcompensation.com\/pt-pt\/#organization\",\"name\":\"EU Flight Compensation\",\"url\":\"https:\/\/euflightcompensation.com\/pt-pt\/\",\"logo\":{\"@type\":\"ImageObject\",\"inLanguage\":\"pt-PT\",\"@id\":\"https:\/\/euflightcompensation.com\/pt-pt\/#\/schema\/logo\/image\/\",\"url\":\"https:\/\/euflightcompensation.com\/wp-content\/uploads\/2023\/05\/EU-Flight-Compensation-Logo-280x80-1.png\",\"contentUrl\":\"https:\/\/euflightcompensation.com\/wp-content\/uploads\/2023\/05\/EU-Flight-Compensation-Logo-280x80-1.png\",\"width\":280,\"height\":80,\"caption\":\"EU Flight Compensation\"},\"image\":{\"@id\":\"https:\/\/euflightcompensation.com\/pt-pt\/#\/schema\/logo\/image\/\"},\"sameAs\":[\"https:\/\/www.facebook.com\/EUflightcompensationcom\"]}]}<\/script>","yoast_head_json":{"title":"Processo de avalia\u00e7\u00e3o - EUFlightCompensation.com","robots":{"index":"index","follow":"follow","max-snippet":"max-snippet:-1","max-image-preview":"max-image-preview:large","max-video-preview":"max-video-preview:-1"},"canonical":"https:\/\/euflightcompensation.com\/pt-pt\/processo-de-avaliacao\/","og_locale":"pt_PT","og_type":"article","og_title":"Processo de avalia\u00e7\u00e3o - EUFlightCompensation.com","og_url":"https:\/\/euflightcompensation.com\/pt-pt\/processo-de-avaliacao\/","og_site_name":"EUFlightCompensation.com","article_publisher":"https:\/\/www.facebook.com\/EUflightcompensationcom","article_modified_time":"2023-04-03T13:48:56+00:00","twitter_card":"summary_large_image","twitter_misc":{"Tempo estimado de leitura":"13 minutos"},"schema":{"@context":"https:\/\/schema.org","@graph":[{"@type":"WebPage","@id":"https:\/\/euflightcompensation.com\/pt-pt\/processo-de-avaliacao\/","url":"https:\/\/euflightcompensation.com\/pt-pt\/processo-de-avaliacao\/","name":"Processo de avalia\u00e7\u00e3o - EUFlightCompensation.com","isPartOf":{"@id":"https:\/\/euflightcompensation.com\/pt-pt\/#website"},"datePublished":"2019-10-07T10:16:05+00:00","dateModified":"2023-04-03T13:48:56+00:00","breadcrumb":{"@id":"https:\/\/euflightcompensation.com\/pt-pt\/processo-de-avaliacao\/#breadcrumb"},"inLanguage":"pt-PT","potentialAction":[{"@type":"ReadAction","target":["https:\/\/euflightcompensation.com\/pt-pt\/processo-de-avaliacao\/"]}]},{"@type":"BreadcrumbList","@id":"https:\/\/euflightcompensation.com\/pt-pt\/processo-de-avaliacao\/#breadcrumb","itemListElement":[{"@type":"ListItem","position":1,"name":"Home","item":"https:\/\/euflightcompensation.com\/pt-pt\/"},{"@type":"ListItem","position":2,"name":"Processo de avalia\u00e7\u00e3o"}]},{"@type":"WebSite","@id":"https:\/\/euflightcompensation.com\/pt-pt\/#website","url":"https:\/\/euflightcompensation.com\/pt-pt\/","name":"EUFlightCompensation.com","description":"","publisher":{"@id":"https:\/\/euflightcompensation.com\/pt-pt\/#organization"},"potentialAction":[{"@type":"SearchAction","target":{"@type":"EntryPoint","urlTemplate":"https:\/\/euflightcompensation.com\/pt-pt\/?s={search_term_string}"},"query-input":"required name=search_term_string"}],"inLanguage":"pt-PT"},{"@type":"Organization","@id":"https:\/\/euflightcompensation.com\/pt-pt\/#organization","name":"EU Flight Compensation","url":"https:\/\/euflightcompensation.com\/pt-pt\/","logo":{"@type":"ImageObject","inLanguage":"pt-PT","@id":"https:\/\/euflightcompensation.com\/pt-pt\/#\/schema\/logo\/image\/","url":"https:\/\/euflightcompensation.com\/wp-content\/uploads\/2023\/05\/EU-Flight-Compensation-Logo-280x80-1.png","contentUrl":"https:\/\/euflightcompensation.com\/wp-content\/uploads\/2023\/05\/EU-Flight-Compensation-Logo-280x80-1.png","width":280,"height":80,"caption":"EU Flight Compensation"},"image":{"@id":"https:\/\/euflightcompensation.com\/pt-pt\/#\/schema\/logo\/image\/"},"sameAs":["https:\/\/www.facebook.com\/EUflightcompensationcom"]}]}},"_links":{"self":[{"href":"https:\/\/euflightcompensation.com\/pt-pt\/wp-json\/wp\/v2\/pages\/17568"}],"collection":[{"href":"https:\/\/euflightcompensation.com\/pt-pt\/wp-json\/wp\/v2\/pages"}],"about":[{"href":"https:\/\/euflightcompensation.com\/pt-pt\/wp-json\/wp\/v2\/types\/page"}],"author":[{"embeddable":true,"href":"https:\/\/euflightcompensation.com\/pt-pt\/wp-json\/wp\/v2\/users\/1"}],"replies":[{"embeddable":true,"href":"https:\/\/euflightcompensation.com\/pt-pt\/wp-json\/wp\/v2\/comments?post=17568"}],"version-history":[{"count":0,"href":"https:\/\/euflightcompensation.com\/pt-pt\/wp-json\/wp\/v2\/pages\/17568\/revisions"}],"wp:attachment":[{"href":"https:\/\/euflightcompensation.com\/pt-pt\/wp-json\/wp\/v2\/media?parent=17568"}],"curies":[{"name":"wp","href":"https:\/\/api.w.org\/{rel}","templated":true}]}}