{"id":24608,"date":"2000-11-27T08:09:12","date_gmt":"2000-11-27T08:09:12","guid":{"rendered":"https:\/\/euflightcompensation.com\/porownania\/skycop-vs-airhelp\/"},"modified":"2023-03-08T04:14:16","modified_gmt":"2023-03-08T04:14:16","slug":"skycop-vs-airhelp","status":"publish","type":"page","link":"https:\/\/euflightcompensation.com\/pl\/porownania\/skycop-vs-airhelp\/","title":{"rendered":"Skycop.com vs Airhelp.com"},"content":{"rendered":"<div class=\"table-2\">\n<style type=\"text\/css\">.fusion-image-before-after-1 .fusion-image-before-after-handle {border-color:#ffffff;}.fusion-image-before-after-1 .fusion-image-before-after-left-arrow {border-right-color:#ffffff;}.fusion-image-before-after-1 .fusion-image-before-after-right-arrow {border-left-color:#ffffff;}.fusion-image-before-after-1 .fusion-image-before-after-handle::after {background:#ffffff;box-shadow: 0 3px 0 #ffffff, 0 0 12px rgba(51,51,51,.5);}.fusion-image-before-after-1 .fusion-image-before-after-handle::before {background:#ffffff;box-shadow: 0 3px 0 #ffffff, 0 0 12px rgba(51,51,51,.5);}.fusion-image-before-after-1 .fusion-image-before-after-handle {background:rgba(255,255,255,0);}.fusion-image-before-after-1 .fusion-image-before-after-before-label:before,.fusion-image-before-after-1 .fusion-image-before-after-after-label:before{font-size:13px;}.fusion-image-before-after-1 .fusion-image-before-after-before-label:before,.fusion-image-before-after-1 .fusion-image-before-after-after-label:before{color:#ffffff;background:rgba(255,255,255,0.15);}<\/style><div class=\"fusion-image-before-after-wrapper fusion-image-before-after-horizontal fusion-image-before-after-wrapper-1\"><div class=\"fusion-image-before-after-element fusion-image-before-after fusion-image-before-after-container fusion-image-before-after-1\" data-offset=\"0.5\" data-orientation=\"horizontal\" data-move-with-handle-only=\"true\" data-click-to-move=\"true\"><img fetchpriority=\"high\" decoding=\"async\" alt=\"Skycop.com\" class=\"fusion-image-before-after-before\" src=\"https:\/\/euflightcompensation.com\/wp-content\/uploads\/2019\/10\/skycop_800x400.jpg\" width=\"800\" height=\"400\"><img decoding=\"async\" alt=\"Airhelp.com\" class=\"fusion-image-before-after-after\" src=\"https:\/\/euflightcompensation.com\/wp-content\/uploads\/2021\/07\/Airhelp-website.jpg\" width=\"800\" height=\"400\"><div class=\"fusion-image-before-after-overlay before-after-overlay-image-centered\"><div class=\"fusion-image-before-after-before-label\" data-content=\"Skycop.com\"><\/div><div class=\"fusion-image-before-after-after-label\" data-content=\"Airhelp.com\"><\/div><\/div><div class=\"fusion-image-before-after-handle fusion-image-before-after-handle-default\"><span class=\"fusion-image-before-after-left-arrow\"><\/span><span class=\"fusion-image-before-after-right-arrow\"><\/span><\/div><\/div><\/div>\n<p>&nbsp;<\/p>\n<p class=\"Body\" style=\"text-align: justify;\">Skycop.com to najlepsi z najlepszych. Z doskona\u0142\u0105 ocen\u0105 na poziomie 88% otrzyman\u0105 od swoich klient\u00f3w, Skycop ma wszystkie narz\u0119dzia, aby zagwarantowa\u0107 Ci olbrzymi\u0105 satysfakcj\u0119. Ich strona internetowa jest \u0142atwa w u\u017cyciu i sprawi, \u017ce ca\u0142y proces b\u0119dzie szybki i prosty. Pobieraj\u0105 op\u0142at\u0119 za us\u0142ug\u0119 w wysoko\u015bci 25% i pracuj\u0105 w ramach czasowych zaledwie 6-12 tygodni. S\u0105 jedn\u0105 z najta\u0144szych i najszybszych dost\u0119pnych firm odszkodowawczych.<\/p>\n<p class=\"Body\" style=\"text-align: justify;\">Naszym zdaniem, firma Airhelp.com nie jest a\u017c tak skuteczna jak Skycop, ale ich us\u0142ugi s\u0105 nadal na bardzo dobrym poziomie. Oferuj\u0105 klientom mniej wi\u0119cej tak\u0105 sam\u0105 sum\u0119 zwrotu, jak Skycop.com, ale za nieco wy\u017csz\u0105 op\u0142at\u0119 za us\u0142ug\u0119 w wysoko\u015bci 35%. Ich ramy czasowe s\u0105 r\u00f3wnie\u017c o kilka tygodni d\u0142u\u017csze. Skuteczno\u015b\u0107 na poziomie 87% wystawiona przez zadowolonych klient\u00f3w ka\u017ce jednak s\u0105dzi\u0107, \u017ce Airhelp r\u00f3wnie\u017c dla sobie rad\u0119.<\/p>\n<p>&nbsp;<\/p>\n<h2 style=\"text-align: center;\">Por\u00f3wnanie Skycop.com vs Airhelp.com 2026<\/h2>\n<\/div>\n<p>&nbsp;<\/p>\n<div class=\"table-2\">\n<div class=\"table-2\">\n<div class=\"table-2\">\n<table width=\"100%\">\n<thead>\n<tr>\n<th style=\"text-align: center;\" align=\"left\">Sp\u00f3\u0142ka<\/th>\n<th style=\"text-align: left;\" align=\"left\">Kraj<\/th>\n<th style=\"text-align: center;\" align=\"left\">\u015arednie roszczenie<\/th>\n<th style=\"text-align: center;\" align=\"left\">Op\u0142ata za sukces<\/th>\n<th style=\"text-align: center;\" align=\"left\">Ramy czasowe<\/th>\n<th align=\"left\"><\/th>\n<\/tr>\n<\/thead>\n<tbody>\n<tr>\n<td style=\"text-align: left;\" align=\"left\"><a href=\"https:\/\/euflightcompensation.com\/pl\/recenzje\/skycop\/\"><img decoding=\"async\" class=\"aligncenter wp-image-4805 size-full\" src=\"https:\/\/euflightcompensation.com\/wp-content\/uploads\/2020\/06\/Skycop.png\" alt=\"Skycop\" width=\"100\" height=\"29\" \/><\/a><\/td>\n<td style=\"text-align: center;\" align=\"left\"><img loading=\"lazy\" decoding=\"async\" class=\"aligncenter wp-image-1785 size-full\" style=\"text-align: center; font-weight: bold;\" src=\"https:\/\/euflightcompensation.com\/wp-content\/uploads\/2020\/01\/Lithuania-flag.png\" alt=\"Lithuania flag\" width=\"32\" height=\"32\" \/><\/td>\n<td style=\"text-align: center;\" align=\"left\">320\u20ac<\/td>\n<td style=\"text-align: center;\" align=\"left\">75\u20ac \u2013 180\u20ac<\/td>\n<td style=\"text-align: center;\" align=\"left\">6 &#8211; 12 tygodni<\/td>\n<td align=\"left\"><div class=\"fusion-button-wrapper fusion-aligncenter\"><style type=\"text\/css\">.fusion-button.button-1 .fusion-button-text, .fusion-button.button-1 i {color:#ffffff;}.fusion-button.button-1 .fusion-button-icon-divider{border-color:#ffffff;}.fusion-button.button-1:hover .fusion-button-text, .fusion-button.button-1:hover i,.fusion-button.button-1:focus .fusion-button-text, .fusion-button.button-1:focus i,.fusion-button.button-1:active .fusion-button-text, .fusion-button.button-1:active{color:#ffffff;}.fusion-button.button-1:hover .fusion-button-icon-divider, .fusion-button.button-1:hover .fusion-button-icon-divider, .fusion-button.button-1:active .fusion-button-icon-divider{border-color:#ffffff;}.fusion-button.button-1:hover, .fusion-button.button-1:focus, .fusion-button.button-1:active{border-color:#ffffff;}.fusion-button.button-1 {border-color:#ffffff;border-radius:2px;}.fusion-button.button-1{background: #228cdb;}.fusion-button.button-1:hover,.button-1:focus,.fusion-button.button-1:active{background: #228cdb;}<\/style><a class=\"fusion-button button-flat button-small button-custom button-1 fusion-button-default-span fusion-button-default-type\" target=\"_blank\" rel=\"noopener noreferrer nofollow\" href=\"https:\/\/euflightcompensation.com\/recommends\/skycoppl\/\"><span class=\"fusion-button-text\"><span data-sheets-value=\"{&quot;1&quot;:2,&quot;2&quot;:&quot;UZYSKAJ SWOJE ODSZKODOWANIE&quot;}\" data-sheets-userformat=\"{&quot;2&quot;:771,&quot;3&quot;:{&quot;1&quot;:0},&quot;4&quot;:{&quot;1&quot;:3,&quot;3&quot;:2},&quot;11&quot;:4,&quot;12&quot;:0}\">UZYSKAJ SWOJE ODSZKODOWANIE<\/span><\/span><\/a><\/div><\/td>\n<\/tr>\n<\/tbody>\n<tbody>\n<tr>\n<td style=\"text-align: left;\" align=\"left\"><a href=\"https:\/\/euflightcompensation.com\/pl\/recenzje\/airhelp\/\"><img loading=\"lazy\" decoding=\"async\" class=\"alignnone wp-image-22788 size-full\" src=\"https:\/\/euflightcompensation.com\/wp-content\/uploads\/2021\/07\/Airhelp.png\" alt=\"Airhelp\" width=\"100\" height=\"29\" \/><\/a><\/td>\n<td style=\"text-align: center;\" align=\"left\"><img loading=\"lazy\" decoding=\"async\" class=\"aligncenter wp-image-1789 size-full\" style=\"text-align: center;\" src=\"https:\/\/euflightcompensation.com\/wp-content\/uploads\/2020\/01\/Germany-flag.png\" alt=\"Germany flag\" width=\"32\" height=\"32\" \/><\/td>\n<td style=\"text-align: center;\" align=\"left\">315\u20ac<\/td>\n<td style=\"text-align: center;\" align=\"left\">88\u20ac &#8211; 210\u20ac<\/td>\n<td style=\"text-align: center;\" align=\"left\">8 &#8211; 14 tygodni<\/td>\n<td align=\"left\"><div class=\"fusion-button-wrapper fusion-aligncenter\"><style type=\"text\/css\">.fusion-button.button-2 .fusion-button-text, .fusion-button.button-2 i {color:#ffffff;}.fusion-button.button-2 .fusion-button-icon-divider{border-color:#ffffff;}.fusion-button.button-2:hover .fusion-button-text, .fusion-button.button-2:hover i,.fusion-button.button-2:focus .fusion-button-text, .fusion-button.button-2:focus i,.fusion-button.button-2:active .fusion-button-text, .fusion-button.button-2:active{color:#ffffff;}.fusion-button.button-2:hover .fusion-button-icon-divider, .fusion-button.button-2:hover .fusion-button-icon-divider, .fusion-button.button-2:active .fusion-button-icon-divider{border-color:#ffffff;}.fusion-button.button-2:hover, .fusion-button.button-2:focus, .fusion-button.button-2:active{border-color:#ffffff;}.fusion-button.button-2 {border-color:#ffffff;border-radius:2px;}.fusion-button.button-2{background: #228cdb;}.fusion-button.button-2:hover,.button-2:focus,.fusion-button.button-2:active{background: #228cdb;}<\/style><a class=\"fusion-button button-flat button-small button-custom button-2 fusion-button-default-span fusion-button-default-type\" target=\"_blank\" rel=\"noopener noreferrer nofollow\" href=\"https:\/\/euflightcompensation.com\/recommends\/airhelppl\/\"><span class=\"fusion-button-text\"><span data-sheets-value=\"{&quot;1&quot;:2,&quot;2&quot;:&quot;UZYSKAJ SWOJE ODSZKODOWANIE&quot;}\" data-sheets-userformat=\"{&quot;2&quot;:771,&quot;3&quot;:{&quot;1&quot;:0},&quot;4&quot;:{&quot;1&quot;:3,&quot;3&quot;:2},&quot;11&quot;:4,&quot;12&quot;:0}\">UZYSKAJ SWOJE ODSZKODOWANIE<\/span><\/span><\/a><\/div><\/td>\n<\/tr>\n<\/tbody>\n<\/table>\n<\/div>\n<\/div>\n<\/div>\n","protected":false},"excerpt":{"rendered":"<p>&nbsp; Skycop.com to najlepsi z najlepszych. Z doskona\u0142\u0105 ocen\u0105 na poziomie 88% otrzyman\u0105 od swoich klient\u00f3w, Skycop ma wszystkie narz\u0119dzia, aby zagwarantowa\u0107 Ci olbrzymi\u0105 satysfakcj\u0119. Ich strona internetowa jest [&hellip;]<\/p>\n","protected":false},"author":1,"featured_media":0,"parent":22676,"menu_order":0,"comment_status":"closed","ping_status":"closed","template":"","meta":{"footnotes":""},"yoast_head":"<title>Por\u00f3wnanie Skycop.com vs Airhelp.com 2026 - EFC<\/title>\n<meta name=\"robots\" content=\"index, follow, max-snippet:-1, max-image-preview:large, max-video-preview:-1\" \/>\n<link rel=\"canonical\" href=\"https:\/\/euflightcompensation.com\/pl\/porownania\/skycop-vs-airhelp\/\" \/>\n<meta property=\"og:locale\" content=\"pl_PL\" \/>\n<meta property=\"og:type\" content=\"article\" \/>\n<meta property=\"og:title\" content=\"Por\u00f3wnanie Skycop.com vs Airhelp.com 2026 - EFC\" \/>\n<meta property=\"og:description\" content=\"&nbsp; Skycop.com to najlepsi z najlepszych. Z doskona\u0142\u0105 ocen\u0105 na poziomie 88% otrzyman\u0105 od swoich klient\u00f3w, Skycop ma wszystkie narz\u0119dzia, aby zagwarantowa\u0107 Ci olbrzymi\u0105 satysfakcj\u0119. Ich strona internetowa jest [&hellip;]\" \/>\n<meta property=\"og:url\" content=\"https:\/\/euflightcompensation.com\/pl\/porownania\/skycop-vs-airhelp\/\" \/>\n<meta property=\"og:site_name\" content=\"EU Flight Compensation\" \/>\n<meta property=\"article:publisher\" content=\"https:\/\/www.facebook.com\/EUflightcompensationcom\" \/>\n<meta property=\"article:modified_time\" content=\"2023-03-08T04:14:16+00:00\" \/>\n<meta property=\"og:image\" content=\"https:\/\/euflightcompensation.com\/wp-content\/uploads\/2020\/06\/Skycop.png\" \/>\n<meta name=\"twitter:card\" content=\"summary_large_image\" \/>\n<meta name=\"twitter:label1\" content=\"Szacowany czas czytania\" \/>\n\t<meta name=\"twitter:data1\" content=\"2 minuty\" \/>\n<script type=\"application\/ld+json\" class=\"yoast-schema-graph\">{\"@context\":\"https:\/\/schema.org\",\"@graph\":[{\"@type\":\"WebPage\",\"@id\":\"https:\/\/euflightcompensation.com\/pl\/porownania\/skycop-vs-airhelp\/\",\"url\":\"https:\/\/euflightcompensation.com\/pl\/porownania\/skycop-vs-airhelp\/\",\"name\":\"Por\u00f3wnanie Skycop.com vs Airhelp.com 2026 - EFC\",\"isPartOf\":{\"@id\":\"https:\/\/euflightcompensation.com\/pl\/#website\"},\"primaryImageOfPage\":{\"@id\":\"https:\/\/euflightcompensation.com\/pl\/porownania\/skycop-vs-airhelp\/#primaryimage\"},\"image\":{\"@id\":\"https:\/\/euflightcompensation.com\/pl\/porownania\/skycop-vs-airhelp\/#primaryimage\"},\"thumbnailUrl\":\"https:\/\/euflightcompensation.com\/wp-content\/uploads\/2020\/06\/Skycop.png\",\"datePublished\":\"2000-11-27T08:09:12+00:00\",\"dateModified\":\"2023-03-08T04:14:16+00:00\",\"breadcrumb\":{\"@id\":\"https:\/\/euflightcompensation.com\/pl\/porownania\/skycop-vs-airhelp\/#breadcrumb\"},\"inLanguage\":\"pl-PL\",\"potentialAction\":[{\"@type\":\"ReadAction\",\"target\":[\"https:\/\/euflightcompensation.com\/pl\/porownania\/skycop-vs-airhelp\/\"]}]},{\"@type\":\"ImageObject\",\"inLanguage\":\"pl-PL\",\"@id\":\"https:\/\/euflightcompensation.com\/pl\/porownania\/skycop-vs-airhelp\/#primaryimage\",\"url\":\"https:\/\/euflightcompensation.com\/wp-content\/uploads\/2020\/06\/Skycop.png\",\"contentUrl\":\"https:\/\/euflightcompensation.com\/wp-content\/uploads\/2020\/06\/Skycop.png\"},{\"@type\":\"BreadcrumbList\",\"@id\":\"https:\/\/euflightcompensation.com\/pl\/porownania\/skycop-vs-airhelp\/#breadcrumb\",\"itemListElement\":[{\"@type\":\"ListItem\",\"position\":1,\"name\":\"Home\",\"item\":\"https:\/\/euflightcompensation.com\/pl\/\"},{\"@type\":\"ListItem\",\"position\":2,\"name\":\"Por\u00f3wnania\",\"item\":\"https:\/\/euflightcompensation.com\/pl\/porownania\/\"},{\"@type\":\"ListItem\",\"position\":3,\"name\":\"Skycop.com vs Airhelp.com\"}]},{\"@type\":\"WebSite\",\"@id\":\"https:\/\/euflightcompensation.com\/pl\/#website\",\"url\":\"https:\/\/euflightcompensation.com\/pl\/\",\"name\":\"EU Flight Compensation\",\"description\":\"\",\"publisher\":{\"@id\":\"https:\/\/euflightcompensation.com\/pl\/#organization\"},\"potentialAction\":[{\"@type\":\"SearchAction\",\"target\":{\"@type\":\"EntryPoint\",\"urlTemplate\":\"https:\/\/euflightcompensation.com\/pl\/?s={search_term_string}\"},\"query-input\":\"required name=search_term_string\"}],\"inLanguage\":\"pl-PL\"},{\"@type\":\"Organization\",\"@id\":\"https:\/\/euflightcompensation.com\/pl\/#organization\",\"name\":\"EU Flight Compensation\",\"url\":\"https:\/\/euflightcompensation.com\/pl\/\",\"logo\":{\"@type\":\"ImageObject\",\"inLanguage\":\"pl-PL\",\"@id\":\"https:\/\/euflightcompensation.com\/pl\/#\/schema\/logo\/image\/\",\"url\":\"https:\/\/euflightcompensation.com\/wp-content\/uploads\/2023\/05\/EU-Flight-Compensation-Logo-280x80-1.png\",\"contentUrl\":\"https:\/\/euflightcompensation.com\/wp-content\/uploads\/2023\/05\/EU-Flight-Compensation-Logo-280x80-1.png\",\"width\":280,\"height\":80,\"caption\":\"EU Flight Compensation\"},\"image\":{\"@id\":\"https:\/\/euflightcompensation.com\/pl\/#\/schema\/logo\/image\/\"},\"sameAs\":[\"https:\/\/www.facebook.com\/EUflightcompensationcom\"]}]}<\/script>","yoast_head_json":{"title":"Por\u00f3wnanie Skycop.com vs Airhelp.com 2026 - EFC","robots":{"index":"index","follow":"follow","max-snippet":"max-snippet:-1","max-image-preview":"max-image-preview:large","max-video-preview":"max-video-preview:-1"},"canonical":"https:\/\/euflightcompensation.com\/pl\/porownania\/skycop-vs-airhelp\/","og_locale":"pl_PL","og_type":"article","og_title":"Por\u00f3wnanie Skycop.com vs Airhelp.com 2026 - EFC","og_description":"&nbsp; Skycop.com to najlepsi z najlepszych. Z doskona\u0142\u0105 ocen\u0105 na poziomie 88% otrzyman\u0105 od swoich klient\u00f3w, Skycop ma wszystkie narz\u0119dzia, aby zagwarantowa\u0107 Ci olbrzymi\u0105 satysfakcj\u0119. Ich strona internetowa jest [&hellip;]","og_url":"https:\/\/euflightcompensation.com\/pl\/porownania\/skycop-vs-airhelp\/","og_site_name":"EU Flight Compensation","article_publisher":"https:\/\/www.facebook.com\/EUflightcompensationcom","article_modified_time":"2023-03-08T04:14:16+00:00","og_image":[{"url":"https:\/\/euflightcompensation.com\/wp-content\/uploads\/2020\/06\/Skycop.png"}],"twitter_card":"summary_large_image","twitter_misc":{"Szacowany czas czytania":"2 minuty"},"schema":{"@context":"https:\/\/schema.org","@graph":[{"@type":"WebPage","@id":"https:\/\/euflightcompensation.com\/pl\/porownania\/skycop-vs-airhelp\/","url":"https:\/\/euflightcompensation.com\/pl\/porownania\/skycop-vs-airhelp\/","name":"Por\u00f3wnanie Skycop.com vs Airhelp.com 2026 - EFC","isPartOf":{"@id":"https:\/\/euflightcompensation.com\/pl\/#website"},"primaryImageOfPage":{"@id":"https:\/\/euflightcompensation.com\/pl\/porownania\/skycop-vs-airhelp\/#primaryimage"},"image":{"@id":"https:\/\/euflightcompensation.com\/pl\/porownania\/skycop-vs-airhelp\/#primaryimage"},"thumbnailUrl":"https:\/\/euflightcompensation.com\/wp-content\/uploads\/2020\/06\/Skycop.png","datePublished":"2000-11-27T08:09:12+00:00","dateModified":"2023-03-08T04:14:16+00:00","breadcrumb":{"@id":"https:\/\/euflightcompensation.com\/pl\/porownania\/skycop-vs-airhelp\/#breadcrumb"},"inLanguage":"pl-PL","potentialAction":[{"@type":"ReadAction","target":["https:\/\/euflightcompensation.com\/pl\/porownania\/skycop-vs-airhelp\/"]}]},{"@type":"ImageObject","inLanguage":"pl-PL","@id":"https:\/\/euflightcompensation.com\/pl\/porownania\/skycop-vs-airhelp\/#primaryimage","url":"https:\/\/euflightcompensation.com\/wp-content\/uploads\/2020\/06\/Skycop.png","contentUrl":"https:\/\/euflightcompensation.com\/wp-content\/uploads\/2020\/06\/Skycop.png"},{"@type":"BreadcrumbList","@id":"https:\/\/euflightcompensation.com\/pl\/porownania\/skycop-vs-airhelp\/#breadcrumb","itemListElement":[{"@type":"ListItem","position":1,"name":"Home","item":"https:\/\/euflightcompensation.com\/pl\/"},{"@type":"ListItem","position":2,"name":"Por\u00f3wnania","item":"https:\/\/euflightcompensation.com\/pl\/porownania\/"},{"@type":"ListItem","position":3,"name":"Skycop.com vs Airhelp.com"}]},{"@type":"WebSite","@id":"https:\/\/euflightcompensation.com\/pl\/#website","url":"https:\/\/euflightcompensation.com\/pl\/","name":"EU Flight Compensation","description":"","publisher":{"@id":"https:\/\/euflightcompensation.com\/pl\/#organization"},"potentialAction":[{"@type":"SearchAction","target":{"@type":"EntryPoint","urlTemplate":"https:\/\/euflightcompensation.com\/pl\/?s={search_term_string}"},"query-input":"required name=search_term_string"}],"inLanguage":"pl-PL"},{"@type":"Organization","@id":"https:\/\/euflightcompensation.com\/pl\/#organization","name":"EU Flight Compensation","url":"https:\/\/euflightcompensation.com\/pl\/","logo":{"@type":"ImageObject","inLanguage":"pl-PL","@id":"https:\/\/euflightcompensation.com\/pl\/#\/schema\/logo\/image\/","url":"https:\/\/euflightcompensation.com\/wp-content\/uploads\/2023\/05\/EU-Flight-Compensation-Logo-280x80-1.png","contentUrl":"https:\/\/euflightcompensation.com\/wp-content\/uploads\/2023\/05\/EU-Flight-Compensation-Logo-280x80-1.png","width":280,"height":80,"caption":"EU Flight Compensation"},"image":{"@id":"https:\/\/euflightcompensation.com\/pl\/#\/schema\/logo\/image\/"},"sameAs":["https:\/\/www.facebook.com\/EUflightcompensationcom"]}]}},"_links":{"self":[{"href":"https:\/\/euflightcompensation.com\/pl\/wp-json\/wp\/v2\/pages\/24608"}],"collection":[{"href":"https:\/\/euflightcompensation.com\/pl\/wp-json\/wp\/v2\/pages"}],"about":[{"href":"https:\/\/euflightcompensation.com\/pl\/wp-json\/wp\/v2\/types\/page"}],"author":[{"embeddable":true,"href":"https:\/\/euflightcompensation.com\/pl\/wp-json\/wp\/v2\/users\/1"}],"replies":[{"embeddable":true,"href":"https:\/\/euflightcompensation.com\/pl\/wp-json\/wp\/v2\/comments?post=24608"}],"version-history":[{"count":0,"href":"https:\/\/euflightcompensation.com\/pl\/wp-json\/wp\/v2\/pages\/24608\/revisions"}],"up":[{"embeddable":true,"href":"https:\/\/euflightcompensation.com\/pl\/wp-json\/wp\/v2\/pages\/22676"}],"wp:attachment":[{"href":"https:\/\/euflightcompensation.com\/pl\/wp-json\/wp\/v2\/media?parent=24608"}],"curies":[{"name":"wp","href":"https:\/\/api.w.org\/{rel}","templated":true}]}}