{"id":24375,"date":"2019-10-26T10:17:59","date_gmt":"2019-10-26T09:17:59","guid":{"rendered":"https:\/\/euflightcompensation.com\/advertiser-disclosure\/"},"modified":"2023-03-04T01:27:11","modified_gmt":"2023-03-04T01:27:11","slug":"ujawnienie-reklamodawcy","status":"publish","type":"page","link":"https:\/\/euflightcompensation.com\/pl\/ujawnienie-reklamodawcy\/","title":{"rendered":"Ujawnienie reklamodawcy"},"content":{"rendered":"<h3>EUFlightCompensation.com to strona internetowa obs\u0142ugiwana przez czytelnik\u00f3w.<\/h3>\n<p style=\"text-align: justify;\">Otrzymujemy prowizje z niekt\u00f3rych us\u0142ug i produkt\u00f3w wymienionych na tej stronie.<\/p>\n<p style=\"text-align: justify;\">Dzieje si\u0119 tak, gdy klikniesz na nasze linki partnerskie i dokonasz zakupu poni\u017cszych dostawc\u00f3w odszkodowa\u0144 za loty. Link partnerski to unikalny link udost\u0119pniany podmiotom stowarzyszonym w celu promowania us\u0142ugi online (lub produktu), kt\u00f3ry jest nast\u0119pnie wykorzystywany do przyznawania partnerowi prowizji ze sprzeda\u017cy.<\/p>\n<ul style=\"text-align: justify;\">\n<li aria-level=\"1\">Skycop (Skycop.com)<\/li>\n<li aria-level=\"1\">Airhelp (Airhelp.com)<\/li>\n<li aria-level=\"1\">Claimcompass (Claimcompass.eu)<\/li>\n<\/ul>\n<p style=\"text-align: justify;\">Tego typu polityka jest wykorzystywana przez wi\u0119kszo\u015b\u0107 stron typu \u201eRecenzje odszkodowa\u0144 za loty\u201d w Internecie. Niestety cz\u0119sto jest to ukryte, aby ludzie nie my\u015bleli, \u017ce firma zarabia na tym jak\u0105\u015b\u00a0prowizj\u0119. Co przecie\u017c nie jest w og\u00f3le prawd\u0105.<\/p>\n<p style=\"text-align: justify;\">PS. Nie jeste\u015bmy powi\u0105zani ze wszystkimi (24) wymienionymi dostawcami odszkodowa\u0144 za loty, ale tylko z tymi trzema.<\/p>\n<h3>Dlaczego wsp\u00f3\u0142pracujemy z tymi dostawcami odszkodowa\u0144 za loty?<\/h3>\n<p style=\"text-align: justify;\">Kiedy po raz pierwszy uruchomili\u015bmy EuFlightCompensation.com, nie byli\u015bmy powi\u0105zani z \u017cadn\u0105 firm\u0105 wymienion\u0105 na naszej stronie.<\/p>\n<p style=\"text-align: justify;\">Szybko jednak zdali\u015bmy sobie spraw\u0119, \u017ce sprawdzenie firmy odszkodowawczej mo\u017ce zaj\u0105\u0107 du\u017co czasu i poch\u0142on\u0105\u0107 sporo pieni\u0119dzy. Aby nasza strona dzia\u0142a\u0142a skutecznie, zdecydowali\u015bmy si\u0119 zarabia\u0107 na linkach partnerskich \u2013 po to, aby unikn\u0105\u0107 reklam banerowych i wyskakuj\u0105cych okienek, typu pop-up.<\/p>\n<p style=\"text-align: justify;\">Ostatecznie, osobi\u015bcie stwierdzili\u015bmy, \u017ce te firmy odszkodowawcze s\u0105 lepsze ni\u017c pozosta\u0142e.<\/p>\n<h3>Czy to b\u0119dzie kosztowa\u0107 mnie wi\u0119cej?<\/h3>\n<p style=\"text-align: justify;\">Nie, nie b\u0119dzie Ci\u0119 to kosztowa\u0107 wi\u0119cej.<\/p>\n<h3>Czy ma to wp\u0142yw na rankingi\/oceny recenzji?<\/h3>\n<p style=\"text-align: justify;\">Nie ma. Zobacz nasz 6-etapowy proces recenzji<\/p>\n<p style=\"text-align: justify;\"><strong>Zastrze\u017cenie:<\/strong> Sprawdzanie odszkodowania za lot jest zadaniem subiektywnym. Znalezienie \u201enajlepszej firmy odszkodowawczej\u201d jest r\u00f3wnie\u017c bardzo subiektywne. Dlatego przed zam\u00f3wieniem jakiejkolwiek us\u0142ugi odszkodowania za lot przeczytaj wi\u0119cej recenzji online, por\u00f3wnaj funkcje i wykonaj w\u0142asn\u0105 analiz\u0119 due diligence.<\/p>\n<p style=\"text-align: justify;\">Wed\u0142ug naszych test\u00f3w nie ma to wp\u0142ywu na oceny ani nasz system rankingowy. Oto jak oceniamy dostawc\u00f3w na naszej stronie:<\/p>\n<ul style=\"text-align: justify;\">\n<li aria-level=\"1\">Sprawdzamy \u015bredni\u0105 wysoko\u015b\u0107 odszkodowania;<\/li>\n<li aria-level=\"1\">Sprawdzamy, ile wynosi op\u0142ata za sukces;<\/li>\n<li aria-level=\"1\">Sprawdzamy ich recenzje;<\/li>\n<li aria-level=\"1\">Sprawdzamy, jak wygl\u0105da ich obs\u0142uga klienta;<\/li>\n<li aria-level=\"1\">Testujemy \u0142atwo\u015b\u0107 obs\u0142ugi;<\/li>\n<li aria-level=\"1\">Sprawdzamy, iloma j\u0119zykami obs\u0142uguj\u0105 klient\u00f3w.<\/li>\n<\/ul>\n<p style=\"text-align: justify;\">Mo\u017cesz przeczyta\u0107 wi\u0119cej szczeg\u00f3\u0142\u00f3w na temat procesu recenzji tutaj.<\/p>\n<h3>Dlaczego to ujawniamy?<\/h3>\n<p style=\"text-align: justify;\">Chcemy by\u0107 na bie\u017c\u0105co z naszymi odwiedzaj\u0105cymi. Uwa\u017camy, \u017ce nasze recenzje s\u0105 ca\u0142kowicie obiektywne. Masz jednak prawo wiedzie\u0107, czy otrzymujemy jak\u0105kolwiek rekompensat\u0119 od jakichkolwiek firm, aby\u015b m\u00f3g\u0142 wzi\u0105\u0107 to pod uwag\u0119 podczas czytania naszych recenzji.<\/p>\n<p style=\"text-align: justify;\">Podkre\u015blamy:, chcemy by\u0107 szczerzy wobec Was, naszych go\u015bci.<\/p>\n<p>&nbsp;<\/p>\n","protected":false},"excerpt":{"rendered":"<p>EUFlightCompensation.com to strona internetowa obs\u0142ugiwana przez czytelnik\u00f3w. Otrzymujemy prowizje z niekt\u00f3rych us\u0142ug i produkt\u00f3w wymienionych na tej stronie. Dzieje si\u0119 tak, gdy klikniesz na nasze linki partnerskie i dokonasz [&hellip;]<\/p>\n","protected":false},"author":1,"featured_media":0,"parent":0,"menu_order":0,"comment_status":"closed","ping_status":"closed","template":"","meta":{"footnotes":""},"yoast_head":"<title>Ujawnienie reklamodawcy - EUFlightCompensation.com<\/title>\n<meta name=\"robots\" content=\"index, nofollow, max-snippet:-1, max-image-preview:large, max-video-preview:-1\" \/>\n<link rel=\"canonical\" href=\"https:\/\/euflightcompensation.com\/pl\/ujawnienie-reklamodawcy\/\" \/>\n<meta property=\"og:locale\" content=\"pl_PL\" \/>\n<meta property=\"og:type\" content=\"article\" \/>\n<meta property=\"og:title\" content=\"Ujawnienie reklamodawcy - EUFlightCompensation.com\" \/>\n<meta property=\"og:description\" content=\"EUFlightCompensation.com to strona internetowa obs\u0142ugiwana przez czytelnik\u00f3w. Otrzymujemy prowizje z niekt\u00f3rych us\u0142ug i produkt\u00f3w wymienionych na tej stronie. Dzieje si\u0119 tak, gdy klikniesz na nasze linki partnerskie i dokonasz [&hellip;]\" \/>\n<meta property=\"og:url\" content=\"https:\/\/euflightcompensation.com\/pl\/ujawnienie-reklamodawcy\/\" \/>\n<meta property=\"og:site_name\" content=\"EU Flight Compensation\" \/>\n<meta property=\"article:publisher\" content=\"https:\/\/www.facebook.com\/EUflightcompensationcom\" \/>\n<meta property=\"article:modified_time\" content=\"2023-03-04T01:27:11+00:00\" \/>\n<meta name=\"twitter:card\" content=\"summary_large_image\" \/>\n<meta name=\"twitter:label1\" content=\"Szacowany czas czytania\" \/>\n\t<meta name=\"twitter:data1\" content=\"2 minuty\" \/>\n<script type=\"application\/ld+json\" class=\"yoast-schema-graph\">{\"@context\":\"https:\/\/schema.org\",\"@graph\":[{\"@type\":\"WebPage\",\"@id\":\"https:\/\/euflightcompensation.com\/pl\/ujawnienie-reklamodawcy\/\",\"url\":\"https:\/\/euflightcompensation.com\/pl\/ujawnienie-reklamodawcy\/\",\"name\":\"Ujawnienie reklamodawcy - EUFlightCompensation.com\",\"isPartOf\":{\"@id\":\"https:\/\/euflightcompensation.com\/pl\/#website\"},\"datePublished\":\"2019-10-26T09:17:59+00:00\",\"dateModified\":\"2023-03-04T01:27:11+00:00\",\"breadcrumb\":{\"@id\":\"https:\/\/euflightcompensation.com\/pl\/ujawnienie-reklamodawcy\/#breadcrumb\"},\"inLanguage\":\"pl-PL\",\"potentialAction\":[{\"@type\":\"ReadAction\",\"target\":[\"https:\/\/euflightcompensation.com\/pl\/ujawnienie-reklamodawcy\/\"]}]},{\"@type\":\"BreadcrumbList\",\"@id\":\"https:\/\/euflightcompensation.com\/pl\/ujawnienie-reklamodawcy\/#breadcrumb\",\"itemListElement\":[{\"@type\":\"ListItem\",\"position\":1,\"name\":\"Home\",\"item\":\"https:\/\/euflightcompensation.com\/pl\/\"},{\"@type\":\"ListItem\",\"position\":2,\"name\":\"Ujawnienie reklamodawcy\"}]},{\"@type\":\"WebSite\",\"@id\":\"https:\/\/euflightcompensation.com\/pl\/#website\",\"url\":\"https:\/\/euflightcompensation.com\/pl\/\",\"name\":\"EU Flight Compensation\",\"description\":\"\",\"publisher\":{\"@id\":\"https:\/\/euflightcompensation.com\/pl\/#organization\"},\"potentialAction\":[{\"@type\":\"SearchAction\",\"target\":{\"@type\":\"EntryPoint\",\"urlTemplate\":\"https:\/\/euflightcompensation.com\/pl\/?s={search_term_string}\"},\"query-input\":\"required name=search_term_string\"}],\"inLanguage\":\"pl-PL\"},{\"@type\":\"Organization\",\"@id\":\"https:\/\/euflightcompensation.com\/pl\/#organization\",\"name\":\"EU Flight Compensation\",\"url\":\"https:\/\/euflightcompensation.com\/pl\/\",\"logo\":{\"@type\":\"ImageObject\",\"inLanguage\":\"pl-PL\",\"@id\":\"https:\/\/euflightcompensation.com\/pl\/#\/schema\/logo\/image\/\",\"url\":\"https:\/\/euflightcompensation.com\/wp-content\/uploads\/2023\/05\/EU-Flight-Compensation-Logo-280x80-1.png\",\"contentUrl\":\"https:\/\/euflightcompensation.com\/wp-content\/uploads\/2023\/05\/EU-Flight-Compensation-Logo-280x80-1.png\",\"width\":280,\"height\":80,\"caption\":\"EU Flight Compensation\"},\"image\":{\"@id\":\"https:\/\/euflightcompensation.com\/pl\/#\/schema\/logo\/image\/\"},\"sameAs\":[\"https:\/\/www.facebook.com\/EUflightcompensationcom\"]}]}<\/script>","yoast_head_json":{"title":"Ujawnienie reklamodawcy - EUFlightCompensation.com","robots":{"index":"index","follow":"nofollow","max-snippet":"max-snippet:-1","max-image-preview":"max-image-preview:large","max-video-preview":"max-video-preview:-1"},"canonical":"https:\/\/euflightcompensation.com\/pl\/ujawnienie-reklamodawcy\/","og_locale":"pl_PL","og_type":"article","og_title":"Ujawnienie reklamodawcy - EUFlightCompensation.com","og_description":"EUFlightCompensation.com to strona internetowa obs\u0142ugiwana przez czytelnik\u00f3w. Otrzymujemy prowizje z niekt\u00f3rych us\u0142ug i produkt\u00f3w wymienionych na tej stronie. Dzieje si\u0119 tak, gdy klikniesz na nasze linki partnerskie i dokonasz [&hellip;]","og_url":"https:\/\/euflightcompensation.com\/pl\/ujawnienie-reklamodawcy\/","og_site_name":"EU Flight Compensation","article_publisher":"https:\/\/www.facebook.com\/EUflightcompensationcom","article_modified_time":"2023-03-04T01:27:11+00:00","twitter_card":"summary_large_image","twitter_misc":{"Szacowany czas czytania":"2 minuty"},"schema":{"@context":"https:\/\/schema.org","@graph":[{"@type":"WebPage","@id":"https:\/\/euflightcompensation.com\/pl\/ujawnienie-reklamodawcy\/","url":"https:\/\/euflightcompensation.com\/pl\/ujawnienie-reklamodawcy\/","name":"Ujawnienie reklamodawcy - EUFlightCompensation.com","isPartOf":{"@id":"https:\/\/euflightcompensation.com\/pl\/#website"},"datePublished":"2019-10-26T09:17:59+00:00","dateModified":"2023-03-04T01:27:11+00:00","breadcrumb":{"@id":"https:\/\/euflightcompensation.com\/pl\/ujawnienie-reklamodawcy\/#breadcrumb"},"inLanguage":"pl-PL","potentialAction":[{"@type":"ReadAction","target":["https:\/\/euflightcompensation.com\/pl\/ujawnienie-reklamodawcy\/"]}]},{"@type":"BreadcrumbList","@id":"https:\/\/euflightcompensation.com\/pl\/ujawnienie-reklamodawcy\/#breadcrumb","itemListElement":[{"@type":"ListItem","position":1,"name":"Home","item":"https:\/\/euflightcompensation.com\/pl\/"},{"@type":"ListItem","position":2,"name":"Ujawnienie reklamodawcy"}]},{"@type":"WebSite","@id":"https:\/\/euflightcompensation.com\/pl\/#website","url":"https:\/\/euflightcompensation.com\/pl\/","name":"EU Flight Compensation","description":"","publisher":{"@id":"https:\/\/euflightcompensation.com\/pl\/#organization"},"potentialAction":[{"@type":"SearchAction","target":{"@type":"EntryPoint","urlTemplate":"https:\/\/euflightcompensation.com\/pl\/?s={search_term_string}"},"query-input":"required name=search_term_string"}],"inLanguage":"pl-PL"},{"@type":"Organization","@id":"https:\/\/euflightcompensation.com\/pl\/#organization","name":"EU Flight Compensation","url":"https:\/\/euflightcompensation.com\/pl\/","logo":{"@type":"ImageObject","inLanguage":"pl-PL","@id":"https:\/\/euflightcompensation.com\/pl\/#\/schema\/logo\/image\/","url":"https:\/\/euflightcompensation.com\/wp-content\/uploads\/2023\/05\/EU-Flight-Compensation-Logo-280x80-1.png","contentUrl":"https:\/\/euflightcompensation.com\/wp-content\/uploads\/2023\/05\/EU-Flight-Compensation-Logo-280x80-1.png","width":280,"height":80,"caption":"EU Flight Compensation"},"image":{"@id":"https:\/\/euflightcompensation.com\/pl\/#\/schema\/logo\/image\/"},"sameAs":["https:\/\/www.facebook.com\/EUflightcompensationcom"]}]}},"_links":{"self":[{"href":"https:\/\/euflightcompensation.com\/pl\/wp-json\/wp\/v2\/pages\/24375"}],"collection":[{"href":"https:\/\/euflightcompensation.com\/pl\/wp-json\/wp\/v2\/pages"}],"about":[{"href":"https:\/\/euflightcompensation.com\/pl\/wp-json\/wp\/v2\/types\/page"}],"author":[{"embeddable":true,"href":"https:\/\/euflightcompensation.com\/pl\/wp-json\/wp\/v2\/users\/1"}],"replies":[{"embeddable":true,"href":"https:\/\/euflightcompensation.com\/pl\/wp-json\/wp\/v2\/comments?post=24375"}],"version-history":[{"count":0,"href":"https:\/\/euflightcompensation.com\/pl\/wp-json\/wp\/v2\/pages\/24375\/revisions"}],"wp:attachment":[{"href":"https:\/\/euflightcompensation.com\/pl\/wp-json\/wp\/v2\/media?parent=24375"}],"curies":[{"name":"wp","href":"https:\/\/api.w.org\/{rel}","templated":true}]}}