{"id":23087,"date":"2000-12-17T18:08:38","date_gmt":"2000-12-17T18:08:38","guid":{"rendered":"https:\/\/euflightcompensation.com\/about-us\/"},"modified":"2024-02-05T08:31:57","modified_gmt":"2024-02-05T08:31:57","slug":"o-nas","status":"publish","type":"page","link":"https:\/\/euflightcompensation.com\/pl\/o-nas\/","title":{"rendered":"O nas"},"content":{"rendered":"<div class=\"fusion-fullwidth fullwidth-box fusion-builder-row-1 nonhundred-percent-fullwidth non-hundred-percent-height-scrolling\"  style='background-color: rgba(255,255,255,0);background-position: center center;background-repeat: no-repeat;padding-top:0px;padding-right:0px;padding-bottom:0px;padding-left:0px;'><div class=\"fusion-builder-row fusion-row \"><div  class=\"fusion-layout-column fusion_builder_column fusion_builder_column_2_3 fusion-builder-column-1 fusion-two-third fusion-column-first 2_3\"  style='margin-top:0px;margin-bottom:20px;width:66.66%;width:calc(66.66% - ( ( 4% ) * 0.6666 ) );margin-right: 4%;'>\n\t\t\t\t\t<div class=\"fusion-column-wrapper\" style=\"padding: 0px 0px 0px 0px;background-position:left top;background-repeat:no-repeat;-webkit-background-size:cover;-moz-background-size:cover;-o-background-size:cover;background-size:cover;\"   data-bg-url=\"\">\n\t\t\t\t\t\t<div class=\"fusion-text\"><p class=\"Body\" style=\"text-align: justify;\">Niestety, w dzisiejszych czasach przykre do\u015bwiadczenia zwi\u0105zane z podr\u00f3\u017cowaniem, w tym op\u00f3\u017anienia lot\u00f3w, staj\u0105 si\u0119 coraz bardziej powszechne. Wielu podr\u00f3\u017cnych siedzi na lotniskach, podczas gdy ich lot op\u00f3\u017ania si\u0119 kolejne godziny. Ci, kt\u00f3rych lot jest op\u00f3\u017aniony tylko o kilka godzin, czasem mog\u0105 m\u00f3wi\u0107 nawet o szcz\u0119\u015bciu (\u017ce tylko tyle), podczas gdy inni musz\u0105 sp\u0119dzi\u0107 na lotnisku noc. Wiele z tych os\u00f3b nie wie r\u00f3wnie\u017c, \u017ce zgodnie z Rozporz\u0105dzeniem EC 261\/2004 dost\u0119pne s\u0105 dla nich opcje rekompensaty. W lutym 2004 r. Komisja Europejska orzek\u0142a, \u017ce podr\u00f3\u017cni, kt\u00f3rzy do\u015bwiadczyli op\u00f3\u017anienia przekraczaj\u0105cego trzy godziny, odwo\u0142anego lotu lub overbookingu (przepe\u0142nionych rezerwacji), powinni otrzyma\u0107 odszkodowanie za niedogodno\u015bci oraz strat\u0119 czasu i pieni\u0119dzy. Po tym orzeczeniu w ca\u0142ej Europie powsta\u0142o wiele firm odszkodowawczych.<\/p>\n<p class=\"Body\" style=\"text-align: justify;\">Kiedy utkniesz na lotnisku i ju\u017c jeste\u015b wyczerpany, szukanie odpowiedniej firmy, kt\u00f3ra spe\u0142ni Twoje potrzeby, mo\u017ce wydawa\u0107 si\u0119 przyt\u0142aczaj\u0105ce. Ka\u017cda firma ma efektown\u0105 stron\u0119 internetow\u0105 z obietnicami szybkiej obs\u0142ugi, wska\u017anikami sukcesu i pieni\u0119dzmi, kt\u00f3re zwr\u00f3ci\u0142a swoim klientom. Ka\u017cda firma zaczyna wygl\u0105da\u0107 jak ta druga i wyb\u00f3r w\u0142a\u015bciwej mo\u017ce wydawa\u0107 si\u0119 niemo\u017cliwy, wi\u0119c klienci po prostu wybieraj\u0105 jedn\u0105 i maj\u0105 nadziej\u0119 na najlepsze rozwi\u0105zanie. I tu pojawia si\u0119 w\u0142a\u015bnie Scott Welsch.<\/p>\n<p style=\"text-align: justify;\">Scott Welsch jest adwokatem z Londynu. Specjalizuje si\u0119 w prawie podr\u00f3\u017cy i chce edukowa\u0107 ludzi na temat ich praw jako europejskich podr\u00f3\u017cnik\u00f3w, a tak\u017ce edukowa\u0107 ich na temat liczby firm dost\u0119pnych do obs\u0142ugi tego typu sytuacji. Wiele firm kusi swoich klient\u00f3w obietnicami szybkiej obs\u0142ugi, wska\u017anikami sukcesu, pomy\u015blnie zwr\u00f3conymi pieni\u0119dzmi i wydatkami na reklam\u0119, wi\u0119c dla niewprawnego oka i oszo\u0142omionego podr\u00f3\u017cnika siedz\u0105cego na pod\u0142odze lotniska wygl\u0105da to na najlepsz\u0105 opcj\u0119.<\/p>\n<\/div><div class=\"fusion-clearfix\"><\/div>\n\n\t\t\t\t\t<\/div>\n\t\t\t\t<\/div><div  class=\"fusion-layout-column fusion_builder_column fusion_builder_column_1_3 fusion-builder-column-2 fusion-one-third fusion-column-last 1_3\"  style='margin-top:0px;margin-bottom:20px;width:33.33%;width:calc(33.33% - ( ( 4% ) * 0.3333 ) );'>\n\t\t\t\t\t<div class=\"fusion-column-wrapper\" style=\"padding: 0px 0px 0px 0px;background-position:left top;background-repeat:no-repeat;-webkit-background-size:cover;-moz-background-size:cover;-o-background-size:cover;background-size:cover;\"   data-bg-url=\"\">\n\t\t\t\t\t\t<div class=\"imageframe-align-center\"><span style=\"-webkit-border-radius:50%;-moz-border-radius:50%;border-radius:50%;-webkit-mask-image: -webkit-radial-gradient(circle, white, black);\" class=\"fusion-imageframe imageframe-none imageframe-1 hover-type-zoomin\"><img fetchpriority=\"high\" fetchpriority=\"high\" decoding=\"async\" src=\"https:\/\/euflightcompensation.com\/wp-content\/uploads\/2019\/10\/Scott-Welsch.jpg\" width=\"1000\" height=\"667\" alt=\"\" title=\"Scott Welsch\" class=\"img-responsive wp-image-22582\" srcset=\"https:\/\/euflightcompensation.com\/wp-content\/uploads\/2019\/10\/Scott-Welsch-200x133.jpg 200w, https:\/\/euflightcompensation.com\/wp-content\/uploads\/2019\/10\/Scott-Welsch-400x267.jpg 400w, https:\/\/euflightcompensation.com\/wp-content\/uploads\/2019\/10\/Scott-Welsch-600x400.jpg 600w, https:\/\/euflightcompensation.com\/wp-content\/uploads\/2019\/10\/Scott-Welsch-800x534.jpg 800w, https:\/\/euflightcompensation.com\/wp-content\/uploads\/2019\/10\/Scott-Welsch.jpg 1000w\" sizes=\"(max-width: 800px) 100vw, 400px\" \/><\/span><\/div><div class=\"fusion-sep-clear\"><\/div><div class=\"fusion-separator fusion-full-width-sep sep-none\" style=\"margin-left: auto;margin-right: auto;margin-top:5px;\"><\/div><div class=\"fusion-text\"><h3 style=\"text-align: center;\">Scott Welsch<\/h3>\n<p style=\"text-align: center;\">Adwokat i bloger z Londynu. Specjalizuj\u0119 si\u0119 w prawie podr\u00f3\u017cy i chc\u0119 edukowa\u0107 ludzi na temat ich praw jako europejskich podr\u00f3\u017cnik\u00f3w.<\/p>\n<\/div><div class=\"aligncenter\"><div class=\"fusion-social-links\"><div class=\"fusion-social-networks boxed-icons\"><div class=\"fusion-social-networks-wrapper\"><a class=\"fusion-social-network-icon fusion-tooltip fusion-facebook fusion-icon-facebook\" style=\"color:rgb(255,255,255);background-color:#f1574d;border-color:#f1574d;border-radius:50%;\" aria-label=\"fusion-facebook\" target=\"_blank\" rel=\"noopener noreferrer nofollow\" href=\"https:\/\/www.facebook.com\/scott.welsch.313\" data-placement=\"top\" data-title=\"Facebook\" data-toggle=\"tooltip\" title=\"Facebook\"><\/a><a class=\"fusion-social-network-icon fusion-tooltip fusion-youtube fusion-icon-youtube\" style=\"color:rgb(255,255,255);background-color:#f1574d;border-color:#f1574d;border-radius:50%;\" aria-label=\"fusion-youtube\" target=\"_blank\" rel=\"noopener noreferrer nofollow\" href=\"https:\/\/www.youtube.com\/channel\/UC7rL-n6rhaT-mTnY1I1BRTA\" data-placement=\"top\" data-title=\"YouTube\" data-toggle=\"tooltip\" title=\"YouTube\"><\/a><a class=\"fusion-social-network-icon fusion-tooltip fusion-blogger fusion-icon-blogger\" style=\"color:rgb(255,255,255);background-color:#f1574d;border-color:#f1574d;border-radius:50%;\" aria-label=\"fusion-blogger\" target=\"_blank\" rel=\"noopener noreferrer nofollow\" href=\"https:\/\/www.quora.com\/profile\/Scott-Welsch-6\" data-placement=\"top\" data-title=\"Blogger\" data-toggle=\"tooltip\" title=\"Blogger\"><\/a><a class=\"fusion-social-network-icon fusion-tooltip fusion-pinterest fusion-icon-pinterest\" style=\"color:rgb(255,255,255);background-color:#f1574d;border-color:#f1574d;border-radius:50%;\" aria-label=\"fusion-pinterest\" target=\"_blank\" rel=\"noopener noreferrer nofollow\" href=\"https:\/\/www.pinterest.co.uk\/euflightcompensationcom\/\" data-placement=\"top\" data-title=\"Pinterest\" data-toggle=\"tooltip\" title=\"Pinterest\"><\/a><a class=\"fusion-social-network-icon fusion-tooltip fusion-linkedin fusion-icon-linkedin\" style=\"color:rgb(255,255,255);background-color:#f1574d;border-color:#f1574d;border-radius:50%;\" aria-label=\"fusion-linkedin\" target=\"_blank\" rel=\"noopener noreferrer nofollow\" href=\"https:\/\/www.linkedin.com\/in\/scott-welsch-1241231a5\/\" data-placement=\"top\" data-title=\"LinkedIn\" data-toggle=\"tooltip\" title=\"LinkedIn\"><\/a><a class=\"fusion-social-network-icon fusion-tooltip fusion-mail fusion-icon-mail\" style=\"color:rgb(255,255,255);background-color:#f1574d;border-color:#f1574d;border-radius:50%;\" aria-label=\"fusion-mail\" target=\"_self\" rel=\"noopener noreferrer nofollow\" href=\"mailto:i&#110;&#102;o&#064;eufli&#103;&#104;&#116;com&#112;&#101;&#110;s&#097;ti&#111;&#110;&#046;&#099;om\" data-placement=\"top\" data-title=\"Mail\" data-toggle=\"tooltip\" title=\"Mail\"><\/a><\/div><\/div><\/div><\/div><div class=\"fusion-clearfix\"><\/div>\n\n\t\t\t\t\t<\/div>\n\t\t\t\t<\/div><div  class=\"fusion-layout-column fusion_builder_column fusion_builder_column_1_1 fusion-builder-column-3 fusion-one-full fusion-column-first fusion-column-last 1_1\"  style='margin-top:0px;margin-bottom:20px;'>\n\t\t\t\t\t<div class=\"fusion-column-wrapper\" style=\"padding: 0px 0px 0px 0px;background-position:left top;background-repeat:no-repeat;-webkit-background-size:cover;-moz-background-size:cover;-o-background-size:cover;background-size:cover;\"   data-bg-url=\"\">\n\t\t\t\t\t\t<div class=\"fusion-text\"><p class=\"Body\" style=\"text-align: justify;\">Jednak Scott Welsch dostrzeg\u0142 w tym wszystkim pewien szkopu\u0142. Zauwa\u017cy\u0142, \u017ce firmy, kt\u00f3re by\u0142y najcz\u0119\u015bciej reklamowane, niekoniecznie by\u0142y najlepsze, poniewa\u017c nie zawsze zaspokaja\u0142y potrzeby najwi\u0119kszej liczby klient\u00f3w. Na podstawie tej obserwacji postanowi\u0142 stworzy\u0107 centraln\u0105, zaufan\u0105 i dobrze zbadan\u0105 baz\u0119, w kt\u00f3rej klienci mogliby por\u00f3wna\u0107 wszystkie r\u00f3\u017cne firmy w jednym miejscu. Tym samym, Scott i jego zesp\u00f3\u0142 zbadali wiele r\u00f3\u017cnych firm w Europie. Por\u00f3wnali liczb\u0119 j\u0119zyk\u00f3w, kt\u00f3rymi si\u0119 pos\u0142uguj\u0105, u\u017cyteczno\u015b\u0107 ich strony internetowej, us\u0142ugi oferowane klientom, \u015bredni czas rekompensaty, op\u0142aty, jakie firma pobiera od klienta za pomy\u015blnie wykonane us\u0142ugi i wiele innych wa\u017cnych aspekt\u00f3w. Dzi\u0119ki temu nast\u0119pnie stworzyli list\u0119 firm, w kt\u00f3re uwierzyli. Scott Welsch ma serce do pomagania podr\u00f3\u017cnym, kt\u00f3rzy zostali wykorzystani przez linie lotnicze i chce by\u0107 ich zaufanym przyjacielem. Kim\u015b, kto b\u0119dzie ich uczy\u0142 i wska\u017ce w\u0142a\u015bciwy kierunek, kt\u00f3ry mo\u017ce im pom\u00f3c w uzyskaniu nale\u017cnego im odszkodowania.<\/p>\n<\/div><div class=\"fusion-text\"><h2>Inni cz\u0142onkowie zespo\u0142u<\/h2>\n<\/div><div class=\"fusion-builder-row fusion-builder-row-inner fusion-row \"><div  class=\"fusion-layout-column fusion_builder_column fusion_builder_column_2_3  fusion-two-third fusion-column-first 2_3\"  style='margin-top: 0px;margin-bottom: 20px;width:66.66%;width:calc(66.66% - ( ( 4% ) * 0.6666 ) );margin-right:4%;'><div class=\"fusion-column-wrapper fusion-column-wrapper-1\" style=\"padding: 0px 0px 0px 0px;background-position:left top;background-repeat:no-repeat;-webkit-background-size:cover;-moz-background-size:cover;-o-background-size:cover;background-size:cover;\"  data-bg-url=\"\"><div class=\"fusion-text\"><h3>Martynas Baniulis<\/h3>\n<h6><span style=\"text-decoration: underline;\">Kierownik Marketingu<\/span><\/h6>\n<p style=\"text-align: justify;\">Martynas Baniulis, wysoce utalentowany kierownik marketingu, przynosi swoj\u0105 ekspertyz\u0119 w zakresie planowania strategicznego i innowacyjnych technik marketingowych na nasz\u0105 stron\u0119 internetow\u0105. Z udokumentowanym osi\u0105gni\u0119ciem zwi\u0119kszenia \u015bwiadomo\u015bci marki i zwi\u0119kszenia zaanga\u017cowania klient\u00f3w, Martynas odgrywa kluczow\u0105 rol\u0119 w naszej misji umo\u017cliwienia pasa\u017cerom korzystania z wi\u0119kszej liczby mo\u017cliwo\u015bci i uproszczenia procesu odszkodowa\u0144 za loty.<\/p>\n<\/div><div class=\"aligncenter\"><div class=\"fusion-social-links\"><div class=\"fusion-social-networks boxed-icons\"><div class=\"fusion-social-networks-wrapper\"><a class=\"fusion-social-network-icon fusion-tooltip fusion-facebook fusion-icon-facebook\" style=\"color:rgba(255,255,255,.6);background-color:#616f85;border-color:#616f85;border-radius:50%;\" aria-label=\"fusion-facebook\" target=\"_blank\" rel=\"noopener noreferrer nofollow\" href=\"https:\/\/www.facebook.com\/baniulis\" data-placement=\"top\" data-title=\"Facebook\" data-toggle=\"tooltip\" title=\"Facebook\"><\/a><a class=\"fusion-social-network-icon fusion-tooltip fusion-twitter fusion-icon-twitter\" style=\"color:rgba(255,255,255,.6);background-color:#616f85;border-color:#616f85;border-radius:50%;\" aria-label=\"fusion-twitter\" target=\"_blank\" rel=\"noopener noreferrer nofollow\" href=\"https:\/\/twitter.com\/MartynasBaniul1\" data-placement=\"top\" data-title=\"Twitter\" data-toggle=\"tooltip\" title=\"Twitter\"><\/a><a class=\"fusion-social-network-icon fusion-tooltip fusion-linkedin fusion-icon-linkedin\" style=\"color:rgba(255,255,255,.6);background-color:#616f85;border-color:#616f85;border-radius:50%;\" aria-label=\"fusion-linkedin\" target=\"_blank\" rel=\"noopener noreferrer nofollow\" href=\"https:\/\/www.linkedin.com\/in\/martynas-baniulis-76a438117\/\" data-placement=\"top\" data-title=\"LinkedIn\" data-toggle=\"tooltip\" title=\"LinkedIn\"><\/a><a class=\"fusion-social-network-icon fusion-tooltip fusion-mail fusion-icon-mail\" style=\"color:rgba(255,255,255,.6);background-color:#616f85;border-color:#616f85;border-radius:50%;\" aria-label=\"fusion-mail\" target=\"_self\" rel=\"noopener noreferrer nofollow\" href=\"mailto:mar&#116;y&#110;&#097;s&#064;eu&#102;li&#103;&#104;t&#099;&#111;mpen&#115;&#097;&#116;&#105;&#111;n&#046;&#099;om\" data-placement=\"top\" data-title=\"Mail\" data-toggle=\"tooltip\" title=\"Mail\"><\/a><\/div><\/div><\/div><\/div><\/div><\/div><div  class=\"fusion-layout-column fusion_builder_column fusion_builder_column_1_3  fusion-one-third fusion-column-last 1_3\"  style='margin-top: 0px;margin-bottom: 20px;width:33.33%;width:calc(33.33% - ( ( 4% ) * 0.3333 ) );'><div class=\"fusion-column-wrapper fusion-column-wrapper-2\" style=\"padding: 0px 0px 0px 0px;background-position:left top;background-repeat:no-repeat;-webkit-background-size:cover;-moz-background-size:cover;-o-background-size:cover;background-size:cover;\"  data-bg-url=\"\"><span class=\"fusion-imageframe imageframe-none imageframe-2 hover-type-none\"><img decoding=\"async\" src=\"https:\/\/euflightcompensation.com\/wp-content\/uploads\/2023\/05\/Martynas-Baniulis-300x300.jpg\" width=\"300\" height=\"300\" alt=\"Martynas Baniulis\" title=\"Martynas-Baniulis\" class=\"img-responsive wp-image-28331\" srcset=\"https:\/\/euflightcompensation.com\/wp-content\/uploads\/2023\/05\/Martynas-Baniulis-200x200.jpg 200w, https:\/\/euflightcompensation.com\/wp-content\/uploads\/2023\/05\/Martynas-Baniulis-400x400.jpg 400w, https:\/\/euflightcompensation.com\/wp-content\/uploads\/2023\/05\/Martynas-Baniulis-600x600.jpg 600w, https:\/\/euflightcompensation.com\/wp-content\/uploads\/2023\/05\/Martynas-Baniulis.jpg 800w\" sizes=\"(max-width: 800px) 100vw, 300px\" \/><\/span><\/div><\/div><\/div><div class=\"fusion-clearfix\"><\/div>\n\n\t\t\t\t\t<\/div>\n\t\t\t\t<\/div><\/div><\/div>\n","protected":false},"excerpt":{"rendered":"","protected":false},"author":1,"featured_media":0,"parent":0,"menu_order":0,"comment_status":"closed","ping_status":"closed","template":"100-width.php","meta":{"footnotes":""},"yoast_head":"<title>Informacje o nas - EFC<\/title>\n<meta name=\"robots\" content=\"index, follow, max-snippet:-1, max-image-preview:large, max-video-preview:-1\" \/>\n<link rel=\"canonical\" href=\"https:\/\/euflightcompensation.com\/pl\/o-nas\/\" \/>\n<meta property=\"og:locale\" content=\"pl_PL\" \/>\n<meta property=\"og:type\" content=\"article\" \/>\n<meta property=\"og:title\" content=\"Informacje o nas - EFC\" \/>\n<meta property=\"og:url\" content=\"https:\/\/euflightcompensation.com\/pl\/o-nas\/\" \/>\n<meta property=\"og:site_name\" content=\"EU Flight Compensation\" \/>\n<meta property=\"article:publisher\" content=\"https:\/\/www.facebook.com\/EUflightcompensationcom\" \/>\n<meta property=\"article:modified_time\" content=\"2024-02-05T08:31:57+00:00\" \/>\n<meta name=\"twitter:card\" content=\"summary_large_image\" \/>\n<meta name=\"twitter:label1\" content=\"Szacowany czas czytania\" \/>\n\t<meta name=\"twitter:data1\" content=\"4 minuty\" \/>\n<script type=\"application\/ld+json\" class=\"yoast-schema-graph\">{\"@context\":\"https:\/\/schema.org\",\"@graph\":[{\"@type\":\"WebPage\",\"@id\":\"https:\/\/euflightcompensation.com\/pl\/o-nas\/\",\"url\":\"https:\/\/euflightcompensation.com\/pl\/o-nas\/\",\"name\":\"Informacje o nas - EFC\",\"isPartOf\":{\"@id\":\"https:\/\/euflightcompensation.com\/pl\/#website\"},\"datePublished\":\"2000-12-17T18:08:38+00:00\",\"dateModified\":\"2024-02-05T08:31:57+00:00\",\"breadcrumb\":{\"@id\":\"https:\/\/euflightcompensation.com\/pl\/o-nas\/#breadcrumb\"},\"inLanguage\":\"pl-PL\",\"potentialAction\":[{\"@type\":\"ReadAction\",\"target\":[\"https:\/\/euflightcompensation.com\/pl\/o-nas\/\"]}]},{\"@type\":\"BreadcrumbList\",\"@id\":\"https:\/\/euflightcompensation.com\/pl\/o-nas\/#breadcrumb\",\"itemListElement\":[{\"@type\":\"ListItem\",\"position\":1,\"name\":\"Home\",\"item\":\"https:\/\/euflightcompensation.com\/pl\/\"},{\"@type\":\"ListItem\",\"position\":2,\"name\":\"O nas\"}]},{\"@type\":\"WebSite\",\"@id\":\"https:\/\/euflightcompensation.com\/pl\/#website\",\"url\":\"https:\/\/euflightcompensation.com\/pl\/\",\"name\":\"EU Flight Compensation\",\"description\":\"\",\"publisher\":{\"@id\":\"https:\/\/euflightcompensation.com\/pl\/#organization\"},\"potentialAction\":[{\"@type\":\"SearchAction\",\"target\":{\"@type\":\"EntryPoint\",\"urlTemplate\":\"https:\/\/euflightcompensation.com\/pl\/?s={search_term_string}\"},\"query-input\":\"required name=search_term_string\"}],\"inLanguage\":\"pl-PL\"},{\"@type\":\"Organization\",\"@id\":\"https:\/\/euflightcompensation.com\/pl\/#organization\",\"name\":\"EU Flight Compensation\",\"url\":\"https:\/\/euflightcompensation.com\/pl\/\",\"logo\":{\"@type\":\"ImageObject\",\"inLanguage\":\"pl-PL\",\"@id\":\"https:\/\/euflightcompensation.com\/pl\/#\/schema\/logo\/image\/\",\"url\":\"https:\/\/euflightcompensation.com\/wp-content\/uploads\/2023\/05\/EU-Flight-Compensation-Logo-280x80-1.png\",\"contentUrl\":\"https:\/\/euflightcompensation.com\/wp-content\/uploads\/2023\/05\/EU-Flight-Compensation-Logo-280x80-1.png\",\"width\":280,\"height\":80,\"caption\":\"EU Flight Compensation\"},\"image\":{\"@id\":\"https:\/\/euflightcompensation.com\/pl\/#\/schema\/logo\/image\/\"},\"sameAs\":[\"https:\/\/www.facebook.com\/EUflightcompensationcom\"]}]}<\/script>","yoast_head_json":{"title":"Informacje o nas - EFC","robots":{"index":"index","follow":"follow","max-snippet":"max-snippet:-1","max-image-preview":"max-image-preview:large","max-video-preview":"max-video-preview:-1"},"canonical":"https:\/\/euflightcompensation.com\/pl\/o-nas\/","og_locale":"pl_PL","og_type":"article","og_title":"Informacje o nas - EFC","og_url":"https:\/\/euflightcompensation.com\/pl\/o-nas\/","og_site_name":"EU Flight Compensation","article_publisher":"https:\/\/www.facebook.com\/EUflightcompensationcom","article_modified_time":"2024-02-05T08:31:57+00:00","twitter_card":"summary_large_image","twitter_misc":{"Szacowany czas czytania":"4 minuty"},"schema":{"@context":"https:\/\/schema.org","@graph":[{"@type":"WebPage","@id":"https:\/\/euflightcompensation.com\/pl\/o-nas\/","url":"https:\/\/euflightcompensation.com\/pl\/o-nas\/","name":"Informacje o nas - EFC","isPartOf":{"@id":"https:\/\/euflightcompensation.com\/pl\/#website"},"datePublished":"2000-12-17T18:08:38+00:00","dateModified":"2024-02-05T08:31:57+00:00","breadcrumb":{"@id":"https:\/\/euflightcompensation.com\/pl\/o-nas\/#breadcrumb"},"inLanguage":"pl-PL","potentialAction":[{"@type":"ReadAction","target":["https:\/\/euflightcompensation.com\/pl\/o-nas\/"]}]},{"@type":"BreadcrumbList","@id":"https:\/\/euflightcompensation.com\/pl\/o-nas\/#breadcrumb","itemListElement":[{"@type":"ListItem","position":1,"name":"Home","item":"https:\/\/euflightcompensation.com\/pl\/"},{"@type":"ListItem","position":2,"name":"O nas"}]},{"@type":"WebSite","@id":"https:\/\/euflightcompensation.com\/pl\/#website","url":"https:\/\/euflightcompensation.com\/pl\/","name":"EU Flight Compensation","description":"","publisher":{"@id":"https:\/\/euflightcompensation.com\/pl\/#organization"},"potentialAction":[{"@type":"SearchAction","target":{"@type":"EntryPoint","urlTemplate":"https:\/\/euflightcompensation.com\/pl\/?s={search_term_string}"},"query-input":"required name=search_term_string"}],"inLanguage":"pl-PL"},{"@type":"Organization","@id":"https:\/\/euflightcompensation.com\/pl\/#organization","name":"EU Flight Compensation","url":"https:\/\/euflightcompensation.com\/pl\/","logo":{"@type":"ImageObject","inLanguage":"pl-PL","@id":"https:\/\/euflightcompensation.com\/pl\/#\/schema\/logo\/image\/","url":"https:\/\/euflightcompensation.com\/wp-content\/uploads\/2023\/05\/EU-Flight-Compensation-Logo-280x80-1.png","contentUrl":"https:\/\/euflightcompensation.com\/wp-content\/uploads\/2023\/05\/EU-Flight-Compensation-Logo-280x80-1.png","width":280,"height":80,"caption":"EU Flight Compensation"},"image":{"@id":"https:\/\/euflightcompensation.com\/pl\/#\/schema\/logo\/image\/"},"sameAs":["https:\/\/www.facebook.com\/EUflightcompensationcom"]}]}},"_links":{"self":[{"href":"https:\/\/euflightcompensation.com\/pl\/wp-json\/wp\/v2\/pages\/23087"}],"collection":[{"href":"https:\/\/euflightcompensation.com\/pl\/wp-json\/wp\/v2\/pages"}],"about":[{"href":"https:\/\/euflightcompensation.com\/pl\/wp-json\/wp\/v2\/types\/page"}],"author":[{"embeddable":true,"href":"https:\/\/euflightcompensation.com\/pl\/wp-json\/wp\/v2\/users\/1"}],"replies":[{"embeddable":true,"href":"https:\/\/euflightcompensation.com\/pl\/wp-json\/wp\/v2\/comments?post=23087"}],"version-history":[{"count":0,"href":"https:\/\/euflightcompensation.com\/pl\/wp-json\/wp\/v2\/pages\/23087\/revisions"}],"wp:attachment":[{"href":"https:\/\/euflightcompensation.com\/pl\/wp-json\/wp\/v2\/media?parent=23087"}],"curies":[{"name":"wp","href":"https:\/\/api.w.org\/{rel}","templated":true}]}}