{"id":22690,"date":"2019-10-07T11:16:05","date_gmt":"2019-10-07T10:16:05","guid":{"rendered":"https:\/\/euflightcompensation.com\/review-process\/"},"modified":"2023-04-03T14:48:42","modified_gmt":"2023-04-03T13:48:42","slug":"proces-recenzji","status":"publish","type":"page","link":"https:\/\/euflightcompensation.com\/pl\/proces-recenzji\/","title":{"rendered":"Proces recenzji"},"content":{"rendered":"<p><div class=\"fusion-fullwidth fullwidth-box fusion-builder-row-1 nonhundred-percent-fullwidth non-hundred-percent-height-scrolling\"  style='background-color: rgba(255,255,255,0);background-position: center center;background-repeat: no-repeat;padding-top:0px;padding-right:0px;padding-bottom:0px;padding-left:0px;'><div class=\"fusion-builder-row fusion-row \"><div  class=\"fusion-layout-column fusion_builder_column fusion_builder_column_1_2 fusion-builder-column-1 fusion-one-half fusion-column-first 1_2\"  style='margin-top:0px;margin-bottom:20px;width:50%;width:calc(50% - ( ( 4% ) * 0.5 ) );margin-right: 4%;'>\n\t\t\t\t\t<div class=\"fusion-column-wrapper\" style=\"padding: 0px 0px 0px 0px;background-position:left top;background-repeat:no-repeat;-webkit-background-size:cover;-moz-background-size:cover;-o-background-size:cover;background-size:cover;\"   data-bg-url=\"\">\n\t\t\t\t\t\t<div class=\"fusion-text\"><p class=\"Body\" style=\"text-align: justify;\">Poruszanie si\u0119 po prawnych aspektach procesu odszkodowania za lot mo\u017ce by\u0107 trudnym i skomplikowanym zadaniem, zw\u0142aszcza, \u017ce wi\u0119kszo\u015b\u0107 linii lotniczych nie chce, aby\u015b odni\u00f3s\u0142 sukces. Istnieje jednak kilka firm, kt\u00f3re specjalizuj\u0105 si\u0119 we wspieraniu poszkodowanych pasa\u017cerom, aby odszkodowanie za op\u00f3\u017aniony lub odwo\u0142any lot trafi\u0142o na ich konto bankowe. Trzeba jednak pami\u0119ta\u0107, \u017ce ka\u017cda z tych firm ma swoje niuanse i mo\u017ce dzia\u0142a\u0107 nieco inaczej. Przejrzeli\u015bmy wiele z nich i stworzyli\u015bmy ten przewodnik, aby wyja\u015bni\u0107, w jaki spos\u00f3b przegl\u0105damy i oceniamy ka\u017cdy podmiot. Chcemy by\u015b m\u00f3g\u0142 skorzysta\u0107 z naszych porad i znale\u017a\u0107 najlepsze dopasowanie do Twojej sytuacji.<\/p>\n<\/div><div class=\"fusion-text\"><p class=\"Body\" style=\"text-align: justify;\">Rozporz\u0105dzenie w sprawie odszkodowa\u0144 za loty w Unii Europejskiej zosta\u0142o ustanowione w 2004 r. i zapewnia pasa\u017cerom odszkodowanie za odwo\u0142any lot, du\u017ce op\u00f3\u017anienie i odmow\u0119 przyj\u0119cia na pok\u0142ad, np. z powodu overbookingu. W kontrze, linie lotnicze wyd\u0142u\u017cy\u0142y i skomplikowany proces, aby zniech\u0119ci\u0107 konsument\u00f3w do sk\u0142adania roszcze\u0144. Dlatego w\u0142a\u015bnie na rynku pojawi\u0142y si\u0119 firmy zajmuj\u0105ce si\u0119 uzyskiwaniem odszkodowania, aby pom\u00f3c konsumentom w przej\u015bciu przez ca\u0142y proces a\u017c do wyp\u0142aty pieni\u0119dzy. Przygl\u0105damy si\u0119 wielu r\u00f3\u017cnym aspektom, rozwa\u017caj\u0105c, czy poleci\u0107 firm\u0119 naszym czytelnikom, a ka\u017cda z nich zostanie oceniona w skali od 1 do 10.<\/p>\n<\/div><div class=\"fusion-clearfix\"><\/div>\n\n\t\t\t\t\t<\/div>\n\t\t\t\t<\/div><div  class=\"fusion-layout-column fusion_builder_column fusion_builder_column_1_2 fusion-builder-column-2 fusion-one-half fusion-column-last 1_2\"  style='margin-top:0px;margin-bottom:20px;width:50%;width:calc(50% - ( ( 4% ) * 0.5 ) );'>\n\t\t\t\t\t<div class=\"fusion-column-wrapper\" style=\"padding: 0px 0px 0px 0px;background-position:left top;background-repeat:no-repeat;-webkit-background-size:cover;-moz-background-size:cover;-o-background-size:cover;background-size:cover;\"   data-bg-url=\"\">\n\t\t\t\t\t\t<span class=\"fusion-imageframe imageframe-none imageframe-1 hover-type-none\"><img fetchpriority=\"high\" fetchpriority=\"high\" decoding=\"async\" src=\"https:\/\/euflightcompensation.com\/wp-content\/uploads\/2019\/10\/review-process.jpg\" width=\"700\" height=\"467\" alt=\"\" title=\"review process\" class=\"img-responsive wp-image-22613\" srcset=\"https:\/\/euflightcompensation.com\/wp-content\/uploads\/2019\/10\/review-process-200x133.jpg 200w, https:\/\/euflightcompensation.com\/wp-content\/uploads\/2019\/10\/review-process-400x267.jpg 400w, https:\/\/euflightcompensation.com\/wp-content\/uploads\/2019\/10\/review-process-600x400.jpg 600w, https:\/\/euflightcompensation.com\/wp-content\/uploads\/2019\/10\/review-process.jpg 700w\" sizes=\"(max-width: 800px) 100vw, 600px\" \/><\/span><div class=\"fusion-sep-clear\"><\/div><div class=\"fusion-separator fusion-full-width-sep sep-single sep-solid\" style=\"border-color:#e0dede;border-top-width:1px;margin-left: auto;margin-right: auto;margin-top:5px;margin-bottom:5px;\"><\/div><div class=\"fusion-button-wrapper fusion-align-block\"><style type=\"text\/css\">.fusion-button.button-1 .fusion-button-text, .fusion-button.button-1 i {color:#ffffff;}.fusion-button.button-1 .fusion-button-icon-divider{border-color:#ffffff;}.fusion-button.button-1:hover .fusion-button-text, .fusion-button.button-1:hover i,.fusion-button.button-1:focus .fusion-button-text, .fusion-button.button-1:focus i,.fusion-button.button-1:active .fusion-button-text, .fusion-button.button-1:active{color:#ffffff;}.fusion-button.button-1:hover .fusion-button-icon-divider, .fusion-button.button-1:hover .fusion-button-icon-divider, .fusion-button.button-1:active .fusion-button-icon-divider{border-color:#ffffff;}.fusion-button.button-1:hover, .fusion-button.button-1:focus, .fusion-button.button-1:active{border-color:#ffffff;}.fusion-button.button-1 {border-color:#ffffff;border-radius:1px;}.fusion-button.button-1{background: #228cdb;}.fusion-button.button-1:hover,.button-1:focus,.fusion-button.button-1:active{background: #228cdb;}<\/style><a class=\"fusion-button button-flat button-medium button-custom button-1 fusion-button-span-yes fusion-button-default-type\" target=\"_self\" href=\"https:\/\/euflightcompensation.com\/pl\/najlepsze-firmy-zajmujace-sie-odszkodowaniami-lotniczymi\/\"><span class=\"fusion-button-text\">PRZEJRZYJ LIST\u0118 10 NAJLEPSZYCH FIRM ODSZKODOWAWCZYCH<\/span><\/a><\/div><div class=\"fusion-clearfix\"><\/div>\n\n\t\t\t\t\t<\/div>\n\t\t\t\t<\/div><\/div><\/div><div class=\"fusion-fullwidth fullwidth-box fusion-builder-row-2 nonhundred-percent-fullwidth non-hundred-percent-height-scrolling\"  style='background-color: rgba(255,255,255,0);background-position: center center;background-repeat: no-repeat;padding-top:0px;padding-right:0px;padding-bottom:30px;padding-left:0px;'><div class=\"fusion-builder-row fusion-row \"><div  class=\"fusion-layout-column fusion_builder_column fusion_builder_column_1_1 fusion-builder-column-3 fusion-one-full fusion-column-first fusion-column-last 1_1\"  style='margin-top:0px;margin-bottom:0px;'>\n\t\t\t\t\t<div class=\"fusion-column-wrapper\" style=\"padding: 20px 0px 20px 0px;background-position:left top;background-repeat:no-repeat;-webkit-background-size:cover;-moz-background-size:cover;-o-background-size:cover;background-size:cover;\"   data-bg-url=\"\">\n\t\t\t\t\t\t<div class=\"fusion-builder-row fusion-builder-row-inner fusion-row \"><div  class=\"fusion-layout-column fusion_builder_column fusion_builder_column_1_3  fusion-one-third fusion-column-first 1_3\"  style='margin-top: 0px;margin-bottom: 20px;width:33.33%;width:calc(33.33% - ( ( 4% + 4% ) * 0.3333 ) );margin-right:4%;'><div class=\"fusion-column-wrapper fusion-column-wrapper-1\" style=\"padding: 0px 0px 0px 0px;background-position:left top;background-repeat:no-repeat;-webkit-background-size:cover;-moz-background-size:cover;-o-background-size:cover;background-size:cover;\"  data-bg-url=\"\"><style type=\"text\/css\"><\/style><div class=\"fusion-title title fusion-title-1 fusion-sep-none fusion-title-text fusion-title-size-one\" style=\"margin-top:0px;margin-bottom:0px;\"><h1 class=\"title-heading-left\" style=\"margin:0;\"><h3 style=\"text-align: left;\" data-fontsize=\"22\" data-lineheight=\"29\">1.Odszkodowanie<\/h3><\/h1><\/div><div class=\"fusion-text\"><p style=\"text-align: justify;\">Im wi\u0119ksza rekompensata i im szybciej, tym lepiej. Proces mo\u017ce by\u0107 skomplikowany, a wyp\u0142aty za po\u015brednictwem firm odszkodowawczych mog\u0105 trwa\u0107 od jednego miesi\u0105ca do jednego roku, w zale\u017cno\u015bci od wsp\u00f3\u0142pracy ze strony linii lotniczej.<\/p>\n<\/div><\/div><\/div><div  class=\"fusion-layout-column fusion_builder_column fusion_builder_column_1_3  fusion-one-third 1_3\"  style='margin-top: 0px;margin-bottom: 20px;width:33.33%;width:calc(33.33% - ( ( 4% + 4% ) * 0.3333 ) );margin-right:4%;'><div class=\"fusion-column-wrapper fusion-column-wrapper-2\" style=\"padding: 0px 0px 0px 0px;background-position:left top;background-repeat:no-repeat;-webkit-background-size:cover;-moz-background-size:cover;-o-background-size:cover;background-size:cover;\"  data-bg-url=\"\"><style type=\"text\/css\"><\/style><div class=\"fusion-title title fusion-title-2 fusion-sep-none fusion-title-text fusion-title-size-one\" style=\"margin-top:0px;margin-bottom:0px;\"><h1 class=\"title-heading-left\" style=\"margin:0;\"><h3 style=\"text-align: left;\">2. Op\u0142ata za sukces<\/h3><\/h1><\/div><div class=\"fusion-text\"><p style=\"text-align: justify;\">Zap\u0142acisz za us\u0142ug\u0119 tylko wtedy, gdy otrzymasz odszkodowanie. W wi\u0119kszo\u015bci scenariuszy op\u0142ata b\u0119dzie sk\u0142ada\u0107 si\u0119 z procentu ca\u0142kowitego odszkodowania oraz podatku od warto\u015bci dodanej.<\/p>\n<\/div><\/div><\/div><div  class=\"fusion-layout-column fusion_builder_column fusion_builder_column_1_3  fusion-one-third fusion-column-last 1_3\"  style='margin-top: 0px;margin-bottom: 20px;width:33.33%;width:calc(33.33% - ( ( 4% + 4% ) * 0.3333 ) );'><div class=\"fusion-column-wrapper fusion-column-wrapper-3\" style=\"padding: 0px 0px 0px 0px;background-position:left top;background-repeat:no-repeat;-webkit-background-size:cover;-moz-background-size:cover;-o-background-size:cover;background-size:cover;\"  data-bg-url=\"\"><style type=\"text\/css\"><\/style><div class=\"fusion-title title fusion-title-3 fusion-sep-none fusion-title-text fusion-title-size-one\" style=\"margin-top:0px;margin-bottom:0px;\"><h1 class=\"title-heading-left\" style=\"margin:0;\"><h3 style=\"text-align: left;\">3. Recenzje online<\/h3><\/h1><\/div><div class=\"fusion-text\"><p style=\"text-align: justify;\">Recenzje poprzednich klient\u00f3w m\u00f3wi\u0105 wiele o firmie i jej sukcesach. Dbamy o to, aby sortowa\u0107 recenzje, niezale\u017cnie od tego, czy s\u0105 dobre, czy z\u0142e, po to, aby uzyska\u0107 pe\u0142ny obraz us\u0142ug, kt\u00f3re firma \u015bwiadczy swoim klientom.<\/p>\n<\/div><\/div><\/div><\/div><div class=\"fusion-builder-row fusion-builder-row-inner fusion-row \"><div  class=\"fusion-layout-column fusion_builder_column fusion_builder_column_1_3  fusion-one-third fusion-column-first 1_3\"  style='margin-top: 0px;margin-bottom: 20px;width:33.33%;width:calc(33.33% - ( ( 4% + 4% ) * 0.3333 ) );margin-right:4%;'><div class=\"fusion-column-wrapper fusion-column-wrapper-4\" style=\"padding: 0px 0px 0px 0px;background-position:left top;background-repeat:no-repeat;-webkit-background-size:cover;-moz-background-size:cover;-o-background-size:cover;background-size:cover;\"  data-bg-url=\"\"><style type=\"text\/css\"><\/style><div class=\"fusion-title title fusion-title-4 fusion-sep-none fusion-title-text fusion-title-size-one\" style=\"margin-top:0px;margin-bottom:0px;\"><h1 class=\"title-heading-left\" style=\"margin:0;\"><h3 style=\"text-align: left;\">4. Obs\u0142uga klienta<\/h3><\/h1><\/div><div class=\"fusion-text\"><p style=\"text-align: justify;\">Obs\u0142uga klienta jest kluczowym elementem ka\u017cdego do\u015bwiadczenia biznesowego i przywi\u0105zujemy wi\u0119ksz\u0105 wag\u0119 do firm, kt\u00f3re robi\u0105 wszystko, co w ich mocy, aby zapewni\u0107 wsparcie dla swoich klient\u00f3w.<\/p>\n<\/div><\/div><\/div><div  class=\"fusion-layout-column fusion_builder_column fusion_builder_column_1_3  fusion-one-third 1_3\"  style='margin-top: 0px;margin-bottom: 20px;width:33.33%;width:calc(33.33% - ( ( 4% + 4% ) * 0.3333 ) );margin-right:4%;'><div class=\"fusion-column-wrapper fusion-column-wrapper-5\" style=\"padding: 0px 0px 0px 0px;background-position:left top;background-repeat:no-repeat;-webkit-background-size:cover;-moz-background-size:cover;-o-background-size:cover;background-size:cover;\"  data-bg-url=\"\"><style type=\"text\/css\"><\/style><div class=\"fusion-title title fusion-title-5 fusion-sep-none fusion-title-text fusion-title-size-one\" style=\"margin-top:0px;margin-bottom:0px;\"><h1 class=\"title-heading-left\" style=\"margin:0;\"><h3 style=\"text-align: left;\">5. \u0141atwo\u015b\u0107 u\u017cycia<\/h3><\/h1><\/div><div class=\"fusion-text\"><p style=\"text-align: justify;\">Proces odszkodowania za lot jest wystarczaj\u0105co zagmatwany i nie jest czym\u015b, co ktokolwiek jest w stanie zaplanowa\u0107. Wsparcie firmy z pewno\u015bci\u0105 powinno wszystko u\u0142atwia\u0107.<\/p>\n<\/div><\/div><\/div><div  class=\"fusion-layout-column fusion_builder_column fusion_builder_column_1_3  fusion-one-third fusion-column-last 1_3\"  style='margin-top: 0px;margin-bottom: 20px;width:33.33%;width:calc(33.33% - ( ( 4% + 4% ) * 0.3333 ) );'><div class=\"fusion-column-wrapper fusion-column-wrapper-6\" style=\"padding: 0px 0px 0px 0px;background-position:left top;background-repeat:no-repeat;-webkit-background-size:cover;-moz-background-size:cover;-o-background-size:cover;background-size:cover;\"  data-bg-url=\"\"><style type=\"text\/css\"><\/style><div class=\"fusion-title title fusion-title-6 fusion-sep-none fusion-title-text fusion-title-size-one\" style=\"margin-top:0px;margin-bottom:0px;\"><h1 class=\"title-heading-left\" style=\"margin:0;\"><h3 style=\"text-align: left;\">6. J\u0119zyki<\/h3><\/h1><\/div><div class=\"fusion-text\"><p style=\"text-align: justify;\">UE obejmuje bardzo zr\u00f3\u017cnicowane \u015brodowisko ludzi i kultur, wi\u0119c firmy musz\u0105 by\u0107 w stanie dopasowa\u0107 si\u0119 do r\u00f3\u017cnych opcji j\u0119zykowych.<\/p>\n<\/div><\/div><\/div><\/div><div class=\"fusion-clearfix\"><\/div>\n\n\t\t\t\t\t<\/div>\n\t\t\t\t<\/div><div  class=\"fusion-layout-column fusion_builder_column fusion_builder_column_1_1 fusion-builder-column-4 fusion-one-full fusion-column-first fusion-column-last 1_1\"  style='margin-top:0px;margin-bottom:0px;'>\n\t\t\t\t\t<div class=\"fusion-column-wrapper\" style=\"padding: 0px 0px 0px 0px;background-position:left top;background-repeat:no-repeat;-webkit-background-size:cover;-moz-background-size:cover;-o-background-size:cover;background-size:cover;\"   data-bg-url=\"\">\n\t\t\t\t\t\t<div class=\"fusion-text\"><p style=\"text-align: justify;\">Masz prawo do odszkodowania od linii lotniczych na mocy rozporz\u0105dzenia w sprawie odszkodowa\u0144 za loty i wa\u017cne jest, aby post\u0119powa\u0107 zgodnie z nimi i uzyska\u0107 rekompensat\u0119 finansow\u0105 za niedogodno\u015bci, takie jak op\u00f3\u017anienie lub odwo\u0142anie lotu. Firmy odszkodowawcze mog\u0105 \u015bwiadczy\u0107 cenne us\u0142ugi, poruszaj\u0105c si\u0119 po biurokratycznym systemie w celu odzyskania nale\u017cnych Ci \u015brodk\u00f3w, a my chcemy mie\u0107 pewno\u015b\u0107, \u017ce masz kontakt z najlepszymi firmami do tego zadania.<\/p>\n<\/div><div class=\"fusion-clearfix\"><\/div>\n\n\t\t\t\t\t<\/div>\n\t\t\t\t<\/div><\/div><\/div><\/p>\n","protected":false},"excerpt":{"rendered":"","protected":false},"author":1,"featured_media":0,"parent":0,"menu_order":0,"comment_status":"closed","ping_status":"closed","template":"","meta":{"footnotes":""},"yoast_head":"<title>Proces recenzji - EU Flight Compensation<\/title>\n<meta name=\"robots\" content=\"index, follow, max-snippet:-1, max-image-preview:large, max-video-preview:-1\" \/>\n<link rel=\"canonical\" href=\"https:\/\/euflightcompensation.com\/pl\/proces-recenzji\/\" \/>\n<meta property=\"og:locale\" content=\"pl_PL\" \/>\n<meta property=\"og:type\" content=\"article\" \/>\n<meta property=\"og:title\" content=\"Proces recenzji - EU Flight Compensation\" \/>\n<meta property=\"og:url\" content=\"https:\/\/euflightcompensation.com\/pl\/proces-recenzji\/\" \/>\n<meta property=\"og:site_name\" content=\"EU Flight Compensation\" \/>\n<meta property=\"article:publisher\" content=\"https:\/\/www.facebook.com\/EUflightcompensationcom\" \/>\n<meta property=\"article:modified_time\" content=\"2023-04-03T13:48:42+00:00\" \/>\n<meta name=\"twitter:card\" content=\"summary_large_image\" \/>\n<meta name=\"twitter:label1\" content=\"Szacowany czas czytania\" \/>\n\t<meta name=\"twitter:data1\" content=\"13 minut\" \/>\n<script type=\"application\/ld+json\" class=\"yoast-schema-graph\">{\"@context\":\"https:\/\/schema.org\",\"@graph\":[{\"@type\":\"WebPage\",\"@id\":\"https:\/\/euflightcompensation.com\/pl\/proces-recenzji\/\",\"url\":\"https:\/\/euflightcompensation.com\/pl\/proces-recenzji\/\",\"name\":\"Proces recenzji - EU Flight Compensation\",\"isPartOf\":{\"@id\":\"https:\/\/euflightcompensation.com\/pl\/#website\"},\"datePublished\":\"2019-10-07T10:16:05+00:00\",\"dateModified\":\"2023-04-03T13:48:42+00:00\",\"breadcrumb\":{\"@id\":\"https:\/\/euflightcompensation.com\/pl\/proces-recenzji\/#breadcrumb\"},\"inLanguage\":\"pl-PL\",\"potentialAction\":[{\"@type\":\"ReadAction\",\"target\":[\"https:\/\/euflightcompensation.com\/pl\/proces-recenzji\/\"]}]},{\"@type\":\"BreadcrumbList\",\"@id\":\"https:\/\/euflightcompensation.com\/pl\/proces-recenzji\/#breadcrumb\",\"itemListElement\":[{\"@type\":\"ListItem\",\"position\":1,\"name\":\"Home\",\"item\":\"https:\/\/euflightcompensation.com\/pl\/\"},{\"@type\":\"ListItem\",\"position\":2,\"name\":\"Proces recenzji\"}]},{\"@type\":\"WebSite\",\"@id\":\"https:\/\/euflightcompensation.com\/pl\/#website\",\"url\":\"https:\/\/euflightcompensation.com\/pl\/\",\"name\":\"EU Flight Compensation\",\"description\":\"\",\"publisher\":{\"@id\":\"https:\/\/euflightcompensation.com\/pl\/#organization\"},\"potentialAction\":[{\"@type\":\"SearchAction\",\"target\":{\"@type\":\"EntryPoint\",\"urlTemplate\":\"https:\/\/euflightcompensation.com\/pl\/?s={search_term_string}\"},\"query-input\":\"required name=search_term_string\"}],\"inLanguage\":\"pl-PL\"},{\"@type\":\"Organization\",\"@id\":\"https:\/\/euflightcompensation.com\/pl\/#organization\",\"name\":\"EU Flight Compensation\",\"url\":\"https:\/\/euflightcompensation.com\/pl\/\",\"logo\":{\"@type\":\"ImageObject\",\"inLanguage\":\"pl-PL\",\"@id\":\"https:\/\/euflightcompensation.com\/pl\/#\/schema\/logo\/image\/\",\"url\":\"https:\/\/euflightcompensation.com\/wp-content\/uploads\/2023\/05\/EU-Flight-Compensation-Logo-280x80-1.png\",\"contentUrl\":\"https:\/\/euflightcompensation.com\/wp-content\/uploads\/2023\/05\/EU-Flight-Compensation-Logo-280x80-1.png\",\"width\":280,\"height\":80,\"caption\":\"EU Flight Compensation\"},\"image\":{\"@id\":\"https:\/\/euflightcompensation.com\/pl\/#\/schema\/logo\/image\/\"},\"sameAs\":[\"https:\/\/www.facebook.com\/EUflightcompensationcom\"]}]}<\/script>","yoast_head_json":{"title":"Proces recenzji - EU Flight Compensation","robots":{"index":"index","follow":"follow","max-snippet":"max-snippet:-1","max-image-preview":"max-image-preview:large","max-video-preview":"max-video-preview:-1"},"canonical":"https:\/\/euflightcompensation.com\/pl\/proces-recenzji\/","og_locale":"pl_PL","og_type":"article","og_title":"Proces recenzji - EU Flight Compensation","og_url":"https:\/\/euflightcompensation.com\/pl\/proces-recenzji\/","og_site_name":"EU Flight Compensation","article_publisher":"https:\/\/www.facebook.com\/EUflightcompensationcom","article_modified_time":"2023-04-03T13:48:42+00:00","twitter_card":"summary_large_image","twitter_misc":{"Szacowany czas czytania":"13 minut"},"schema":{"@context":"https:\/\/schema.org","@graph":[{"@type":"WebPage","@id":"https:\/\/euflightcompensation.com\/pl\/proces-recenzji\/","url":"https:\/\/euflightcompensation.com\/pl\/proces-recenzji\/","name":"Proces recenzji - EU Flight Compensation","isPartOf":{"@id":"https:\/\/euflightcompensation.com\/pl\/#website"},"datePublished":"2019-10-07T10:16:05+00:00","dateModified":"2023-04-03T13:48:42+00:00","breadcrumb":{"@id":"https:\/\/euflightcompensation.com\/pl\/proces-recenzji\/#breadcrumb"},"inLanguage":"pl-PL","potentialAction":[{"@type":"ReadAction","target":["https:\/\/euflightcompensation.com\/pl\/proces-recenzji\/"]}]},{"@type":"BreadcrumbList","@id":"https:\/\/euflightcompensation.com\/pl\/proces-recenzji\/#breadcrumb","itemListElement":[{"@type":"ListItem","position":1,"name":"Home","item":"https:\/\/euflightcompensation.com\/pl\/"},{"@type":"ListItem","position":2,"name":"Proces recenzji"}]},{"@type":"WebSite","@id":"https:\/\/euflightcompensation.com\/pl\/#website","url":"https:\/\/euflightcompensation.com\/pl\/","name":"EU Flight Compensation","description":"","publisher":{"@id":"https:\/\/euflightcompensation.com\/pl\/#organization"},"potentialAction":[{"@type":"SearchAction","target":{"@type":"EntryPoint","urlTemplate":"https:\/\/euflightcompensation.com\/pl\/?s={search_term_string}"},"query-input":"required name=search_term_string"}],"inLanguage":"pl-PL"},{"@type":"Organization","@id":"https:\/\/euflightcompensation.com\/pl\/#organization","name":"EU Flight Compensation","url":"https:\/\/euflightcompensation.com\/pl\/","logo":{"@type":"ImageObject","inLanguage":"pl-PL","@id":"https:\/\/euflightcompensation.com\/pl\/#\/schema\/logo\/image\/","url":"https:\/\/euflightcompensation.com\/wp-content\/uploads\/2023\/05\/EU-Flight-Compensation-Logo-280x80-1.png","contentUrl":"https:\/\/euflightcompensation.com\/wp-content\/uploads\/2023\/05\/EU-Flight-Compensation-Logo-280x80-1.png","width":280,"height":80,"caption":"EU Flight Compensation"},"image":{"@id":"https:\/\/euflightcompensation.com\/pl\/#\/schema\/logo\/image\/"},"sameAs":["https:\/\/www.facebook.com\/EUflightcompensationcom"]}]}},"_links":{"self":[{"href":"https:\/\/euflightcompensation.com\/pl\/wp-json\/wp\/v2\/pages\/22690"}],"collection":[{"href":"https:\/\/euflightcompensation.com\/pl\/wp-json\/wp\/v2\/pages"}],"about":[{"href":"https:\/\/euflightcompensation.com\/pl\/wp-json\/wp\/v2\/types\/page"}],"author":[{"embeddable":true,"href":"https:\/\/euflightcompensation.com\/pl\/wp-json\/wp\/v2\/users\/1"}],"replies":[{"embeddable":true,"href":"https:\/\/euflightcompensation.com\/pl\/wp-json\/wp\/v2\/comments?post=22690"}],"version-history":[{"count":0,"href":"https:\/\/euflightcompensation.com\/pl\/wp-json\/wp\/v2\/pages\/22690\/revisions"}],"wp:attachment":[{"href":"https:\/\/euflightcompensation.com\/pl\/wp-json\/wp\/v2\/media?parent=22690"}],"curies":[{"name":"wp","href":"https:\/\/api.w.org\/{rel}","templated":true}]}}