{"id":19407,"date":"2019-10-26T10:17:59","date_gmt":"2019-10-26T09:17:59","guid":{"rendered":"https:\/\/euflightcompensation.com\/advertiser-disclosure\/"},"modified":"2023-02-04T02:06:22","modified_gmt":"2023-02-04T02:06:22","slug":"divulgazione-dellinserzionista","status":"publish","type":"page","link":"https:\/\/euflightcompensation.com\/it\/divulgazione-dellinserzionista\/","title":{"rendered":"Divulgazione dell&#8217;inserzionista"},"content":{"rendered":"<h3 style=\"text-align: justify;\"><b>EUFlightCompensation.com \u00e8 un sito Web supportato dai lettori.<\/b><\/h3>\n<p style=\"text-align: justify;\">Guadagniamo commissioni da alcuni dei servizi e prodotti elencati in questo sito.<\/p>\n<p style=\"text-align: justify;\">Ci\u00f2 accade quando fai clic sui nostri link di affiliazione e finisci per acquistare servizi dalle seguenti societ\u00e0 di compensazione di volo. Un link di affiliazione \u00e8 un link univoco fornito agli affiliati per promuovere un servizio online (o un prodotto) che viene poi utilizzato per accreditare le commissioni di vendita all&#8217;affiliato.<\/p>\n<ul style=\"text-align: justify;\">\n<li>Skycop (Skycop.com)<\/li>\n<li>Airhelp (Airhelp.com)<\/li>\n<li>Claimcompass (Claimcompass.eu)<\/li>\n<\/ul>\n<p style=\"text-align: justify;\">Questo \u00e8 utilizzato dalla maggior parte dei siti Web del tipo &#8220;Recensioni societ\u00e0 di compensazione del volo&#8221; su Internet. Sfortunatamente, \u00e8 spesso nascosto, in modo che le persone pensino che non guadagnano commissioni, il che non \u00e8 vero.<\/p>\n<p style=\"text-align: justify;\">PS Non siamo affiliati a tutte (24) le societ\u00e0 di risarcimenti volo elencate, ma solo a queste 3.<\/p>\n<h3 style=\"text-align: justify;\"><b>Perch\u00e9 collaboriamo con queste societ\u00e0 di risarcimenti volo?<\/b><\/h3>\n<p style=\"text-align: justify;\">Quando abbiamo lanciato per la prima volta EuFlightCompensation.com, non eravamo affiliati a nessuna delle societ\u00e0 elencate sul nostro sito.<\/p>\n<p style=\"text-align: justify;\">Tuttavia, ci siamo presto resi conto che la revisione delle compagnie di compensazione dei voli pu\u00f2 richiedere molto tempo e denaro. Per mantenere il nostro sito attivo e funzionante, abbiamo deciso di monetizzare con link di affiliazione, al fine di evitare banner pubblicitari e pop-up.<\/p>\n<p style=\"text-align: justify;\">Ultimo, ma meno importante, personalmente abbiamo trovato queste compagnie di compensazione di volo migliori delle altre.<\/p>\n<h3 style=\"text-align: justify;\"><b>Ti coster\u00e0 pi\u00f9 soldi?<\/b><\/h3>\n<p style=\"text-align: justify;\">No, non ti coster\u00e0 pi\u00f9 soldi.<\/p>\n<h3 style=\"text-align: justify;\"><b>Ha un impatto sulle classifiche\/valutazioni delle recensioni?<\/b><\/h3>\n<p style=\"text-align: justify;\">No, non \u00e8 cos\u00ec. <b>Guarda il nostro processo di revisione in 6 fasi<\/b><\/p>\n<p style=\"text-align: justify;\"><b>Disclaimer: <\/b>La revisione della compagnia di compensazione volo \u00e8 un compito soggettivo. Trovare\u00a0 \u201cla migliore compagnia di risarcimenti di volo\u201d \u00e8 anche molto soggettivo. Quindi, prima di richiedere uno qualsiasi dei servizi di compensazione volo, assicurati di leggere pi\u00f9 recensioni online, confrontare le loro caratteristiche e fare la tua due diligence.<\/p>\n<p style=\"text-align: justify;\">Secondo i nostri test, non influisce sulle valutazioni o sul nostro sistema di classificazione. Ecco come classifichiamo i fornitori sul nostro sito:<\/p>\n<ul style=\"text-align: justify;\">\n<li>Controliamo l&#8217;importo medio del compenso;<\/li>\n<li>Controlliamo qual \u00e8 la loro commissione di successo;<\/li>\n<li>Controlliamo le loro recensioni;<\/li>\n<li>Testiamo il loro servizio clienti;<\/li>\n<li>Testiamo la facilit\u00e0 d&#8217;uso;<\/li>\n<li>\u00a0Verifichiamo quante lingue supportano.<\/li>\n<\/ul>\n<p style=\"text-align: justify;\">Puoi leggere pi\u00f9 in dettaglio sul processo di revisione qui.<\/p>\n<h3 style=\"text-align: justify;\"><b>Perch\u00e9 lo stiamo divulgando?<\/b><\/h3>\n<p style=\"text-align: justify;\">Vogliamo essere onesti con i nostri clienti. Consideriamo le nostre recensioni completamente imparziali. Tuttavia, hai il diritto di sapere se riceviamo un compenso da una societ\u00e0 in modo da poterlo tenere in considerazione quando leggi le nostre recensioni.<\/p>\n<p style=\"text-align: justify;\">E ancora, vogliamo essere onesti con voi che siete i nostri visitatori.<\/p>\n","protected":false},"excerpt":{"rendered":"<p>EUFlightCompensation.com \u00e8 un sito Web supportato dai lettori. Guadagniamo commissioni da alcuni dei servizi e prodotti elencati in questo sito. Ci\u00f2 accade quando fai clic sui nostri link di [&hellip;]<\/p>\n","protected":false},"author":1,"featured_media":0,"parent":0,"menu_order":0,"comment_status":"closed","ping_status":"closed","template":"","meta":{"footnotes":""},"yoast_head":"<title>Divulgazione dell&#039;inserzionista - EUFlightCompensation.com<\/title>\n<meta name=\"robots\" content=\"index, nofollow, max-snippet:-1, max-image-preview:large, max-video-preview:-1\" \/>\n<link rel=\"canonical\" href=\"https:\/\/euflightcompensation.com\/it\/divulgazione-dellinserzionista\/\" \/>\n<meta property=\"og:locale\" content=\"it_IT\" \/>\n<meta property=\"og:type\" content=\"article\" \/>\n<meta property=\"og:title\" content=\"Divulgazione dell&#039;inserzionista - EUFlightCompensation.com\" \/>\n<meta property=\"og:description\" content=\"EUFlightCompensation.com \u00e8 un sito Web supportato dai lettori. Guadagniamo commissioni da alcuni dei servizi e prodotti elencati in questo sito. Ci\u00f2 accade quando fai clic sui nostri link di [&hellip;]\" \/>\n<meta property=\"og:url\" content=\"https:\/\/euflightcompensation.com\/it\/divulgazione-dellinserzionista\/\" \/>\n<meta property=\"og:site_name\" content=\"EUFlightCompensation.com\" \/>\n<meta property=\"article:publisher\" content=\"https:\/\/www.facebook.com\/EUflightcompensationcom\" \/>\n<meta property=\"article:modified_time\" content=\"2023-02-04T02:06:22+00:00\" \/>\n<meta name=\"twitter:card\" content=\"summary_large_image\" \/>\n<meta name=\"twitter:label1\" content=\"Tempo di lettura stimato\" \/>\n\t<meta name=\"twitter:data1\" content=\"2 minuti\" \/>\n<script type=\"application\/ld+json\" class=\"yoast-schema-graph\">{\"@context\":\"https:\/\/schema.org\",\"@graph\":[{\"@type\":\"WebPage\",\"@id\":\"https:\/\/euflightcompensation.com\/it\/divulgazione-dellinserzionista\/\",\"url\":\"https:\/\/euflightcompensation.com\/it\/divulgazione-dellinserzionista\/\",\"name\":\"Divulgazione dell'inserzionista - EUFlightCompensation.com\",\"isPartOf\":{\"@id\":\"https:\/\/euflightcompensation.com\/it\/#website\"},\"datePublished\":\"2019-10-26T09:17:59+00:00\",\"dateModified\":\"2023-02-04T02:06:22+00:00\",\"breadcrumb\":{\"@id\":\"https:\/\/euflightcompensation.com\/it\/divulgazione-dellinserzionista\/#breadcrumb\"},\"inLanguage\":\"it-IT\",\"potentialAction\":[{\"@type\":\"ReadAction\",\"target\":[\"https:\/\/euflightcompensation.com\/it\/divulgazione-dellinserzionista\/\"]}]},{\"@type\":\"BreadcrumbList\",\"@id\":\"https:\/\/euflightcompensation.com\/it\/divulgazione-dellinserzionista\/#breadcrumb\",\"itemListElement\":[{\"@type\":\"ListItem\",\"position\":1,\"name\":\"Home\",\"item\":\"https:\/\/euflightcompensation.com\/it\/\"},{\"@type\":\"ListItem\",\"position\":2,\"name\":\"Divulgazione dell&#8217;inserzionista\"}]},{\"@type\":\"WebSite\",\"@id\":\"https:\/\/euflightcompensation.com\/it\/#website\",\"url\":\"https:\/\/euflightcompensation.com\/it\/\",\"name\":\"EUFlightCompensation.com\",\"description\":\"\",\"publisher\":{\"@id\":\"https:\/\/euflightcompensation.com\/it\/#organization\"},\"potentialAction\":[{\"@type\":\"SearchAction\",\"target\":{\"@type\":\"EntryPoint\",\"urlTemplate\":\"https:\/\/euflightcompensation.com\/it\/?s={search_term_string}\"},\"query-input\":\"required name=search_term_string\"}],\"inLanguage\":\"it-IT\"},{\"@type\":\"Organization\",\"@id\":\"https:\/\/euflightcompensation.com\/it\/#organization\",\"name\":\"EU Flight Compensation\",\"url\":\"https:\/\/euflightcompensation.com\/it\/\",\"logo\":{\"@type\":\"ImageObject\",\"inLanguage\":\"it-IT\",\"@id\":\"https:\/\/euflightcompensation.com\/it\/#\/schema\/logo\/image\/\",\"url\":\"https:\/\/euflightcompensation.com\/wp-content\/uploads\/2023\/05\/EU-Flight-Compensation-Logo-280x80-1.png\",\"contentUrl\":\"https:\/\/euflightcompensation.com\/wp-content\/uploads\/2023\/05\/EU-Flight-Compensation-Logo-280x80-1.png\",\"width\":280,\"height\":80,\"caption\":\"EU Flight Compensation\"},\"image\":{\"@id\":\"https:\/\/euflightcompensation.com\/it\/#\/schema\/logo\/image\/\"},\"sameAs\":[\"https:\/\/www.facebook.com\/EUflightcompensationcom\"]}]}<\/script>","yoast_head_json":{"title":"Divulgazione dell'inserzionista - EUFlightCompensation.com","robots":{"index":"index","follow":"nofollow","max-snippet":"max-snippet:-1","max-image-preview":"max-image-preview:large","max-video-preview":"max-video-preview:-1"},"canonical":"https:\/\/euflightcompensation.com\/it\/divulgazione-dellinserzionista\/","og_locale":"it_IT","og_type":"article","og_title":"Divulgazione dell'inserzionista - EUFlightCompensation.com","og_description":"EUFlightCompensation.com \u00e8 un sito Web supportato dai lettori. Guadagniamo commissioni da alcuni dei servizi e prodotti elencati in questo sito. Ci\u00f2 accade quando fai clic sui nostri link di [&hellip;]","og_url":"https:\/\/euflightcompensation.com\/it\/divulgazione-dellinserzionista\/","og_site_name":"EUFlightCompensation.com","article_publisher":"https:\/\/www.facebook.com\/EUflightcompensationcom","article_modified_time":"2023-02-04T02:06:22+00:00","twitter_card":"summary_large_image","twitter_misc":{"Tempo di lettura stimato":"2 minuti"},"schema":{"@context":"https:\/\/schema.org","@graph":[{"@type":"WebPage","@id":"https:\/\/euflightcompensation.com\/it\/divulgazione-dellinserzionista\/","url":"https:\/\/euflightcompensation.com\/it\/divulgazione-dellinserzionista\/","name":"Divulgazione dell'inserzionista - EUFlightCompensation.com","isPartOf":{"@id":"https:\/\/euflightcompensation.com\/it\/#website"},"datePublished":"2019-10-26T09:17:59+00:00","dateModified":"2023-02-04T02:06:22+00:00","breadcrumb":{"@id":"https:\/\/euflightcompensation.com\/it\/divulgazione-dellinserzionista\/#breadcrumb"},"inLanguage":"it-IT","potentialAction":[{"@type":"ReadAction","target":["https:\/\/euflightcompensation.com\/it\/divulgazione-dellinserzionista\/"]}]},{"@type":"BreadcrumbList","@id":"https:\/\/euflightcompensation.com\/it\/divulgazione-dellinserzionista\/#breadcrumb","itemListElement":[{"@type":"ListItem","position":1,"name":"Home","item":"https:\/\/euflightcompensation.com\/it\/"},{"@type":"ListItem","position":2,"name":"Divulgazione dell&#8217;inserzionista"}]},{"@type":"WebSite","@id":"https:\/\/euflightcompensation.com\/it\/#website","url":"https:\/\/euflightcompensation.com\/it\/","name":"EUFlightCompensation.com","description":"","publisher":{"@id":"https:\/\/euflightcompensation.com\/it\/#organization"},"potentialAction":[{"@type":"SearchAction","target":{"@type":"EntryPoint","urlTemplate":"https:\/\/euflightcompensation.com\/it\/?s={search_term_string}"},"query-input":"required name=search_term_string"}],"inLanguage":"it-IT"},{"@type":"Organization","@id":"https:\/\/euflightcompensation.com\/it\/#organization","name":"EU Flight Compensation","url":"https:\/\/euflightcompensation.com\/it\/","logo":{"@type":"ImageObject","inLanguage":"it-IT","@id":"https:\/\/euflightcompensation.com\/it\/#\/schema\/logo\/image\/","url":"https:\/\/euflightcompensation.com\/wp-content\/uploads\/2023\/05\/EU-Flight-Compensation-Logo-280x80-1.png","contentUrl":"https:\/\/euflightcompensation.com\/wp-content\/uploads\/2023\/05\/EU-Flight-Compensation-Logo-280x80-1.png","width":280,"height":80,"caption":"EU Flight Compensation"},"image":{"@id":"https:\/\/euflightcompensation.com\/it\/#\/schema\/logo\/image\/"},"sameAs":["https:\/\/www.facebook.com\/EUflightcompensationcom"]}]}},"_links":{"self":[{"href":"https:\/\/euflightcompensation.com\/it\/wp-json\/wp\/v2\/pages\/19407"}],"collection":[{"href":"https:\/\/euflightcompensation.com\/it\/wp-json\/wp\/v2\/pages"}],"about":[{"href":"https:\/\/euflightcompensation.com\/it\/wp-json\/wp\/v2\/types\/page"}],"author":[{"embeddable":true,"href":"https:\/\/euflightcompensation.com\/it\/wp-json\/wp\/v2\/users\/1"}],"replies":[{"embeddable":true,"href":"https:\/\/euflightcompensation.com\/it\/wp-json\/wp\/v2\/comments?post=19407"}],"version-history":[{"count":0,"href":"https:\/\/euflightcompensation.com\/it\/wp-json\/wp\/v2\/pages\/19407\/revisions"}],"wp:attachment":[{"href":"https:\/\/euflightcompensation.com\/it\/wp-json\/wp\/v2\/media?parent=19407"}],"curies":[{"name":"wp","href":"https:\/\/api.w.org\/{rel}","templated":true}]}}