{"id":19389,"date":"2000-12-17T18:08:38","date_gmt":"2000-12-17T18:08:38","guid":{"rendered":"https:\/\/euflightcompensation.com\/about-us\/"},"modified":"2024-02-05T08:31:21","modified_gmt":"2024-02-05T08:31:21","slug":"chi-siamo","status":"publish","type":"page","link":"https:\/\/euflightcompensation.com\/it\/chi-siamo\/","title":{"rendered":"Chi siamo"},"content":{"rendered":"<div class=\"fusion-fullwidth fullwidth-box fusion-builder-row-1 nonhundred-percent-fullwidth non-hundred-percent-height-scrolling\"  style='background-color: rgba(255,255,255,0);background-position: center center;background-repeat: no-repeat;padding-top:0px;padding-right:0px;padding-bottom:0px;padding-left:0px;'><div class=\"fusion-builder-row fusion-row \"><div  class=\"fusion-layout-column fusion_builder_column fusion_builder_column_2_3 fusion-builder-column-1 fusion-two-third fusion-column-first 2_3\"  style='margin-top:0px;margin-bottom:20px;width:66.66%;width:calc(66.66% - ( ( 4% ) * 0.6666 ) );margin-right: 4%;'>\n\t\t\t\t\t<div class=\"fusion-column-wrapper\" style=\"padding: 0px 0px 0px 0px;background-position:left top;background-repeat:no-repeat;-webkit-background-size:cover;-moz-background-size:cover;-o-background-size:cover;background-size:cover;\"   data-bg-url=\"\">\n\t\t\t\t\t\t<div class=\"fusion-text\"><p class=\"Body\" style=\"text-align: justify;\">Sfortunatamente, nelle esperienze di viaggio odierne, i ritardi dei voli stanno diventando sempre pi\u00f9 comuni. Molti viaggiatori siedono negli aeroporti mentre il loro volo ritarda di ora in ora fino a quando non rimangono l\u00ec per un periodo di tempo imprecisato. Alcuni viaggiatori hanno la fortuna di avere un ritardo di poche ore, invece altri viaggiatori devono passare la notte in aeroporto aspettando il prossimo volo disponibile. Molte di queste persone inoltre non sanno che ci sono opzioni di risarcimento ai sensi del Regolamento CE 261\/2004. Nel febbraio del 2004, la CE ha stabilito che i viaggiatori che subiscono un ritardo superiore a tre ore, un volo cancellato o che non sono ammessi sull&#8217;aereo a causa di overbooking devono ricevere un risarcimento per il disagio e la perdita di tempo e denaro. Dopo quella sentenza, in tutta Europa sono nate molte compagnie di compensazione di volo.<\/p>\n<p class=\"Body\" style=\"text-align: justify;\">Quando sei bloccato in aeroporto e sei gi\u00e0 esausto, cercare la compagnia giusta per soddisfare le tue esigenze pu\u00f2 sembrare impossibile. Ogni azienda ha un sito Web appariscente con promesse di servizio rapido, alte percentuali di successo e garanzia di restituzione del denaro ai propri clienti. Ogni azienda somiglia all&#8217;altra e pu\u00f2 sembrare un\u2019odissea scegliere quella giusta, quindi i clienti ne scelgono una e incrociano le dita. \u00c8 qui che entra in gioco Scott Welsch.<\/p>\n<p style=\"text-align: justify;\">Scott Welsch \u00e8 un avvocato londinese. \u00c8 specializzato in diritto dei viaggi e vuole educare le persone sui loro diritti come viaggiatori europei, nonch\u00e9 istruirle sul numero di aziende disponibili ad assisterli. Molte aziende cercano di attirare i propri clienti con promesse di servizio rapido, alte percentuali di successo, grandi somme di denaro che hanno restituito con successo e spendono molti soldi in pubblicit\u00e0, quindi all&#8217;occhio inesperto e al viaggiatore esausto seduto sul pavimento di un aeroporto, queste sembrano le migliori opzioni.<\/p>\n<\/div><div class=\"fusion-clearfix\"><\/div>\n\n\t\t\t\t\t<\/div>\n\t\t\t\t<\/div><div  class=\"fusion-layout-column fusion_builder_column fusion_builder_column_1_3 fusion-builder-column-2 fusion-one-third fusion-column-last 1_3\"  style='margin-top:0px;margin-bottom:20px;width:33.33%;width:calc(33.33% - ( ( 4% ) * 0.3333 ) );'>\n\t\t\t\t\t<div class=\"fusion-column-wrapper\" style=\"padding: 0px 0px 0px 0px;background-position:left top;background-repeat:no-repeat;-webkit-background-size:cover;-moz-background-size:cover;-o-background-size:cover;background-size:cover;\"   data-bg-url=\"\">\n\t\t\t\t\t\t<div class=\"imageframe-align-center\"><span style=\"-webkit-border-radius:50%;-moz-border-radius:50%;border-radius:50%;-webkit-mask-image: -webkit-radial-gradient(circle, white, black);\" class=\"fusion-imageframe imageframe-none imageframe-1 hover-type-zoomin\"><img fetchpriority=\"high\" fetchpriority=\"high\" decoding=\"async\" src=\"https:\/\/euflightcompensation.com\/wp-content\/uploads\/2019\/10\/Scott-Welsch.jpg\" width=\"1000\" height=\"667\" alt=\"\" title=\"Scott Welsch\" class=\"img-responsive wp-image-18351\" srcset=\"https:\/\/euflightcompensation.com\/wp-content\/uploads\/2019\/10\/Scott-Welsch-200x133.jpg 200w, https:\/\/euflightcompensation.com\/wp-content\/uploads\/2019\/10\/Scott-Welsch-400x267.jpg 400w, https:\/\/euflightcompensation.com\/wp-content\/uploads\/2019\/10\/Scott-Welsch-600x400.jpg 600w, https:\/\/euflightcompensation.com\/wp-content\/uploads\/2019\/10\/Scott-Welsch-800x534.jpg 800w, https:\/\/euflightcompensation.com\/wp-content\/uploads\/2019\/10\/Scott-Welsch.jpg 1000w\" sizes=\"(max-width: 800px) 100vw, 400px\" \/><\/span><\/div><div class=\"fusion-sep-clear\"><\/div><div class=\"fusion-separator fusion-full-width-sep sep-none\" style=\"margin-left: auto;margin-right: auto;margin-top:5px;\"><\/div><div class=\"fusion-text\"><h3 style=\"text-align: center;\">Scott Welsch<\/h3>\n<p style=\"text-align: center;\">Avvocato e blogger londinese. \u00c8 specializzato in diritto dei viaggi e vuole educare le persone sui loro diritti come viaggiatori europei.<\/p>\n<\/div><div class=\"aligncenter\"><div class=\"fusion-social-links\"><div class=\"fusion-social-networks boxed-icons\"><div class=\"fusion-social-networks-wrapper\"><a class=\"fusion-social-network-icon fusion-tooltip fusion-facebook fusion-icon-facebook\" style=\"color:rgb(255,255,255);background-color:#f1574d;border-color:#f1574d;border-radius:50%;\" aria-label=\"fusion-facebook\" target=\"_blank\" rel=\"noopener noreferrer nofollow\" href=\"https:\/\/www.facebook.com\/scott.welsch.313\" data-placement=\"top\" data-title=\"Facebook\" data-toggle=\"tooltip\" title=\"Facebook\"><\/a><a class=\"fusion-social-network-icon fusion-tooltip fusion-youtube fusion-icon-youtube\" style=\"color:rgb(255,255,255);background-color:#f1574d;border-color:#f1574d;border-radius:50%;\" aria-label=\"fusion-youtube\" target=\"_blank\" rel=\"noopener noreferrer nofollow\" href=\"https:\/\/www.youtube.com\/channel\/UC7rL-n6rhaT-mTnY1I1BRTA\" data-placement=\"top\" data-title=\"YouTube\" data-toggle=\"tooltip\" title=\"YouTube\"><\/a><a class=\"fusion-social-network-icon fusion-tooltip fusion-blogger fusion-icon-blogger\" style=\"color:rgb(255,255,255);background-color:#f1574d;border-color:#f1574d;border-radius:50%;\" aria-label=\"fusion-blogger\" target=\"_blank\" rel=\"noopener noreferrer nofollow\" href=\"https:\/\/www.quora.com\/profile\/Scott-Welsch-6\" data-placement=\"top\" data-title=\"Blogger\" data-toggle=\"tooltip\" title=\"Blogger\"><\/a><a class=\"fusion-social-network-icon fusion-tooltip fusion-pinterest fusion-icon-pinterest\" style=\"color:rgb(255,255,255);background-color:#f1574d;border-color:#f1574d;border-radius:50%;\" aria-label=\"fusion-pinterest\" target=\"_blank\" rel=\"noopener noreferrer nofollow\" href=\"https:\/\/www.pinterest.co.uk\/euflightcompensationcom\/\" data-placement=\"top\" data-title=\"Pinterest\" data-toggle=\"tooltip\" title=\"Pinterest\"><\/a><a class=\"fusion-social-network-icon fusion-tooltip fusion-linkedin fusion-icon-linkedin\" style=\"color:rgb(255,255,255);background-color:#f1574d;border-color:#f1574d;border-radius:50%;\" aria-label=\"fusion-linkedin\" target=\"_blank\" rel=\"noopener noreferrer nofollow\" href=\"https:\/\/www.linkedin.com\/in\/scott-welsch-1241231a5\/\" data-placement=\"top\" data-title=\"LinkedIn\" data-toggle=\"tooltip\" title=\"LinkedIn\"><\/a><a class=\"fusion-social-network-icon fusion-tooltip fusion-mail fusion-icon-mail\" style=\"color:rgb(255,255,255);background-color:#f1574d;border-color:#f1574d;border-radius:50%;\" aria-label=\"fusion-mail\" target=\"_self\" rel=\"noopener noreferrer nofollow\" href=\"mailto:&#105;&#110;fo&#064;eufl&#105;&#103;htc&#111;&#109;&#112;e&#110;sa&#116;ion.&#099;&#111;&#109;\" data-placement=\"top\" data-title=\"Mail\" data-toggle=\"tooltip\" title=\"Mail\"><\/a><\/div><\/div><\/div><\/div><div class=\"fusion-clearfix\"><\/div>\n\n\t\t\t\t\t<\/div>\n\t\t\t\t<\/div><div  class=\"fusion-layout-column fusion_builder_column fusion_builder_column_1_1 fusion-builder-column-3 fusion-one-full fusion-column-first fusion-column-last 1_1\"  style='margin-top:0px;margin-bottom:20px;'>\n\t\t\t\t\t<div class=\"fusion-column-wrapper\" style=\"padding: 0px 0px 0px 0px;background-position:left top;background-repeat:no-repeat;-webkit-background-size:cover;-moz-background-size:cover;-o-background-size:cover;background-size:cover;\"   data-bg-url=\"\">\n\t\t\t\t\t\t<div class=\"fusion-text\"><p class=\"Body\" style=\"text-align: justify;\">Tuttavia, Scott Welsch ha cercato di rimediare. Ha capito che le aziende pi\u00f9 pubblicizzate non erano necessariamente le migliori perch\u00e9 non sempre soddisfacevano le esigenze del maggior numero di clienti. Da questa osservazione ha deciso di creare una posizione centrale, affidabile e ben studiata in cui i clienti potessero confrontare tutte le diverse societ\u00e0 in un&#8217;unica posizione. Scott e il suo team hanno fatto ricerche su diverse aziende in tutta Europa e hanno confrontato il numero di lingue che parlano, l&#8217;usabilit\u00e0 del loro sito Web, il servizio che l&#8217;azienda offre ai propri clienti, il tempo medio di compensazione, quanto l&#8217;azienda addebita al cliente per i suoi servizi e molti altri aspetti importanti per creare un elenco di aziende in cui credevano. Le aziende che Scott e il suo team hanno scelto come migliori solo quelle che hanno esaminato attentamente e ritengono di offrire le migliori risorse ai propri clienti. Scott Welsch ha a cuore i viaggiatori che sono stati sfruttati dalle compagnie aeree e vuole essere un amico fidato che li istruir\u00e0 e li indirizzer\u00e0 nella giusta direzione verso chi potrebbe aiutarli a ottenere il risarcimento che meritano.<\/p>\n<\/div><div class=\"fusion-text\"><h2>Altri membri del team<\/h2>\n<\/div><div class=\"fusion-builder-row fusion-builder-row-inner fusion-row \"><div  class=\"fusion-layout-column fusion_builder_column fusion_builder_column_2_3  fusion-two-third fusion-column-first 2_3\"  style='margin-top: 0px;margin-bottom: 20px;width:66.66%;width:calc(66.66% - ( ( 4% ) * 0.6666 ) );margin-right:4%;'><div class=\"fusion-column-wrapper fusion-column-wrapper-1\" style=\"padding: 0px 0px 0px 0px;background-position:left top;background-repeat:no-repeat;-webkit-background-size:cover;-moz-background-size:cover;-o-background-size:cover;background-size:cover;\"  data-bg-url=\"\"><div class=\"fusion-text\"><h3>Martynas Baniulis<\/h3>\n<h6><span style=\"text-decoration: underline;\">Responsabile Marketing<\/span><\/h6>\n<p style=\"text-align: justify;\">Martynas Baniulis, un responsabile marketing altamente talentuoso, porta la sua esperienza nella pianificazione strategica e nelle tecniche di marketing innovative sul nostro sito web. Con una comprovata esperienza nel aumentare la consapevolezza del marchio e stimolare l&#8217;engagement dei clienti, Martynas \u00e8 strumentale nella nostra missione di dare potere ai passeggeri e semplificare il processo di compensazione dei voli.<\/p>\n<\/div><div class=\"aligncenter\"><div class=\"fusion-social-links\"><div class=\"fusion-social-networks boxed-icons\"><div class=\"fusion-social-networks-wrapper\"><a class=\"fusion-social-network-icon fusion-tooltip fusion-facebook fusion-icon-facebook\" style=\"color:rgba(255,255,255,.6);background-color:#616f85;border-color:#616f85;border-radius:50%;\" aria-label=\"fusion-facebook\" target=\"_blank\" rel=\"noopener noreferrer nofollow\" href=\"https:\/\/www.facebook.com\/baniulis\" data-placement=\"top\" data-title=\"Facebook\" data-toggle=\"tooltip\" title=\"Facebook\"><\/a><a class=\"fusion-social-network-icon fusion-tooltip fusion-twitter fusion-icon-twitter\" style=\"color:rgba(255,255,255,.6);background-color:#616f85;border-color:#616f85;border-radius:50%;\" aria-label=\"fusion-twitter\" target=\"_blank\" rel=\"noopener noreferrer nofollow\" href=\"https:\/\/twitter.com\/MartynasBaniul1\" data-placement=\"top\" data-title=\"Twitter\" data-toggle=\"tooltip\" title=\"Twitter\"><\/a><a class=\"fusion-social-network-icon fusion-tooltip fusion-linkedin fusion-icon-linkedin\" style=\"color:rgba(255,255,255,.6);background-color:#616f85;border-color:#616f85;border-radius:50%;\" aria-label=\"fusion-linkedin\" target=\"_blank\" rel=\"noopener noreferrer nofollow\" href=\"https:\/\/www.linkedin.com\/in\/martynas-baniulis-76a438117\/\" data-placement=\"top\" data-title=\"LinkedIn\" data-toggle=\"tooltip\" title=\"LinkedIn\"><\/a><a class=\"fusion-social-network-icon fusion-tooltip fusion-mail fusion-icon-mail\" style=\"color:rgba(255,255,255,.6);background-color:#616f85;border-color:#616f85;border-radius:50%;\" aria-label=\"fusion-mail\" target=\"_self\" rel=\"noopener noreferrer nofollow\" href=\"mailto:mar&#116;&#121;&#110;as&#064;&#101;uf&#108;i&#103;htcompens&#097;&#116;&#105;on.&#099;&#111;m\" data-placement=\"top\" data-title=\"Mail\" data-toggle=\"tooltip\" title=\"Mail\"><\/a><\/div><\/div><\/div><\/div><\/div><\/div><div  class=\"fusion-layout-column fusion_builder_column fusion_builder_column_1_3  fusion-one-third fusion-column-last 1_3\"  style='margin-top: 0px;margin-bottom: 20px;width:33.33%;width:calc(33.33% - ( ( 4% ) * 0.3333 ) );'><div class=\"fusion-column-wrapper fusion-column-wrapper-2\" style=\"padding: 0px 0px 0px 0px;background-position:left top;background-repeat:no-repeat;-webkit-background-size:cover;-moz-background-size:cover;-o-background-size:cover;background-size:cover;\"  data-bg-url=\"\"><span class=\"fusion-imageframe imageframe-none imageframe-2 hover-type-none\"><img decoding=\"async\" src=\"https:\/\/euflightcompensation.com\/wp-content\/uploads\/2023\/05\/Martynas-Baniulis-300x300.jpg\" width=\"300\" height=\"300\" alt=\"Martynas Baniulis\" title=\"Martynas-Baniulis\" class=\"img-responsive wp-image-28330\" srcset=\"https:\/\/euflightcompensation.com\/wp-content\/uploads\/2023\/05\/Martynas-Baniulis-200x200.jpg 200w, https:\/\/euflightcompensation.com\/wp-content\/uploads\/2023\/05\/Martynas-Baniulis-400x400.jpg 400w, https:\/\/euflightcompensation.com\/wp-content\/uploads\/2023\/05\/Martynas-Baniulis-600x600.jpg 600w, https:\/\/euflightcompensation.com\/wp-content\/uploads\/2023\/05\/Martynas-Baniulis.jpg 800w\" sizes=\"(max-width: 800px) 100vw, 300px\" \/><\/span><\/div><\/div><\/div><div class=\"fusion-clearfix\"><\/div>\n\n\t\t\t\t\t<\/div>\n\t\t\t\t<\/div><\/div><\/div>\n","protected":false},"excerpt":{"rendered":"","protected":false},"author":1,"featured_media":0,"parent":0,"menu_order":0,"comment_status":"closed","ping_status":"closed","template":"100-width.php","meta":{"footnotes":""},"yoast_head":"<title>Chi siamo - EFC<\/title>\n<meta name=\"robots\" content=\"index, follow, max-snippet:-1, max-image-preview:large, max-video-preview:-1\" \/>\n<link rel=\"canonical\" href=\"https:\/\/euflightcompensation.com\/it\/chi-siamo\/\" \/>\n<meta property=\"og:locale\" content=\"it_IT\" \/>\n<meta property=\"og:type\" content=\"article\" \/>\n<meta property=\"og:title\" content=\"Chi siamo - EFC\" \/>\n<meta property=\"og:url\" content=\"https:\/\/euflightcompensation.com\/it\/chi-siamo\/\" \/>\n<meta property=\"og:site_name\" content=\"EUFlightCompensation.com\" \/>\n<meta property=\"article:publisher\" content=\"https:\/\/www.facebook.com\/EUflightcompensationcom\" \/>\n<meta property=\"article:modified_time\" content=\"2024-02-05T08:31:21+00:00\" \/>\n<meta name=\"twitter:card\" content=\"summary_large_image\" \/>\n<meta name=\"twitter:label1\" content=\"Tempo di lettura stimato\" \/>\n\t<meta name=\"twitter:data1\" content=\"9 minuti\" \/>\n<script type=\"application\/ld+json\" class=\"yoast-schema-graph\">{\"@context\":\"https:\/\/schema.org\",\"@graph\":[{\"@type\":\"WebPage\",\"@id\":\"https:\/\/euflightcompensation.com\/it\/chi-siamo\/\",\"url\":\"https:\/\/euflightcompensation.com\/it\/chi-siamo\/\",\"name\":\"Chi siamo - EFC\",\"isPartOf\":{\"@id\":\"https:\/\/euflightcompensation.com\/it\/#website\"},\"datePublished\":\"2000-12-17T18:08:38+00:00\",\"dateModified\":\"2024-02-05T08:31:21+00:00\",\"breadcrumb\":{\"@id\":\"https:\/\/euflightcompensation.com\/it\/chi-siamo\/#breadcrumb\"},\"inLanguage\":\"it-IT\",\"potentialAction\":[{\"@type\":\"ReadAction\",\"target\":[\"https:\/\/euflightcompensation.com\/it\/chi-siamo\/\"]}]},{\"@type\":\"BreadcrumbList\",\"@id\":\"https:\/\/euflightcompensation.com\/it\/chi-siamo\/#breadcrumb\",\"itemListElement\":[{\"@type\":\"ListItem\",\"position\":1,\"name\":\"Home\",\"item\":\"https:\/\/euflightcompensation.com\/it\/\"},{\"@type\":\"ListItem\",\"position\":2,\"name\":\"Chi siamo\"}]},{\"@type\":\"WebSite\",\"@id\":\"https:\/\/euflightcompensation.com\/it\/#website\",\"url\":\"https:\/\/euflightcompensation.com\/it\/\",\"name\":\"EUFlightCompensation.com\",\"description\":\"\",\"publisher\":{\"@id\":\"https:\/\/euflightcompensation.com\/it\/#organization\"},\"potentialAction\":[{\"@type\":\"SearchAction\",\"target\":{\"@type\":\"EntryPoint\",\"urlTemplate\":\"https:\/\/euflightcompensation.com\/it\/?s={search_term_string}\"},\"query-input\":\"required name=search_term_string\"}],\"inLanguage\":\"it-IT\"},{\"@type\":\"Organization\",\"@id\":\"https:\/\/euflightcompensation.com\/it\/#organization\",\"name\":\"EU Flight Compensation\",\"url\":\"https:\/\/euflightcompensation.com\/it\/\",\"logo\":{\"@type\":\"ImageObject\",\"inLanguage\":\"it-IT\",\"@id\":\"https:\/\/euflightcompensation.com\/it\/#\/schema\/logo\/image\/\",\"url\":\"https:\/\/euflightcompensation.com\/wp-content\/uploads\/2023\/05\/EU-Flight-Compensation-Logo-280x80-1.png\",\"contentUrl\":\"https:\/\/euflightcompensation.com\/wp-content\/uploads\/2023\/05\/EU-Flight-Compensation-Logo-280x80-1.png\",\"width\":280,\"height\":80,\"caption\":\"EU Flight Compensation\"},\"image\":{\"@id\":\"https:\/\/euflightcompensation.com\/it\/#\/schema\/logo\/image\/\"},\"sameAs\":[\"https:\/\/www.facebook.com\/EUflightcompensationcom\"]}]}<\/script>","yoast_head_json":{"title":"Chi siamo - EFC","robots":{"index":"index","follow":"follow","max-snippet":"max-snippet:-1","max-image-preview":"max-image-preview:large","max-video-preview":"max-video-preview:-1"},"canonical":"https:\/\/euflightcompensation.com\/it\/chi-siamo\/","og_locale":"it_IT","og_type":"article","og_title":"Chi siamo - EFC","og_url":"https:\/\/euflightcompensation.com\/it\/chi-siamo\/","og_site_name":"EUFlightCompensation.com","article_publisher":"https:\/\/www.facebook.com\/EUflightcompensationcom","article_modified_time":"2024-02-05T08:31:21+00:00","twitter_card":"summary_large_image","twitter_misc":{"Tempo di lettura stimato":"9 minuti"},"schema":{"@context":"https:\/\/schema.org","@graph":[{"@type":"WebPage","@id":"https:\/\/euflightcompensation.com\/it\/chi-siamo\/","url":"https:\/\/euflightcompensation.com\/it\/chi-siamo\/","name":"Chi siamo - EFC","isPartOf":{"@id":"https:\/\/euflightcompensation.com\/it\/#website"},"datePublished":"2000-12-17T18:08:38+00:00","dateModified":"2024-02-05T08:31:21+00:00","breadcrumb":{"@id":"https:\/\/euflightcompensation.com\/it\/chi-siamo\/#breadcrumb"},"inLanguage":"it-IT","potentialAction":[{"@type":"ReadAction","target":["https:\/\/euflightcompensation.com\/it\/chi-siamo\/"]}]},{"@type":"BreadcrumbList","@id":"https:\/\/euflightcompensation.com\/it\/chi-siamo\/#breadcrumb","itemListElement":[{"@type":"ListItem","position":1,"name":"Home","item":"https:\/\/euflightcompensation.com\/it\/"},{"@type":"ListItem","position":2,"name":"Chi siamo"}]},{"@type":"WebSite","@id":"https:\/\/euflightcompensation.com\/it\/#website","url":"https:\/\/euflightcompensation.com\/it\/","name":"EUFlightCompensation.com","description":"","publisher":{"@id":"https:\/\/euflightcompensation.com\/it\/#organization"},"potentialAction":[{"@type":"SearchAction","target":{"@type":"EntryPoint","urlTemplate":"https:\/\/euflightcompensation.com\/it\/?s={search_term_string}"},"query-input":"required name=search_term_string"}],"inLanguage":"it-IT"},{"@type":"Organization","@id":"https:\/\/euflightcompensation.com\/it\/#organization","name":"EU Flight Compensation","url":"https:\/\/euflightcompensation.com\/it\/","logo":{"@type":"ImageObject","inLanguage":"it-IT","@id":"https:\/\/euflightcompensation.com\/it\/#\/schema\/logo\/image\/","url":"https:\/\/euflightcompensation.com\/wp-content\/uploads\/2023\/05\/EU-Flight-Compensation-Logo-280x80-1.png","contentUrl":"https:\/\/euflightcompensation.com\/wp-content\/uploads\/2023\/05\/EU-Flight-Compensation-Logo-280x80-1.png","width":280,"height":80,"caption":"EU Flight Compensation"},"image":{"@id":"https:\/\/euflightcompensation.com\/it\/#\/schema\/logo\/image\/"},"sameAs":["https:\/\/www.facebook.com\/EUflightcompensationcom"]}]}},"_links":{"self":[{"href":"https:\/\/euflightcompensation.com\/it\/wp-json\/wp\/v2\/pages\/19389"}],"collection":[{"href":"https:\/\/euflightcompensation.com\/it\/wp-json\/wp\/v2\/pages"}],"about":[{"href":"https:\/\/euflightcompensation.com\/it\/wp-json\/wp\/v2\/types\/page"}],"author":[{"embeddable":true,"href":"https:\/\/euflightcompensation.com\/it\/wp-json\/wp\/v2\/users\/1"}],"replies":[{"embeddable":true,"href":"https:\/\/euflightcompensation.com\/it\/wp-json\/wp\/v2\/comments?post=19389"}],"version-history":[{"count":0,"href":"https:\/\/euflightcompensation.com\/it\/wp-json\/wp\/v2\/pages\/19389\/revisions"}],"wp:attachment":[{"href":"https:\/\/euflightcompensation.com\/it\/wp-json\/wp\/v2\/media?parent=19389"}],"curies":[{"name":"wp","href":"https:\/\/api.w.org\/{rel}","templated":true}]}}