{"id":19370,"date":"2000-11-27T08:09:12","date_gmt":"2000-11-27T08:09:12","guid":{"rendered":"https:\/\/euflightcompensation.com\/confronto-tra-compagnie-di-compensazione-del-volo\/skycop-vs-airhelp\/"},"modified":"2023-02-21T02:22:08","modified_gmt":"2023-02-21T02:22:08","slug":"skycop-vs-airhelp","status":"publish","type":"page","link":"https:\/\/euflightcompensation.com\/it\/confronto-tra-compagnie-di-compensazione-del-volo\/skycop-vs-airhelp\/","title":{"rendered":"Skycop.com vs Airhelp.com"},"content":{"rendered":"<div class=\"table-2\">\n<style type=\"text\/css\">.fusion-image-before-after-1 .fusion-image-before-after-handle {border-color:#ffffff;}.fusion-image-before-after-1 .fusion-image-before-after-left-arrow {border-right-color:#ffffff;}.fusion-image-before-after-1 .fusion-image-before-after-right-arrow {border-left-color:#ffffff;}.fusion-image-before-after-1 .fusion-image-before-after-handle::after {background:#ffffff;box-shadow: 0 3px 0 #ffffff, 0 0 12px rgba(51,51,51,.5);}.fusion-image-before-after-1 .fusion-image-before-after-handle::before {background:#ffffff;box-shadow: 0 3px 0 #ffffff, 0 0 12px rgba(51,51,51,.5);}.fusion-image-before-after-1 .fusion-image-before-after-handle {background:rgba(255,255,255,0);}.fusion-image-before-after-1 .fusion-image-before-after-before-label:before,.fusion-image-before-after-1 .fusion-image-before-after-after-label:before{font-size:13px;}.fusion-image-before-after-1 .fusion-image-before-after-before-label:before,.fusion-image-before-after-1 .fusion-image-before-after-after-label:before{color:#ffffff;background:rgba(255,255,255,0.15);}<\/style><div class=\"fusion-image-before-after-wrapper fusion-image-before-after-horizontal fusion-image-before-after-wrapper-1\"><div class=\"fusion-image-before-after-element fusion-image-before-after fusion-image-before-after-container fusion-image-before-after-1\" data-offset=\"0.5\" data-orientation=\"horizontal\" data-move-with-handle-only=\"true\" data-click-to-move=\"true\"><img fetchpriority=\"high\" decoding=\"async\" alt=\"Skycop.com\" class=\"fusion-image-before-after-before\" src=\"https:\/\/euflightcompensation.com\/wp-content\/uploads\/2019\/10\/skycop_800x400.jpg\" width=\"800\" height=\"400\"><img decoding=\"async\" alt=\"Airhelp.com\" class=\"fusion-image-before-after-after\" src=\"https:\/\/euflightcompensation.com\/wp-content\/uploads\/2021\/07\/Airhelp-website.jpg\" width=\"800\" height=\"400\"><div class=\"fusion-image-before-after-overlay before-after-overlay-image-centered\"><div class=\"fusion-image-before-after-before-label\" data-content=\"Skycop.com\"><\/div><div class=\"fusion-image-before-after-after-label\" data-content=\"Airhelp.com\"><\/div><\/div><div class=\"fusion-image-before-after-handle fusion-image-before-after-handle-default\"><span class=\"fusion-image-before-after-left-arrow\"><\/span><span class=\"fusion-image-before-after-right-arrow\"><\/span><\/div><\/div><\/div>\n<p>&nbsp;<\/p>\n<p class=\"Body\" style=\"text-align: justify;\">Skycop.com \u00e8 il migliore dei migliori. Con una valutazione eccellente dell&#8217;88% da parte dei suoi clienti, Skycop pu\u00f2 quasi con assoluta certezza assicurare ai suoi clienti il successo. Il suo sito web \u00e8 facile da usare e contribuisce a rendere il processo rapido e semplice. Il costo del servizio \u00e8 del 25% e il tempo di attesa \u00e8 di 6-12 settimane. Si tratta di una delle societ\u00e0 di risarcimento pi\u00f9 economiche e veloci disponibili.<\/p>\n<p class=\"Body\" style=\"text-align: justify;\">A nostro avviso, la societ\u00e0 Airhelp.com non \u00e8 altrettanto valida come Skycop, ma i suoi servizi sono comunque estremamente validi. Offrono ai clienti circa la stessa quantit\u00e0 di cash back di Skycop.com, solo per una commissione di servizio leggermente pi\u00f9 alta, ovvero del 35%. Inoltre, i suoi tempi di attesa sono pi\u00f9 lunghi di qualche settimana. Airhelp vi sar\u00e0 sicuramente d\u2019aiuto se la sceglierete, dato che ha una valutazione eccellente dell&#8217;88% da parte dei suoi clienti.<\/p>\n<p>&nbsp;<\/p>\n<h2 style=\"text-align: center;\">Skycop.com vs Airhelp.com a confronto 2026<\/h2>\n<p>&nbsp;<\/p>\n<table width=\"100%\">\n<thead>\n<tr>\n<th style=\"text-align: center;\" align=\"left\">Azienda<\/th>\n<th style=\"text-align: left;\" align=\"left\">Paese<\/th>\n<th style=\"text-align: center;\" align=\"left\">Media Richieste<\/th>\n<th style=\"text-align: center;\" align=\"left\">Costo del Successo<\/th>\n<th style=\"text-align: center;\" align=\"left\">Tempi<\/th>\n<th align=\"left\"><\/th>\n<\/tr>\n<\/thead>\n<tbody>\n<tr>\n<td style=\"text-align: left;\" align=\"left\"><a href=\"https:\/\/euflightcompensation.com\/it\/recensioni\/skycop\/\"><img decoding=\"async\" class=\"size-full wp-image-4805 aligncenter\" src=\"https:\/\/euflightcompensation.com\/wp-content\/uploads\/2020\/06\/Skycop.png\" alt=\"\" width=\"100\" height=\"29\" \/><\/a><\/td>\n<td style=\"text-align: center;\" align=\"left\"><img loading=\"lazy\" decoding=\"async\" class=\"aligncenter wp-image-1785 size-full\" style=\"text-align: center; font-weight: bold;\" src=\"https:\/\/euflightcompensation.com\/wp-content\/uploads\/2020\/01\/Lithuania-flag.png\" alt=\"Lithuania flag\" width=\"32\" height=\"32\" \/><\/td>\n<td style=\"text-align: center;\" align=\"left\">320\u20ac<\/td>\n<td style=\"text-align: center;\" align=\"left\">75\u20ac \u2013 180\u20ac<\/td>\n<td style=\"text-align: center;\" align=\"left\">6 &#8211; 12 settimane<\/td>\n<td align=\"left\"><div class=\"fusion-button-wrapper fusion-aligncenter\"><style type=\"text\/css\">.fusion-button.button-1 .fusion-button-text, .fusion-button.button-1 i {color:#ffffff;}.fusion-button.button-1 .fusion-button-icon-divider{border-color:#ffffff;}.fusion-button.button-1:hover .fusion-button-text, .fusion-button.button-1:hover i,.fusion-button.button-1:focus .fusion-button-text, .fusion-button.button-1:focus i,.fusion-button.button-1:active .fusion-button-text, .fusion-button.button-1:active{color:#ffffff;}.fusion-button.button-1:hover .fusion-button-icon-divider, .fusion-button.button-1:hover .fusion-button-icon-divider, .fusion-button.button-1:active .fusion-button-icon-divider{border-color:#ffffff;}.fusion-button.button-1:hover, .fusion-button.button-1:focus, .fusion-button.button-1:active{border-color:#ffffff;}.fusion-button.button-1 {border-color:#ffffff;border-radius:2px;}.fusion-button.button-1{background: #228cdb;}.fusion-button.button-1:hover,.button-1:focus,.fusion-button.button-1:active{background: #228cdb;}<\/style><a class=\"fusion-button button-flat button-small button-custom button-1 fusion-button-default-span fusion-button-default-type\" target=\"_blank\" rel=\"noopener noreferrer nofollow\" title=\"RICHIEDI IL TUO RISARCIMENTO\" href=\"https:\/\/euflightcompensation.com\/recommends\/skycopit\/\"><span class=\"fusion-button-text\">RICHIEDI IL TUO RISARCIMENTO<\/span><\/a><\/div><\/td>\n<\/tr>\n<\/tbody>\n<tbody>\n<tr>\n<td style=\"text-align: left;\" align=\"left\"><a href=\"https:\/\/euflightcompensation.com\/it\/recensioni\/airhelp\/\"><img loading=\"lazy\" decoding=\"async\" class=\"aligncenter size-full wp-image-4797\" src=\"https:\/\/euflightcompensation.com\/wp-content\/uploads\/2021\/07\/Airhelp.png\" alt=\"Airhelp\" width=\"100\" height=\"29\" \/><\/a><\/td>\n<td style=\"text-align: center;\" align=\"left\"><img loading=\"lazy\" decoding=\"async\" class=\"aligncenter wp-image-1789 size-full\" style=\"text-align: center;\" src=\"https:\/\/euflightcompensation.com\/wp-content\/uploads\/2020\/01\/Germany-flag.png\" alt=\"Germany flag\" width=\"32\" height=\"32\" \/><\/td>\n<td style=\"text-align: center;\" align=\"left\">315\u20ac<\/td>\n<td style=\"text-align: center;\" align=\"left\">88\u20ac &#8211; 210\u20ac<\/td>\n<td style=\"text-align: center;\" align=\"left\">8 &#8211; 14 settimane<\/td>\n<td align=\"left\"><div class=\"fusion-button-wrapper fusion-aligncenter\"><style type=\"text\/css\">.fusion-button.button-2 .fusion-button-text, .fusion-button.button-2 i {color:#ffffff;}.fusion-button.button-2 .fusion-button-icon-divider{border-color:#ffffff;}.fusion-button.button-2:hover .fusion-button-text, .fusion-button.button-2:hover i,.fusion-button.button-2:focus .fusion-button-text, .fusion-button.button-2:focus i,.fusion-button.button-2:active .fusion-button-text, .fusion-button.button-2:active{color:#ffffff;}.fusion-button.button-2:hover .fusion-button-icon-divider, .fusion-button.button-2:hover .fusion-button-icon-divider, .fusion-button.button-2:active .fusion-button-icon-divider{border-color:#ffffff;}.fusion-button.button-2:hover, .fusion-button.button-2:focus, .fusion-button.button-2:active{border-color:#ffffff;}.fusion-button.button-2 {border-color:#ffffff;border-radius:2px;}.fusion-button.button-2{background: #228cdb;}.fusion-button.button-2:hover,.button-2:focus,.fusion-button.button-2:active{background: #228cdb;}<\/style><a class=\"fusion-button button-flat button-small button-custom button-2 fusion-button-default-span fusion-button-default-type\" target=\"_blank\" rel=\"noopener noreferrer nofollow\" title=\"RICHIEDI IL TUO RISARCIMENTO\" href=\"https:\/\/euflightcompensation.com\/recommends\/airhelpit\/\"><span class=\"fusion-button-text\"><span data-sheets-value=\"{&quot;1&quot;:2,&quot;2&quot;:&quot;RICHIEDI IL TUO RISARCIMENTO&quot;}\" data-sheets-userformat=\"{&quot;2&quot;:771,&quot;3&quot;:{&quot;1&quot;:0},&quot;4&quot;:{&quot;1&quot;:3,&quot;3&quot;:2},&quot;11&quot;:4,&quot;12&quot;:0}\">RICHIEDI IL TUO RISARCIMENTO<\/span><\/span><\/a><\/div><\/td>\n<\/tr>\n<\/tbody>\n<\/table>\n<\/div>\n<p>&nbsp;<\/p>\n","protected":false},"excerpt":{"rendered":"<p>&nbsp; Skycop.com \u00e8 il migliore dei migliori. Con una valutazione eccellente dell&#8217;88% da parte dei suoi clienti, Skycop pu\u00f2 quasi con assoluta certezza assicurare ai suoi clienti il successo. [&hellip;]<\/p>\n","protected":false},"author":1,"featured_media":0,"parent":19116,"menu_order":0,"comment_status":"closed","ping_status":"closed","template":"","meta":{"footnotes":""},"yoast_head":"<title>Skycop.com vs Airhelp.com a confronto 2026 - EFC<\/title>\n<meta name=\"robots\" content=\"index, follow, max-snippet:-1, max-image-preview:large, max-video-preview:-1\" \/>\n<link rel=\"canonical\" href=\"https:\/\/euflightcompensation.com\/it\/confronto-tra-compagnie-di-compensazione-del-volo\/skycop-vs-airhelp\/\" \/>\n<meta property=\"og:locale\" content=\"it_IT\" \/>\n<meta property=\"og:type\" content=\"article\" \/>\n<meta property=\"og:title\" content=\"Skycop.com vs Airhelp.com a confronto 2026 - EFC\" \/>\n<meta property=\"og:description\" content=\"&nbsp; Skycop.com \u00e8 il migliore dei migliori. Con una valutazione eccellente dell&#8217;88% da parte dei suoi clienti, Skycop pu\u00f2 quasi con assoluta certezza assicurare ai suoi clienti il successo. [&hellip;]\" \/>\n<meta property=\"og:url\" content=\"https:\/\/euflightcompensation.com\/it\/confronto-tra-compagnie-di-compensazione-del-volo\/skycop-vs-airhelp\/\" \/>\n<meta property=\"og:site_name\" content=\"EUFlightCompensation.com\" \/>\n<meta property=\"article:publisher\" content=\"https:\/\/www.facebook.com\/EUflightcompensationcom\" \/>\n<meta property=\"article:modified_time\" content=\"2023-02-21T02:22:08+00:00\" \/>\n<meta property=\"og:image\" content=\"https:\/\/euflightcompensation.com\/wp-content\/uploads\/2020\/06\/Skycop.png\" \/>\n<meta name=\"twitter:card\" content=\"summary_large_image\" \/>\n<meta name=\"twitter:label1\" content=\"Tempo di lettura stimato\" \/>\n\t<meta name=\"twitter:data1\" content=\"3 minuti\" \/>\n<script type=\"application\/ld+json\" class=\"yoast-schema-graph\">{\"@context\":\"https:\/\/schema.org\",\"@graph\":[{\"@type\":\"WebPage\",\"@id\":\"https:\/\/euflightcompensation.com\/it\/confronto-tra-compagnie-di-compensazione-del-volo\/skycop-vs-airhelp\/\",\"url\":\"https:\/\/euflightcompensation.com\/it\/confronto-tra-compagnie-di-compensazione-del-volo\/skycop-vs-airhelp\/\",\"name\":\"Skycop.com vs Airhelp.com a confronto 2026 - EFC\",\"isPartOf\":{\"@id\":\"https:\/\/euflightcompensation.com\/it\/#website\"},\"primaryImageOfPage\":{\"@id\":\"https:\/\/euflightcompensation.com\/it\/confronto-tra-compagnie-di-compensazione-del-volo\/skycop-vs-airhelp\/#primaryimage\"},\"image\":{\"@id\":\"https:\/\/euflightcompensation.com\/it\/confronto-tra-compagnie-di-compensazione-del-volo\/skycop-vs-airhelp\/#primaryimage\"},\"thumbnailUrl\":\"https:\/\/euflightcompensation.com\/wp-content\/uploads\/2020\/06\/Skycop.png\",\"datePublished\":\"2000-11-27T08:09:12+00:00\",\"dateModified\":\"2023-02-21T02:22:08+00:00\",\"breadcrumb\":{\"@id\":\"https:\/\/euflightcompensation.com\/it\/confronto-tra-compagnie-di-compensazione-del-volo\/skycop-vs-airhelp\/#breadcrumb\"},\"inLanguage\":\"it-IT\",\"potentialAction\":[{\"@type\":\"ReadAction\",\"target\":[\"https:\/\/euflightcompensation.com\/it\/confronto-tra-compagnie-di-compensazione-del-volo\/skycop-vs-airhelp\/\"]}]},{\"@type\":\"ImageObject\",\"inLanguage\":\"it-IT\",\"@id\":\"https:\/\/euflightcompensation.com\/it\/confronto-tra-compagnie-di-compensazione-del-volo\/skycop-vs-airhelp\/#primaryimage\",\"url\":\"https:\/\/euflightcompensation.com\/wp-content\/uploads\/2020\/06\/Skycop.png\",\"contentUrl\":\"https:\/\/euflightcompensation.com\/wp-content\/uploads\/2020\/06\/Skycop.png\"},{\"@type\":\"BreadcrumbList\",\"@id\":\"https:\/\/euflightcompensation.com\/it\/confronto-tra-compagnie-di-compensazione-del-volo\/skycop-vs-airhelp\/#breadcrumb\",\"itemListElement\":[{\"@type\":\"ListItem\",\"position\":1,\"name\":\"Home\",\"item\":\"https:\/\/euflightcompensation.com\/it\/\"},{\"@type\":\"ListItem\",\"position\":2,\"name\":\"Confronto tra compagnie di compensazione del volo\",\"item\":\"https:\/\/euflightcompensation.com\/it\/confronto-tra-compagnie-di-compensazione-del-volo\/\"},{\"@type\":\"ListItem\",\"position\":3,\"name\":\"Skycop.com vs Airhelp.com\"}]},{\"@type\":\"WebSite\",\"@id\":\"https:\/\/euflightcompensation.com\/it\/#website\",\"url\":\"https:\/\/euflightcompensation.com\/it\/\",\"name\":\"EUFlightCompensation.com\",\"description\":\"\",\"publisher\":{\"@id\":\"https:\/\/euflightcompensation.com\/it\/#organization\"},\"potentialAction\":[{\"@type\":\"SearchAction\",\"target\":{\"@type\":\"EntryPoint\",\"urlTemplate\":\"https:\/\/euflightcompensation.com\/it\/?s={search_term_string}\"},\"query-input\":\"required name=search_term_string\"}],\"inLanguage\":\"it-IT\"},{\"@type\":\"Organization\",\"@id\":\"https:\/\/euflightcompensation.com\/it\/#organization\",\"name\":\"EU Flight Compensation\",\"url\":\"https:\/\/euflightcompensation.com\/it\/\",\"logo\":{\"@type\":\"ImageObject\",\"inLanguage\":\"it-IT\",\"@id\":\"https:\/\/euflightcompensation.com\/it\/#\/schema\/logo\/image\/\",\"url\":\"https:\/\/euflightcompensation.com\/wp-content\/uploads\/2023\/05\/EU-Flight-Compensation-Logo-280x80-1.png\",\"contentUrl\":\"https:\/\/euflightcompensation.com\/wp-content\/uploads\/2023\/05\/EU-Flight-Compensation-Logo-280x80-1.png\",\"width\":280,\"height\":80,\"caption\":\"EU Flight Compensation\"},\"image\":{\"@id\":\"https:\/\/euflightcompensation.com\/it\/#\/schema\/logo\/image\/\"},\"sameAs\":[\"https:\/\/www.facebook.com\/EUflightcompensationcom\"]}]}<\/script>","yoast_head_json":{"title":"Skycop.com vs Airhelp.com a confronto 2026 - EFC","robots":{"index":"index","follow":"follow","max-snippet":"max-snippet:-1","max-image-preview":"max-image-preview:large","max-video-preview":"max-video-preview:-1"},"canonical":"https:\/\/euflightcompensation.com\/it\/confronto-tra-compagnie-di-compensazione-del-volo\/skycop-vs-airhelp\/","og_locale":"it_IT","og_type":"article","og_title":"Skycop.com vs Airhelp.com a confronto 2026 - EFC","og_description":"&nbsp; Skycop.com \u00e8 il migliore dei migliori. Con una valutazione eccellente dell&#8217;88% da parte dei suoi clienti, Skycop pu\u00f2 quasi con assoluta certezza assicurare ai suoi clienti il successo. [&hellip;]","og_url":"https:\/\/euflightcompensation.com\/it\/confronto-tra-compagnie-di-compensazione-del-volo\/skycop-vs-airhelp\/","og_site_name":"EUFlightCompensation.com","article_publisher":"https:\/\/www.facebook.com\/EUflightcompensationcom","article_modified_time":"2023-02-21T02:22:08+00:00","og_image":[{"url":"https:\/\/euflightcompensation.com\/wp-content\/uploads\/2020\/06\/Skycop.png"}],"twitter_card":"summary_large_image","twitter_misc":{"Tempo di lettura stimato":"3 minuti"},"schema":{"@context":"https:\/\/schema.org","@graph":[{"@type":"WebPage","@id":"https:\/\/euflightcompensation.com\/it\/confronto-tra-compagnie-di-compensazione-del-volo\/skycop-vs-airhelp\/","url":"https:\/\/euflightcompensation.com\/it\/confronto-tra-compagnie-di-compensazione-del-volo\/skycop-vs-airhelp\/","name":"Skycop.com vs Airhelp.com a confronto 2026 - EFC","isPartOf":{"@id":"https:\/\/euflightcompensation.com\/it\/#website"},"primaryImageOfPage":{"@id":"https:\/\/euflightcompensation.com\/it\/confronto-tra-compagnie-di-compensazione-del-volo\/skycop-vs-airhelp\/#primaryimage"},"image":{"@id":"https:\/\/euflightcompensation.com\/it\/confronto-tra-compagnie-di-compensazione-del-volo\/skycop-vs-airhelp\/#primaryimage"},"thumbnailUrl":"https:\/\/euflightcompensation.com\/wp-content\/uploads\/2020\/06\/Skycop.png","datePublished":"2000-11-27T08:09:12+00:00","dateModified":"2023-02-21T02:22:08+00:00","breadcrumb":{"@id":"https:\/\/euflightcompensation.com\/it\/confronto-tra-compagnie-di-compensazione-del-volo\/skycop-vs-airhelp\/#breadcrumb"},"inLanguage":"it-IT","potentialAction":[{"@type":"ReadAction","target":["https:\/\/euflightcompensation.com\/it\/confronto-tra-compagnie-di-compensazione-del-volo\/skycop-vs-airhelp\/"]}]},{"@type":"ImageObject","inLanguage":"it-IT","@id":"https:\/\/euflightcompensation.com\/it\/confronto-tra-compagnie-di-compensazione-del-volo\/skycop-vs-airhelp\/#primaryimage","url":"https:\/\/euflightcompensation.com\/wp-content\/uploads\/2020\/06\/Skycop.png","contentUrl":"https:\/\/euflightcompensation.com\/wp-content\/uploads\/2020\/06\/Skycop.png"},{"@type":"BreadcrumbList","@id":"https:\/\/euflightcompensation.com\/it\/confronto-tra-compagnie-di-compensazione-del-volo\/skycop-vs-airhelp\/#breadcrumb","itemListElement":[{"@type":"ListItem","position":1,"name":"Home","item":"https:\/\/euflightcompensation.com\/it\/"},{"@type":"ListItem","position":2,"name":"Confronto tra compagnie di compensazione del volo","item":"https:\/\/euflightcompensation.com\/it\/confronto-tra-compagnie-di-compensazione-del-volo\/"},{"@type":"ListItem","position":3,"name":"Skycop.com vs Airhelp.com"}]},{"@type":"WebSite","@id":"https:\/\/euflightcompensation.com\/it\/#website","url":"https:\/\/euflightcompensation.com\/it\/","name":"EUFlightCompensation.com","description":"","publisher":{"@id":"https:\/\/euflightcompensation.com\/it\/#organization"},"potentialAction":[{"@type":"SearchAction","target":{"@type":"EntryPoint","urlTemplate":"https:\/\/euflightcompensation.com\/it\/?s={search_term_string}"},"query-input":"required name=search_term_string"}],"inLanguage":"it-IT"},{"@type":"Organization","@id":"https:\/\/euflightcompensation.com\/it\/#organization","name":"EU Flight Compensation","url":"https:\/\/euflightcompensation.com\/it\/","logo":{"@type":"ImageObject","inLanguage":"it-IT","@id":"https:\/\/euflightcompensation.com\/it\/#\/schema\/logo\/image\/","url":"https:\/\/euflightcompensation.com\/wp-content\/uploads\/2023\/05\/EU-Flight-Compensation-Logo-280x80-1.png","contentUrl":"https:\/\/euflightcompensation.com\/wp-content\/uploads\/2023\/05\/EU-Flight-Compensation-Logo-280x80-1.png","width":280,"height":80,"caption":"EU Flight Compensation"},"image":{"@id":"https:\/\/euflightcompensation.com\/it\/#\/schema\/logo\/image\/"},"sameAs":["https:\/\/www.facebook.com\/EUflightcompensationcom"]}]}},"_links":{"self":[{"href":"https:\/\/euflightcompensation.com\/it\/wp-json\/wp\/v2\/pages\/19370"}],"collection":[{"href":"https:\/\/euflightcompensation.com\/it\/wp-json\/wp\/v2\/pages"}],"about":[{"href":"https:\/\/euflightcompensation.com\/it\/wp-json\/wp\/v2\/types\/page"}],"author":[{"embeddable":true,"href":"https:\/\/euflightcompensation.com\/it\/wp-json\/wp\/v2\/users\/1"}],"replies":[{"embeddable":true,"href":"https:\/\/euflightcompensation.com\/it\/wp-json\/wp\/v2\/comments?post=19370"}],"version-history":[{"count":0,"href":"https:\/\/euflightcompensation.com\/it\/wp-json\/wp\/v2\/pages\/19370\/revisions"}],"up":[{"embeddable":true,"href":"https:\/\/euflightcompensation.com\/it\/wp-json\/wp\/v2\/pages\/19116"}],"wp:attachment":[{"href":"https:\/\/euflightcompensation.com\/it\/wp-json\/wp\/v2\/media?parent=19370"}],"curies":[{"name":"wp","href":"https:\/\/api.w.org\/{rel}","templated":true}]}}