{"id":6291,"date":"2015-02-17T18:08:38","date_gmt":"2015-02-17T18:08:38","guid":{"rendered":"https:\/\/euflightcompensation.com\/about-us\/"},"modified":"2024-02-05T08:29:49","modified_gmt":"2024-02-05T08:29:49","slug":"a-propos-de-nous","status":"publish","type":"page","link":"https:\/\/euflightcompensation.com\/fr\/a-propos-de-nous\/","title":{"rendered":"A Propos de Nous"},"content":{"rendered":"<div class=\"fusion-fullwidth fullwidth-box fusion-builder-row-1 nonhundred-percent-fullwidth non-hundred-percent-height-scrolling\"  style='background-color: rgba(255,255,255,0);background-position: center center;background-repeat: no-repeat;padding-top:0px;padding-right:0px;padding-bottom:0px;padding-left:0px;'><div class=\"fusion-builder-row fusion-row \"><div  class=\"fusion-layout-column fusion_builder_column fusion_builder_column_2_3 fusion-builder-column-1 fusion-two-third fusion-column-first 2_3\"  style='margin-top:0px;margin-bottom:20px;width:66.66%;width:calc(66.66% - ( ( 4% ) * 0.6666 ) );margin-right: 4%;'>\n\t\t\t\t\t<div class=\"fusion-column-wrapper\" style=\"padding: 0px 0px 0px 0px;background-position:left top;background-repeat:no-repeat;-webkit-background-size:cover;-moz-background-size:cover;-o-background-size:cover;background-size:cover;\"   data-bg-url=\"\">\n\t\t\t\t\t\t<div class=\"fusion-text\"><p class=\"Body\" style=\"text-align: justify;\">Malheureusement, dans les exp\u00e9riences de voyage d&rsquo;aujourd&rsquo;hui, les retards de vol deviennent de plus en plus courants. De nombreux voyageurs restent assis dans les a\u00e9roports et voient leur vol retard\u00e9 d&rsquo;heure en heure, pour une dur\u00e9e ind\u00e9termin\u00e9e. Certains voyageurs ont la chance que leur vol ne soit retard\u00e9 que de quelques heures, tandis que d&rsquo;autres doivent passer la nuit \u00e0 l&rsquo;a\u00e9roport en attendant le prochain vol disponible. Beaucoup de ces personnes ne savent pas non plus qu&rsquo;il existe des possibilit\u00e9s d&rsquo;indemnisation en vertu du r\u00e8glement de la CE 261\/2004. En f\u00e9vrier 2004, la Commission europ\u00e9enne a d\u00e9cid\u00e9 que les voyageurs qui subissent un retard de plus de trois heures, dont le vol est annul\u00e9 ou qui ne sont pas autoris\u00e9s \u00e0 prendre l&rsquo;avion en raison d&rsquo;une surr\u00e9servation, doivent \u00eatre indemnis\u00e9s pour les d\u00e9sagr\u00e9ments, les pertes de temps et d&rsquo;argent qu&rsquo;ils subissent. Apr\u00e8s cet arr\u00eat, de nombreuses soci\u00e9t\u00e9s d&rsquo;indemnisation des vols ont vu le jour en Europe.<\/p>\n<p class=\"Body\" style=\"text-align: justify;\">Lorsque l&rsquo;on est coinc\u00e9 \u00e0 l&rsquo;a\u00e9roport et que l&rsquo;on est d\u00e9j\u00e0 \u00e9puis\u00e9, la recherche de la soci\u00e9t\u00e9 qui r\u00e9pondra \u00e0 ses besoins peut sembler insurmontable. Chaque soci\u00e9t\u00e9 dispose d&rsquo;un site Web tape-\u00e0-l&rsquo;\u0153il qui promet la rapidit\u00e9 de son service, son taux de r\u00e9ussite et l&rsquo;argent qu&rsquo;elle a revers\u00e9 \u00e0 ses clients. Chaque entreprise commence \u00e0 ressembler \u00e0 une autre et il peut sembler impossible de choisir la bonne, alors les clients en choisissent une et esp\u00e8rent le meilleur. C&rsquo;est l\u00e0 qu&rsquo;intervient Scott Welsch.<\/p>\n<p class=\"Body\" style=\"text-align: justify;\">Scott Welsch est un avocat bas\u00e9 \u00e0 Londres. Il est sp\u00e9cialis\u00e9 dans le droit du voyage et souhaite informer les gens sur leurs droits en tant que voyageurs europ\u00e9ens, ainsi que sur le nombre de soci\u00e9t\u00e9s disponibles pour les servir. De nombreuses soci\u00e9t\u00e9s tentent de s\u00e9duire leurs clients en leur promettant un service rapide, des taux de r\u00e9ussite, de l&rsquo;argent qu&rsquo;elles ont r\u00e9ussi \u00e0 restituer, et d\u00e9pensent beaucoup d&rsquo;argent en publicit\u00e9, de sorte que pour l&rsquo;\u0153il non averti et le voyageur fatigu\u00e9 assis sur le sol d&rsquo;un a\u00e9roport, ces soci\u00e9t\u00e9s semblent \u00eatre les meilleures options.<\/p>\n<\/div><div class=\"fusion-clearfix\"><\/div>\n\n\t\t\t\t\t<\/div>\n\t\t\t\t<\/div><div  class=\"fusion-layout-column fusion_builder_column fusion_builder_column_1_3 fusion-builder-column-2 fusion-one-third fusion-column-last 1_3\"  style='margin-top:0px;margin-bottom:20px;width:33.33%;width:calc(33.33% - ( ( 4% ) * 0.3333 ) );'>\n\t\t\t\t\t<div class=\"fusion-column-wrapper\" style=\"padding: 0px 0px 0px 0px;background-position:left top;background-repeat:no-repeat;-webkit-background-size:cover;-moz-background-size:cover;-o-background-size:cover;background-size:cover;\"   data-bg-url=\"\">\n\t\t\t\t\t\t<div class=\"imageframe-align-center\"><span style=\"-webkit-border-radius:50%;-moz-border-radius:50%;border-radius:50%;-webkit-mask-image: -webkit-radial-gradient(circle, white, black);\" class=\"fusion-imageframe imageframe-none imageframe-1 hover-type-zoomin\"><img fetchpriority=\"high\" fetchpriority=\"high\" decoding=\"async\" src=\"https:\/\/euflightcompensation.com\/wp-content\/uploads\/2019\/10\/Scott-Welsch.jpg\" width=\"1000\" height=\"667\" alt=\"\" title=\"Scott Welsch\" class=\"img-responsive wp-image-6042\" srcset=\"https:\/\/euflightcompensation.com\/wp-content\/uploads\/2019\/10\/Scott-Welsch-200x133.jpg 200w, https:\/\/euflightcompensation.com\/wp-content\/uploads\/2019\/10\/Scott-Welsch-400x267.jpg 400w, https:\/\/euflightcompensation.com\/wp-content\/uploads\/2019\/10\/Scott-Welsch-600x400.jpg 600w, https:\/\/euflightcompensation.com\/wp-content\/uploads\/2019\/10\/Scott-Welsch-800x534.jpg 800w, https:\/\/euflightcompensation.com\/wp-content\/uploads\/2019\/10\/Scott-Welsch.jpg 1000w\" sizes=\"(max-width: 800px) 100vw, 400px\" \/><\/span><\/div><div class=\"fusion-sep-clear\"><\/div><div class=\"fusion-separator fusion-full-width-sep sep-none\" style=\"margin-left: auto;margin-right: auto;margin-top:5px;\"><\/div><div class=\"fusion-text\"><h3 style=\"text-align: center;\">Scott Welsch<\/h3>\n<p style=\"text-align: center;\">Avocat et blogueur bas\u00e9 \u00e0 Londres. Il est sp\u00e9cialis\u00e9 dans le droit du voyage et souhaite informer les gens sur leurs droits en tant que voyageurs europ\u00e9ens.<\/p>\n<\/div><div class=\"aligncenter\"><div class=\"fusion-social-links\"><div class=\"fusion-social-networks boxed-icons\"><div class=\"fusion-social-networks-wrapper\"><a class=\"fusion-social-network-icon fusion-tooltip fusion-facebook fusion-icon-facebook\" style=\"color:rgb(255,255,255);background-color:#f1574d;border-color:#f1574d;border-radius:50%;\" aria-label=\"fusion-facebook\" target=\"_blank\" rel=\"noopener noreferrer nofollow\" href=\"https:\/\/www.facebook.com\/scott.welsch.313\" data-placement=\"top\" data-title=\"Facebook\" data-toggle=\"tooltip\" title=\"Facebook\"><\/a><a class=\"fusion-social-network-icon fusion-tooltip fusion-youtube fusion-icon-youtube\" style=\"color:rgb(255,255,255);background-color:#f1574d;border-color:#f1574d;border-radius:50%;\" aria-label=\"fusion-youtube\" target=\"_blank\" rel=\"noopener noreferrer nofollow\" href=\"https:\/\/www.youtube.com\/channel\/UC7rL-n6rhaT-mTnY1I1BRTA\" data-placement=\"top\" data-title=\"YouTube\" data-toggle=\"tooltip\" title=\"YouTube\"><\/a><a class=\"fusion-social-network-icon fusion-tooltip fusion-blogger fusion-icon-blogger\" style=\"color:rgb(255,255,255);background-color:#f1574d;border-color:#f1574d;border-radius:50%;\" aria-label=\"fusion-blogger\" target=\"_blank\" rel=\"noopener noreferrer nofollow\" href=\"https:\/\/www.quora.com\/profile\/Scott-Welsch-6\" data-placement=\"top\" data-title=\"Blogger\" data-toggle=\"tooltip\" title=\"Blogger\"><\/a><a class=\"fusion-social-network-icon fusion-tooltip fusion-linkedin fusion-icon-linkedin\" style=\"color:rgb(255,255,255);background-color:#f1574d;border-color:#f1574d;border-radius:50%;\" aria-label=\"fusion-linkedin\" target=\"_blank\" rel=\"noopener noreferrer nofollow\" href=\"https:\/\/www.linkedin.com\/in\/scott-welsch-1241231a5\/\" data-placement=\"top\" data-title=\"LinkedIn\" data-toggle=\"tooltip\" title=\"LinkedIn\"><\/a><a class=\"fusion-social-network-icon fusion-tooltip fusion-mail fusion-icon-mail\" style=\"color:rgb(255,255,255);background-color:#f1574d;border-color:#f1574d;border-radius:50%;\" aria-label=\"fusion-mail\" target=\"_self\" rel=\"noopener noreferrer nofollow\" href=\"mailto:in&#102;o&#064;&#101;&#117;&#102;l&#105;gh&#116;c&#111;m&#112;e&#110;&#115;ati&#111;n&#046;&#099;&#111;m\" data-placement=\"top\" data-title=\"Mail\" data-toggle=\"tooltip\" title=\"Mail\"><\/a><\/div><\/div><\/div><\/div><div class=\"fusion-clearfix\"><\/div>\n\n\t\t\t\t\t<\/div>\n\t\t\t\t<\/div><div  class=\"fusion-layout-column fusion_builder_column fusion_builder_column_1_1 fusion-builder-column-3 fusion-one-full fusion-column-first fusion-column-last 1_1\"  style='margin-top:0px;margin-bottom:20px;'>\n\t\t\t\t\t<div class=\"fusion-column-wrapper\" style=\"padding: 0px 0px 0px 0px;background-position:left top;background-repeat:no-repeat;-webkit-background-size:cover;-moz-background-size:cover;-o-background-size:cover;background-size:cover;\"   data-bg-url=\"\">\n\t\t\t\t\t\t<div class=\"fusion-text\"><p class=\"Body\" style=\"text-align: justify;\">Cependant, Scott Welsch a vu un probl\u00e8me dans tout cela. Il a constat\u00e9 que les entreprises qui faisaient le plus de publicit\u00e9 n&rsquo;\u00e9taient pas n\u00e9cessairement les meilleures, car elles ne r\u00e9pondaient pas toujours aux besoins du plus grand nombre de clients. \u00c0 partir de cette observation, il a entrepris de cr\u00e9er un site central, fiable et bien document\u00e9 o\u00f9 les clients pourraient comparer toutes les diff\u00e9rentes entreprises en un seul endroit. Scott et son \u00e9quipe ont fait des recherches sur un certain nombre d&rsquo;entreprises en Europe et ont compar\u00e9 le nombre de langues qu&rsquo;elles parlent, la simplicit\u00e9 d&rsquo;utilisation de leur site Web, le service que l&rsquo;entreprise propose \u00e0 ses clients, le d\u00e9lai moyen d&rsquo;indemnisation, le prix que l&rsquo;entreprise facture au client pour la r\u00e9ussite de ses services, ainsi que de nombreux autres aspects importants, afin de cr\u00e9er une liste d&rsquo;entreprises auxquelles ils croient. Les entreprises que Scott et son \u00e9quipe ont choisies comme les meilleures sont celles qu&rsquo;ils ont soigneusement examin\u00e9es et qui leur semblent proposer les meilleures ressources \u00e0 leurs clients. Scott Welsch a \u00e0 c\u0153ur d&rsquo;aider les voyageurs qui ont \u00e9t\u00e9 abus\u00e9s par les compagnies a\u00e9riennes et veut \u00eatre un ami de confiance qui les \u00e9duquera et les orientera dans la bonne direction pour les aider \u00e0 obtenir le d\u00e9dommagement qu&rsquo;ils m\u00e9ritent.<\/p>\n<\/div><div class=\"fusion-text\"><h2>Autres membres de l&rsquo;\u00e9quipe<\/h2>\n<\/div><div class=\"fusion-builder-row fusion-builder-row-inner fusion-row \"><div  class=\"fusion-layout-column fusion_builder_column fusion_builder_column_2_3  fusion-two-third fusion-column-first 2_3\"  style='margin-top: 0px;margin-bottom: 20px;width:66.66%;width:calc(66.66% - ( ( 4% ) * 0.6666 ) );margin-right:4%;'><div class=\"fusion-column-wrapper fusion-column-wrapper-1\" style=\"padding: 0px 0px 0px 0px;background-position:left top;background-repeat:no-repeat;-webkit-background-size:cover;-moz-background-size:cover;-o-background-size:cover;background-size:cover;\"  data-bg-url=\"\"><div class=\"fusion-text\"><h3>Martynas Baniulis<\/h3>\n<h6><span style=\"text-decoration: underline;\">Responsable marketing<\/span><\/h6>\n<p style=\"text-align: justify;\">Martynas Baniulis, un Responsable marketing tr\u00e8s talentueux, apporte son expertise en planification strat\u00e9gique et techniques de marketing innovantes \u00e0 notre site web. Avec des ant\u00e9c\u00e9dents prouv\u00e9s d&rsquo;augmentation de la notori\u00e9t\u00e9 de la marque et de stimulation de l&rsquo;engagement des clients, Martynas joue un r\u00f4le cl\u00e9 dans notre mission de donner du pouvoir<\/p>\n<\/div><div class=\"aligncenter\"><div class=\"fusion-social-links\"><div class=\"fusion-social-networks boxed-icons\"><div class=\"fusion-social-networks-wrapper\"><a class=\"fusion-social-network-icon fusion-tooltip fusion-facebook fusion-icon-facebook\" style=\"color:rgba(255,255,255,.6);background-color:#616f85;border-color:#616f85;border-radius:50%;\" aria-label=\"fusion-facebook\" target=\"_blank\" rel=\"noopener noreferrer nofollow\" href=\"https:\/\/www.facebook.com\/baniulis\" data-placement=\"top\" data-title=\"Facebook\" data-toggle=\"tooltip\" title=\"Facebook\"><\/a><a class=\"fusion-social-network-icon fusion-tooltip fusion-twitter fusion-icon-twitter\" style=\"color:rgba(255,255,255,.6);background-color:#616f85;border-color:#616f85;border-radius:50%;\" aria-label=\"fusion-twitter\" target=\"_blank\" rel=\"noopener noreferrer nofollow\" href=\"https:\/\/twitter.com\/MartynasBaniul1\" data-placement=\"top\" data-title=\"Twitter\" data-toggle=\"tooltip\" title=\"Twitter\"><\/a><a class=\"fusion-social-network-icon fusion-tooltip fusion-linkedin fusion-icon-linkedin\" style=\"color:rgba(255,255,255,.6);background-color:#616f85;border-color:#616f85;border-radius:50%;\" aria-label=\"fusion-linkedin\" target=\"_blank\" rel=\"noopener noreferrer nofollow\" href=\"https:\/\/www.linkedin.com\/in\/martynas-baniulis-76a438117\/\" data-placement=\"top\" data-title=\"LinkedIn\" data-toggle=\"tooltip\" title=\"LinkedIn\"><\/a><a class=\"fusion-social-network-icon fusion-tooltip fusion-mail fusion-icon-mail\" style=\"color:rgba(255,255,255,.6);background-color:#616f85;border-color:#616f85;border-radius:50%;\" aria-label=\"fusion-mail\" target=\"_self\" rel=\"noopener noreferrer nofollow\" href=\"mailto:m&#097;rt&#121;nas&#064;euflig&#104;tco&#109;p&#101;n&#115;&#097;t&#105;on.c&#111;m\" data-placement=\"top\" data-title=\"Mail\" data-toggle=\"tooltip\" title=\"Mail\"><\/a><\/div><\/div><\/div><\/div><\/div><\/div><div  class=\"fusion-layout-column fusion_builder_column fusion_builder_column_1_3  fusion-one-third fusion-column-last 1_3\"  style='margin-top: 0px;margin-bottom: 20px;width:33.33%;width:calc(33.33% - ( ( 4% ) * 0.3333 ) );'><div class=\"fusion-column-wrapper fusion-column-wrapper-2\" style=\"padding: 0px 0px 0px 0px;background-position:left top;background-repeat:no-repeat;-webkit-background-size:cover;-moz-background-size:cover;-o-background-size:cover;background-size:cover;\"  data-bg-url=\"\"><div class=\"imageframe-align-center\"><span class=\"fusion-imageframe imageframe-none imageframe-2 hover-type-none\"><img decoding=\"async\" src=\"https:\/\/euflightcompensation.com\/wp-content\/uploads\/2023\/05\/Martynas-Baniulis-300x300.jpg\" width=\"300\" height=\"300\" alt=\"Martynas Baniulis\" title=\"Martynas-Baniulis\" class=\"img-responsive wp-image-28327\" srcset=\"https:\/\/euflightcompensation.com\/wp-content\/uploads\/2023\/05\/Martynas-Baniulis-200x200.jpg 200w, https:\/\/euflightcompensation.com\/wp-content\/uploads\/2023\/05\/Martynas-Baniulis-400x400.jpg 400w, https:\/\/euflightcompensation.com\/wp-content\/uploads\/2023\/05\/Martynas-Baniulis-600x600.jpg 600w, https:\/\/euflightcompensation.com\/wp-content\/uploads\/2023\/05\/Martynas-Baniulis.jpg 800w\" sizes=\"(max-width: 800px) 100vw, 300px\" \/><\/span><\/div><\/div><\/div><\/div><div class=\"fusion-clearfix\"><\/div>\n\n\t\t\t\t\t<\/div>\n\t\t\t\t<\/div><\/div><\/div>\n","protected":false},"excerpt":{"rendered":"","protected":false},"author":1,"featured_media":0,"parent":0,"menu_order":0,"comment_status":"closed","ping_status":"closed","template":"100-width.php","meta":{"footnotes":""},"yoast_head":"<title>A propos de nous - EFC<\/title>\n<meta name=\"robots\" content=\"index, follow, max-snippet:-1, max-image-preview:large, max-video-preview:-1\" \/>\n<link rel=\"canonical\" href=\"https:\/\/euflightcompensation.com\/fr\/a-propos-de-nous\/\" \/>\n<meta property=\"og:locale\" content=\"fr_FR\" \/>\n<meta property=\"og:type\" content=\"article\" \/>\n<meta property=\"og:title\" content=\"A propos de nous - EFC\" \/>\n<meta property=\"og:url\" content=\"https:\/\/euflightcompensation.com\/fr\/a-propos-de-nous\/\" \/>\n<meta property=\"og:site_name\" content=\"EUFlightCompensation.com\" \/>\n<meta property=\"article:publisher\" content=\"https:\/\/www.facebook.com\/EUflightcompensationcom\" \/>\n<meta property=\"article:modified_time\" content=\"2024-02-05T08:29:49+00:00\" \/>\n<meta name=\"twitter:card\" content=\"summary_large_image\" \/>\n<meta name=\"twitter:label1\" content=\"Dur\u00e9e de lecture estim\u00e9e\" \/>\n\t<meta name=\"twitter:data1\" content=\"10 minutes\" \/>\n<script type=\"application\/ld+json\" class=\"yoast-schema-graph\">{\"@context\":\"https:\/\/schema.org\",\"@graph\":[{\"@type\":\"WebPage\",\"@id\":\"https:\/\/euflightcompensation.com\/fr\/a-propos-de-nous\/\",\"url\":\"https:\/\/euflightcompensation.com\/fr\/a-propos-de-nous\/\",\"name\":\"A propos de nous - EFC\",\"isPartOf\":{\"@id\":\"https:\/\/euflightcompensation.com\/fr\/#website\"},\"datePublished\":\"2015-02-17T18:08:38+00:00\",\"dateModified\":\"2024-02-05T08:29:49+00:00\",\"breadcrumb\":{\"@id\":\"https:\/\/euflightcompensation.com\/fr\/a-propos-de-nous\/#breadcrumb\"},\"inLanguage\":\"fr-FR\",\"potentialAction\":[{\"@type\":\"ReadAction\",\"target\":[\"https:\/\/euflightcompensation.com\/fr\/a-propos-de-nous\/\"]}]},{\"@type\":\"BreadcrumbList\",\"@id\":\"https:\/\/euflightcompensation.com\/fr\/a-propos-de-nous\/#breadcrumb\",\"itemListElement\":[{\"@type\":\"ListItem\",\"position\":1,\"name\":\"Home\",\"item\":\"https:\/\/euflightcompensation.com\/fr\/\"},{\"@type\":\"ListItem\",\"position\":2,\"name\":\"A Propos de Nous\"}]},{\"@type\":\"WebSite\",\"@id\":\"https:\/\/euflightcompensation.com\/fr\/#website\",\"url\":\"https:\/\/euflightcompensation.com\/fr\/\",\"name\":\"EUFlightCompensation.com\",\"description\":\"\",\"publisher\":{\"@id\":\"https:\/\/euflightcompensation.com\/fr\/#organization\"},\"potentialAction\":[{\"@type\":\"SearchAction\",\"target\":{\"@type\":\"EntryPoint\",\"urlTemplate\":\"https:\/\/euflightcompensation.com\/fr\/?s={search_term_string}\"},\"query-input\":\"required name=search_term_string\"}],\"inLanguage\":\"fr-FR\"},{\"@type\":\"Organization\",\"@id\":\"https:\/\/euflightcompensation.com\/fr\/#organization\",\"name\":\"EU Flight Compensation\",\"url\":\"https:\/\/euflightcompensation.com\/fr\/\",\"logo\":{\"@type\":\"ImageObject\",\"inLanguage\":\"fr-FR\",\"@id\":\"https:\/\/euflightcompensation.com\/fr\/#\/schema\/logo\/image\/\",\"url\":\"https:\/\/euflightcompensation.com\/wp-content\/uploads\/2023\/05\/EU-Flight-Compensation-Logo-280x80-1.png\",\"contentUrl\":\"https:\/\/euflightcompensation.com\/wp-content\/uploads\/2023\/05\/EU-Flight-Compensation-Logo-280x80-1.png\",\"width\":280,\"height\":80,\"caption\":\"EU Flight Compensation\"},\"image\":{\"@id\":\"https:\/\/euflightcompensation.com\/fr\/#\/schema\/logo\/image\/\"},\"sameAs\":[\"https:\/\/www.facebook.com\/EUflightcompensationcom\"]}]}<\/script>","yoast_head_json":{"title":"A propos de nous - EFC","robots":{"index":"index","follow":"follow","max-snippet":"max-snippet:-1","max-image-preview":"max-image-preview:large","max-video-preview":"max-video-preview:-1"},"canonical":"https:\/\/euflightcompensation.com\/fr\/a-propos-de-nous\/","og_locale":"fr_FR","og_type":"article","og_title":"A propos de nous - EFC","og_url":"https:\/\/euflightcompensation.com\/fr\/a-propos-de-nous\/","og_site_name":"EUFlightCompensation.com","article_publisher":"https:\/\/www.facebook.com\/EUflightcompensationcom","article_modified_time":"2024-02-05T08:29:49+00:00","twitter_card":"summary_large_image","twitter_misc":{"Dur\u00e9e de lecture estim\u00e9e":"10 minutes"},"schema":{"@context":"https:\/\/schema.org","@graph":[{"@type":"WebPage","@id":"https:\/\/euflightcompensation.com\/fr\/a-propos-de-nous\/","url":"https:\/\/euflightcompensation.com\/fr\/a-propos-de-nous\/","name":"A propos de nous - EFC","isPartOf":{"@id":"https:\/\/euflightcompensation.com\/fr\/#website"},"datePublished":"2015-02-17T18:08:38+00:00","dateModified":"2024-02-05T08:29:49+00:00","breadcrumb":{"@id":"https:\/\/euflightcompensation.com\/fr\/a-propos-de-nous\/#breadcrumb"},"inLanguage":"fr-FR","potentialAction":[{"@type":"ReadAction","target":["https:\/\/euflightcompensation.com\/fr\/a-propos-de-nous\/"]}]},{"@type":"BreadcrumbList","@id":"https:\/\/euflightcompensation.com\/fr\/a-propos-de-nous\/#breadcrumb","itemListElement":[{"@type":"ListItem","position":1,"name":"Home","item":"https:\/\/euflightcompensation.com\/fr\/"},{"@type":"ListItem","position":2,"name":"A Propos de Nous"}]},{"@type":"WebSite","@id":"https:\/\/euflightcompensation.com\/fr\/#website","url":"https:\/\/euflightcompensation.com\/fr\/","name":"EUFlightCompensation.com","description":"","publisher":{"@id":"https:\/\/euflightcompensation.com\/fr\/#organization"},"potentialAction":[{"@type":"SearchAction","target":{"@type":"EntryPoint","urlTemplate":"https:\/\/euflightcompensation.com\/fr\/?s={search_term_string}"},"query-input":"required name=search_term_string"}],"inLanguage":"fr-FR"},{"@type":"Organization","@id":"https:\/\/euflightcompensation.com\/fr\/#organization","name":"EU Flight Compensation","url":"https:\/\/euflightcompensation.com\/fr\/","logo":{"@type":"ImageObject","inLanguage":"fr-FR","@id":"https:\/\/euflightcompensation.com\/fr\/#\/schema\/logo\/image\/","url":"https:\/\/euflightcompensation.com\/wp-content\/uploads\/2023\/05\/EU-Flight-Compensation-Logo-280x80-1.png","contentUrl":"https:\/\/euflightcompensation.com\/wp-content\/uploads\/2023\/05\/EU-Flight-Compensation-Logo-280x80-1.png","width":280,"height":80,"caption":"EU Flight Compensation"},"image":{"@id":"https:\/\/euflightcompensation.com\/fr\/#\/schema\/logo\/image\/"},"sameAs":["https:\/\/www.facebook.com\/EUflightcompensationcom"]}]}},"_links":{"self":[{"href":"https:\/\/euflightcompensation.com\/fr\/wp-json\/wp\/v2\/pages\/6291"}],"collection":[{"href":"https:\/\/euflightcompensation.com\/fr\/wp-json\/wp\/v2\/pages"}],"about":[{"href":"https:\/\/euflightcompensation.com\/fr\/wp-json\/wp\/v2\/types\/page"}],"author":[{"embeddable":true,"href":"https:\/\/euflightcompensation.com\/fr\/wp-json\/wp\/v2\/users\/1"}],"replies":[{"embeddable":true,"href":"https:\/\/euflightcompensation.com\/fr\/wp-json\/wp\/v2\/comments?post=6291"}],"version-history":[{"count":0,"href":"https:\/\/euflightcompensation.com\/fr\/wp-json\/wp\/v2\/pages\/6291\/revisions"}],"wp:attachment":[{"href":"https:\/\/euflightcompensation.com\/fr\/wp-json\/wp\/v2\/media?parent=6291"}],"curies":[{"name":"wp","href":"https:\/\/api.w.org\/{rel}","templated":true}]}}