{"id":6290,"date":"2019-10-07T11:16:05","date_gmt":"2019-10-07T10:16:05","guid":{"rendered":"https:\/\/euflightcompensation.com\/review-process\/"},"modified":"2023-04-03T14:47:33","modified_gmt":"2023-04-03T13:47:33","slug":"processus-de-verification","status":"publish","type":"page","link":"https:\/\/euflightcompensation.com\/fr\/processus-de-verification\/","title":{"rendered":"Processus de v\u00e9rification"},"content":{"rendered":"<p><div class=\"fusion-fullwidth fullwidth-box fusion-builder-row-1 nonhundred-percent-fullwidth non-hundred-percent-height-scrolling\"  style='background-color: rgba(255,255,255,0);background-position: center center;background-repeat: no-repeat;padding-top:0px;padding-right:0px;padding-bottom:0px;padding-left:0px;'><div class=\"fusion-builder-row fusion-row \"><div  class=\"fusion-layout-column fusion_builder_column fusion_builder_column_1_2 fusion-builder-column-1 fusion-one-half fusion-column-first 1_2\"  style='margin-top:0px;margin-bottom:20px;width:50%;width:calc(50% - ( ( 4% ) * 0.5 ) );margin-right: 4%;'>\n\t\t\t\t\t<div class=\"fusion-column-wrapper\" style=\"padding: 0px 0px 0px 0px;background-position:left top;background-repeat:no-repeat;-webkit-background-size:cover;-moz-background-size:cover;-o-background-size:cover;background-size:cover;\"   data-bg-url=\"\">\n\t\t\t\t\t\t<div class=\"fusion-text\"><p class=\"Body\" style=\"text-align: justify;\">Naviguer dans le processus d&rsquo;indemnisation des vols peut \u00eatre une t\u00e2che difficile et d\u00e9routante, et la plupart des compagnies a\u00e9riennes ne veulent pas vous voir r\u00e9ussir. Il existe plusieurs entreprises qui se sp\u00e9cialisent dans l&rsquo;aide \u00e0 la proc\u00e9dure afin que vous obteniez l&rsquo;indemnisation que vous m\u00e9ritez pour un vol retard\u00e9 ou annul\u00e9. Cependant, chacune de ces entreprises a ses propres nuances et peut fonctionner de mani\u00e8re l\u00e9g\u00e8rement diff\u00e9rente. Nous avons pass\u00e9 en revue un grand nombre de ces entreprises et avons cr\u00e9\u00e9 ce guide pour expliquer comment nous examinons et \u00e9valuons chaque entreprise afin que vous puissiez utiliser nos conseils pour trouver celle qui convient le mieux \u00e0 votre situation.<\/p>\n<\/div><div class=\"fusion-text\"><p class=\"Body\" style=\"text-align: justify;\">Le r\u00e8glement sur l&rsquo;indemnisation des vols a \u00e9t\u00e9 \u00e9tabli en 2004 et garantit aux passagers une indemnisation en cas d&rsquo;annulation de vol, de retard important et de refus d&#8217;embarquement dans l&rsquo;Union europ\u00e9enne. Cette mesure est devenue une d\u00e9pense importante pour les compagnies a\u00e9riennes, qui ont depuis rendu la proc\u00e9dure longue et compliqu\u00e9e afin de dissuader les consommateurs de r\u00e9clamer leur indemnisation. C&rsquo;est l\u00e0 qu&rsquo;interviennent les soci\u00e9t\u00e9s d&rsquo;indemnisation des vols, qui aident les consommateurs \u00e0 se frayer un chemin jusqu&rsquo;\u00e0 l&rsquo;argent qui leur est d\u00fb par les compagnies a\u00e9riennes. Nous examinons de nombreux aspects diff\u00e9rents avant de recommander ou non une soci\u00e9t\u00e9 \u00e0 nos lecteurs, et chacun de ces aspects est not\u00e9 sur une \u00e9chelle de 1 \u00e0 10.<\/p>\n<\/div><div class=\"fusion-clearfix\"><\/div>\n\n\t\t\t\t\t<\/div>\n\t\t\t\t<\/div><div  class=\"fusion-layout-column fusion_builder_column fusion_builder_column_1_2 fusion-builder-column-2 fusion-one-half fusion-column-last 1_2\"  style='margin-top:0px;margin-bottom:20px;width:50%;width:calc(50% - ( ( 4% ) * 0.5 ) );'>\n\t\t\t\t\t<div class=\"fusion-column-wrapper\" style=\"padding: 0px 0px 0px 0px;background-position:left top;background-repeat:no-repeat;-webkit-background-size:cover;-moz-background-size:cover;-o-background-size:cover;background-size:cover;\"   data-bg-url=\"\">\n\t\t\t\t\t\t<span class=\"fusion-imageframe imageframe-none imageframe-1 hover-type-none\"><img fetchpriority=\"high\" fetchpriority=\"high\" decoding=\"async\" src=\"https:\/\/euflightcompensation.com\/wp-content\/uploads\/2019\/10\/review-process.jpg\" width=\"700\" height=\"467\" alt=\"\" title=\"review process\" class=\"img-responsive wp-image-6073\" srcset=\"https:\/\/euflightcompensation.com\/wp-content\/uploads\/2019\/10\/review-process-200x133.jpg 200w, https:\/\/euflightcompensation.com\/wp-content\/uploads\/2019\/10\/review-process-400x267.jpg 400w, https:\/\/euflightcompensation.com\/wp-content\/uploads\/2019\/10\/review-process-600x400.jpg 600w, https:\/\/euflightcompensation.com\/wp-content\/uploads\/2019\/10\/review-process.jpg 700w\" sizes=\"(max-width: 800px) 100vw, 600px\" \/><\/span><div class=\"fusion-sep-clear\"><\/div><div class=\"fusion-separator fusion-full-width-sep sep-single sep-solid\" style=\"border-color:#e0dede;border-top-width:1px;margin-left: auto;margin-right: auto;margin-top:5px;margin-bottom:5px;\"><\/div><div class=\"fusion-button-wrapper fusion-align-block\"><style type=\"text\/css\">.fusion-button.button-1 .fusion-button-text, .fusion-button.button-1 i {color:#ffffff;}.fusion-button.button-1 .fusion-button-icon-divider{border-color:#ffffff;}.fusion-button.button-1:hover .fusion-button-text, .fusion-button.button-1:hover i,.fusion-button.button-1:focus .fusion-button-text, .fusion-button.button-1:focus i,.fusion-button.button-1:active .fusion-button-text, .fusion-button.button-1:active{color:#ffffff;}.fusion-button.button-1:hover .fusion-button-icon-divider, .fusion-button.button-1:hover .fusion-button-icon-divider, .fusion-button.button-1:active .fusion-button-icon-divider{border-color:#ffffff;}.fusion-button.button-1:hover, .fusion-button.button-1:focus, .fusion-button.button-1:active{border-color:#ffffff;}.fusion-button.button-1 {border-color:#ffffff;border-radius:1px;}.fusion-button.button-1{background: #228cdb;}.fusion-button.button-1:hover,.button-1:focus,.fusion-button.button-1:active{background: #228cdb;}<\/style><a class=\"fusion-button button-flat button-medium button-custom button-1 fusion-button-span-yes fusion-button-default-type\" target=\"_self\" href=\"https:\/\/euflightcompensation.com\/fr\/meilleures-societes-dindemnisation-des-vols\/\"><span class=\"fusion-button-text\">CONSULTEZ LE TOP 10 DES SOCI\u00c9T\u00c9S POUR L&rsquo;INDEMNISATION<\/span><\/a><\/div><div class=\"fusion-clearfix\"><\/div>\n\n\t\t\t\t\t<\/div>\n\t\t\t\t<\/div><\/div><\/div><div class=\"fusion-fullwidth fullwidth-box fusion-builder-row-2 nonhundred-percent-fullwidth non-hundred-percent-height-scrolling\"  style='background-color: rgba(255,255,255,0);background-position: center center;background-repeat: no-repeat;padding-top:0px;padding-right:0px;padding-bottom:30px;padding-left:0px;'><div class=\"fusion-builder-row fusion-row \"><div  class=\"fusion-layout-column fusion_builder_column fusion_builder_column_1_1 fusion-builder-column-3 fusion-one-full fusion-column-first fusion-column-last 1_1\"  style='margin-top:0px;margin-bottom:0px;'>\n\t\t\t\t\t<div class=\"fusion-column-wrapper\" style=\"padding: 20px 0px 20px 0px;background-position:left top;background-repeat:no-repeat;-webkit-background-size:cover;-moz-background-size:cover;-o-background-size:cover;background-size:cover;\"   data-bg-url=\"\">\n\t\t\t\t\t\t<div class=\"fusion-builder-row fusion-builder-row-inner fusion-row \"><div  class=\"fusion-layout-column fusion_builder_column fusion_builder_column_1_3  fusion-one-third fusion-column-first 1_3\"  style='margin-top: 0px;margin-bottom: 20px;width:33.33%;width:calc(33.33% - ( ( 4% + 4% ) * 0.3333 ) );margin-right:4%;'><div class=\"fusion-column-wrapper fusion-column-wrapper-1\" style=\"padding: 0px 0px 0px 0px;background-position:left top;background-repeat:no-repeat;-webkit-background-size:cover;-moz-background-size:cover;-o-background-size:cover;background-size:cover;\"  data-bg-url=\"\"><style type=\"text\/css\"><\/style><div class=\"fusion-title title fusion-title-1 fusion-sep-none fusion-title-text fusion-title-size-one\" style=\"margin-top:0px;margin-bottom:0px;\"><h1 class=\"title-heading-left\" style=\"margin:0;\"><h3 style=\"text-align: left;\" data-fontsize=\"22\" data-lineheight=\"29\">1. Indemnisation<\/h3><\/h1><\/div><div class=\"fusion-text\"><p style=\"text-align: justify;\">Plus l&rsquo;indemnisation est importante, mieux c&rsquo;est, et plus elle est rapide, mieux c&rsquo;est. Le processus peut \u00eatre compliqu\u00e9 et les paiements effectu\u00e9s par les soci\u00e9t\u00e9s sp\u00e9cialis\u00e9es dans les indemnisations peuvent prendre entre un mois et un an, selon la coop\u00e9ration de la compagnie a\u00e9rienne.<\/p>\n<\/div><\/div><\/div><div  class=\"fusion-layout-column fusion_builder_column fusion_builder_column_1_3  fusion-one-third 1_3\"  style='margin-top: 0px;margin-bottom: 20px;width:33.33%;width:calc(33.33% - ( ( 4% + 4% ) * 0.3333 ) );margin-right:4%;'><div class=\"fusion-column-wrapper fusion-column-wrapper-2\" style=\"padding: 0px 0px 0px 0px;background-position:left top;background-repeat:no-repeat;-webkit-background-size:cover;-moz-background-size:cover;-o-background-size:cover;background-size:cover;\"  data-bg-url=\"\"><style type=\"text\/css\"><\/style><div class=\"fusion-title title fusion-title-2 fusion-sep-none fusion-title-text fusion-title-size-one\" style=\"margin-top:0px;margin-bottom:0px;\"><h1 class=\"title-heading-left\" style=\"margin:0;\"><h3 style=\"text-align: left;\">2. Frais en cas de Succ\u00e8s<\/h3><\/h1><\/div><div class=\"fusion-text\"><p style=\"text-align: justify;\">Vous ne paierez le service que si la compagnie r\u00e9ussit \u00e0 vous indemniser. Ces frais consistent en un pourcentage de l&rsquo;indemnit\u00e9 totale et, dans la plupart des cas, en une taxe sur la valeur ajout\u00e9e.<\/p>\n<\/div><\/div><\/div><div  class=\"fusion-layout-column fusion_builder_column fusion_builder_column_1_3  fusion-one-third fusion-column-last 1_3\"  style='margin-top: 0px;margin-bottom: 20px;width:33.33%;width:calc(33.33% - ( ( 4% + 4% ) * 0.3333 ) );'><div class=\"fusion-column-wrapper fusion-column-wrapper-3\" style=\"padding: 0px 0px 0px 0px;background-position:left top;background-repeat:no-repeat;-webkit-background-size:cover;-moz-background-size:cover;-o-background-size:cover;background-size:cover;\"  data-bg-url=\"\"><style type=\"text\/css\"><\/style><div class=\"fusion-title title fusion-title-3 fusion-sep-none fusion-title-text fusion-title-size-one\" style=\"margin-top:0px;margin-bottom:0px;\"><h1 class=\"title-heading-left\" style=\"margin:0;\"><h3 style=\"text-align: left;\">3. Avis en Ligne<\/h3><\/h1><\/div><div class=\"fusion-text\"><p style=\"text-align: justify;\">Les avis des anciens clients en disent long sur une entreprise et ses succ\u00e8s. Nous nous assurons de trier les avis, qu&rsquo;ils soient bons ou mauvais, afin d&rsquo;obtenir une image compl\u00e8te des services qu&rsquo;ils peuvent fournir \u00e0 leurs clients.<\/p>\n<\/div><\/div><\/div><\/div><div class=\"fusion-builder-row fusion-builder-row-inner fusion-row \"><div  class=\"fusion-layout-column fusion_builder_column fusion_builder_column_1_3  fusion-one-third fusion-column-first 1_3\"  style='margin-top: 0px;margin-bottom: 20px;width:33.33%;width:calc(33.33% - ( ( 4% + 4% ) * 0.3333 ) );margin-right:4%;'><div class=\"fusion-column-wrapper fusion-column-wrapper-4\" style=\"padding: 0px 0px 0px 0px;background-position:left top;background-repeat:no-repeat;-webkit-background-size:cover;-moz-background-size:cover;-o-background-size:cover;background-size:cover;\"  data-bg-url=\"\"><style type=\"text\/css\"><\/style><div class=\"fusion-title title fusion-title-4 fusion-sep-none fusion-title-text fusion-title-size-one\" style=\"margin-top:0px;margin-bottom:0px;\"><h1 class=\"title-heading-left\" style=\"margin:0;\"><h3 style=\"text-align: left;\">4. Service Client\u00e8le<\/h3><\/h1><\/div><div class=\"fusion-text\"><p style=\"text-align: justify;\">Le service \u00e0 la client\u00e8le est un \u00e9l\u00e9ment crucial de toute exp\u00e9rience commerciale, et nous accordons plus de valeur aux entreprises qui font tout leur possible pour offrir un environnement favorable \u00e0 leurs clients.<\/p>\n<\/div><\/div><\/div><div  class=\"fusion-layout-column fusion_builder_column fusion_builder_column_1_3  fusion-one-third 1_3\"  style='margin-top: 0px;margin-bottom: 20px;width:33.33%;width:calc(33.33% - ( ( 4% + 4% ) * 0.3333 ) );margin-right:4%;'><div class=\"fusion-column-wrapper fusion-column-wrapper-5\" style=\"padding: 0px 0px 0px 0px;background-position:left top;background-repeat:no-repeat;-webkit-background-size:cover;-moz-background-size:cover;-o-background-size:cover;background-size:cover;\"  data-bg-url=\"\"><style type=\"text\/css\"><\/style><div class=\"fusion-title title fusion-title-5 fusion-sep-none fusion-title-text fusion-title-size-one\" style=\"margin-top:0px;margin-bottom:0px;\"><h1 class=\"title-heading-left\" style=\"margin:0;\"><h3 style=\"text-align: left;\">5. Facilit\u00e9 d&rsquo;Utilisation<\/h3><\/h1><\/div><div class=\"fusion-text\"><p style=\"text-align: justify;\">Le processus d&rsquo;indemnisation des vols est d\u00e9j\u00e0 assez d\u00e9routant et ce n&rsquo;est pas quelque chose que l&rsquo;on pr\u00e9voit. L&rsquo;aide \u00e0 l&rsquo;indemnisation des vols doit rendre le processus simple et facile.<\/p>\n<\/div><\/div><\/div><div  class=\"fusion-layout-column fusion_builder_column fusion_builder_column_1_3  fusion-one-third fusion-column-last 1_3\"  style='margin-top: 0px;margin-bottom: 20px;width:33.33%;width:calc(33.33% - ( ( 4% + 4% ) * 0.3333 ) );'><div class=\"fusion-column-wrapper fusion-column-wrapper-6\" style=\"padding: 0px 0px 0px 0px;background-position:left top;background-repeat:no-repeat;-webkit-background-size:cover;-moz-background-size:cover;-o-background-size:cover;background-size:cover;\"  data-bg-url=\"\"><style type=\"text\/css\"><\/style><div class=\"fusion-title title fusion-title-6 fusion-sep-none fusion-title-text fusion-title-size-one\" style=\"margin-top:0px;margin-bottom:0px;\"><h1 class=\"title-heading-left\" style=\"margin:0;\"><h3 style=\"text-align: left;\">6. Langues<\/h3><\/h1><\/div><div class=\"fusion-text\"><p style=\"text-align: justify;\">L&rsquo;Union europ\u00e9enne est constitu\u00e9e d&rsquo;un ensemble tr\u00e8s diversifi\u00e9 de personnes et de cultures. Les soci\u00e9t\u00e9s doivent donc \u00eatre en mesure de r\u00e9pondre \u00e0 cette diversit\u00e9 en proposant des solutions vari\u00e9es et de nombreuses options linguistiques.<\/p>\n<\/div><\/div><\/div><\/div><div class=\"fusion-clearfix\"><\/div>\n\n\t\t\t\t\t<\/div>\n\t\t\t\t<\/div><div  class=\"fusion-layout-column fusion_builder_column fusion_builder_column_1_1 fusion-builder-column-4 fusion-one-full fusion-column-first fusion-column-last 1_1\"  style='margin-top:0px;margin-bottom:0px;'>\n\t\t\t\t\t<div class=\"fusion-column-wrapper\" style=\"padding: 0px 0px 0px 0px;background-position:left top;background-repeat:no-repeat;-webkit-background-size:cover;-moz-background-size:cover;-o-background-size:cover;background-size:cover;\"   data-bg-url=\"\">\n\t\t\t\t\t\t<div class=\"fusion-text\"><p style=\"text-align: justify;\">Vous avez droit \u00e0 une indemnisation de la part des compagnies a\u00e9riennes en vertu de la r\u00e9glementation sur l&rsquo;indemnisation des vols, et il est important d&rsquo;aller jusqu&rsquo;au bout et d&rsquo;obtenir une compensation financi\u00e8re pour les d\u00e9sagr\u00e9ments qu&rsquo;un retard ou une annulation de vol entra\u00eene dans votre vie bien remplie. Les soci\u00e9t\u00e9s d&rsquo;indemnisation en cas de retard ou d&rsquo;annulation d&rsquo;un vol peuvent vous rendre un service pr\u00e9cieux en se frayant un chemin dans le syst\u00e8me bureaucratique pour r\u00e9cup\u00e9rer les fonds qui vous sont dus, et nous voulons nous assurer que vous \u00eates en contact avec les meilleures soci\u00e9t\u00e9s pour cette t\u00e2che.<\/p>\n<\/div><div class=\"fusion-clearfix\"><\/div>\n\n\t\t\t\t\t<\/div>\n\t\t\t\t<\/div><\/div><\/div><\/p>\n","protected":false},"excerpt":{"rendered":"","protected":false},"author":1,"featured_media":0,"parent":0,"menu_order":0,"comment_status":"closed","ping_status":"closed","template":"","meta":{"footnotes":""},"yoast_head":"<title>Processus de v\u00e9rification - EUFlightCompensation.com<\/title>\n<meta name=\"robots\" content=\"index, follow, max-snippet:-1, max-image-preview:large, max-video-preview:-1\" \/>\n<link rel=\"canonical\" href=\"https:\/\/euflightcompensation.com\/fr\/processus-de-verification\/\" \/>\n<meta property=\"og:locale\" content=\"fr_FR\" \/>\n<meta property=\"og:type\" content=\"article\" \/>\n<meta property=\"og:title\" content=\"Processus de v\u00e9rification - EUFlightCompensation.com\" \/>\n<meta property=\"og:url\" content=\"https:\/\/euflightcompensation.com\/fr\/processus-de-verification\/\" \/>\n<meta property=\"og:site_name\" content=\"EUFlightCompensation.com\" \/>\n<meta property=\"article:publisher\" content=\"https:\/\/www.facebook.com\/EUflightcompensationcom\" \/>\n<meta property=\"article:modified_time\" content=\"2023-04-03T13:47:33+00:00\" \/>\n<meta name=\"twitter:card\" content=\"summary_large_image\" \/>\n<meta name=\"twitter:label1\" content=\"Dur\u00e9e de lecture estim\u00e9e\" \/>\n\t<meta name=\"twitter:data1\" content=\"13 minutes\" \/>\n<script type=\"application\/ld+json\" class=\"yoast-schema-graph\">{\"@context\":\"https:\/\/schema.org\",\"@graph\":[{\"@type\":\"WebPage\",\"@id\":\"https:\/\/euflightcompensation.com\/fr\/processus-de-verification\/\",\"url\":\"https:\/\/euflightcompensation.com\/fr\/processus-de-verification\/\",\"name\":\"Processus de v\u00e9rification - EUFlightCompensation.com\",\"isPartOf\":{\"@id\":\"https:\/\/euflightcompensation.com\/fr\/#website\"},\"datePublished\":\"2019-10-07T10:16:05+00:00\",\"dateModified\":\"2023-04-03T13:47:33+00:00\",\"breadcrumb\":{\"@id\":\"https:\/\/euflightcompensation.com\/fr\/processus-de-verification\/#breadcrumb\"},\"inLanguage\":\"fr-FR\",\"potentialAction\":[{\"@type\":\"ReadAction\",\"target\":[\"https:\/\/euflightcompensation.com\/fr\/processus-de-verification\/\"]}]},{\"@type\":\"BreadcrumbList\",\"@id\":\"https:\/\/euflightcompensation.com\/fr\/processus-de-verification\/#breadcrumb\",\"itemListElement\":[{\"@type\":\"ListItem\",\"position\":1,\"name\":\"Home\",\"item\":\"https:\/\/euflightcompensation.com\/fr\/\"},{\"@type\":\"ListItem\",\"position\":2,\"name\":\"Processus de v\u00e9rification\"}]},{\"@type\":\"WebSite\",\"@id\":\"https:\/\/euflightcompensation.com\/fr\/#website\",\"url\":\"https:\/\/euflightcompensation.com\/fr\/\",\"name\":\"EUFlightCompensation.com\",\"description\":\"\",\"publisher\":{\"@id\":\"https:\/\/euflightcompensation.com\/fr\/#organization\"},\"potentialAction\":[{\"@type\":\"SearchAction\",\"target\":{\"@type\":\"EntryPoint\",\"urlTemplate\":\"https:\/\/euflightcompensation.com\/fr\/?s={search_term_string}\"},\"query-input\":\"required name=search_term_string\"}],\"inLanguage\":\"fr-FR\"},{\"@type\":\"Organization\",\"@id\":\"https:\/\/euflightcompensation.com\/fr\/#organization\",\"name\":\"EU Flight Compensation\",\"url\":\"https:\/\/euflightcompensation.com\/fr\/\",\"logo\":{\"@type\":\"ImageObject\",\"inLanguage\":\"fr-FR\",\"@id\":\"https:\/\/euflightcompensation.com\/fr\/#\/schema\/logo\/image\/\",\"url\":\"https:\/\/euflightcompensation.com\/wp-content\/uploads\/2023\/05\/EU-Flight-Compensation-Logo-280x80-1.png\",\"contentUrl\":\"https:\/\/euflightcompensation.com\/wp-content\/uploads\/2023\/05\/EU-Flight-Compensation-Logo-280x80-1.png\",\"width\":280,\"height\":80,\"caption\":\"EU Flight Compensation\"},\"image\":{\"@id\":\"https:\/\/euflightcompensation.com\/fr\/#\/schema\/logo\/image\/\"},\"sameAs\":[\"https:\/\/www.facebook.com\/EUflightcompensationcom\"]}]}<\/script>","yoast_head_json":{"title":"Processus de v\u00e9rification - EUFlightCompensation.com","robots":{"index":"index","follow":"follow","max-snippet":"max-snippet:-1","max-image-preview":"max-image-preview:large","max-video-preview":"max-video-preview:-1"},"canonical":"https:\/\/euflightcompensation.com\/fr\/processus-de-verification\/","og_locale":"fr_FR","og_type":"article","og_title":"Processus de v\u00e9rification - EUFlightCompensation.com","og_url":"https:\/\/euflightcompensation.com\/fr\/processus-de-verification\/","og_site_name":"EUFlightCompensation.com","article_publisher":"https:\/\/www.facebook.com\/EUflightcompensationcom","article_modified_time":"2023-04-03T13:47:33+00:00","twitter_card":"summary_large_image","twitter_misc":{"Dur\u00e9e de lecture estim\u00e9e":"13 minutes"},"schema":{"@context":"https:\/\/schema.org","@graph":[{"@type":"WebPage","@id":"https:\/\/euflightcompensation.com\/fr\/processus-de-verification\/","url":"https:\/\/euflightcompensation.com\/fr\/processus-de-verification\/","name":"Processus de v\u00e9rification - EUFlightCompensation.com","isPartOf":{"@id":"https:\/\/euflightcompensation.com\/fr\/#website"},"datePublished":"2019-10-07T10:16:05+00:00","dateModified":"2023-04-03T13:47:33+00:00","breadcrumb":{"@id":"https:\/\/euflightcompensation.com\/fr\/processus-de-verification\/#breadcrumb"},"inLanguage":"fr-FR","potentialAction":[{"@type":"ReadAction","target":["https:\/\/euflightcompensation.com\/fr\/processus-de-verification\/"]}]},{"@type":"BreadcrumbList","@id":"https:\/\/euflightcompensation.com\/fr\/processus-de-verification\/#breadcrumb","itemListElement":[{"@type":"ListItem","position":1,"name":"Home","item":"https:\/\/euflightcompensation.com\/fr\/"},{"@type":"ListItem","position":2,"name":"Processus de v\u00e9rification"}]},{"@type":"WebSite","@id":"https:\/\/euflightcompensation.com\/fr\/#website","url":"https:\/\/euflightcompensation.com\/fr\/","name":"EUFlightCompensation.com","description":"","publisher":{"@id":"https:\/\/euflightcompensation.com\/fr\/#organization"},"potentialAction":[{"@type":"SearchAction","target":{"@type":"EntryPoint","urlTemplate":"https:\/\/euflightcompensation.com\/fr\/?s={search_term_string}"},"query-input":"required name=search_term_string"}],"inLanguage":"fr-FR"},{"@type":"Organization","@id":"https:\/\/euflightcompensation.com\/fr\/#organization","name":"EU Flight Compensation","url":"https:\/\/euflightcompensation.com\/fr\/","logo":{"@type":"ImageObject","inLanguage":"fr-FR","@id":"https:\/\/euflightcompensation.com\/fr\/#\/schema\/logo\/image\/","url":"https:\/\/euflightcompensation.com\/wp-content\/uploads\/2023\/05\/EU-Flight-Compensation-Logo-280x80-1.png","contentUrl":"https:\/\/euflightcompensation.com\/wp-content\/uploads\/2023\/05\/EU-Flight-Compensation-Logo-280x80-1.png","width":280,"height":80,"caption":"EU Flight Compensation"},"image":{"@id":"https:\/\/euflightcompensation.com\/fr\/#\/schema\/logo\/image\/"},"sameAs":["https:\/\/www.facebook.com\/EUflightcompensationcom"]}]}},"_links":{"self":[{"href":"https:\/\/euflightcompensation.com\/fr\/wp-json\/wp\/v2\/pages\/6290"}],"collection":[{"href":"https:\/\/euflightcompensation.com\/fr\/wp-json\/wp\/v2\/pages"}],"about":[{"href":"https:\/\/euflightcompensation.com\/fr\/wp-json\/wp\/v2\/types\/page"}],"author":[{"embeddable":true,"href":"https:\/\/euflightcompensation.com\/fr\/wp-json\/wp\/v2\/users\/1"}],"replies":[{"embeddable":true,"href":"https:\/\/euflightcompensation.com\/fr\/wp-json\/wp\/v2\/comments?post=6290"}],"version-history":[{"count":0,"href":"https:\/\/euflightcompensation.com\/fr\/wp-json\/wp\/v2\/pages\/6290\/revisions"}],"wp:attachment":[{"href":"https:\/\/euflightcompensation.com\/fr\/wp-json\/wp\/v2\/media?parent=6290"}],"curies":[{"name":"wp","href":"https:\/\/api.w.org\/{rel}","templated":true}]}}