{"id":16179,"date":"2015-02-17T18:08:38","date_gmt":"2015-02-17T18:08:38","guid":{"rendered":"https:\/\/euflightcompensation.com\/about-us\/"},"modified":"2024-02-05T08:33:00","modified_gmt":"2024-02-05T08:33:00","slug":"sobre-nosotros","status":"publish","type":"page","link":"https:\/\/euflightcompensation.com\/es\/sobre-nosotros\/","title":{"rendered":"Sobre nosotros"},"content":{"rendered":"<div class=\"fusion-fullwidth fullwidth-box fusion-builder-row-1 nonhundred-percent-fullwidth non-hundred-percent-height-scrolling\"  style='background-color: rgba(255,255,255,0);background-position: center center;background-repeat: no-repeat;padding-top:0px;padding-right:0px;padding-bottom:0px;padding-left:0px;'><div class=\"fusion-builder-row fusion-row \"><div  class=\"fusion-layout-column fusion_builder_column fusion_builder_column_2_3 fusion-builder-column-1 fusion-two-third fusion-column-first 2_3\"  style='margin-top:0px;margin-bottom:20px;width:66.66%;width:calc(66.66% - ( ( 4% ) * 0.6666 ) );margin-right: 4%;'>\n\t\t\t\t\t<div class=\"fusion-column-wrapper\" style=\"padding: 0px 0px 0px 0px;background-position:left top;background-repeat:no-repeat;-webkit-background-size:cover;-moz-background-size:cover;-o-background-size:cover;background-size:cover;\"   data-bg-url=\"\">\n\t\t\t\t\t\t<div class=\"fusion-text\"><p style=\"text-align: justify;\">Lastimosamente, en las experiencias de viaje actuales, los retrasos de los vuelos son cada vez m\u00e1s frecuentes. Muchos viajeros se sientan en los aeropuertos mientras su vuelo se retrasa hora a hora hasta permanecer as\u00ed por una cantidad de tiempo desconocida. Algunos viajeros cuentan con la suerte suficiente de que su vuelo se retrase solo unas horas, mientras que otros tienen que pasar la noche en el aeropuerto a la espera del siguiente vuelo disponible. Muchas de estas personas tambi\u00e9n desconocen que existen opciones de compensaci\u00f3n a su disposici\u00f3n en virtud del reglamento (CE) no. 261\/2004. En febrero de 2004, la CE dictamin\u00f3 que a los viajeros que experimenten un retraso de m\u00e1s de tres horas, un vuelo cancelado o no se le permita abordar debido a sobrecupo, se les debe indemnizar por los inconvenientes, tiempo y dinero perdidos. Bajo esta sentencia, muchas compa\u00f1\u00edas de compensaci\u00f3n de vuelos surgieron a lo largo de Europa.<\/p>\n<p style=\"text-align: justify;\">Cuando te sientes atrapado en el aeropuerto y ya est\u00e1s agotado, buscar la empresa adecuada que se ajuste a tus necesidades puede ser abrumador. Cada compa\u00f1\u00eda tiene un sitio web llamativo que est\u00e1 cargado de promesas por un servicio r\u00e1pido, con tasas de \u00e9xito, y el dinero que han devuelto a sus usuarios. Cada empresa empieza a parecerse a la otra y puede ser casi imposible elegir la correcta, por lo que los clientes se limitan a elegir una y esperar lo mejor. Aqu\u00ed es donde entra Scott Welsch.<\/p>\n<p style=\"text-align: justify;\">Scott Welsch es un abogado y bloguero radicado en Londres. Se especializa en la normativa relacionada con los viajes, y desea educar a las personas sobre sus derechos como viajeros europeos, as\u00ed como sobre la cantidad de compa\u00f1\u00edas disponibles para servirles. Muchas empresas intentan atraer a sus clientes con promesas de un servicio r\u00e1pido, tasas de \u00e9xito y dinero que han devuelto satisfactoriamente, y gastan mucho en publicidad. Por lo que para el ojo inexperto y el viajero agotado y sentado en el suelo de un aeropuerto, estas parecen ser las mejores opciones.<\/p>\n<\/div><div class=\"fusion-clearfix\"><\/div>\n\n\t\t\t\t\t<\/div>\n\t\t\t\t<\/div><div  class=\"fusion-layout-column fusion_builder_column fusion_builder_column_1_3 fusion-builder-column-2 fusion-one-third fusion-column-last 1_3\"  style='margin-top:0px;margin-bottom:20px;width:33.33%;width:calc(33.33% - ( ( 4% ) * 0.3333 ) );'>\n\t\t\t\t\t<div class=\"fusion-column-wrapper\" style=\"padding: 0px 0px 0px 0px;background-position:left top;background-repeat:no-repeat;-webkit-background-size:cover;-moz-background-size:cover;-o-background-size:cover;background-size:cover;\"   data-bg-url=\"\">\n\t\t\t\t\t\t<div class=\"imageframe-align-center\"><span style=\"-webkit-border-radius:50%;-moz-border-radius:50%;border-radius:50%;-webkit-mask-image: -webkit-radial-gradient(circle, white, black);\" class=\"fusion-imageframe imageframe-none imageframe-1 hover-type-zoomin\"><img fetchpriority=\"high\" fetchpriority=\"high\" decoding=\"async\" src=\"https:\/\/euflightcompensation.com\/wp-content\/uploads\/2019\/10\/Scott-Welsch.jpg\" width=\"1000\" height=\"667\" alt=\"\" title=\"Scott Welsch\" class=\"img-responsive wp-image-15139\" srcset=\"https:\/\/euflightcompensation.com\/wp-content\/uploads\/2019\/10\/Scott-Welsch-200x133.jpg 200w, https:\/\/euflightcompensation.com\/wp-content\/uploads\/2019\/10\/Scott-Welsch-400x267.jpg 400w, https:\/\/euflightcompensation.com\/wp-content\/uploads\/2019\/10\/Scott-Welsch-600x400.jpg 600w, https:\/\/euflightcompensation.com\/wp-content\/uploads\/2019\/10\/Scott-Welsch-800x534.jpg 800w, https:\/\/euflightcompensation.com\/wp-content\/uploads\/2019\/10\/Scott-Welsch.jpg 1000w\" sizes=\"(max-width: 800px) 100vw, 400px\" \/><\/span><\/div><div class=\"fusion-sep-clear\"><\/div><div class=\"fusion-separator fusion-full-width-sep sep-none\" style=\"margin-left: auto;margin-right: auto;margin-top:5px;\"><\/div><div class=\"fusion-text\"><h3 style=\"text-align: center;\">Scott Welsch<\/h3>\n<p style=\"text-align: center;\">\u00a0Abogado y bloguero radicado en Londres. Se especializa en la normativa relacionada con los viajes y desea educar a las personas sobre sus derechos como viajeros europeos.<\/p>\n<\/div><div class=\"aligncenter\"><div class=\"fusion-social-links\"><div class=\"fusion-social-networks boxed-icons\"><div class=\"fusion-social-networks-wrapper\"><a class=\"fusion-social-network-icon fusion-tooltip fusion-facebook fusion-icon-facebook\" style=\"color:rgb(255,255,255);background-color:#f1574d;border-color:#f1574d;border-radius:50%;\" aria-label=\"fusion-facebook\" target=\"_blank\" rel=\"noopener noreferrer nofollow\" href=\"https:\/\/www.facebook.com\/scott.welsch.313\" data-placement=\"top\" data-title=\"Facebook\" data-toggle=\"tooltip\" title=\"Facebook\"><\/a><a class=\"fusion-social-network-icon fusion-tooltip fusion-youtube fusion-icon-youtube\" style=\"color:rgb(255,255,255);background-color:#f1574d;border-color:#f1574d;border-radius:50%;\" aria-label=\"fusion-youtube\" target=\"_blank\" rel=\"noopener noreferrer nofollow\" href=\"https:\/\/www.youtube.com\/channel\/UC7rL-n6rhaT-mTnY1I1BRTA\" data-placement=\"top\" data-title=\"YouTube\" data-toggle=\"tooltip\" title=\"YouTube\"><\/a><a class=\"fusion-social-network-icon fusion-tooltip fusion-blogger fusion-icon-blogger\" style=\"color:rgb(255,255,255);background-color:#f1574d;border-color:#f1574d;border-radius:50%;\" aria-label=\"fusion-blogger\" target=\"_blank\" rel=\"noopener noreferrer nofollow\" href=\"https:\/\/www.quora.com\/profile\/Scott-Welsch-6\" data-placement=\"top\" data-title=\"Blogger\" data-toggle=\"tooltip\" title=\"Blogger\"><\/a><a class=\"fusion-social-network-icon fusion-tooltip fusion-pinterest fusion-icon-pinterest\" style=\"color:rgb(255,255,255);background-color:#f1574d;border-color:#f1574d;border-radius:50%;\" aria-label=\"fusion-pinterest\" target=\"_blank\" rel=\"noopener noreferrer nofollow\" href=\"https:\/\/www.pinterest.co.uk\/euflightcompensationcom\/\" data-placement=\"top\" data-title=\"Pinterest\" data-toggle=\"tooltip\" title=\"Pinterest\"><\/a><a class=\"fusion-social-network-icon fusion-tooltip fusion-linkedin fusion-icon-linkedin\" style=\"color:rgb(255,255,255);background-color:#f1574d;border-color:#f1574d;border-radius:50%;\" aria-label=\"fusion-linkedin\" target=\"_blank\" rel=\"noopener noreferrer nofollow\" href=\"https:\/\/www.linkedin.com\/in\/scott-welsch-1241231a5\/\" data-placement=\"top\" data-title=\"LinkedIn\" data-toggle=\"tooltip\" title=\"LinkedIn\"><\/a><a class=\"fusion-social-network-icon fusion-tooltip fusion-mail fusion-icon-mail\" style=\"color:rgb(255,255,255);background-color:#f1574d;border-color:#f1574d;border-radius:50%;\" aria-label=\"fusion-mail\" target=\"_self\" rel=\"noopener noreferrer nofollow\" href=\"mailto:&#105;&#110;&#102;&#111;&#064;e&#117;&#102;lig&#104;tc&#111;mpe&#110;s&#097;tio&#110;&#046;c&#111;&#109;\" data-placement=\"top\" data-title=\"Mail\" data-toggle=\"tooltip\" title=\"Mail\"><\/a><\/div><\/div><\/div><\/div><div class=\"fusion-clearfix\"><\/div>\n\n\t\t\t\t\t<\/div>\n\t\t\t\t<\/div><div  class=\"fusion-layout-column fusion_builder_column fusion_builder_column_1_1 fusion-builder-column-3 fusion-one-full fusion-column-first fusion-column-last 1_1\"  style='margin-top:0px;margin-bottom:20px;'>\n\t\t\t\t\t<div class=\"fusion-column-wrapper\" style=\"padding: 0px 0px 0px 0px;background-position:left top;background-repeat:no-repeat;-webkit-background-size:cover;-moz-background-size:cover;-o-background-size:cover;background-size:cover;\"   data-bg-url=\"\">\n\t\t\t\t\t\t<div class=\"fusion-text\"><p class=\"Body\" style=\"text-align: justify;\">Sin embargo, Scott Welsch evidenci\u00f3 un problema con esto. Vio que las compa\u00f1\u00edas con mayor publicidad, no eran necesariamente las mejores, ya que no siempre supl\u00edan las necesidades de un gran n\u00famero de usuarios. A partir de esta observaci\u00f3n, se propuso crear un lugar central, de confianza y bien documentado donde los clientes pudieran comparar todas las distintas empresas en un solo sitio. Scott y su equipo investigaron una serie de empresas diferentes en toda Europa y compararon el n\u00famero de idiomas que manejan, la usabilidad de su sitio web, el servicio que la compa\u00f1\u00eca ofrece, el tiempo promedio de compensaci\u00f3n, los costos de la misma por sus exitosas prestaciones, y muchos otros aspectos relevantes para generar un listado de empresas en las que cre\u00edan. Aquellas que Scott y su equipo escogieron como las mejores son las que se revisaron cuidadosamente y consideraron que ofrec\u00edan los mejores recursos a sus usuarios. Scott Welsch tiene vocaci\u00f3n por ayudar a los viajeros de los que las aerol\u00edneas se han aprovechado, y quiere ser un amigo de confianza que los eduque e indique la direcci\u00f3n correcta de qui\u00e9n podr\u00eda asistirlos para lograr la indemnizaci\u00f3n que por derecho merecen.<\/p>\n<\/div><div class=\"fusion-text\"><h2>Otros miembros del equipo<\/h2>\n<\/div><div class=\"fusion-builder-row fusion-builder-row-inner fusion-row \"><div  class=\"fusion-layout-column fusion_builder_column fusion_builder_column_2_3  fusion-two-third fusion-column-first 2_3\"  style='margin-top: 0px;margin-bottom: 20px;width:66.66%;width:calc(66.66% - ( ( 4% ) * 0.6666 ) );margin-right:4%;'><div class=\"fusion-column-wrapper fusion-column-wrapper-1\" style=\"padding: 0px 0px 0px 0px;background-position:left top;background-repeat:no-repeat;-webkit-background-size:cover;-moz-background-size:cover;-o-background-size:cover;background-size:cover;\"  data-bg-url=\"\"><div class=\"fusion-text\"><h3>Martynas Baniulis<\/h3>\n<h6><span style=\"text-decoration: underline;\">Gerente de Marketing<\/span><\/h6>\n<p style=\"text-align: justify;\">Martynas Baniulis, un talentoso Gerente de Marketing, aporta su experiencia en planificaci\u00f3n estrat\u00e9gica y t\u00e9cnicas innovadoras de marketing a nuestro sitio web. Con un historial comprobado de aumento en el reconocimiento de la marca e impulso en la participaci\u00f3n de los clientes, Martynas desempe\u00f1a un papel fundamental en nuestra misi\u00f3n de empoderar a los pasajeros y agilizar el proceso de compensaci\u00f3n por vuelos.<\/p>\n<\/div><div class=\"aligncenter\"><div class=\"fusion-social-links\"><div class=\"fusion-social-networks boxed-icons\"><div class=\"fusion-social-networks-wrapper\"><a class=\"fusion-social-network-icon fusion-tooltip fusion-facebook fusion-icon-facebook\" style=\"color:rgba(255,255,255,.6);background-color:#616f85;border-color:#616f85;border-radius:50%;\" aria-label=\"fusion-facebook\" target=\"_blank\" rel=\"noopener noreferrer nofollow\" href=\"https:\/\/www.facebook.com\/baniulis\" data-placement=\"top\" data-title=\"Facebook\" data-toggle=\"tooltip\" title=\"Facebook\"><\/a><a class=\"fusion-social-network-icon fusion-tooltip fusion-twitter fusion-icon-twitter\" style=\"color:rgba(255,255,255,.6);background-color:#616f85;border-color:#616f85;border-radius:50%;\" aria-label=\"fusion-twitter\" target=\"_blank\" rel=\"noopener noreferrer nofollow\" href=\"https:\/\/twitter.com\/MartynasBaniul1\" data-placement=\"top\" data-title=\"Twitter\" data-toggle=\"tooltip\" title=\"Twitter\"><\/a><a class=\"fusion-social-network-icon fusion-tooltip fusion-linkedin fusion-icon-linkedin\" style=\"color:rgba(255,255,255,.6);background-color:#616f85;border-color:#616f85;border-radius:50%;\" aria-label=\"fusion-linkedin\" target=\"_blank\" rel=\"noopener noreferrer nofollow\" href=\"https:\/\/www.linkedin.com\/in\/martynas-baniulis-76a438117\/\" data-placement=\"top\" data-title=\"LinkedIn\" data-toggle=\"tooltip\" title=\"LinkedIn\"><\/a><\/div><\/div><\/div><\/div><\/div><\/div><div  class=\"fusion-layout-column fusion_builder_column fusion_builder_column_1_3  fusion-one-third fusion-column-last 1_3\"  style='margin-top: 0px;margin-bottom: 20px;width:33.33%;width:calc(33.33% - ( ( 4% ) * 0.3333 ) );'><div class=\"fusion-column-wrapper fusion-column-wrapper-2\" style=\"padding: 0px 0px 0px 0px;background-position:left top;background-repeat:no-repeat;-webkit-background-size:cover;-moz-background-size:cover;-o-background-size:cover;background-size:cover;\"  data-bg-url=\"\"><span class=\"fusion-imageframe imageframe-none imageframe-2 hover-type-none\"><img decoding=\"async\" src=\"https:\/\/euflightcompensation.com\/wp-content\/uploads\/2023\/05\/Martynas-Baniulis-300x300.jpg\" width=\"300\" height=\"300\" alt=\"Martynas-Baniulis\" title=\"Martynas-Baniulis\" class=\"img-responsive wp-image-28333\" srcset=\"https:\/\/euflightcompensation.com\/wp-content\/uploads\/2023\/05\/Martynas-Baniulis-200x200.jpg 200w, https:\/\/euflightcompensation.com\/wp-content\/uploads\/2023\/05\/Martynas-Baniulis-400x400.jpg 400w, https:\/\/euflightcompensation.com\/wp-content\/uploads\/2023\/05\/Martynas-Baniulis-600x600.jpg 600w, https:\/\/euflightcompensation.com\/wp-content\/uploads\/2023\/05\/Martynas-Baniulis.jpg 800w\" sizes=\"(max-width: 800px) 100vw, 300px\" \/><\/span><\/div><\/div><\/div><div class=\"fusion-clearfix\"><\/div>\n\n\t\t\t\t\t<\/div>\n\t\t\t\t<\/div><\/div><\/div>\n","protected":false},"excerpt":{"rendered":"","protected":false},"author":1,"featured_media":0,"parent":0,"menu_order":0,"comment_status":"closed","ping_status":"closed","template":"100-width.php","meta":{"footnotes":""},"yoast_head":"<title>Sobre nosotros - EFC<\/title>\n<meta name=\"robots\" content=\"index, follow, max-snippet:-1, max-image-preview:large, max-video-preview:-1\" \/>\n<link rel=\"canonical\" href=\"https:\/\/euflightcompensation.com\/es\/sobre-nosotros\/\" \/>\n<meta property=\"og:locale\" content=\"es_ES\" \/>\n<meta property=\"og:type\" content=\"article\" \/>\n<meta property=\"og:title\" content=\"Sobre nosotros - EFC\" \/>\n<meta property=\"og:url\" content=\"https:\/\/euflightcompensation.com\/es\/sobre-nosotros\/\" \/>\n<meta property=\"og:site_name\" content=\"EUFlightCompensation.com\" \/>\n<meta property=\"article:publisher\" content=\"https:\/\/www.facebook.com\/EUflightcompensationcom\" \/>\n<meta property=\"article:modified_time\" content=\"2024-02-05T08:33:00+00:00\" \/>\n<meta name=\"twitter:card\" content=\"summary_large_image\" \/>\n<meta name=\"twitter:label1\" content=\"Tiempo de lectura\" \/>\n\t<meta name=\"twitter:data1\" content=\"9 minutos\" \/>\n<script type=\"application\/ld+json\" class=\"yoast-schema-graph\">{\"@context\":\"https:\/\/schema.org\",\"@graph\":[{\"@type\":\"WebPage\",\"@id\":\"https:\/\/euflightcompensation.com\/es\/sobre-nosotros\/\",\"url\":\"https:\/\/euflightcompensation.com\/es\/sobre-nosotros\/\",\"name\":\"Sobre nosotros - EFC\",\"isPartOf\":{\"@id\":\"https:\/\/euflightcompensation.com\/es\/#website\"},\"datePublished\":\"2015-02-17T18:08:38+00:00\",\"dateModified\":\"2024-02-05T08:33:00+00:00\",\"breadcrumb\":{\"@id\":\"https:\/\/euflightcompensation.com\/es\/sobre-nosotros\/#breadcrumb\"},\"inLanguage\":\"es\",\"potentialAction\":[{\"@type\":\"ReadAction\",\"target\":[\"https:\/\/euflightcompensation.com\/es\/sobre-nosotros\/\"]}]},{\"@type\":\"BreadcrumbList\",\"@id\":\"https:\/\/euflightcompensation.com\/es\/sobre-nosotros\/#breadcrumb\",\"itemListElement\":[{\"@type\":\"ListItem\",\"position\":1,\"name\":\"Home\",\"item\":\"https:\/\/euflightcompensation.com\/es\/\"},{\"@type\":\"ListItem\",\"position\":2,\"name\":\"Sobre nosotros\"}]},{\"@type\":\"WebSite\",\"@id\":\"https:\/\/euflightcompensation.com\/es\/#website\",\"url\":\"https:\/\/euflightcompensation.com\/es\/\",\"name\":\"EUFlightCompensation.com\",\"description\":\"\",\"publisher\":{\"@id\":\"https:\/\/euflightcompensation.com\/es\/#organization\"},\"potentialAction\":[{\"@type\":\"SearchAction\",\"target\":{\"@type\":\"EntryPoint\",\"urlTemplate\":\"https:\/\/euflightcompensation.com\/es\/?s={search_term_string}\"},\"query-input\":\"required name=search_term_string\"}],\"inLanguage\":\"es\"},{\"@type\":\"Organization\",\"@id\":\"https:\/\/euflightcompensation.com\/es\/#organization\",\"name\":\"EU Flight Compensation\",\"url\":\"https:\/\/euflightcompensation.com\/es\/\",\"logo\":{\"@type\":\"ImageObject\",\"inLanguage\":\"es\",\"@id\":\"https:\/\/euflightcompensation.com\/es\/#\/schema\/logo\/image\/\",\"url\":\"https:\/\/euflightcompensation.com\/wp-content\/uploads\/2023\/05\/EU-Flight-Compensation-Logo-280x80-1.png\",\"contentUrl\":\"https:\/\/euflightcompensation.com\/wp-content\/uploads\/2023\/05\/EU-Flight-Compensation-Logo-280x80-1.png\",\"width\":280,\"height\":80,\"caption\":\"EU Flight Compensation\"},\"image\":{\"@id\":\"https:\/\/euflightcompensation.com\/es\/#\/schema\/logo\/image\/\"},\"sameAs\":[\"https:\/\/www.facebook.com\/EUflightcompensationcom\"]}]}<\/script>","yoast_head_json":{"title":"Sobre nosotros - EFC","robots":{"index":"index","follow":"follow","max-snippet":"max-snippet:-1","max-image-preview":"max-image-preview:large","max-video-preview":"max-video-preview:-1"},"canonical":"https:\/\/euflightcompensation.com\/es\/sobre-nosotros\/","og_locale":"es_ES","og_type":"article","og_title":"Sobre nosotros - EFC","og_url":"https:\/\/euflightcompensation.com\/es\/sobre-nosotros\/","og_site_name":"EUFlightCompensation.com","article_publisher":"https:\/\/www.facebook.com\/EUflightcompensationcom","article_modified_time":"2024-02-05T08:33:00+00:00","twitter_card":"summary_large_image","twitter_misc":{"Tiempo de lectura":"9 minutos"},"schema":{"@context":"https:\/\/schema.org","@graph":[{"@type":"WebPage","@id":"https:\/\/euflightcompensation.com\/es\/sobre-nosotros\/","url":"https:\/\/euflightcompensation.com\/es\/sobre-nosotros\/","name":"Sobre nosotros - EFC","isPartOf":{"@id":"https:\/\/euflightcompensation.com\/es\/#website"},"datePublished":"2015-02-17T18:08:38+00:00","dateModified":"2024-02-05T08:33:00+00:00","breadcrumb":{"@id":"https:\/\/euflightcompensation.com\/es\/sobre-nosotros\/#breadcrumb"},"inLanguage":"es","potentialAction":[{"@type":"ReadAction","target":["https:\/\/euflightcompensation.com\/es\/sobre-nosotros\/"]}]},{"@type":"BreadcrumbList","@id":"https:\/\/euflightcompensation.com\/es\/sobre-nosotros\/#breadcrumb","itemListElement":[{"@type":"ListItem","position":1,"name":"Home","item":"https:\/\/euflightcompensation.com\/es\/"},{"@type":"ListItem","position":2,"name":"Sobre nosotros"}]},{"@type":"WebSite","@id":"https:\/\/euflightcompensation.com\/es\/#website","url":"https:\/\/euflightcompensation.com\/es\/","name":"EUFlightCompensation.com","description":"","publisher":{"@id":"https:\/\/euflightcompensation.com\/es\/#organization"},"potentialAction":[{"@type":"SearchAction","target":{"@type":"EntryPoint","urlTemplate":"https:\/\/euflightcompensation.com\/es\/?s={search_term_string}"},"query-input":"required name=search_term_string"}],"inLanguage":"es"},{"@type":"Organization","@id":"https:\/\/euflightcompensation.com\/es\/#organization","name":"EU Flight Compensation","url":"https:\/\/euflightcompensation.com\/es\/","logo":{"@type":"ImageObject","inLanguage":"es","@id":"https:\/\/euflightcompensation.com\/es\/#\/schema\/logo\/image\/","url":"https:\/\/euflightcompensation.com\/wp-content\/uploads\/2023\/05\/EU-Flight-Compensation-Logo-280x80-1.png","contentUrl":"https:\/\/euflightcompensation.com\/wp-content\/uploads\/2023\/05\/EU-Flight-Compensation-Logo-280x80-1.png","width":280,"height":80,"caption":"EU Flight Compensation"},"image":{"@id":"https:\/\/euflightcompensation.com\/es\/#\/schema\/logo\/image\/"},"sameAs":["https:\/\/www.facebook.com\/EUflightcompensationcom"]}]}},"_links":{"self":[{"href":"https:\/\/euflightcompensation.com\/es\/wp-json\/wp\/v2\/pages\/16179"}],"collection":[{"href":"https:\/\/euflightcompensation.com\/es\/wp-json\/wp\/v2\/pages"}],"about":[{"href":"https:\/\/euflightcompensation.com\/es\/wp-json\/wp\/v2\/types\/page"}],"author":[{"embeddable":true,"href":"https:\/\/euflightcompensation.com\/es\/wp-json\/wp\/v2\/users\/1"}],"replies":[{"embeddable":true,"href":"https:\/\/euflightcompensation.com\/es\/wp-json\/wp\/v2\/comments?post=16179"}],"version-history":[{"count":0,"href":"https:\/\/euflightcompensation.com\/es\/wp-json\/wp\/v2\/pages\/16179\/revisions"}],"wp:attachment":[{"href":"https:\/\/euflightcompensation.com\/es\/wp-json\/wp\/v2\/media?parent=16179"}],"curies":[{"name":"wp","href":"https:\/\/api.w.org\/{rel}","templated":true}]}}