{"id":16174,"date":"2019-10-07T11:16:05","date_gmt":"2019-10-07T10:16:05","guid":{"rendered":"https:\/\/euflightcompensation.com\/review-process\/"},"modified":"2023-04-03T14:21:52","modified_gmt":"2023-04-03T13:21:52","slug":"proceso-de-revision","status":"publish","type":"page","link":"https:\/\/euflightcompensation.com\/es\/proceso-de-revision\/","title":{"rendered":"Proceso de revisi\u00f3n"},"content":{"rendered":"<p><div class=\"fusion-fullwidth fullwidth-box fusion-builder-row-1 nonhundred-percent-fullwidth non-hundred-percent-height-scrolling\"  style='background-color: rgba(255,255,255,0);background-position: center center;background-repeat: no-repeat;padding-top:0px;padding-right:0px;padding-bottom:0px;padding-left:0px;'><div class=\"fusion-builder-row fusion-row \"><div  class=\"fusion-layout-column fusion_builder_column fusion_builder_column_1_2 fusion-builder-column-1 fusion-one-half fusion-column-first 1_2\"  style='margin-top:0px;margin-bottom:20px;width:50%;width:calc(50% - ( ( 4% ) * 0.5 ) );margin-right: 4%;'>\n\t\t\t\t\t<div class=\"fusion-column-wrapper\" style=\"padding: 0px 0px 0px 0px;background-position:left top;background-repeat:no-repeat;-webkit-background-size:cover;-moz-background-size:cover;-o-background-size:cover;background-size:cover;\"   data-bg-url=\"\">\n\t\t\t\t\t\t<div class=\"fusion-text\"><p class=\"Body\" style=\"text-align: justify;\">Transitar por el proceso de compensaci\u00f3n de un vuelo puede resultar una ardua y confusa tarea, y la mayor\u00eda de las aerol\u00edneas no quieren que tengas \u00e9xito. Existen varias empresas que se especializan en ayudarte a lo largo del proceso para garantizar que obtengas la indemnizaci\u00f3n a la que tienes derecho por un vuelo cancelado o retrasado. No obstante, cada una de estas compa\u00f1\u00edas tiene sus propios matices y puede operar ligeramente diferente. Revisamos cada una de dichas firmas y creamos esta gu\u00eda que explica c\u00f3mo las analizamos y las calificamos para que puedas hacer uso de nuestro consejo para encontrar la mejor opci\u00f3n de acuerdo a tu situaci\u00f3n.<\/p>\n<\/div><div class=\"fusion-text\"><p class=\"Body\" style=\"text-align: justify;\">El Reglamento de Compensaci\u00f3n de Vuelos establecido en 2004, garantiza a los pasajeros una remuneraci\u00f3n por cancelaciones de los vuelos, largos retrasos, y negaci\u00f3n de abordaje dentro de la Uni\u00f3n Europea. Lo cual se ha vuelto un gran gasto para las compa\u00f1\u00edas a\u00e9reas, que desde entonces han hecho que el proceso sea extenso y dispendioso para as\u00ed desincentivar a que los consumidores persigan su indemnizaci\u00f3n. En este punto es donde entran las compa\u00f1\u00edas de compensaci\u00f3n de vuelos para ayudar a tramitar a los usuarios todo el proceso de obtenci\u00f3n del dinero que las aerol\u00edneas les adeudan. Observamos muchos aspectos diferentes al momento de recomendar o no una empresa a nuestros lectores, y cada uno de estos se calificaron en una escala del 1 al 10.<\/p>\n<\/div><div class=\"fusion-clearfix\"><\/div>\n\n\t\t\t\t\t<\/div>\n\t\t\t\t<\/div><div  class=\"fusion-layout-column fusion_builder_column fusion_builder_column_1_2 fusion-builder-column-2 fusion-one-half fusion-column-last 1_2\"  style='margin-top:0px;margin-bottom:20px;width:50%;width:calc(50% - ( ( 4% ) * 0.5 ) );'>\n\t\t\t\t\t<div class=\"fusion-column-wrapper\" style=\"padding: 0px 0px 0px 0px;background-position:left top;background-repeat:no-repeat;-webkit-background-size:cover;-moz-background-size:cover;-o-background-size:cover;background-size:cover;\"   data-bg-url=\"\">\n\t\t\t\t\t\t<span class=\"fusion-imageframe imageframe-none imageframe-1 hover-type-none\"><img fetchpriority=\"high\" fetchpriority=\"high\" decoding=\"async\" src=\"https:\/\/euflightcompensation.com\/wp-content\/uploads\/2019\/10\/review-process.jpg\" width=\"700\" height=\"467\" alt=\"\" title=\"review process\" class=\"img-responsive wp-image-15172\" srcset=\"https:\/\/euflightcompensation.com\/wp-content\/uploads\/2019\/10\/review-process-200x133.jpg 200w, https:\/\/euflightcompensation.com\/wp-content\/uploads\/2019\/10\/review-process-400x267.jpg 400w, https:\/\/euflightcompensation.com\/wp-content\/uploads\/2019\/10\/review-process-600x400.jpg 600w, https:\/\/euflightcompensation.com\/wp-content\/uploads\/2019\/10\/review-process.jpg 700w\" sizes=\"(max-width: 800px) 100vw, 600px\" \/><\/span><div class=\"fusion-sep-clear\"><\/div><div class=\"fusion-separator fusion-full-width-sep sep-single sep-solid\" style=\"border-color:#e0dede;border-top-width:1px;margin-left: auto;margin-right: auto;margin-top:5px;margin-bottom:5px;\"><\/div><div class=\"fusion-button-wrapper fusion-align-block\"><style type=\"text\/css\">.fusion-button.button-1 .fusion-button-text, .fusion-button.button-1 i {color:#ffffff;}.fusion-button.button-1 .fusion-button-icon-divider{border-color:#ffffff;}.fusion-button.button-1:hover .fusion-button-text, .fusion-button.button-1:hover i,.fusion-button.button-1:focus .fusion-button-text, .fusion-button.button-1:focus i,.fusion-button.button-1:active .fusion-button-text, .fusion-button.button-1:active{color:#ffffff;}.fusion-button.button-1:hover .fusion-button-icon-divider, .fusion-button.button-1:hover .fusion-button-icon-divider, .fusion-button.button-1:active .fusion-button-icon-divider{border-color:#ffffff;}.fusion-button.button-1:hover, .fusion-button.button-1:focus, .fusion-button.button-1:active{border-color:#ffffff;}.fusion-button.button-1 {border-color:#ffffff;border-radius:1px;}.fusion-button.button-1{background: #228cdb;}.fusion-button.button-1:hover,.button-1:focus,.fusion-button.button-1:active{background: #228cdb;}<\/style><a class=\"fusion-button button-flat button-medium button-custom button-1 fusion-button-span-yes fusion-button-default-type\" target=\"_self\" href=\"https:\/\/euflightcompensation.com\/es\/las-mejores-companias-de-compensacion-de-vuelos\/\"><span class=\"fusion-button-text\">NAVEGAR POR LAS 10 MEJORES COMPA\u00d1\u00cdAS DE COMPENSACI\u00d3N<\/span><\/a><\/div><div class=\"fusion-clearfix\"><\/div>\n\n\t\t\t\t\t<\/div>\n\t\t\t\t<\/div><\/div><\/div><div class=\"fusion-fullwidth fullwidth-box fusion-builder-row-2 nonhundred-percent-fullwidth non-hundred-percent-height-scrolling\"  style='background-color: rgba(255,255,255,0);background-position: center center;background-repeat: no-repeat;padding-top:0px;padding-right:0px;padding-bottom:30px;padding-left:0px;'><div class=\"fusion-builder-row fusion-row \"><div  class=\"fusion-layout-column fusion_builder_column fusion_builder_column_1_1 fusion-builder-column-3 fusion-one-full fusion-column-first fusion-column-last 1_1\"  style='margin-top:0px;margin-bottom:0px;'>\n\t\t\t\t\t<div class=\"fusion-column-wrapper\" style=\"padding: 20px 0px 20px 0px;background-position:left top;background-repeat:no-repeat;-webkit-background-size:cover;-moz-background-size:cover;-o-background-size:cover;background-size:cover;\"   data-bg-url=\"\">\n\t\t\t\t\t\t<div class=\"fusion-builder-row fusion-builder-row-inner fusion-row \"><div  class=\"fusion-layout-column fusion_builder_column fusion_builder_column_1_3  fusion-one-third fusion-column-first 1_3\"  style='margin-top: 0px;margin-bottom: 20px;width:33.33%;width:calc(33.33% - ( ( 4% + 4% ) * 0.3333 ) );margin-right:4%;'><div class=\"fusion-column-wrapper fusion-column-wrapper-1\" style=\"padding: 0px 0px 0px 0px;background-position:left top;background-repeat:no-repeat;-webkit-background-size:cover;-moz-background-size:cover;-o-background-size:cover;background-size:cover;\"  data-bg-url=\"\"><style type=\"text\/css\"><\/style><div class=\"fusion-title title fusion-title-1 fusion-sep-none fusion-title-text fusion-title-size-one\" style=\"margin-top:0px;margin-bottom:0px;\"><h1 class=\"title-heading-left\" style=\"margin:0;\"><h3 style=\"text-align: left;\" data-fontsize=\"22\" data-lineheight=\"29\">1. Compensaci\u00f3n<\/h3><\/h1><\/div><div class=\"fusion-text\"><p style=\"text-align: justify;\">Cuanto mayor sea la compensaci\u00f3n, mejor y entre m\u00e1s r\u00e1pido, mejor. El proceso puede ser complicado y los pagos por medio de las compa\u00f1\u00edas de compensaci\u00f3n pueden tomar entre un mes y medio a un a\u00f1o dependiendo de la cooperaci\u00f3n de la aerol\u00ednea.<\/p>\n<\/div><\/div><\/div><div  class=\"fusion-layout-column fusion_builder_column fusion_builder_column_1_3  fusion-one-third 1_3\"  style='margin-top: 0px;margin-bottom: 20px;width:33.33%;width:calc(33.33% - ( ( 4% + 4% ) * 0.3333 ) );margin-right:4%;'><div class=\"fusion-column-wrapper fusion-column-wrapper-2\" style=\"padding: 0px 0px 0px 0px;background-position:left top;background-repeat:no-repeat;-webkit-background-size:cover;-moz-background-size:cover;-o-background-size:cover;background-size:cover;\"  data-bg-url=\"\"><style type=\"text\/css\"><\/style><div class=\"fusion-title title fusion-title-2 fusion-sep-none fusion-title-text fusion-title-size-one\" style=\"margin-top:0px;margin-bottom:0px;\"><h1 class=\"title-heading-left\" style=\"margin:0;\"><h3 style=\"text-align: left;\">2. Comisi\u00f3n de \u00e9xito<\/h3><\/h1><\/div><div class=\"fusion-text\"><p style=\"text-align: justify;\">\u00danicamente pagar\u00e1s por el servicio si hay \u00e9xito en la devoluci\u00f3n de tu indemnizaci\u00f3n. La tasa o tarifa consistir\u00e1 en un porcentaje de la compensaci\u00f3n total as\u00ed como del Impuesto al Valor Agregado en la mayor\u00eda de los casos.<\/p>\n<\/div><\/div><\/div><div  class=\"fusion-layout-column fusion_builder_column fusion_builder_column_1_3  fusion-one-third fusion-column-last 1_3\"  style='margin-top: 0px;margin-bottom: 20px;width:33.33%;width:calc(33.33% - ( ( 4% + 4% ) * 0.3333 ) );'><div class=\"fusion-column-wrapper fusion-column-wrapper-3\" style=\"padding: 0px 0px 0px 0px;background-position:left top;background-repeat:no-repeat;-webkit-background-size:cover;-moz-background-size:cover;-o-background-size:cover;background-size:cover;\"  data-bg-url=\"\"><style type=\"text\/css\"><\/style><div class=\"fusion-title title fusion-title-3 fusion-sep-none fusion-title-text fusion-title-size-one\" style=\"margin-top:0px;margin-bottom:0px;\"><h1 class=\"title-heading-left\" style=\"margin:0;\"><h3 style=\"text-align: left;\">3. Rese\u00f1as en l\u00ednea<\/h3><\/h1><\/div><div class=\"fusion-text\"><p style=\"text-align: justify;\">Las opiniones de clientes anteriores dicen mucho sobre una compa\u00f1\u00eda y sus \u00e9xitos. Nos aseguramos de revisar las rese\u00f1as de acuerdo a si son buenas o malas para dilucidar un panorama completo de los servicios que pueden proporcionar a sus usuarios.<\/p>\n<\/div><\/div><\/div><\/div><div class=\"fusion-builder-row fusion-builder-row-inner fusion-row \"><div  class=\"fusion-layout-column fusion_builder_column fusion_builder_column_1_3  fusion-one-third fusion-column-first 1_3\"  style='margin-top: 0px;margin-bottom: 20px;width:33.33%;width:calc(33.33% - ( ( 4% + 4% ) * 0.3333 ) );margin-right:4%;'><div class=\"fusion-column-wrapper fusion-column-wrapper-4\" style=\"padding: 0px 0px 0px 0px;background-position:left top;background-repeat:no-repeat;-webkit-background-size:cover;-moz-background-size:cover;-o-background-size:cover;background-size:cover;\"  data-bg-url=\"\"><style type=\"text\/css\"><\/style><div class=\"fusion-title title fusion-title-4 fusion-sep-none fusion-title-text fusion-title-size-one\" style=\"margin-top:0px;margin-bottom:0px;\"><h1 class=\"title-heading-left\" style=\"margin:0;\"><h3 style=\"text-align: left;\">4. Servicio al cliente<\/h3><\/h1><\/div><div class=\"fusion-text\"><p style=\"text-align: justify;\">El servicio al cliente es una parte crucial de cualquier experiencia empresarial, y damos m\u00e1s peso a aquellas firmas que hacen todo lo necesario para proporcionar un marco de apoyo para sus clientes.<\/p>\n<\/div><\/div><\/div><div  class=\"fusion-layout-column fusion_builder_column fusion_builder_column_1_3  fusion-one-third 1_3\"  style='margin-top: 0px;margin-bottom: 20px;width:33.33%;width:calc(33.33% - ( ( 4% + 4% ) * 0.3333 ) );margin-right:4%;'><div class=\"fusion-column-wrapper fusion-column-wrapper-5\" style=\"padding: 0px 0px 0px 0px;background-position:left top;background-repeat:no-repeat;-webkit-background-size:cover;-moz-background-size:cover;-o-background-size:cover;background-size:cover;\"  data-bg-url=\"\"><style type=\"text\/css\"><\/style><div class=\"fusion-title title fusion-title-5 fusion-sep-none fusion-title-text fusion-title-size-one\" style=\"margin-top:0px;margin-bottom:0px;\"><h1 class=\"title-heading-left\" style=\"margin:0;\"><h3 style=\"text-align: left;\">5. Facilidad de uso<\/h3><\/h1><\/div><div class=\"fusion-text\"><p style=\"text-align: justify;\">El proceso de compensaci\u00f3n de vuelos es lo suficientemente confuso y no es algo que alguien planee. La asistencia para esto debe hacer que el proceso sea sencillo y f\u00e1cil.<\/p>\n<\/div><\/div><\/div><div  class=\"fusion-layout-column fusion_builder_column fusion_builder_column_1_3  fusion-one-third fusion-column-last 1_3\"  style='margin-top: 0px;margin-bottom: 20px;width:33.33%;width:calc(33.33% - ( ( 4% + 4% ) * 0.3333 ) );'><div class=\"fusion-column-wrapper fusion-column-wrapper-6\" style=\"padding: 0px 0px 0px 0px;background-position:left top;background-repeat:no-repeat;-webkit-background-size:cover;-moz-background-size:cover;-o-background-size:cover;background-size:cover;\"  data-bg-url=\"\"><style type=\"text\/css\"><\/style><div class=\"fusion-title title fusion-title-6 fusion-sep-none fusion-title-text fusion-title-size-one\" style=\"margin-top:0px;margin-bottom:0px;\"><h1 class=\"title-heading-left\" style=\"margin:0;\"><h3 style=\"text-align: left;\">6. Idiomas<\/h3><\/h1><\/div><div class=\"fusion-text\"><p style=\"text-align: justify;\">La UE abarca una gran diversidad de personas y culturas, por lo que estas empresas necesitan ser capaces de compaginar lo anterior con diversas adaptaciones y muchas opciones de idiomas diferentes.<\/p>\n<\/div><\/div><\/div><\/div><div class=\"fusion-clearfix\"><\/div>\n\n\t\t\t\t\t<\/div>\n\t\t\t\t<\/div><div  class=\"fusion-layout-column fusion_builder_column fusion_builder_column_1_1 fusion-builder-column-4 fusion-one-full fusion-column-first fusion-column-last 1_1\"  style='margin-top:0px;margin-bottom:0px;'>\n\t\t\t\t\t<div class=\"fusion-column-wrapper\" style=\"padding: 0px 0px 0px 0px;background-position:left top;background-repeat:no-repeat;-webkit-background-size:cover;-moz-background-size:cover;-o-background-size:cover;background-size:cover;\"   data-bg-url=\"\">\n\t\t\t\t\t\t<div class=\"fusion-text\"><p style=\"text-align: justify;\">Tienes derecho a una indemnizaci\u00f3n por parte de las aerol\u00edneas a trav\u00e9s del Reglamento de Compensaci\u00f3n de Vuelos, y es importante continuar adelante y obtener la remuneraci\u00f3n financiera por los inconvenientes ocasionados por el retraso o cancelaci\u00f3n de un vuelo. Las compa\u00f1\u00edas de compensaci\u00f3n de vuelos pueden proporcionar un servicio valioso al transitar por el sistema burocr\u00e1tico para recuperar los fondos que te adeudan, y queremos asegurarnos de que te conectes con las mejores empresas para este trabajo.<\/p>\n<\/div><div class=\"fusion-clearfix\"><\/div>\n\n\t\t\t\t\t<\/div>\n\t\t\t\t<\/div><\/div><\/div><\/p>\n","protected":false},"excerpt":{"rendered":"","protected":false},"author":1,"featured_media":0,"parent":0,"menu_order":0,"comment_status":"closed","ping_status":"closed","template":"","meta":{"footnotes":""},"yoast_head":"<title>Proceso de revisi\u00f3n - EUFlightCompensation.com<\/title>\n<meta name=\"robots\" content=\"index, follow, max-snippet:-1, max-image-preview:large, max-video-preview:-1\" \/>\n<link rel=\"canonical\" href=\"https:\/\/euflightcompensation.com\/es\/proceso-de-revision\/\" \/>\n<meta property=\"og:locale\" content=\"es_ES\" \/>\n<meta property=\"og:type\" content=\"article\" \/>\n<meta property=\"og:title\" content=\"Proceso de revisi\u00f3n - EUFlightCompensation.com\" \/>\n<meta property=\"og:url\" content=\"https:\/\/euflightcompensation.com\/es\/proceso-de-revision\/\" \/>\n<meta property=\"og:site_name\" content=\"EUFlightCompensation.com\" \/>\n<meta property=\"article:publisher\" content=\"https:\/\/www.facebook.com\/EUflightcompensationcom\" \/>\n<meta property=\"article:modified_time\" content=\"2023-04-03T13:21:52+00:00\" \/>\n<meta name=\"twitter:card\" content=\"summary_large_image\" \/>\n<meta name=\"twitter:label1\" content=\"Tiempo de lectura\" \/>\n\t<meta name=\"twitter:data1\" content=\"14 minutos\" \/>\n<script type=\"application\/ld+json\" class=\"yoast-schema-graph\">{\"@context\":\"https:\/\/schema.org\",\"@graph\":[{\"@type\":\"WebPage\",\"@id\":\"https:\/\/euflightcompensation.com\/es\/proceso-de-revision\/\",\"url\":\"https:\/\/euflightcompensation.com\/es\/proceso-de-revision\/\",\"name\":\"Proceso de revisi\u00f3n - EUFlightCompensation.com\",\"isPartOf\":{\"@id\":\"https:\/\/euflightcompensation.com\/es\/#website\"},\"datePublished\":\"2019-10-07T10:16:05+00:00\",\"dateModified\":\"2023-04-03T13:21:52+00:00\",\"breadcrumb\":{\"@id\":\"https:\/\/euflightcompensation.com\/es\/proceso-de-revision\/#breadcrumb\"},\"inLanguage\":\"es\",\"potentialAction\":[{\"@type\":\"ReadAction\",\"target\":[\"https:\/\/euflightcompensation.com\/es\/proceso-de-revision\/\"]}]},{\"@type\":\"BreadcrumbList\",\"@id\":\"https:\/\/euflightcompensation.com\/es\/proceso-de-revision\/#breadcrumb\",\"itemListElement\":[{\"@type\":\"ListItem\",\"position\":1,\"name\":\"Home\",\"item\":\"https:\/\/euflightcompensation.com\/es\/\"},{\"@type\":\"ListItem\",\"position\":2,\"name\":\"Proceso de revisi\u00f3n\"}]},{\"@type\":\"WebSite\",\"@id\":\"https:\/\/euflightcompensation.com\/es\/#website\",\"url\":\"https:\/\/euflightcompensation.com\/es\/\",\"name\":\"EUFlightCompensation.com\",\"description\":\"\",\"publisher\":{\"@id\":\"https:\/\/euflightcompensation.com\/es\/#organization\"},\"potentialAction\":[{\"@type\":\"SearchAction\",\"target\":{\"@type\":\"EntryPoint\",\"urlTemplate\":\"https:\/\/euflightcompensation.com\/es\/?s={search_term_string}\"},\"query-input\":\"required name=search_term_string\"}],\"inLanguage\":\"es\"},{\"@type\":\"Organization\",\"@id\":\"https:\/\/euflightcompensation.com\/es\/#organization\",\"name\":\"EU Flight Compensation\",\"url\":\"https:\/\/euflightcompensation.com\/es\/\",\"logo\":{\"@type\":\"ImageObject\",\"inLanguage\":\"es\",\"@id\":\"https:\/\/euflightcompensation.com\/es\/#\/schema\/logo\/image\/\",\"url\":\"https:\/\/euflightcompensation.com\/wp-content\/uploads\/2023\/05\/EU-Flight-Compensation-Logo-280x80-1.png\",\"contentUrl\":\"https:\/\/euflightcompensation.com\/wp-content\/uploads\/2023\/05\/EU-Flight-Compensation-Logo-280x80-1.png\",\"width\":280,\"height\":80,\"caption\":\"EU Flight Compensation\"},\"image\":{\"@id\":\"https:\/\/euflightcompensation.com\/es\/#\/schema\/logo\/image\/\"},\"sameAs\":[\"https:\/\/www.facebook.com\/EUflightcompensationcom\"]}]}<\/script>","yoast_head_json":{"title":"Proceso de revisi\u00f3n - EUFlightCompensation.com","robots":{"index":"index","follow":"follow","max-snippet":"max-snippet:-1","max-image-preview":"max-image-preview:large","max-video-preview":"max-video-preview:-1"},"canonical":"https:\/\/euflightcompensation.com\/es\/proceso-de-revision\/","og_locale":"es_ES","og_type":"article","og_title":"Proceso de revisi\u00f3n - EUFlightCompensation.com","og_url":"https:\/\/euflightcompensation.com\/es\/proceso-de-revision\/","og_site_name":"EUFlightCompensation.com","article_publisher":"https:\/\/www.facebook.com\/EUflightcompensationcom","article_modified_time":"2023-04-03T13:21:52+00:00","twitter_card":"summary_large_image","twitter_misc":{"Tiempo de lectura":"14 minutos"},"schema":{"@context":"https:\/\/schema.org","@graph":[{"@type":"WebPage","@id":"https:\/\/euflightcompensation.com\/es\/proceso-de-revision\/","url":"https:\/\/euflightcompensation.com\/es\/proceso-de-revision\/","name":"Proceso de revisi\u00f3n - EUFlightCompensation.com","isPartOf":{"@id":"https:\/\/euflightcompensation.com\/es\/#website"},"datePublished":"2019-10-07T10:16:05+00:00","dateModified":"2023-04-03T13:21:52+00:00","breadcrumb":{"@id":"https:\/\/euflightcompensation.com\/es\/proceso-de-revision\/#breadcrumb"},"inLanguage":"es","potentialAction":[{"@type":"ReadAction","target":["https:\/\/euflightcompensation.com\/es\/proceso-de-revision\/"]}]},{"@type":"BreadcrumbList","@id":"https:\/\/euflightcompensation.com\/es\/proceso-de-revision\/#breadcrumb","itemListElement":[{"@type":"ListItem","position":1,"name":"Home","item":"https:\/\/euflightcompensation.com\/es\/"},{"@type":"ListItem","position":2,"name":"Proceso de revisi\u00f3n"}]},{"@type":"WebSite","@id":"https:\/\/euflightcompensation.com\/es\/#website","url":"https:\/\/euflightcompensation.com\/es\/","name":"EUFlightCompensation.com","description":"","publisher":{"@id":"https:\/\/euflightcompensation.com\/es\/#organization"},"potentialAction":[{"@type":"SearchAction","target":{"@type":"EntryPoint","urlTemplate":"https:\/\/euflightcompensation.com\/es\/?s={search_term_string}"},"query-input":"required name=search_term_string"}],"inLanguage":"es"},{"@type":"Organization","@id":"https:\/\/euflightcompensation.com\/es\/#organization","name":"EU Flight Compensation","url":"https:\/\/euflightcompensation.com\/es\/","logo":{"@type":"ImageObject","inLanguage":"es","@id":"https:\/\/euflightcompensation.com\/es\/#\/schema\/logo\/image\/","url":"https:\/\/euflightcompensation.com\/wp-content\/uploads\/2023\/05\/EU-Flight-Compensation-Logo-280x80-1.png","contentUrl":"https:\/\/euflightcompensation.com\/wp-content\/uploads\/2023\/05\/EU-Flight-Compensation-Logo-280x80-1.png","width":280,"height":80,"caption":"EU Flight Compensation"},"image":{"@id":"https:\/\/euflightcompensation.com\/es\/#\/schema\/logo\/image\/"},"sameAs":["https:\/\/www.facebook.com\/EUflightcompensationcom"]}]}},"_links":{"self":[{"href":"https:\/\/euflightcompensation.com\/es\/wp-json\/wp\/v2\/pages\/16174"}],"collection":[{"href":"https:\/\/euflightcompensation.com\/es\/wp-json\/wp\/v2\/pages"}],"about":[{"href":"https:\/\/euflightcompensation.com\/es\/wp-json\/wp\/v2\/types\/page"}],"author":[{"embeddable":true,"href":"https:\/\/euflightcompensation.com\/es\/wp-json\/wp\/v2\/users\/1"}],"replies":[{"embeddable":true,"href":"https:\/\/euflightcompensation.com\/es\/wp-json\/wp\/v2\/comments?post=16174"}],"version-history":[{"count":0,"href":"https:\/\/euflightcompensation.com\/es\/wp-json\/wp\/v2\/pages\/16174\/revisions"}],"wp:attachment":[{"href":"https:\/\/euflightcompensation.com\/es\/wp-json\/wp\/v2\/media?parent=16174"}],"curies":[{"name":"wp","href":"https:\/\/api.w.org\/{rel}","templated":true}]}}