{"id":14693,"date":"2020-01-27T08:13:06","date_gmt":"2020-01-27T08:13:06","guid":{"rendered":"https:\/\/euflightcompensation.com\/vergleiche-von-flugentschaedigungsunternehmen\/airhelp-vs-flightright\/"},"modified":"2022-11-29T08:20:01","modified_gmt":"2022-11-29T08:20:01","slug":"airhelp-vs-flightright","status":"publish","type":"page","link":"https:\/\/euflightcompensation.com\/de\/vergleiche-von-flugentschaedigungsunternehmen\/airhelp-vs-flightright\/","title":{"rendered":"Airhelp.com vs. Flightright.com"},"content":{"rendered":"<style type=\"text\/css\">.fusion-image-before-after-1 .fusion-image-before-after-handle {border-color:#ffffff;}.fusion-image-before-after-1 .fusion-image-before-after-left-arrow {border-right-color:#ffffff;}.fusion-image-before-after-1 .fusion-image-before-after-right-arrow {border-left-color:#ffffff;}.fusion-image-before-after-1 .fusion-image-before-after-handle::after {background:#ffffff;box-shadow: 0 3px 0 #ffffff, 0 0 12px rgba(51,51,51,.5);}.fusion-image-before-after-1 .fusion-image-before-after-handle::before {background:#ffffff;box-shadow: 0 3px 0 #ffffff, 0 0 12px rgba(51,51,51,.5);}.fusion-image-before-after-1 .fusion-image-before-after-handle {background:rgba(255,255,255,0);}.fusion-image-before-after-1 .fusion-image-before-after-before-label:before,.fusion-image-before-after-1 .fusion-image-before-after-after-label:before{font-size:13px;}.fusion-image-before-after-1 .fusion-image-before-after-before-label:before,.fusion-image-before-after-1 .fusion-image-before-after-after-label:before{color:#ffffff;background:rgba(255,255,255,0.15);}<\/style><div class=\"fusion-image-before-after-wrapper fusion-image-before-after-horizontal fusion-image-before-after-wrapper-1\"><div class=\"fusion-image-before-after-element fusion-image-before-after fusion-image-before-after-container fusion-image-before-after-1\" data-offset=\"0.5\" data-orientation=\"horizontal\" data-move-with-handle-only=\"true\" data-click-to-move=\"true\"><img fetchpriority=\"high\" decoding=\"async\" alt=\"Airhelp.com\" class=\"fusion-image-before-after-before\" src=\"https:\/\/euflightcompensation.com\/wp-content\/uploads\/2021\/07\/Airhelp-website.jpg\" width=\"800\" height=\"400\"><img decoding=\"async\" alt=\"Flightright.com\" class=\"fusion-image-before-after-after\" src=\"https:\/\/euflightcompensation.com\/wp-content\/uploads\/2019\/10\/flightright-800x400.jpg\" width=\"800\" height=\"400\"><div class=\"fusion-image-before-after-overlay before-after-overlay-image-centered\"><div class=\"fusion-image-before-after-before-label\" data-content=\"Airhelp.com\"><\/div><div class=\"fusion-image-before-after-after-label\" data-content=\"Flightright.com\"><\/div><\/div><div class=\"fusion-image-before-after-handle fusion-image-before-after-handle-default\"><span class=\"fusion-image-before-after-left-arrow\"><\/span><span class=\"fusion-image-before-after-right-arrow\"><\/span><\/div><\/div><\/div>\n<p style=\"text-align: justify;\">Das Unternehmen Airhelp.com ist eines der besten im Internet. Sie verlangen eine Servicegeb\u00fchr von 35 %, aber die Qualit\u00e4t der angebotenen Dienste ist die Kosten wert. Die durchschnittliche Entsch\u00e4digung, die Sie erwarten k\u00f6nnen, liegt bei 315 \u20ac pro Fall und einer Wartezeit von etwa 8-14 Wochen. Airhelp liegt bei den meisten Faktoren in der Branche \u00fcber dem Durchschnitt.<\/p>\n<p style=\"text-align: justify;\">Flightright.com erhebt eine Servicegeb\u00fchr von 30 % und verspricht etwa den gleichen Betrag in 8-14 Wochen. Ihre Versprechen scheinen f\u00fcr einen niedrigeren Preis besser zu sein, aber viele der Bewertungen neigen dazu, den Qualit\u00e4tsservice von Airhelp zu bevorzugen. Flightright ist immer noch eine fantastische Option, die man zur Hand haben sollte.<\/p>\n<h2 style=\"text-align: center;\">Vergleich zwischen Airhelp und Flightright 2026<\/h2>\n<p>&nbsp;<\/p>\n<div class=\"table-2\">\n<table width=\"100%\">\n<thead>\n<tr>\n<th style=\"text-align: center;\" align=\"left\">Unternehmen<\/th>\n<th style=\"text-align: center;\" align=\"left\">Durchschnittlicher Anspruch<\/th>\n<th style=\"text-align: center;\" align=\"left\">Erfolgspr\u00e4mie<\/th>\n<th style=\"text-align: center;\" align=\"left\">Zeitrahmen<\/th>\n<th align=\"left\"><\/th>\n<\/tr>\n<\/thead>\n<tbody>\n<tr>\n<td style=\"text-align: left;\" align=\"left\"><a href=\"https:\/\/euflightcompensation.com\/de\/bewertungen\/airhelp\/\"><img decoding=\"async\" class=\"aligncenter wp-image-13747 size-full\" src=\"https:\/\/euflightcompensation.com\/wp-content\/uploads\/2021\/07\/Airhelp.png\" alt=\"Airhelp\" width=\"100\" height=\"29\" \/><\/a><\/td>\n<td style=\"text-align: center;\" align=\"left\">315\u20ac<\/td>\n<td style=\"text-align: center;\" align=\"left\">88\u20ac \u2013 210\u20ac<\/td>\n<td style=\"text-align: center;\" align=\"left\">8 \u2013 14 Wochen<\/td>\n<td align=\"left\"><div class=\"fusion-button-wrapper fusion-aligncenter\"><style type=\"text\/css\">.fusion-button.button-1 .fusion-button-text, .fusion-button.button-1 i {color:#ffffff;}.fusion-button.button-1 .fusion-button-icon-divider{border-color:#ffffff;}.fusion-button.button-1:hover .fusion-button-text, .fusion-button.button-1:hover i,.fusion-button.button-1:focus .fusion-button-text, .fusion-button.button-1:focus i,.fusion-button.button-1:active .fusion-button-text, .fusion-button.button-1:active{color:#ffffff;}.fusion-button.button-1:hover .fusion-button-icon-divider, .fusion-button.button-1:hover .fusion-button-icon-divider, .fusion-button.button-1:active .fusion-button-icon-divider{border-color:#ffffff;}.fusion-button.button-1:hover, .fusion-button.button-1:focus, .fusion-button.button-1:active{border-color:#ffffff;}.fusion-button.button-1 {border-color:#ffffff;border-radius:2px;}.fusion-button.button-1{background: #228cdb;}.fusion-button.button-1:hover,.button-1:focus,.fusion-button.button-1:active{background: #228cdb;}<\/style><a class=\"fusion-button button-flat button-small button-custom button-1 fusion-button-default-span fusion-button-default-type\" target=\"_blank\" rel=\"noopener noreferrer nofollow\" title=\"FORDERN SIE IHRE ENTSCH\u00c4DIGUNG\" href=\"https:\/\/euflightcompensation.com\/recommends\/airhelpde\/\"><span class=\"fusion-button-text\">FORDERN SIE IHRE ENTSCH\u00c4DIGUNG<\/span><\/a><\/div><\/td>\n<\/tr>\n<\/tbody>\n<tbody>\n<tr>\n<td style=\"text-align: left;\" align=\"left\"><a href=\"https:\/\/euflightcompensation.com\/de\/bewertungen\/flightright\/\"><img loading=\"lazy\" decoding=\"async\" class=\"aligncenter wp-image-4817 size-full\" src=\"https:\/\/euflightcompensation.com\/wp-content\/uploads\/2020\/06\/Flightright.png\" alt=\"\" width=\"100\" height=\"29\" \/><\/a><\/td>\n<td style=\"text-align: center;\" align=\"left\">320\u20ac<\/td>\n<td style=\"text-align: center;\" align=\"left\">\u00a0\u00a075\u20ac &#8211; 180\u20ac<\/td>\n<td style=\"text-align: center;\" align=\"left\">8 &#8211; 14 Wochen<\/td>\n<td align=\"left\"><div class=\"fusion-button-wrapper fusion-aligncenter\"><style type=\"text\/css\">.fusion-button.button-2 .fusion-button-text, .fusion-button.button-2 i {color:#ffffff;}.fusion-button.button-2 .fusion-button-icon-divider{border-color:#ffffff;}.fusion-button.button-2:hover .fusion-button-text, .fusion-button.button-2:hover i,.fusion-button.button-2:focus .fusion-button-text, .fusion-button.button-2:focus i,.fusion-button.button-2:active .fusion-button-text, .fusion-button.button-2:active{color:#ffffff;}.fusion-button.button-2:hover .fusion-button-icon-divider, .fusion-button.button-2:hover .fusion-button-icon-divider, .fusion-button.button-2:active .fusion-button-icon-divider{border-color:#ffffff;}.fusion-button.button-2:hover, .fusion-button.button-2:focus, .fusion-button.button-2:active{border-color:#ffffff;}.fusion-button.button-2 {border-color:#ffffff;border-radius:2px;}.fusion-button.button-2{background: #003459;}.fusion-button.button-2:hover,.button-2:focus,.fusion-button.button-2:active{background: #003459;}<\/style><a class=\"fusion-button button-flat button-small button-custom button-2 fusion-button-default-span fusion-button-default-type\" target=\"_blank\" rel=\"noopener noreferrer nofollow\" title=\"FORDERN SIE IHRE ENTSCH\u00c4DIGUNG\" href=\"https:\/\/euflightcompensation.com\/recommends\/flightrightde\/\"><span class=\"fusion-button-text\">FORDERN SIE IHRE ENTSCH\u00c4DIGUNG<\/span><\/a><\/div><\/td>\n<\/tr>\n<\/tbody>\n<\/table>\n<\/div>\n","protected":false},"excerpt":{"rendered":"<p>Das Unternehmen Airhelp.com ist eines der besten im Internet. Sie verlangen eine Servicegeb\u00fchr von 35 %, aber die Qualit\u00e4t der angebotenen Dienste ist die Kosten wert. Die durchschnittliche Entsch\u00e4digung, [&hellip;]<\/p>\n","protected":false},"author":1,"featured_media":0,"parent":14683,"menu_order":0,"comment_status":"closed","ping_status":"closed","template":"","meta":{"footnotes":""},"yoast_head":"<title>Airhelp.com vs. Flightright.com 2026 - EFC<\/title>\n<meta name=\"robots\" content=\"index, follow, max-snippet:-1, max-image-preview:large, max-video-preview:-1\" \/>\n<link rel=\"canonical\" href=\"https:\/\/euflightcompensation.com\/de\/vergleiche-von-flugentschaedigungsunternehmen\/airhelp-vs-flightright\/\" \/>\n<meta property=\"og:locale\" content=\"de_DE\" \/>\n<meta property=\"og:type\" content=\"article\" \/>\n<meta property=\"og:title\" content=\"Airhelp.com vs. Flightright.com 2026 - EFC\" \/>\n<meta property=\"og:description\" content=\"Das Unternehmen Airhelp.com ist eines der besten im Internet. Sie verlangen eine Servicegeb\u00fchr von 35 %, aber die Qualit\u00e4t der angebotenen Dienste ist die Kosten wert. Die durchschnittliche Entsch\u00e4digung, [&hellip;]\" \/>\n<meta property=\"og:url\" content=\"https:\/\/euflightcompensation.com\/de\/vergleiche-von-flugentschaedigungsunternehmen\/airhelp-vs-flightright\/\" \/>\n<meta property=\"og:site_name\" content=\"EUFlightCompensation.com\" \/>\n<meta property=\"article:publisher\" content=\"https:\/\/www.facebook.com\/EUflightcompensationcom\" \/>\n<meta property=\"article:modified_time\" content=\"2022-11-29T08:20:01+00:00\" \/>\n<meta property=\"og:image\" content=\"https:\/\/euflightcompensation.com\/wp-content\/uploads\/2021\/07\/Airhelp.png\" \/>\n<meta name=\"twitter:card\" content=\"summary_large_image\" \/>\n<meta name=\"twitter:label1\" content=\"Gesch\u00e4tzte Lesezeit\" \/>\n\t<meta name=\"twitter:data1\" content=\"2\u00a0Minuten\" \/>\n<script type=\"application\/ld+json\" class=\"yoast-schema-graph\">{\"@context\":\"https:\/\/schema.org\",\"@graph\":[{\"@type\":\"WebPage\",\"@id\":\"https:\/\/euflightcompensation.com\/de\/vergleiche-von-flugentschaedigungsunternehmen\/airhelp-vs-flightright\/\",\"url\":\"https:\/\/euflightcompensation.com\/de\/vergleiche-von-flugentschaedigungsunternehmen\/airhelp-vs-flightright\/\",\"name\":\"Airhelp.com vs. Flightright.com 2026 - EFC\",\"isPartOf\":{\"@id\":\"https:\/\/euflightcompensation.com\/de\/#website\"},\"primaryImageOfPage\":{\"@id\":\"https:\/\/euflightcompensation.com\/de\/vergleiche-von-flugentschaedigungsunternehmen\/airhelp-vs-flightright\/#primaryimage\"},\"image\":{\"@id\":\"https:\/\/euflightcompensation.com\/de\/vergleiche-von-flugentschaedigungsunternehmen\/airhelp-vs-flightright\/#primaryimage\"},\"thumbnailUrl\":\"https:\/\/euflightcompensation.com\/wp-content\/uploads\/2021\/07\/Airhelp.png\",\"datePublished\":\"2020-01-27T08:13:06+00:00\",\"dateModified\":\"2022-11-29T08:20:01+00:00\",\"breadcrumb\":{\"@id\":\"https:\/\/euflightcompensation.com\/de\/vergleiche-von-flugentschaedigungsunternehmen\/airhelp-vs-flightright\/#breadcrumb\"},\"inLanguage\":\"de\",\"potentialAction\":[{\"@type\":\"ReadAction\",\"target\":[\"https:\/\/euflightcompensation.com\/de\/vergleiche-von-flugentschaedigungsunternehmen\/airhelp-vs-flightright\/\"]}]},{\"@type\":\"ImageObject\",\"inLanguage\":\"de\",\"@id\":\"https:\/\/euflightcompensation.com\/de\/vergleiche-von-flugentschaedigungsunternehmen\/airhelp-vs-flightright\/#primaryimage\",\"url\":\"https:\/\/euflightcompensation.com\/wp-content\/uploads\/2021\/07\/Airhelp.png\",\"contentUrl\":\"https:\/\/euflightcompensation.com\/wp-content\/uploads\/2021\/07\/Airhelp.png\"},{\"@type\":\"BreadcrumbList\",\"@id\":\"https:\/\/euflightcompensation.com\/de\/vergleiche-von-flugentschaedigungsunternehmen\/airhelp-vs-flightright\/#breadcrumb\",\"itemListElement\":[{\"@type\":\"ListItem\",\"position\":1,\"name\":\"Home\",\"item\":\"https:\/\/euflightcompensation.com\/de\/\"},{\"@type\":\"ListItem\",\"position\":2,\"name\":\"Vergleiche von Flugentsch\u00e4digungsunternehmen\",\"item\":\"https:\/\/euflightcompensation.com\/de\/vergleiche-von-flugentschaedigungsunternehmen\/\"},{\"@type\":\"ListItem\",\"position\":3,\"name\":\"Airhelp.com vs. Flightright.com\"}]},{\"@type\":\"WebSite\",\"@id\":\"https:\/\/euflightcompensation.com\/de\/#website\",\"url\":\"https:\/\/euflightcompensation.com\/de\/\",\"name\":\"EUFlightCompensation.com\",\"description\":\"\",\"publisher\":{\"@id\":\"https:\/\/euflightcompensation.com\/de\/#organization\"},\"potentialAction\":[{\"@type\":\"SearchAction\",\"target\":{\"@type\":\"EntryPoint\",\"urlTemplate\":\"https:\/\/euflightcompensation.com\/de\/?s={search_term_string}\"},\"query-input\":\"required name=search_term_string\"}],\"inLanguage\":\"de\"},{\"@type\":\"Organization\",\"@id\":\"https:\/\/euflightcompensation.com\/de\/#organization\",\"name\":\"EU Flight Compensation\",\"url\":\"https:\/\/euflightcompensation.com\/de\/\",\"logo\":{\"@type\":\"ImageObject\",\"inLanguage\":\"de\",\"@id\":\"https:\/\/euflightcompensation.com\/de\/#\/schema\/logo\/image\/\",\"url\":\"https:\/\/euflightcompensation.com\/wp-content\/uploads\/2023\/05\/EU-Flight-Compensation-Logo-280x80-1.png\",\"contentUrl\":\"https:\/\/euflightcompensation.com\/wp-content\/uploads\/2023\/05\/EU-Flight-Compensation-Logo-280x80-1.png\",\"width\":280,\"height\":80,\"caption\":\"EU Flight Compensation\"},\"image\":{\"@id\":\"https:\/\/euflightcompensation.com\/de\/#\/schema\/logo\/image\/\"},\"sameAs\":[\"https:\/\/www.facebook.com\/EUflightcompensationcom\"]}]}<\/script>","yoast_head_json":{"title":"Airhelp.com vs. Flightright.com 2026 - EFC","robots":{"index":"index","follow":"follow","max-snippet":"max-snippet:-1","max-image-preview":"max-image-preview:large","max-video-preview":"max-video-preview:-1"},"canonical":"https:\/\/euflightcompensation.com\/de\/vergleiche-von-flugentschaedigungsunternehmen\/airhelp-vs-flightright\/","og_locale":"de_DE","og_type":"article","og_title":"Airhelp.com vs. Flightright.com 2026 - EFC","og_description":"Das Unternehmen Airhelp.com ist eines der besten im Internet. Sie verlangen eine Servicegeb\u00fchr von 35 %, aber die Qualit\u00e4t der angebotenen Dienste ist die Kosten wert. Die durchschnittliche Entsch\u00e4digung, [&hellip;]","og_url":"https:\/\/euflightcompensation.com\/de\/vergleiche-von-flugentschaedigungsunternehmen\/airhelp-vs-flightright\/","og_site_name":"EUFlightCompensation.com","article_publisher":"https:\/\/www.facebook.com\/EUflightcompensationcom","article_modified_time":"2022-11-29T08:20:01+00:00","og_image":[{"url":"https:\/\/euflightcompensation.com\/wp-content\/uploads\/2021\/07\/Airhelp.png"}],"twitter_card":"summary_large_image","twitter_misc":{"Gesch\u00e4tzte Lesezeit":"2\u00a0Minuten"},"schema":{"@context":"https:\/\/schema.org","@graph":[{"@type":"WebPage","@id":"https:\/\/euflightcompensation.com\/de\/vergleiche-von-flugentschaedigungsunternehmen\/airhelp-vs-flightright\/","url":"https:\/\/euflightcompensation.com\/de\/vergleiche-von-flugentschaedigungsunternehmen\/airhelp-vs-flightright\/","name":"Airhelp.com vs. Flightright.com 2026 - EFC","isPartOf":{"@id":"https:\/\/euflightcompensation.com\/de\/#website"},"primaryImageOfPage":{"@id":"https:\/\/euflightcompensation.com\/de\/vergleiche-von-flugentschaedigungsunternehmen\/airhelp-vs-flightright\/#primaryimage"},"image":{"@id":"https:\/\/euflightcompensation.com\/de\/vergleiche-von-flugentschaedigungsunternehmen\/airhelp-vs-flightright\/#primaryimage"},"thumbnailUrl":"https:\/\/euflightcompensation.com\/wp-content\/uploads\/2021\/07\/Airhelp.png","datePublished":"2020-01-27T08:13:06+00:00","dateModified":"2022-11-29T08:20:01+00:00","breadcrumb":{"@id":"https:\/\/euflightcompensation.com\/de\/vergleiche-von-flugentschaedigungsunternehmen\/airhelp-vs-flightright\/#breadcrumb"},"inLanguage":"de","potentialAction":[{"@type":"ReadAction","target":["https:\/\/euflightcompensation.com\/de\/vergleiche-von-flugentschaedigungsunternehmen\/airhelp-vs-flightright\/"]}]},{"@type":"ImageObject","inLanguage":"de","@id":"https:\/\/euflightcompensation.com\/de\/vergleiche-von-flugentschaedigungsunternehmen\/airhelp-vs-flightright\/#primaryimage","url":"https:\/\/euflightcompensation.com\/wp-content\/uploads\/2021\/07\/Airhelp.png","contentUrl":"https:\/\/euflightcompensation.com\/wp-content\/uploads\/2021\/07\/Airhelp.png"},{"@type":"BreadcrumbList","@id":"https:\/\/euflightcompensation.com\/de\/vergleiche-von-flugentschaedigungsunternehmen\/airhelp-vs-flightright\/#breadcrumb","itemListElement":[{"@type":"ListItem","position":1,"name":"Home","item":"https:\/\/euflightcompensation.com\/de\/"},{"@type":"ListItem","position":2,"name":"Vergleiche von Flugentsch\u00e4digungsunternehmen","item":"https:\/\/euflightcompensation.com\/de\/vergleiche-von-flugentschaedigungsunternehmen\/"},{"@type":"ListItem","position":3,"name":"Airhelp.com vs. Flightright.com"}]},{"@type":"WebSite","@id":"https:\/\/euflightcompensation.com\/de\/#website","url":"https:\/\/euflightcompensation.com\/de\/","name":"EUFlightCompensation.com","description":"","publisher":{"@id":"https:\/\/euflightcompensation.com\/de\/#organization"},"potentialAction":[{"@type":"SearchAction","target":{"@type":"EntryPoint","urlTemplate":"https:\/\/euflightcompensation.com\/de\/?s={search_term_string}"},"query-input":"required name=search_term_string"}],"inLanguage":"de"},{"@type":"Organization","@id":"https:\/\/euflightcompensation.com\/de\/#organization","name":"EU Flight Compensation","url":"https:\/\/euflightcompensation.com\/de\/","logo":{"@type":"ImageObject","inLanguage":"de","@id":"https:\/\/euflightcompensation.com\/de\/#\/schema\/logo\/image\/","url":"https:\/\/euflightcompensation.com\/wp-content\/uploads\/2023\/05\/EU-Flight-Compensation-Logo-280x80-1.png","contentUrl":"https:\/\/euflightcompensation.com\/wp-content\/uploads\/2023\/05\/EU-Flight-Compensation-Logo-280x80-1.png","width":280,"height":80,"caption":"EU Flight Compensation"},"image":{"@id":"https:\/\/euflightcompensation.com\/de\/#\/schema\/logo\/image\/"},"sameAs":["https:\/\/www.facebook.com\/EUflightcompensationcom"]}]}},"_links":{"self":[{"href":"https:\/\/euflightcompensation.com\/de\/wp-json\/wp\/v2\/pages\/14693"}],"collection":[{"href":"https:\/\/euflightcompensation.com\/de\/wp-json\/wp\/v2\/pages"}],"about":[{"href":"https:\/\/euflightcompensation.com\/de\/wp-json\/wp\/v2\/types\/page"}],"author":[{"embeddable":true,"href":"https:\/\/euflightcompensation.com\/de\/wp-json\/wp\/v2\/users\/1"}],"replies":[{"embeddable":true,"href":"https:\/\/euflightcompensation.com\/de\/wp-json\/wp\/v2\/comments?post=14693"}],"version-history":[{"count":0,"href":"https:\/\/euflightcompensation.com\/de\/wp-json\/wp\/v2\/pages\/14693\/revisions"}],"up":[{"embeddable":true,"href":"https:\/\/euflightcompensation.com\/de\/wp-json\/wp\/v2\/pages\/14683"}],"wp:attachment":[{"href":"https:\/\/euflightcompensation.com\/de\/wp-json\/wp\/v2\/media?parent=14693"}],"curies":[{"name":"wp","href":"https:\/\/api.w.org\/{rel}","templated":true}]}}