{"id":14644,"date":"2019-10-07T11:16:05","date_gmt":"2019-10-07T10:16:05","guid":{"rendered":"https:\/\/euflightcompensation.com\/review-process\/"},"modified":"2023-04-03T14:47:50","modified_gmt":"2023-04-03T13:47:50","slug":"ueberpruefungsprozess","status":"publish","type":"page","link":"https:\/\/euflightcompensation.com\/de\/ueberpruefungsprozess\/","title":{"rendered":"\u00dcberpr\u00fcfungsprozess"},"content":{"rendered":"<p><div class=\"fusion-fullwidth fullwidth-box fusion-builder-row-1 nonhundred-percent-fullwidth non-hundred-percent-height-scrolling\"  style='background-color: rgba(255,255,255,0);background-position: center center;background-repeat: no-repeat;padding-top:0px;padding-right:0px;padding-bottom:0px;padding-left:0px;'><div class=\"fusion-builder-row fusion-row \"><div  class=\"fusion-layout-column fusion_builder_column fusion_builder_column_1_2 fusion-builder-column-1 fusion-one-half fusion-column-first 1_2\"  style='margin-top:0px;margin-bottom:20px;width:50%;width:calc(50% - ( ( 4% ) * 0.5 ) );margin-right: 4%;'>\n\t\t\t\t\t<div class=\"fusion-column-wrapper\" style=\"padding: 0px 0px 0px 0px;background-position:left top;background-repeat:no-repeat;-webkit-background-size:cover;-moz-background-size:cover;-o-background-size:cover;background-size:cover;\"   data-bg-url=\"\">\n\t\t\t\t\t\t<div class=\"fusion-text\"><p class=\"Body\" style=\"text-align: justify;\">Das Verfahren zur Entsch\u00e4digung bei Flugversp\u00e4tungen kann eine schwierige und verwirrende Aufgabe sein, und die meisten Fluggesellschaften wollen nicht, dass Sie Erfolg haben. Es gibt mehrere Unternehmen, die sich darauf spezialisiert haben, Ihnen durch das Verfahren zu helfen und sicherzustellen, dass Sie die Entsch\u00e4digung erhalten, die Ihnen f\u00fcr einen versp\u00e4teten oder annullierten Flug zusteht. Jedes dieser Unternehmen hat jedoch seine eigenen Nuancen und arbeitet m\u00f6glicherweise etwas anders. Wir haben viele dieser Unternehmen unter die Lupe genommen und diesen Leitfaden erstellt, um zu erl\u00e4utern, wie wir die einzelnen Unternehmen pr\u00fcfen und bewerten, damit Sie anhand unserer Ratschl\u00e4ge das f\u00fcr Ihre Situation am besten geeignete Unternehmen finden k\u00f6nnen.<\/p>\n<\/div><div class=\"fusion-text\"><p class=\"Body\" style=\"text-align: justify;\">Die Verordnung \u00fcber Ausgleichsleistungen bei Flugreisen wurde 2004 eingef\u00fchrt und sichert den Flugg\u00e4sten in der Europ\u00e4ischen Union Entsch\u00e4digungen bei Flugannullierungen, gro\u00dfen Versp\u00e4tungen und Nichtbef\u00f6rderung zu. Dies hat sich zu einem gro\u00dfen Kostenfaktor f\u00fcr die Fluggesellschaften entwickelt, die seitdem das Verfahren langwierig und kompliziert gemacht haben, um die Verbraucher davon abzuhalten, ihre Entsch\u00e4digung einzufordern. An dieser Stelle kommen Flugentsch\u00e4digungsunternehmen ins Spiel, die den Verbrauchern dabei helfen, das ihnen von den Fluggesellschaften geschuldete Geld zu erhalten. Bei der Entscheidung, ob wir unseren Lesern ein Unternehmen empfehlen oder nicht, ber\u00fccksichtigen wir viele verschiedene Aspekte, die wir auf einer Skala von 1 bis 10 bewerten.<\/p>\n<\/div><div class=\"fusion-clearfix\"><\/div>\n\n\t\t\t\t\t<\/div>\n\t\t\t\t<\/div><div  class=\"fusion-layout-column fusion_builder_column fusion_builder_column_1_2 fusion-builder-column-2 fusion-one-half fusion-column-last 1_2\"  style='margin-top:0px;margin-bottom:20px;width:50%;width:calc(50% - ( ( 4% ) * 0.5 ) );'>\n\t\t\t\t\t<div class=\"fusion-column-wrapper\" style=\"padding: 0px 0px 0px 0px;background-position:left top;background-repeat:no-repeat;-webkit-background-size:cover;-moz-background-size:cover;-o-background-size:cover;background-size:cover;\"   data-bg-url=\"\">\n\t\t\t\t\t\t<span class=\"fusion-imageframe imageframe-none imageframe-1 hover-type-none\"><img fetchpriority=\"high\" fetchpriority=\"high\" decoding=\"async\" src=\"https:\/\/euflightcompensation.com\/wp-content\/uploads\/2019\/10\/review-process.jpg\" width=\"700\" height=\"467\" alt=\"\" title=\"review process\" class=\"img-responsive wp-image-13587\" srcset=\"https:\/\/euflightcompensation.com\/wp-content\/uploads\/2019\/10\/review-process-200x133.jpg 200w, https:\/\/euflightcompensation.com\/wp-content\/uploads\/2019\/10\/review-process-400x267.jpg 400w, https:\/\/euflightcompensation.com\/wp-content\/uploads\/2019\/10\/review-process-600x400.jpg 600w, https:\/\/euflightcompensation.com\/wp-content\/uploads\/2019\/10\/review-process.jpg 700w\" sizes=\"(max-width: 800px) 100vw, 600px\" \/><\/span><div class=\"fusion-sep-clear\"><\/div><div class=\"fusion-separator fusion-full-width-sep sep-single sep-solid\" style=\"border-color:#e0dede;border-top-width:1px;margin-left: auto;margin-right: auto;margin-top:5px;margin-bottom:5px;\"><\/div><div class=\"fusion-button-wrapper fusion-align-block\"><style type=\"text\/css\">.fusion-button.button-1 .fusion-button-text, .fusion-button.button-1 i {color:#ffffff;}.fusion-button.button-1 .fusion-button-icon-divider{border-color:#ffffff;}.fusion-button.button-1:hover .fusion-button-text, .fusion-button.button-1:hover i,.fusion-button.button-1:focus .fusion-button-text, .fusion-button.button-1:focus i,.fusion-button.button-1:active .fusion-button-text, .fusion-button.button-1:active{color:#ffffff;}.fusion-button.button-1:hover .fusion-button-icon-divider, .fusion-button.button-1:hover .fusion-button-icon-divider, .fusion-button.button-1:active .fusion-button-icon-divider{border-color:#ffffff;}.fusion-button.button-1:hover, .fusion-button.button-1:focus, .fusion-button.button-1:active{border-color:#ffffff;}.fusion-button.button-1 {border-color:#ffffff;border-radius:1px;}.fusion-button.button-1{background: #228cdb;}.fusion-button.button-1:hover,.button-1:focus,.fusion-button.button-1:active{background: #228cdb;}<\/style><a class=\"fusion-button button-flat button-medium button-custom button-1 fusion-button-span-yes fusion-button-default-type\" target=\"_self\" href=\"https:\/\/euflightcompensation.com\/de\/beste-flugkompensationsunternehmen\/\"><span class=\"fusion-button-text\">TOP 10 DER VERG\u00dcTUNGSUNTERNEHMEN DURCHSUCHEN<\/span><\/a><\/div><div class=\"fusion-clearfix\"><\/div>\n\n\t\t\t\t\t<\/div>\n\t\t\t\t<\/div><\/div><\/div><div class=\"fusion-fullwidth fullwidth-box fusion-builder-row-2 nonhundred-percent-fullwidth non-hundred-percent-height-scrolling\"  style='background-color: rgba(255,255,255,0);background-position: center center;background-repeat: no-repeat;padding-top:0px;padding-right:0px;padding-bottom:30px;padding-left:0px;'><div class=\"fusion-builder-row fusion-row \"><div  class=\"fusion-layout-column fusion_builder_column fusion_builder_column_1_1 fusion-builder-column-3 fusion-one-full fusion-column-first fusion-column-last 1_1\"  style='margin-top:0px;margin-bottom:0px;'>\n\t\t\t\t\t<div class=\"fusion-column-wrapper\" style=\"padding: 20px 0px 20px 0px;background-position:left top;background-repeat:no-repeat;-webkit-background-size:cover;-moz-background-size:cover;-o-background-size:cover;background-size:cover;\"   data-bg-url=\"\">\n\t\t\t\t\t\t<div class=\"fusion-builder-row fusion-builder-row-inner fusion-row \"><div  class=\"fusion-layout-column fusion_builder_column fusion_builder_column_1_3  fusion-one-third fusion-column-first 1_3\"  style='margin-top: 0px;margin-bottom: 20px;width:33.33%;width:calc(33.33% - ( ( 4% + 4% ) * 0.3333 ) );margin-right:4%;'><div class=\"fusion-column-wrapper fusion-column-wrapper-1\" style=\"padding: 0px 0px 0px 0px;background-position:left top;background-repeat:no-repeat;-webkit-background-size:cover;-moz-background-size:cover;-o-background-size:cover;background-size:cover;\"  data-bg-url=\"\"><style type=\"text\/css\"><\/style><div class=\"fusion-title title fusion-title-1 fusion-sep-none fusion-title-text fusion-title-size-one\" style=\"margin-top:0px;margin-bottom:0px;\"><h1 class=\"title-heading-left\" style=\"margin:0;\"><h3 style=\"text-align: left;\" data-fontsize=\"22\" data-lineheight=\"29\">1. Ausgleichszahlungen<\/h3><\/h1><\/div><div class=\"fusion-text\"><p style=\"text-align: justify;\">Je mehr Entsch\u00e4digung, desto besser, und je schneller, desto besser. Das Verfahren kann kompliziert sein, und die Auszahlung durch Entsch\u00e4digungsgesellschaften kann je nach Kooperation der Fluggesellschaft zwischen einem Monat und einem Jahr dauern.<\/p>\n<\/div><\/div><\/div><div  class=\"fusion-layout-column fusion_builder_column fusion_builder_column_1_3  fusion-one-third 1_3\"  style='margin-top: 0px;margin-bottom: 20px;width:33.33%;width:calc(33.33% - ( ( 4% + 4% ) * 0.3333 ) );margin-right:4%;'><div class=\"fusion-column-wrapper fusion-column-wrapper-2\" style=\"padding: 0px 0px 0px 0px;background-position:left top;background-repeat:no-repeat;-webkit-background-size:cover;-moz-background-size:cover;-o-background-size:cover;background-size:cover;\"  data-bg-url=\"\"><style type=\"text\/css\"><\/style><div class=\"fusion-title title fusion-title-2 fusion-sep-none fusion-title-text fusion-title-size-one\" style=\"margin-top:0px;margin-bottom:0px;\"><h1 class=\"title-heading-left\" style=\"margin:0;\"><h3 style=\"text-align: left;\">2. Erfolgshonorar<\/h3><\/h1><\/div><div class=\"fusion-text\"><p style=\"text-align: justify;\">Sie zahlen nur dann f\u00fcr die Dienstleistung, wenn sie erfolgreich Ihre Entsch\u00e4digung erbringt. Das Honorar setzt sich in den meisten F\u00e4llen aus einem Prozentsatz der Gesamtentsch\u00e4digung und einer Mehrwertsteuer zusammen.<\/p>\n<\/div><\/div><\/div><div  class=\"fusion-layout-column fusion_builder_column fusion_builder_column_1_3  fusion-one-third fusion-column-last 1_3\"  style='margin-top: 0px;margin-bottom: 20px;width:33.33%;width:calc(33.33% - ( ( 4% + 4% ) * 0.3333 ) );'><div class=\"fusion-column-wrapper fusion-column-wrapper-3\" style=\"padding: 0px 0px 0px 0px;background-position:left top;background-repeat:no-repeat;-webkit-background-size:cover;-moz-background-size:cover;-o-background-size:cover;background-size:cover;\"  data-bg-url=\"\"><style type=\"text\/css\"><\/style><div class=\"fusion-title title fusion-title-3 fusion-sep-none fusion-title-text fusion-title-size-one\" style=\"margin-top:0px;margin-bottom:0px;\"><h1 class=\"title-heading-left\" style=\"margin:0;\"><h3 style=\"text-align: left;\">3. Online-Rezensionen<\/h3><\/h1><\/div><div class=\"fusion-text\"><p style=\"text-align: justify;\">Bewertungen fr\u00fcherer Kunden sprechen B\u00e4nde \u00fcber ein Unternehmen und seine Erfolge. Wir achten darauf, gute und schlechte Bewertungen zu sichten, um uns ein umfassendes Bild von den Dienstleistungen zu machen, die das Unternehmen seinen Kunden bieten kann.<\/p>\n<\/div><\/div><\/div><\/div><div class=\"fusion-builder-row fusion-builder-row-inner fusion-row \"><div  class=\"fusion-layout-column fusion_builder_column fusion_builder_column_1_3  fusion-one-third fusion-column-first 1_3\"  style='margin-top: 0px;margin-bottom: 20px;width:33.33%;width:calc(33.33% - ( ( 4% + 4% ) * 0.3333 ) );margin-right:4%;'><div class=\"fusion-column-wrapper fusion-column-wrapper-4\" style=\"padding: 0px 0px 0px 0px;background-position:left top;background-repeat:no-repeat;-webkit-background-size:cover;-moz-background-size:cover;-o-background-size:cover;background-size:cover;\"  data-bg-url=\"\"><style type=\"text\/css\"><\/style><div class=\"fusion-title title fusion-title-4 fusion-sep-none fusion-title-text fusion-title-size-one\" style=\"margin-top:0px;margin-bottom:0px;\"><h1 class=\"title-heading-left\" style=\"margin:0;\"><h3 style=\"text-align: left;\">4. Kundenservice<\/h3><\/h1><\/div><div class=\"fusion-text\"><p style=\"text-align: justify;\">Der Kundenservice ist ein wesentlicher Bestandteil jeder Gesch\u00e4ftserfahrung, und wir legen mehr Wert auf Unternehmen, die sich bem\u00fchen, ihren Kunden ein kundenfreundliches Umfeld zu bieten.<\/p>\n<\/div><\/div><\/div><div  class=\"fusion-layout-column fusion_builder_column fusion_builder_column_1_3  fusion-one-third 1_3\"  style='margin-top: 0px;margin-bottom: 20px;width:33.33%;width:calc(33.33% - ( ( 4% + 4% ) * 0.3333 ) );margin-right:4%;'><div class=\"fusion-column-wrapper fusion-column-wrapper-5\" style=\"padding: 0px 0px 0px 0px;background-position:left top;background-repeat:no-repeat;-webkit-background-size:cover;-moz-background-size:cover;-o-background-size:cover;background-size:cover;\"  data-bg-url=\"\"><style type=\"text\/css\"><\/style><div class=\"fusion-title title fusion-title-5 fusion-sep-none fusion-title-text fusion-title-size-one\" style=\"margin-top:0px;margin-bottom:0px;\"><h1 class=\"title-heading-left\" style=\"margin:0;\"><h3 style=\"text-align: left;\">5. Benutzerfreundlichkeit<\/h3><\/h1><\/div><div class=\"fusion-text\"><p style=\"text-align: justify;\">Der Prozess der Flugentsch\u00e4digung ist schon verwirrend genug und nicht etwas, das jeder plant. Die Flugentsch\u00e4digungshilfe sollte den Prozess einfach und leicht machen.<\/p>\n<\/div><\/div><\/div><div  class=\"fusion-layout-column fusion_builder_column fusion_builder_column_1_3  fusion-one-third fusion-column-last 1_3\"  style='margin-top: 0px;margin-bottom: 20px;width:33.33%;width:calc(33.33% - ( ( 4% + 4% ) * 0.3333 ) );'><div class=\"fusion-column-wrapper fusion-column-wrapper-6\" style=\"padding: 0px 0px 0px 0px;background-position:left top;background-repeat:no-repeat;-webkit-background-size:cover;-moz-background-size:cover;-o-background-size:cover;background-size:cover;\"  data-bg-url=\"\"><style type=\"text\/css\"><\/style><div class=\"fusion-title title fusion-title-6 fusion-sep-none fusion-title-text fusion-title-size-one\" style=\"margin-top:0px;margin-bottom:0px;\"><h1 class=\"title-heading-left\" style=\"margin:0;\"><h3 style=\"text-align: left;\">6. Sprachen<\/h3><\/h1><\/div><div class=\"fusion-text\"><p style=\"text-align: justify;\">Die EU umfasst eine sehr vielf\u00e4ltige Ansammlung von Menschen und Kulturen, so dass diese Unternehmen in der Lage sein m\u00fcssen, dies mit verschiedenen Unterk\u00fcnften und vielen verschiedenen Sprachoptionen auszugleichen.<\/p>\n<\/div><\/div><\/div><\/div><div class=\"fusion-clearfix\"><\/div>\n\n\t\t\t\t\t<\/div>\n\t\t\t\t<\/div><div  class=\"fusion-layout-column fusion_builder_column fusion_builder_column_1_1 fusion-builder-column-4 fusion-one-full fusion-column-first fusion-column-last 1_1\"  style='margin-top:0px;margin-bottom:0px;'>\n\t\t\t\t\t<div class=\"fusion-column-wrapper\" style=\"padding: 0px 0px 0px 0px;background-position:left top;background-repeat:no-repeat;-webkit-background-size:cover;-moz-background-size:cover;-o-background-size:cover;background-size:cover;\"   data-bg-url=\"\">\n\t\t\t\t\t\t<div class=\"fusion-text\"><p style=\"text-align: justify;\">Nach der Flugentsch\u00e4digungsverordnung haben Sie Anspruch auf Entsch\u00e4digung durch die Fluggesellschaften, und es ist wichtig, dass Sie die Unannehmlichkeiten, die eine Flugversp\u00e4tung oder -annullierung f\u00fcr Ihr Leben mit sich bringt, auch tats\u00e4chlich in Anspruch nehmen und einen finanziellen Ausgleich erhalten. Flugentsch\u00e4digungsunternehmen k\u00f6nnen einen wertvollen Dienst leisten, indem sie sich durch das b\u00fcrokratische System bewegen, um die Ihnen zustehenden Gelder zur\u00fcckzuerhalten, und wir m\u00f6chten sicherstellen, dass Sie mit den besten Unternehmen in Verbindung gebracht werden.<\/p>\n<\/div><div class=\"fusion-clearfix\"><\/div>\n\n\t\t\t\t\t<\/div>\n\t\t\t\t<\/div><\/div><\/div><\/p>\n","protected":false},"excerpt":{"rendered":"","protected":false},"author":1,"featured_media":0,"parent":0,"menu_order":0,"comment_status":"closed","ping_status":"closed","template":"","meta":{"footnotes":""},"yoast_head":"<title>\u00dcberpr\u00fcfungsprozess - EUFlightCompensation.com<\/title>\n<meta name=\"robots\" content=\"index, follow, max-snippet:-1, max-image-preview:large, max-video-preview:-1\" \/>\n<link rel=\"canonical\" href=\"https:\/\/euflightcompensation.com\/de\/ueberpruefungsprozess\/\" \/>\n<meta property=\"og:locale\" content=\"de_DE\" \/>\n<meta property=\"og:type\" content=\"article\" \/>\n<meta property=\"og:title\" content=\"\u00dcberpr\u00fcfungsprozess - EUFlightCompensation.com\" \/>\n<meta property=\"og:url\" content=\"https:\/\/euflightcompensation.com\/de\/ueberpruefungsprozess\/\" \/>\n<meta property=\"og:site_name\" content=\"EUFlightCompensation.com\" \/>\n<meta property=\"article:publisher\" content=\"https:\/\/www.facebook.com\/EUflightcompensationcom\" \/>\n<meta property=\"article:modified_time\" content=\"2023-04-03T13:47:50+00:00\" \/>\n<meta name=\"twitter:card\" content=\"summary_large_image\" \/>\n<meta name=\"twitter:label1\" content=\"Gesch\u00e4tzte Lesezeit\" \/>\n\t<meta name=\"twitter:data1\" content=\"13\u00a0Minuten\" \/>\n<script type=\"application\/ld+json\" class=\"yoast-schema-graph\">{\"@context\":\"https:\/\/schema.org\",\"@graph\":[{\"@type\":\"WebPage\",\"@id\":\"https:\/\/euflightcompensation.com\/de\/ueberpruefungsprozess\/\",\"url\":\"https:\/\/euflightcompensation.com\/de\/ueberpruefungsprozess\/\",\"name\":\"\u00dcberpr\u00fcfungsprozess - EUFlightCompensation.com\",\"isPartOf\":{\"@id\":\"https:\/\/euflightcompensation.com\/de\/#website\"},\"datePublished\":\"2019-10-07T10:16:05+00:00\",\"dateModified\":\"2023-04-03T13:47:50+00:00\",\"breadcrumb\":{\"@id\":\"https:\/\/euflightcompensation.com\/de\/ueberpruefungsprozess\/#breadcrumb\"},\"inLanguage\":\"de\",\"potentialAction\":[{\"@type\":\"ReadAction\",\"target\":[\"https:\/\/euflightcompensation.com\/de\/ueberpruefungsprozess\/\"]}]},{\"@type\":\"BreadcrumbList\",\"@id\":\"https:\/\/euflightcompensation.com\/de\/ueberpruefungsprozess\/#breadcrumb\",\"itemListElement\":[{\"@type\":\"ListItem\",\"position\":1,\"name\":\"Home\",\"item\":\"https:\/\/euflightcompensation.com\/de\/\"},{\"@type\":\"ListItem\",\"position\":2,\"name\":\"\u00dcberpr\u00fcfungsprozess\"}]},{\"@type\":\"WebSite\",\"@id\":\"https:\/\/euflightcompensation.com\/de\/#website\",\"url\":\"https:\/\/euflightcompensation.com\/de\/\",\"name\":\"EUFlightCompensation.com\",\"description\":\"\",\"publisher\":{\"@id\":\"https:\/\/euflightcompensation.com\/de\/#organization\"},\"potentialAction\":[{\"@type\":\"SearchAction\",\"target\":{\"@type\":\"EntryPoint\",\"urlTemplate\":\"https:\/\/euflightcompensation.com\/de\/?s={search_term_string}\"},\"query-input\":\"required name=search_term_string\"}],\"inLanguage\":\"de\"},{\"@type\":\"Organization\",\"@id\":\"https:\/\/euflightcompensation.com\/de\/#organization\",\"name\":\"EU Flight Compensation\",\"url\":\"https:\/\/euflightcompensation.com\/de\/\",\"logo\":{\"@type\":\"ImageObject\",\"inLanguage\":\"de\",\"@id\":\"https:\/\/euflightcompensation.com\/de\/#\/schema\/logo\/image\/\",\"url\":\"https:\/\/euflightcompensation.com\/wp-content\/uploads\/2023\/05\/EU-Flight-Compensation-Logo-280x80-1.png\",\"contentUrl\":\"https:\/\/euflightcompensation.com\/wp-content\/uploads\/2023\/05\/EU-Flight-Compensation-Logo-280x80-1.png\",\"width\":280,\"height\":80,\"caption\":\"EU Flight Compensation\"},\"image\":{\"@id\":\"https:\/\/euflightcompensation.com\/de\/#\/schema\/logo\/image\/\"},\"sameAs\":[\"https:\/\/www.facebook.com\/EUflightcompensationcom\"]}]}<\/script>","yoast_head_json":{"title":"\u00dcberpr\u00fcfungsprozess - EUFlightCompensation.com","robots":{"index":"index","follow":"follow","max-snippet":"max-snippet:-1","max-image-preview":"max-image-preview:large","max-video-preview":"max-video-preview:-1"},"canonical":"https:\/\/euflightcompensation.com\/de\/ueberpruefungsprozess\/","og_locale":"de_DE","og_type":"article","og_title":"\u00dcberpr\u00fcfungsprozess - EUFlightCompensation.com","og_url":"https:\/\/euflightcompensation.com\/de\/ueberpruefungsprozess\/","og_site_name":"EUFlightCompensation.com","article_publisher":"https:\/\/www.facebook.com\/EUflightcompensationcom","article_modified_time":"2023-04-03T13:47:50+00:00","twitter_card":"summary_large_image","twitter_misc":{"Gesch\u00e4tzte Lesezeit":"13\u00a0Minuten"},"schema":{"@context":"https:\/\/schema.org","@graph":[{"@type":"WebPage","@id":"https:\/\/euflightcompensation.com\/de\/ueberpruefungsprozess\/","url":"https:\/\/euflightcompensation.com\/de\/ueberpruefungsprozess\/","name":"\u00dcberpr\u00fcfungsprozess - EUFlightCompensation.com","isPartOf":{"@id":"https:\/\/euflightcompensation.com\/de\/#website"},"datePublished":"2019-10-07T10:16:05+00:00","dateModified":"2023-04-03T13:47:50+00:00","breadcrumb":{"@id":"https:\/\/euflightcompensation.com\/de\/ueberpruefungsprozess\/#breadcrumb"},"inLanguage":"de","potentialAction":[{"@type":"ReadAction","target":["https:\/\/euflightcompensation.com\/de\/ueberpruefungsprozess\/"]}]},{"@type":"BreadcrumbList","@id":"https:\/\/euflightcompensation.com\/de\/ueberpruefungsprozess\/#breadcrumb","itemListElement":[{"@type":"ListItem","position":1,"name":"Home","item":"https:\/\/euflightcompensation.com\/de\/"},{"@type":"ListItem","position":2,"name":"\u00dcberpr\u00fcfungsprozess"}]},{"@type":"WebSite","@id":"https:\/\/euflightcompensation.com\/de\/#website","url":"https:\/\/euflightcompensation.com\/de\/","name":"EUFlightCompensation.com","description":"","publisher":{"@id":"https:\/\/euflightcompensation.com\/de\/#organization"},"potentialAction":[{"@type":"SearchAction","target":{"@type":"EntryPoint","urlTemplate":"https:\/\/euflightcompensation.com\/de\/?s={search_term_string}"},"query-input":"required name=search_term_string"}],"inLanguage":"de"},{"@type":"Organization","@id":"https:\/\/euflightcompensation.com\/de\/#organization","name":"EU Flight Compensation","url":"https:\/\/euflightcompensation.com\/de\/","logo":{"@type":"ImageObject","inLanguage":"de","@id":"https:\/\/euflightcompensation.com\/de\/#\/schema\/logo\/image\/","url":"https:\/\/euflightcompensation.com\/wp-content\/uploads\/2023\/05\/EU-Flight-Compensation-Logo-280x80-1.png","contentUrl":"https:\/\/euflightcompensation.com\/wp-content\/uploads\/2023\/05\/EU-Flight-Compensation-Logo-280x80-1.png","width":280,"height":80,"caption":"EU Flight Compensation"},"image":{"@id":"https:\/\/euflightcompensation.com\/de\/#\/schema\/logo\/image\/"},"sameAs":["https:\/\/www.facebook.com\/EUflightcompensationcom"]}]}},"_links":{"self":[{"href":"https:\/\/euflightcompensation.com\/de\/wp-json\/wp\/v2\/pages\/14644"}],"collection":[{"href":"https:\/\/euflightcompensation.com\/de\/wp-json\/wp\/v2\/pages"}],"about":[{"href":"https:\/\/euflightcompensation.com\/de\/wp-json\/wp\/v2\/types\/page"}],"author":[{"embeddable":true,"href":"https:\/\/euflightcompensation.com\/de\/wp-json\/wp\/v2\/users\/1"}],"replies":[{"embeddable":true,"href":"https:\/\/euflightcompensation.com\/de\/wp-json\/wp\/v2\/comments?post=14644"}],"version-history":[{"count":0,"href":"https:\/\/euflightcompensation.com\/de\/wp-json\/wp\/v2\/pages\/14644\/revisions"}],"wp:attachment":[{"href":"https:\/\/euflightcompensation.com\/de\/wp-json\/wp\/v2\/media?parent=14644"}],"curies":[{"name":"wp","href":"https:\/\/api.w.org\/{rel}","templated":true}]}}