{"id":54204,"date":"2024-04-13T16:09:23","date_gmt":"2024-04-13T15:09:23","guid":{"rendered":"https:\/\/euflightcompensation.com\/cookie-declaration\/"},"modified":"2024-04-19T11:28:48","modified_gmt":"2024-04-19T10:28:48","slug":"prohlaseni-o-cookies","status":"publish","type":"page","link":"https:\/\/euflightcompensation.com\/cs\/prohlaseni-o-cookies\/","title":{"rendered":"Prohl\u00e1\u0161en\u00ed o Cookies"},"content":{"rendered":"<p><script id=\"CookieDeclaration\" src=\"https:\/\/consent.cookiebot.com\/1e6daace-9de1-4d46-bb4a-03ea57d88587\/cd.js\" type=\"text\/javascript\" data-culture=\"cs\" async><\/script><\/p>\n","protected":false},"excerpt":{"rendered":"","protected":false},"author":1,"featured_media":0,"parent":0,"menu_order":0,"comment_status":"closed","ping_status":"closed","template":"","meta":{"footnotes":""},"yoast_head":"<title>Prohl\u00e1\u0161en\u00ed o Cookies - EUFlightCompensation.com<\/title>\n<meta name=\"robots\" content=\"noindex, nofollow\" \/>\n<meta property=\"og:locale\" content=\"cs_CZ\" \/>\n<meta property=\"og:type\" content=\"article\" \/>\n<meta property=\"og:title\" content=\"Prohl\u00e1\u0161en\u00ed o Cookies - EUFlightCompensation.com\" \/>\n<meta property=\"og:url\" content=\"https:\/\/euflightcompensation.com\/cs\/prohlaseni-o-cookies\/\" \/>\n<meta property=\"og:site_name\" content=\"EUFlightCompensation.com\" \/>\n<meta property=\"article:publisher\" content=\"https:\/\/www.facebook.com\/EUflightcompensationcom\" \/>\n<meta property=\"article:modified_time\" content=\"2024-04-19T10:28:48+00:00\" \/>\n<meta name=\"twitter:card\" content=\"summary_large_image\" \/>\n<meta name=\"twitter:label1\" content=\"Odhadovan\u00e1 doba \u010dten\u00ed\" \/>\n\t<meta name=\"twitter:data1\" content=\"1 minuta\" \/>\n<script type=\"application\/ld+json\" class=\"yoast-schema-graph\">{\"@context\":\"https:\/\/schema.org\",\"@graph\":[{\"@type\":\"WebPage\",\"@id\":\"https:\/\/euflightcompensation.com\/cs\/prohlaseni-o-cookies\/\",\"url\":\"https:\/\/euflightcompensation.com\/cs\/prohlaseni-o-cookies\/\",\"name\":\"Prohl\u00e1\u0161en\u00ed o Cookies - EUFlightCompensation.com\",\"isPartOf\":{\"@id\":\"https:\/\/euflightcompensation.com\/cs\/#website\"},\"datePublished\":\"2024-04-13T15:09:23+00:00\",\"dateModified\":\"2024-04-19T10:28:48+00:00\",\"breadcrumb\":{\"@id\":\"https:\/\/euflightcompensation.com\/cs\/prohlaseni-o-cookies\/#breadcrumb\"},\"inLanguage\":\"cs\",\"potentialAction\":[{\"@type\":\"ReadAction\",\"target\":[\"https:\/\/euflightcompensation.com\/cs\/prohlaseni-o-cookies\/\"]}]},{\"@type\":\"BreadcrumbList\",\"@id\":\"https:\/\/euflightcompensation.com\/cs\/prohlaseni-o-cookies\/#breadcrumb\",\"itemListElement\":[{\"@type\":\"ListItem\",\"position\":1,\"name\":\"Home\",\"item\":\"https:\/\/euflightcompensation.com\/cs\/\"},{\"@type\":\"ListItem\",\"position\":2,\"name\":\"Prohl\u00e1\u0161en\u00ed o Cookies\"}]},{\"@type\":\"WebSite\",\"@id\":\"https:\/\/euflightcompensation.com\/cs\/#website\",\"url\":\"https:\/\/euflightcompensation.com\/cs\/\",\"name\":\"EUFlightCompensation.com\",\"description\":\"\",\"publisher\":{\"@id\":\"https:\/\/euflightcompensation.com\/cs\/#organization\"},\"potentialAction\":[{\"@type\":\"SearchAction\",\"target\":{\"@type\":\"EntryPoint\",\"urlTemplate\":\"https:\/\/euflightcompensation.com\/cs\/?s={search_term_string}\"},\"query-input\":\"required name=search_term_string\"}],\"inLanguage\":\"cs\"},{\"@type\":\"Organization\",\"@id\":\"https:\/\/euflightcompensation.com\/cs\/#organization\",\"name\":\"EU Flight Compensation\",\"url\":\"https:\/\/euflightcompensation.com\/cs\/\",\"logo\":{\"@type\":\"ImageObject\",\"inLanguage\":\"cs\",\"@id\":\"https:\/\/euflightcompensation.com\/cs\/#\/schema\/logo\/image\/\",\"url\":\"https:\/\/euflightcompensation.com\/wp-content\/uploads\/2023\/05\/EU-Flight-Compensation-Logo-280x80-1.png\",\"contentUrl\":\"https:\/\/euflightcompensation.com\/wp-content\/uploads\/2023\/05\/EU-Flight-Compensation-Logo-280x80-1.png\",\"width\":280,\"height\":80,\"caption\":\"EU Flight Compensation\"},\"image\":{\"@id\":\"https:\/\/euflightcompensation.com\/cs\/#\/schema\/logo\/image\/\"},\"sameAs\":[\"https:\/\/www.facebook.com\/EUflightcompensationcom\"]}]}<\/script>","yoast_head_json":{"title":"Prohl\u00e1\u0161en\u00ed o Cookies - EUFlightCompensation.com","robots":{"index":"noindex","follow":"nofollow"},"og_locale":"cs_CZ","og_type":"article","og_title":"Prohl\u00e1\u0161en\u00ed o Cookies - EUFlightCompensation.com","og_url":"https:\/\/euflightcompensation.com\/cs\/prohlaseni-o-cookies\/","og_site_name":"EUFlightCompensation.com","article_publisher":"https:\/\/www.facebook.com\/EUflightcompensationcom","article_modified_time":"2024-04-19T10:28:48+00:00","twitter_card":"summary_large_image","twitter_misc":{"Odhadovan\u00e1 doba \u010dten\u00ed":"1 minuta"},"schema":{"@context":"https:\/\/schema.org","@graph":[{"@type":"WebPage","@id":"https:\/\/euflightcompensation.com\/cs\/prohlaseni-o-cookies\/","url":"https:\/\/euflightcompensation.com\/cs\/prohlaseni-o-cookies\/","name":"Prohl\u00e1\u0161en\u00ed o Cookies - EUFlightCompensation.com","isPartOf":{"@id":"https:\/\/euflightcompensation.com\/cs\/#website"},"datePublished":"2024-04-13T15:09:23+00:00","dateModified":"2024-04-19T10:28:48+00:00","breadcrumb":{"@id":"https:\/\/euflightcompensation.com\/cs\/prohlaseni-o-cookies\/#breadcrumb"},"inLanguage":"cs","potentialAction":[{"@type":"ReadAction","target":["https:\/\/euflightcompensation.com\/cs\/prohlaseni-o-cookies\/"]}]},{"@type":"BreadcrumbList","@id":"https:\/\/euflightcompensation.com\/cs\/prohlaseni-o-cookies\/#breadcrumb","itemListElement":[{"@type":"ListItem","position":1,"name":"Home","item":"https:\/\/euflightcompensation.com\/cs\/"},{"@type":"ListItem","position":2,"name":"Prohl\u00e1\u0161en\u00ed o Cookies"}]},{"@type":"WebSite","@id":"https:\/\/euflightcompensation.com\/cs\/#website","url":"https:\/\/euflightcompensation.com\/cs\/","name":"EUFlightCompensation.com","description":"","publisher":{"@id":"https:\/\/euflightcompensation.com\/cs\/#organization"},"potentialAction":[{"@type":"SearchAction","target":{"@type":"EntryPoint","urlTemplate":"https:\/\/euflightcompensation.com\/cs\/?s={search_term_string}"},"query-input":"required name=search_term_string"}],"inLanguage":"cs"},{"@type":"Organization","@id":"https:\/\/euflightcompensation.com\/cs\/#organization","name":"EU Flight Compensation","url":"https:\/\/euflightcompensation.com\/cs\/","logo":{"@type":"ImageObject","inLanguage":"cs","@id":"https:\/\/euflightcompensation.com\/cs\/#\/schema\/logo\/image\/","url":"https:\/\/euflightcompensation.com\/wp-content\/uploads\/2023\/05\/EU-Flight-Compensation-Logo-280x80-1.png","contentUrl":"https:\/\/euflightcompensation.com\/wp-content\/uploads\/2023\/05\/EU-Flight-Compensation-Logo-280x80-1.png","width":280,"height":80,"caption":"EU Flight Compensation"},"image":{"@id":"https:\/\/euflightcompensation.com\/cs\/#\/schema\/logo\/image\/"},"sameAs":["https:\/\/www.facebook.com\/EUflightcompensationcom"]}]}},"_links":{"self":[{"href":"https:\/\/euflightcompensation.com\/cs\/wp-json\/wp\/v2\/pages\/54204"}],"collection":[{"href":"https:\/\/euflightcompensation.com\/cs\/wp-json\/wp\/v2\/pages"}],"about":[{"href":"https:\/\/euflightcompensation.com\/cs\/wp-json\/wp\/v2\/types\/page"}],"author":[{"embeddable":true,"href":"https:\/\/euflightcompensation.com\/cs\/wp-json\/wp\/v2\/users\/1"}],"replies":[{"embeddable":true,"href":"https:\/\/euflightcompensation.com\/cs\/wp-json\/wp\/v2\/comments?post=54204"}],"version-history":[{"count":1,"href":"https:\/\/euflightcompensation.com\/cs\/wp-json\/wp\/v2\/pages\/54204\/revisions"}],"predecessor-version":[{"id":54245,"href":"https:\/\/euflightcompensation.com\/cs\/wp-json\/wp\/v2\/pages\/54204\/revisions\/54245"}],"wp:attachment":[{"href":"https:\/\/euflightcompensation.com\/cs\/wp-json\/wp\/v2\/media?parent=54204"}],"curies":[{"name":"wp","href":"https:\/\/api.w.org\/{rel}","templated":true}]}}