{"id":26772,"date":"2002-12-27T08:16:56","date_gmt":"2002-12-27T08:16:56","guid":{"rendered":"https:\/\/euflightcompensation.com\/porovnani\/claimcompass-vs-airhelp\/"},"modified":"2023-03-27T05:10:06","modified_gmt":"2023-03-27T04:10:06","slug":"claimcompass-vs-airhelp","status":"publish","type":"page","link":"https:\/\/euflightcompensation.com\/cs\/porovnani\/claimcompass-vs-airhelp\/","title":{"rendered":"Claimcompass.eu vs Airhelp.com"},"content":{"rendered":"<style type=\"text\/css\">.fusion-image-before-after-1 .fusion-image-before-after-handle {border-color:#ffffff;}.fusion-image-before-after-1 .fusion-image-before-after-left-arrow {border-right-color:#ffffff;}.fusion-image-before-after-1 .fusion-image-before-after-right-arrow {border-left-color:#ffffff;}.fusion-image-before-after-1 .fusion-image-before-after-handle::after {background:#ffffff;box-shadow: 0 3px 0 #ffffff, 0 0 12px rgba(51,51,51,.5);}.fusion-image-before-after-1 .fusion-image-before-after-handle::before {background:#ffffff;box-shadow: 0 3px 0 #ffffff, 0 0 12px rgba(51,51,51,.5);}.fusion-image-before-after-1 .fusion-image-before-after-handle {background:rgba(255,255,255,0);}.fusion-image-before-after-1 .fusion-image-before-after-before-label:before,.fusion-image-before-after-1 .fusion-image-before-after-after-label:before{font-size:13px;}.fusion-image-before-after-1 .fusion-image-before-after-before-label:before,.fusion-image-before-after-1 .fusion-image-before-after-after-label:before{color:#ffffff;background:rgba(255,255,255,0.15);}<\/style><div class=\"fusion-image-before-after-wrapper fusion-image-before-after-horizontal fusion-image-before-after-wrapper-1\"><div class=\"fusion-image-before-after-element fusion-image-before-after fusion-image-before-after-container fusion-image-before-after-1\" data-offset=\"0.5\" data-orientation=\"horizontal\" data-move-with-handle-only=\"true\" data-click-to-move=\"true\"><img fetchpriority=\"high\" decoding=\"async\" alt=\"Claimcompass.eu\" class=\"fusion-image-before-after-before\" src=\"https:\/\/euflightcompensation.com\/wp-content\/uploads\/2019\/10\/claimcompass-800x400.jpg\" width=\"800\" height=\"400\"><img decoding=\"async\" alt=\"Airhelp.com\" class=\"fusion-image-before-after-after\" src=\"https:\/\/euflightcompensation.com\/wp-content\/uploads\/2021\/07\/Airhelp-website.jpg\" width=\"800\" height=\"400\"><div class=\"fusion-image-before-after-overlay before-after-overlay-image-centered\"><div class=\"fusion-image-before-after-before-label\" data-content=\"Claimcompass.eu\"><\/div><div class=\"fusion-image-before-after-after-label\" data-content=\"Airhelp.com\"><\/div><\/div><div class=\"fusion-image-before-after-handle fusion-image-before-after-handle-default\"><span class=\"fusion-image-before-after-left-arrow\"><\/span><span class=\"fusion-image-before-after-right-arrow\"><\/span><\/div><\/div><\/div>\n<p>&nbsp;<\/p>\n<p style=\"text-align: justify;\">Claimcompass.eu m\u00e1 jednoduch\u00fd postup pro z\u00edsk\u00e1n\u00ed od\u0161kodn\u011bn\u00ed, tak\u017ee je pom\u011brn\u011b snadn\u00e9 jej pou\u017e\u00edvat. \u00da\u010dtuj\u00ed si 35 % poplatek za slu\u017eby, co\u017e je v tomto odv\u011btv\u00ed standardn\u00ed, a nab\u00edzej\u00ed lh\u016ftu 8-16 t\u00fddn\u016f. Recenze t\u00e9to spole\u010dnosti jsou standardn\u00ed a klienti ji hodnot\u00ed pozitivn\u011b na 81 %.<\/p>\n<p style=\"text-align: justify;\">Airhelp nab\u00edz\u00ed klient\u016fm o n\u011bco v\u00edce pen\u011bz zp\u011bt ne\u017e Claimcompass, a to za stejn\u00fd servisn\u00ed poplatek 35 %. Slu\u017eba poskytovan\u00e1 spole\u010dnost\u00ed Airhelp obvykle trv\u00e1 8 a\u017e 14 t\u00fddn\u016f. Zd\u00e1 se, \u017ee u\u017eivatelsk\u00e9 recenze d\u00e1vaj\u00ed p\u0159ednost tak\u00e9 spole\u010dnosti AirHelp.<\/p>\n<p>&nbsp;<\/p>\n<h2 style=\"text-align: center;\">Srovn\u00e1n\u00ed Claimcompass vs Airhelp 2026<\/h2>\n<p>&nbsp;<\/p>\n<div class=\"table-2\">\n<table width=\"100%\">\n<thead>\n<tr>\n<th style=\"text-align: center;\" align=\"left\">Spole\u010dnost<\/th>\n<th style=\"text-align: left;\" align=\"left\">Zem\u011b<\/th>\n<th style=\"text-align: center;\" align=\"left\">Pr\u016fm\u011brn\u00e1 pohled\u00e1vka<\/th>\n<th style=\"text-align: center;\" align=\"left\">Poplatek za \u00fasp\u011b\u0161n\u00e9 proveden\u00ed<\/th>\n<th style=\"text-align: center;\" align=\"left\">\u010casov\u00fd r\u00e1mec<\/th>\n<th align=\"left\"><\/th>\n<\/tr>\n<\/thead>\n<tbody>\n<tr>\n<td style=\"text-align: left;\" align=\"left\"><a href=\"https:\/\/euflightcompensation.com\/cs\/hodnoceni\/claimcompass\/\"><img decoding=\"async\" class=\"aligncenter size-full wp-image-4798\" src=\"https:\/\/euflightcompensation.com\/wp-content\/uploads\/2020\/06\/Claimcompass.png\" alt=\"Claimcompass\" width=\"100\" height=\"29\" \/><\/a><\/td>\n<td style=\"text-align: center;\" align=\"left\"><img loading=\"lazy\" decoding=\"async\" class=\"wp-image-1794 size-full aligncenter\" style=\"text-align: center;\" src=\"https:\/\/euflightcompensation.com\/wp-content\/uploads\/2020\/01\/United-States-flag.png\" alt=\"United States flag\" width=\"32\" height=\"32\" \/><\/td>\n<td style=\"text-align: center;\" align=\"left\">300\u20ac<\/td>\n<td style=\"text-align: center;\" align=\"left\">88\u20ac &#8211; 210\u20ac<\/td>\n<td style=\"text-align: center;\" align=\"left\">8 &#8211; 16 t\u00fddn\u016f<\/td>\n<td align=\"left\"><div class=\"fusion-button-wrapper fusion-aligncenter\"><style type=\"text\/css\">.fusion-button.button-1 .fusion-button-text, .fusion-button.button-1 i {color:#ffffff;}.fusion-button.button-1 .fusion-button-icon-divider{border-color:#ffffff;}.fusion-button.button-1:hover .fusion-button-text, .fusion-button.button-1:hover i,.fusion-button.button-1:focus .fusion-button-text, .fusion-button.button-1:focus i,.fusion-button.button-1:active .fusion-button-text, .fusion-button.button-1:active{color:#ffffff;}.fusion-button.button-1:hover .fusion-button-icon-divider, .fusion-button.button-1:hover .fusion-button-icon-divider, .fusion-button.button-1:active .fusion-button-icon-divider{border-color:#ffffff;}.fusion-button.button-1:hover, .fusion-button.button-1:focus, .fusion-button.button-1:active{border-color:#ffffff;}.fusion-button.button-1 {border-color:#ffffff;border-radius:2px;}.fusion-button.button-1{background: #228cdb;}.fusion-button.button-1:hover,.button-1:focus,.fusion-button.button-1:active{background: #228cdb;}<\/style><a class=\"fusion-button button-flat button-small button-custom button-1 fusion-button-default-span fusion-button-default-type\" target=\"_blank\" rel=\"noopener noreferrer nofollow\" href=\"https:\/\/euflightcompensation.com\/recommends\/claimcompasscs\/\"><span class=\"fusion-button-text\"><span data-sheets-value=\"{&quot;1&quot;:2,&quot;2&quot;:&quot;PO\u017d\u00c1DAT O OD\u0160KODN\u011aN\u00cd&quot;}\" data-sheets-userformat=\"{&quot;2&quot;:771,&quot;3&quot;:{&quot;1&quot;:0},&quot;4&quot;:{&quot;1&quot;:3,&quot;3&quot;:2},&quot;11&quot;:4,&quot;12&quot;:0}\">PO\u017d\u00c1DAT O OD\u0160KODN\u011aN\u00cd<\/span><\/span><\/a><\/div><\/td>\n<\/tr>\n<\/tbody>\n<tbody>\n<tr>\n<td style=\"text-align: left;\" align=\"left\"><a href=\"https:\/\/euflightcompensation.com\/cs\/hodnoceni\/airhelp\/\"><img loading=\"lazy\" decoding=\"async\" class=\"aligncenter size-full wp-image-4797\" src=\"https:\/\/euflightcompensation.com\/wp-content\/uploads\/2021\/07\/Airhelp.png\" alt=\"Airhelp\" width=\"100\" height=\"29\" \/><\/a><\/td>\n<td style=\"text-align: center;\" align=\"left\"><img loading=\"lazy\" decoding=\"async\" class=\"aligncenter wp-image-1789 size-full\" style=\"text-align: center;\" src=\"https:\/\/euflightcompensation.com\/wp-content\/uploads\/2020\/01\/Germany-flag.png\" alt=\"Germany flag\" width=\"32\" height=\"32\" \/><\/td>\n<td style=\"text-align: center;\" align=\"left\">315\u20ac<\/td>\n<td style=\"text-align: center;\" align=\"left\">88\u20ac &#8211; 210\u20ac<\/td>\n<td style=\"text-align: center;\" align=\"left\">8 &#8211; 14 t\u00fddn\u016f<\/td>\n<td align=\"left\"><div class=\"fusion-button-wrapper fusion-aligncenter\"><style type=\"text\/css\">.fusion-button.button-2 .fusion-button-text, .fusion-button.button-2 i {color:#ffffff;}.fusion-button.button-2 .fusion-button-icon-divider{border-color:#ffffff;}.fusion-button.button-2:hover .fusion-button-text, .fusion-button.button-2:hover i,.fusion-button.button-2:focus .fusion-button-text, .fusion-button.button-2:focus i,.fusion-button.button-2:active .fusion-button-text, .fusion-button.button-2:active{color:#ffffff;}.fusion-button.button-2:hover .fusion-button-icon-divider, .fusion-button.button-2:hover .fusion-button-icon-divider, .fusion-button.button-2:active .fusion-button-icon-divider{border-color:#ffffff;}.fusion-button.button-2:hover, .fusion-button.button-2:focus, .fusion-button.button-2:active{border-color:#ffffff;}.fusion-button.button-2 {border-color:#ffffff;border-radius:2px;}.fusion-button.button-2{background: #228cdb;}.fusion-button.button-2:hover,.button-2:focus,.fusion-button.button-2:active{background: #228cdb;}<\/style><a class=\"fusion-button button-flat button-small button-custom button-2 fusion-button-default-span fusion-button-default-type\" target=\"_blank\" rel=\"noopener noreferrer nofollow\" href=\"https:\/\/euflightcompensation.com\/recommends\/airhelpcs\/\"><span class=\"fusion-button-text\">PO\u017d\u00c1DAT O OD\u0160KODN\u011aN\u00cd<\/span><\/a><\/div><\/td>\n<\/tr>\n<\/tbody>\n<\/table>\n<\/div>\n","protected":false},"excerpt":{"rendered":"<p>&nbsp; Claimcompass.eu m\u00e1 jednoduch\u00fd postup pro z\u00edsk\u00e1n\u00ed od\u0161kodn\u011bn\u00ed, tak\u017ee je pom\u011brn\u011b snadn\u00e9 jej pou\u017e\u00edvat. \u00da\u010dtuj\u00ed si 35 % poplatek za slu\u017eby, co\u017e je v tomto odv\u011btv\u00ed standardn\u00ed, a nab\u00edzej\u00ed [&hellip;]<\/p>\n","protected":false},"author":1,"featured_media":0,"parent":26763,"menu_order":0,"comment_status":"closed","ping_status":"closed","template":"","meta":{"footnotes":""},"yoast_head":"<title>Srovn\u00e1n\u00ed Claimcompass vs Airhelp 2026 - EFC<\/title>\n<meta name=\"robots\" content=\"index, follow, max-snippet:-1, max-image-preview:large, max-video-preview:-1\" \/>\n<link rel=\"canonical\" href=\"https:\/\/euflightcompensation.com\/cs\/porovnani\/claimcompass-vs-airhelp\/\" \/>\n<meta property=\"og:locale\" content=\"cs_CZ\" \/>\n<meta property=\"og:type\" content=\"article\" \/>\n<meta property=\"og:title\" content=\"Srovn\u00e1n\u00ed Claimcompass vs Airhelp 2026 - EFC\" \/>\n<meta property=\"og:description\" content=\"&nbsp; Claimcompass.eu m\u00e1 jednoduch\u00fd postup pro z\u00edsk\u00e1n\u00ed od\u0161kodn\u011bn\u00ed, tak\u017ee je pom\u011brn\u011b snadn\u00e9 jej pou\u017e\u00edvat. \u00da\u010dtuj\u00ed si 35 % poplatek za slu\u017eby, co\u017e je v tomto odv\u011btv\u00ed standardn\u00ed, a nab\u00edzej\u00ed [&hellip;]\" \/>\n<meta property=\"og:url\" content=\"https:\/\/euflightcompensation.com\/cs\/porovnani\/claimcompass-vs-airhelp\/\" \/>\n<meta property=\"og:site_name\" content=\"EUFlightCompensation.com\" \/>\n<meta property=\"article:publisher\" content=\"https:\/\/www.facebook.com\/EUflightcompensationcom\" \/>\n<meta property=\"article:modified_time\" content=\"2023-03-27T04:10:06+00:00\" \/>\n<meta property=\"og:image\" content=\"https:\/\/euflightcompensation.com\/wp-content\/uploads\/2020\/06\/Claimcompass.png\" \/>\n<meta name=\"twitter:card\" content=\"summary_large_image\" \/>\n<meta name=\"twitter:label1\" content=\"Odhadovan\u00e1 doba \u010dten\u00ed\" \/>\n\t<meta name=\"twitter:data1\" content=\"2 minuty\" \/>\n<script type=\"application\/ld+json\" class=\"yoast-schema-graph\">{\"@context\":\"https:\/\/schema.org\",\"@graph\":[{\"@type\":\"WebPage\",\"@id\":\"https:\/\/euflightcompensation.com\/cs\/porovnani\/claimcompass-vs-airhelp\/\",\"url\":\"https:\/\/euflightcompensation.com\/cs\/porovnani\/claimcompass-vs-airhelp\/\",\"name\":\"Srovn\u00e1n\u00ed Claimcompass vs Airhelp 2026 - EFC\",\"isPartOf\":{\"@id\":\"https:\/\/euflightcompensation.com\/cs\/#website\"},\"primaryImageOfPage\":{\"@id\":\"https:\/\/euflightcompensation.com\/cs\/porovnani\/claimcompass-vs-airhelp\/#primaryimage\"},\"image\":{\"@id\":\"https:\/\/euflightcompensation.com\/cs\/porovnani\/claimcompass-vs-airhelp\/#primaryimage\"},\"thumbnailUrl\":\"https:\/\/euflightcompensation.com\/wp-content\/uploads\/2020\/06\/Claimcompass.png\",\"datePublished\":\"2002-12-27T08:16:56+00:00\",\"dateModified\":\"2023-03-27T04:10:06+00:00\",\"breadcrumb\":{\"@id\":\"https:\/\/euflightcompensation.com\/cs\/porovnani\/claimcompass-vs-airhelp\/#breadcrumb\"},\"inLanguage\":\"cs\",\"potentialAction\":[{\"@type\":\"ReadAction\",\"target\":[\"https:\/\/euflightcompensation.com\/cs\/porovnani\/claimcompass-vs-airhelp\/\"]}]},{\"@type\":\"ImageObject\",\"inLanguage\":\"cs\",\"@id\":\"https:\/\/euflightcompensation.com\/cs\/porovnani\/claimcompass-vs-airhelp\/#primaryimage\",\"url\":\"https:\/\/euflightcompensation.com\/wp-content\/uploads\/2020\/06\/Claimcompass.png\",\"contentUrl\":\"https:\/\/euflightcompensation.com\/wp-content\/uploads\/2020\/06\/Claimcompass.png\"},{\"@type\":\"BreadcrumbList\",\"@id\":\"https:\/\/euflightcompensation.com\/cs\/porovnani\/claimcompass-vs-airhelp\/#breadcrumb\",\"itemListElement\":[{\"@type\":\"ListItem\",\"position\":1,\"name\":\"Home\",\"item\":\"https:\/\/euflightcompensation.com\/cs\/\"},{\"@type\":\"ListItem\",\"position\":2,\"name\":\"Srovn\u00e1n\u00ed spole\u010dnost\u00ed poskytuj\u00edc\u00edch kompenzace za let\",\"item\":\"https:\/\/euflightcompensation.com\/cs\/porovnani\/\"},{\"@type\":\"ListItem\",\"position\":3,\"name\":\"Claimcompass.eu vs Airhelp.com\"}]},{\"@type\":\"WebSite\",\"@id\":\"https:\/\/euflightcompensation.com\/cs\/#website\",\"url\":\"https:\/\/euflightcompensation.com\/cs\/\",\"name\":\"EUFlightCompensation.com\",\"description\":\"\",\"publisher\":{\"@id\":\"https:\/\/euflightcompensation.com\/cs\/#organization\"},\"potentialAction\":[{\"@type\":\"SearchAction\",\"target\":{\"@type\":\"EntryPoint\",\"urlTemplate\":\"https:\/\/euflightcompensation.com\/cs\/?s={search_term_string}\"},\"query-input\":\"required name=search_term_string\"}],\"inLanguage\":\"cs\"},{\"@type\":\"Organization\",\"@id\":\"https:\/\/euflightcompensation.com\/cs\/#organization\",\"name\":\"EU Flight Compensation\",\"url\":\"https:\/\/euflightcompensation.com\/cs\/\",\"logo\":{\"@type\":\"ImageObject\",\"inLanguage\":\"cs\",\"@id\":\"https:\/\/euflightcompensation.com\/cs\/#\/schema\/logo\/image\/\",\"url\":\"https:\/\/euflightcompensation.com\/wp-content\/uploads\/2023\/05\/EU-Flight-Compensation-Logo-280x80-1.png\",\"contentUrl\":\"https:\/\/euflightcompensation.com\/wp-content\/uploads\/2023\/05\/EU-Flight-Compensation-Logo-280x80-1.png\",\"width\":280,\"height\":80,\"caption\":\"EU Flight Compensation\"},\"image\":{\"@id\":\"https:\/\/euflightcompensation.com\/cs\/#\/schema\/logo\/image\/\"},\"sameAs\":[\"https:\/\/www.facebook.com\/EUflightcompensationcom\"]}]}<\/script>","yoast_head_json":{"title":"Srovn\u00e1n\u00ed Claimcompass vs Airhelp 2026 - EFC","robots":{"index":"index","follow":"follow","max-snippet":"max-snippet:-1","max-image-preview":"max-image-preview:large","max-video-preview":"max-video-preview:-1"},"canonical":"https:\/\/euflightcompensation.com\/cs\/porovnani\/claimcompass-vs-airhelp\/","og_locale":"cs_CZ","og_type":"article","og_title":"Srovn\u00e1n\u00ed Claimcompass vs Airhelp 2026 - EFC","og_description":"&nbsp; Claimcompass.eu m\u00e1 jednoduch\u00fd postup pro z\u00edsk\u00e1n\u00ed od\u0161kodn\u011bn\u00ed, tak\u017ee je pom\u011brn\u011b snadn\u00e9 jej pou\u017e\u00edvat. \u00da\u010dtuj\u00ed si 35 % poplatek za slu\u017eby, co\u017e je v tomto odv\u011btv\u00ed standardn\u00ed, a nab\u00edzej\u00ed [&hellip;]","og_url":"https:\/\/euflightcompensation.com\/cs\/porovnani\/claimcompass-vs-airhelp\/","og_site_name":"EUFlightCompensation.com","article_publisher":"https:\/\/www.facebook.com\/EUflightcompensationcom","article_modified_time":"2023-03-27T04:10:06+00:00","og_image":[{"url":"https:\/\/euflightcompensation.com\/wp-content\/uploads\/2020\/06\/Claimcompass.png"}],"twitter_card":"summary_large_image","twitter_misc":{"Odhadovan\u00e1 doba \u010dten\u00ed":"2 minuty"},"schema":{"@context":"https:\/\/schema.org","@graph":[{"@type":"WebPage","@id":"https:\/\/euflightcompensation.com\/cs\/porovnani\/claimcompass-vs-airhelp\/","url":"https:\/\/euflightcompensation.com\/cs\/porovnani\/claimcompass-vs-airhelp\/","name":"Srovn\u00e1n\u00ed Claimcompass vs Airhelp 2026 - EFC","isPartOf":{"@id":"https:\/\/euflightcompensation.com\/cs\/#website"},"primaryImageOfPage":{"@id":"https:\/\/euflightcompensation.com\/cs\/porovnani\/claimcompass-vs-airhelp\/#primaryimage"},"image":{"@id":"https:\/\/euflightcompensation.com\/cs\/porovnani\/claimcompass-vs-airhelp\/#primaryimage"},"thumbnailUrl":"https:\/\/euflightcompensation.com\/wp-content\/uploads\/2020\/06\/Claimcompass.png","datePublished":"2002-12-27T08:16:56+00:00","dateModified":"2023-03-27T04:10:06+00:00","breadcrumb":{"@id":"https:\/\/euflightcompensation.com\/cs\/porovnani\/claimcompass-vs-airhelp\/#breadcrumb"},"inLanguage":"cs","potentialAction":[{"@type":"ReadAction","target":["https:\/\/euflightcompensation.com\/cs\/porovnani\/claimcompass-vs-airhelp\/"]}]},{"@type":"ImageObject","inLanguage":"cs","@id":"https:\/\/euflightcompensation.com\/cs\/porovnani\/claimcompass-vs-airhelp\/#primaryimage","url":"https:\/\/euflightcompensation.com\/wp-content\/uploads\/2020\/06\/Claimcompass.png","contentUrl":"https:\/\/euflightcompensation.com\/wp-content\/uploads\/2020\/06\/Claimcompass.png"},{"@type":"BreadcrumbList","@id":"https:\/\/euflightcompensation.com\/cs\/porovnani\/claimcompass-vs-airhelp\/#breadcrumb","itemListElement":[{"@type":"ListItem","position":1,"name":"Home","item":"https:\/\/euflightcompensation.com\/cs\/"},{"@type":"ListItem","position":2,"name":"Srovn\u00e1n\u00ed spole\u010dnost\u00ed poskytuj\u00edc\u00edch kompenzace za let","item":"https:\/\/euflightcompensation.com\/cs\/porovnani\/"},{"@type":"ListItem","position":3,"name":"Claimcompass.eu vs Airhelp.com"}]},{"@type":"WebSite","@id":"https:\/\/euflightcompensation.com\/cs\/#website","url":"https:\/\/euflightcompensation.com\/cs\/","name":"EUFlightCompensation.com","description":"","publisher":{"@id":"https:\/\/euflightcompensation.com\/cs\/#organization"},"potentialAction":[{"@type":"SearchAction","target":{"@type":"EntryPoint","urlTemplate":"https:\/\/euflightcompensation.com\/cs\/?s={search_term_string}"},"query-input":"required name=search_term_string"}],"inLanguage":"cs"},{"@type":"Organization","@id":"https:\/\/euflightcompensation.com\/cs\/#organization","name":"EU Flight Compensation","url":"https:\/\/euflightcompensation.com\/cs\/","logo":{"@type":"ImageObject","inLanguage":"cs","@id":"https:\/\/euflightcompensation.com\/cs\/#\/schema\/logo\/image\/","url":"https:\/\/euflightcompensation.com\/wp-content\/uploads\/2023\/05\/EU-Flight-Compensation-Logo-280x80-1.png","contentUrl":"https:\/\/euflightcompensation.com\/wp-content\/uploads\/2023\/05\/EU-Flight-Compensation-Logo-280x80-1.png","width":280,"height":80,"caption":"EU Flight Compensation"},"image":{"@id":"https:\/\/euflightcompensation.com\/cs\/#\/schema\/logo\/image\/"},"sameAs":["https:\/\/www.facebook.com\/EUflightcompensationcom"]}]}},"_links":{"self":[{"href":"https:\/\/euflightcompensation.com\/cs\/wp-json\/wp\/v2\/pages\/26772"}],"collection":[{"href":"https:\/\/euflightcompensation.com\/cs\/wp-json\/wp\/v2\/pages"}],"about":[{"href":"https:\/\/euflightcompensation.com\/cs\/wp-json\/wp\/v2\/types\/page"}],"author":[{"embeddable":true,"href":"https:\/\/euflightcompensation.com\/cs\/wp-json\/wp\/v2\/users\/1"}],"replies":[{"embeddable":true,"href":"https:\/\/euflightcompensation.com\/cs\/wp-json\/wp\/v2\/comments?post=26772"}],"version-history":[{"count":0,"href":"https:\/\/euflightcompensation.com\/cs\/wp-json\/wp\/v2\/pages\/26772\/revisions"}],"up":[{"embeddable":true,"href":"https:\/\/euflightcompensation.com\/cs\/wp-json\/wp\/v2\/pages\/26763"}],"wp:attachment":[{"href":"https:\/\/euflightcompensation.com\/cs\/wp-json\/wp\/v2\/media?parent=26772"}],"curies":[{"name":"wp","href":"https:\/\/api.w.org\/{rel}","templated":true}]}}