{"id":26766,"date":"2002-12-27T08:09:12","date_gmt":"2002-12-27T08:09:12","guid":{"rendered":"https:\/\/euflightcompensation.com\/porovnani\/skycop-vs-airhelp\/"},"modified":"2023-03-27T05:03:55","modified_gmt":"2023-03-27T04:03:55","slug":"skycop-vs-airhelp","status":"publish","type":"page","link":"https:\/\/euflightcompensation.com\/cs\/porovnani\/skycop-vs-airhelp\/","title":{"rendered":"Skycop.com vs Airhelp.com"},"content":{"rendered":"<div class=\"table-2\">\n<style type=\"text\/css\">.fusion-image-before-after-1 .fusion-image-before-after-handle {border-color:#ffffff;}.fusion-image-before-after-1 .fusion-image-before-after-left-arrow {border-right-color:#ffffff;}.fusion-image-before-after-1 .fusion-image-before-after-right-arrow {border-left-color:#ffffff;}.fusion-image-before-after-1 .fusion-image-before-after-handle::after {background:#ffffff;box-shadow: 0 3px 0 #ffffff, 0 0 12px rgba(51,51,51,.5);}.fusion-image-before-after-1 .fusion-image-before-after-handle::before {background:#ffffff;box-shadow: 0 3px 0 #ffffff, 0 0 12px rgba(51,51,51,.5);}.fusion-image-before-after-1 .fusion-image-before-after-handle {background:rgba(255,255,255,0);}.fusion-image-before-after-1 .fusion-image-before-after-before-label:before,.fusion-image-before-after-1 .fusion-image-before-after-after-label:before{font-size:13px;}.fusion-image-before-after-1 .fusion-image-before-after-before-label:before,.fusion-image-before-after-1 .fusion-image-before-after-after-label:before{color:#ffffff;background:rgba(255,255,255,0.15);}<\/style><div class=\"fusion-image-before-after-wrapper fusion-image-before-after-horizontal fusion-image-before-after-wrapper-1\"><div class=\"fusion-image-before-after-element fusion-image-before-after fusion-image-before-after-container fusion-image-before-after-1\" data-offset=\"0.5\" data-orientation=\"horizontal\" data-move-with-handle-only=\"true\" data-click-to-move=\"true\"><img fetchpriority=\"high\" decoding=\"async\" alt=\"Skycop.com\" class=\"fusion-image-before-after-before\" src=\"https:\/\/euflightcompensation.com\/wp-content\/uploads\/2019\/10\/skycop_800x400.jpg\" width=\"800\" height=\"400\"><img decoding=\"async\" alt=\"Airhelp.com\" class=\"fusion-image-before-after-after\" src=\"https:\/\/euflightcompensation.com\/wp-content\/uploads\/2021\/07\/Airhelp-website.jpg\" width=\"800\" height=\"400\"><div class=\"fusion-image-before-after-overlay before-after-overlay-image-centered\"><div class=\"fusion-image-before-after-before-label\" data-content=\"Skycop.com\"><\/div><div class=\"fusion-image-before-after-after-label\" data-content=\"Airhelp.com\"><\/div><\/div><div class=\"fusion-image-before-after-handle fusion-image-before-after-handle-default\"><span class=\"fusion-image-before-after-left-arrow\"><\/span><span class=\"fusion-image-before-after-right-arrow\"><\/span><\/div><\/div><\/div>\n<p>&nbsp;<\/p>\n<p class=\"Body\" style=\"text-align: justify;\">Skycop.com je nejlep\u0161\u00ed z nejlep\u0161\u00edch. S 88% vynikaj\u00edc\u00edm hodnocen\u00edm od sv\u00fdch klient\u016f m\u016f\u017ee Skycop t\u00e9m\u011b\u0159 naprosto zaru\u010dit spokojenost p\u0159i spolupr\u00e1ci s nimi. Jejich webov\u00e9 str\u00e1nky se snadno pou\u017e\u00edvaj\u00ed a pomohou v\u00e1m usnadnit a urychlit cel\u00fd proces. \u00da\u010dtuj\u00ed si poplatek za slu\u017eby ve v\u00fd\u0161i 25 % a pracuj\u00ed v \u010dasov\u00e9m rozmez\u00ed 6-12 t\u00fddn\u016f. Jsou jednou z nejlevn\u011bj\u0161\u00edch a nejrychlej\u0161\u00edch kompenza\u010dn\u00edch spole\u010dnost\u00ed.<\/p>\n<p class=\"Body\" style=\"text-align: justify;\">Podle na\u0161eho n\u00e1zoru nen\u00ed spole\u010dnost Airhelp.com tak skv\u011bl\u00e1 jako Skycop, ale jejich slu\u017eby jsou st\u00e1le mimo\u0159\u00e1dn\u011b dobr\u00e9. Nab\u00edzej\u00ed klient\u016fm p\u0159ibli\u017en\u011b stejnou \u010d\u00e1stku pen\u011bz zp\u011bt jako Skycop.com, jen za m\u00edrn\u011b vy\u0161\u0161\u00ed poplatek za slu\u017eby ve v\u00fd\u0161i 35 %. Jejich \u010dasov\u00fd r\u00e1mec je tak\u00e9 o n\u011bkolik t\u00fddn\u016f del\u0161\u00ed. Airhelp v\u00e1m p\u0159i spolupr\u00e1ci s nimi bude kr\u00fdt z\u00e1da, proto\u017ee maj\u00ed 87% vynikaj\u00edc\u00ed hodnocen\u00ed od sv\u00fdch klient\u016f.<\/p>\n<p>&nbsp;<\/p>\n<h2 style=\"text-align: center;\">Srovn\u00e1n\u00ed Skycop.com vs Airhelp.com 2026<\/h2>\n<p>&nbsp;<\/p>\n<table width=\"100%\">\n<thead>\n<tr>\n<th style=\"text-align: center;\" align=\"left\">Spole\u010dnost<\/th>\n<th style=\"text-align: left;\" align=\"left\">Zem\u011b<\/th>\n<th style=\"text-align: center;\" align=\"left\">Pr\u016fm\u011brn\u00e1 pohled\u00e1vka<\/th>\n<th style=\"text-align: center;\" align=\"left\">Poplatek za \u00fasp\u011b\u0161n\u00e9 proveden\u00ed<\/th>\n<th style=\"text-align: center;\" align=\"left\">\u010casov\u00fd r\u00e1mec<\/th>\n<th align=\"left\"><\/th>\n<\/tr>\n<\/thead>\n<tbody>\n<tr>\n<td style=\"text-align: left;\" align=\"left\"><a href=\"https:\/\/euflightcompensation.com\/cs\/hodnoceni\/skycop\/\"><img decoding=\"async\" class=\"aligncenter wp-image-4805 size-full\" src=\"https:\/\/euflightcompensation.com\/wp-content\/uploads\/2020\/06\/Skycop.png\" alt=\"Skycop\" width=\"100\" height=\"29\" \/><\/a><\/td>\n<td style=\"text-align: center;\" align=\"left\"><img loading=\"lazy\" decoding=\"async\" class=\"aligncenter wp-image-1785 size-full\" style=\"text-align: center; font-weight: bold;\" src=\"https:\/\/euflightcompensation.com\/wp-content\/uploads\/2020\/01\/Lithuania-flag.png\" alt=\"Lithuania flag\" width=\"32\" height=\"32\" \/><\/td>\n<td style=\"text-align: center;\" align=\"left\">320\u20ac<\/td>\n<td style=\"text-align: center;\" align=\"left\">75\u20ac \u2013 180\u20ac<\/td>\n<td style=\"text-align: center;\" align=\"left\">6 &#8211; 12 t\u00fddn\u016f<\/td>\n<td align=\"left\"><div class=\"fusion-button-wrapper fusion-aligncenter\"><style type=\"text\/css\">.fusion-button.button-1 .fusion-button-text, .fusion-button.button-1 i {color:#ffffff;}.fusion-button.button-1 .fusion-button-icon-divider{border-color:#ffffff;}.fusion-button.button-1:hover .fusion-button-text, .fusion-button.button-1:hover i,.fusion-button.button-1:focus .fusion-button-text, .fusion-button.button-1:focus i,.fusion-button.button-1:active .fusion-button-text, .fusion-button.button-1:active{color:#ffffff;}.fusion-button.button-1:hover .fusion-button-icon-divider, .fusion-button.button-1:hover .fusion-button-icon-divider, .fusion-button.button-1:active .fusion-button-icon-divider{border-color:#ffffff;}.fusion-button.button-1:hover, .fusion-button.button-1:focus, .fusion-button.button-1:active{border-color:#ffffff;}.fusion-button.button-1 {border-color:#ffffff;border-radius:2px;}.fusion-button.button-1{background: #228cdb;}.fusion-button.button-1:hover,.button-1:focus,.fusion-button.button-1:active{background: #228cdb;}<\/style><a class=\"fusion-button button-flat button-small button-custom button-1 fusion-button-default-span fusion-button-default-type\" target=\"_blank\" rel=\"noopener noreferrer nofollow\" href=\"https:\/\/euflightcompensation.com\/recommends\/skycopcs\/\"><span class=\"fusion-button-text\"><span data-sheets-value=\"{\" data-sheets-userformat=\"{\">PO\u017d\u00c1DAT O OD\u0160KODN\u011aN\u00cd<\/span><\/span><\/a><\/div><\/td>\n<\/tr>\n<\/tbody>\n<tbody>\n<tr>\n<td style=\"text-align: left;\" align=\"left\"><a href=\"https:\/\/euflightcompensation.com\/cs\/hodnoceni\/airhelp\/\"><img loading=\"lazy\" decoding=\"async\" class=\"alignnone wp-image-25283 size-full\" src=\"https:\/\/euflightcompensation.com\/wp-content\/uploads\/2021\/07\/Airhelp.png\" alt=\"\" width=\"100\" height=\"29\" \/><\/a><\/td>\n<td style=\"text-align: center;\" align=\"left\"><img loading=\"lazy\" decoding=\"async\" class=\"aligncenter wp-image-1789 size-full\" style=\"text-align: center;\" src=\"https:\/\/euflightcompensation.com\/wp-content\/uploads\/2020\/01\/Germany-flag.png\" alt=\"Germany flag\" width=\"32\" height=\"32\" \/><\/td>\n<td style=\"text-align: center;\" align=\"left\">315\u20ac<\/td>\n<td style=\"text-align: center;\" align=\"left\">88\u20ac &#8211; 210\u20ac<\/td>\n<td style=\"text-align: center;\" align=\"left\">8 &#8211; 14 t\u00fddn\u016f<\/td>\n<td align=\"left\"><div class=\"fusion-button-wrapper fusion-aligncenter\"><style type=\"text\/css\">.fusion-button.button-2 .fusion-button-text, .fusion-button.button-2 i {color:#ffffff;}.fusion-button.button-2 .fusion-button-icon-divider{border-color:#ffffff;}.fusion-button.button-2:hover .fusion-button-text, .fusion-button.button-2:hover i,.fusion-button.button-2:focus .fusion-button-text, .fusion-button.button-2:focus i,.fusion-button.button-2:active .fusion-button-text, .fusion-button.button-2:active{color:#ffffff;}.fusion-button.button-2:hover .fusion-button-icon-divider, .fusion-button.button-2:hover .fusion-button-icon-divider, .fusion-button.button-2:active .fusion-button-icon-divider{border-color:#ffffff;}.fusion-button.button-2:hover, .fusion-button.button-2:focus, .fusion-button.button-2:active{border-color:#ffffff;}.fusion-button.button-2 {border-color:#ffffff;border-radius:2px;}.fusion-button.button-2{background: #228cdb;}.fusion-button.button-2:hover,.button-2:focus,.fusion-button.button-2:active{background: #228cdb;}<\/style><a class=\"fusion-button button-flat button-small button-custom button-2 fusion-button-default-span fusion-button-default-type\" target=\"_blank\" rel=\"noopener noreferrer nofollow\" href=\"https:\/\/euflightcompensation.com\/recommends\/airhelpcs\/\"><span class=\"fusion-button-text\">PO\u017d\u00c1DAT O OD\u0160KODN\u011aN\u00cd<\/span><\/a><\/div><\/td>\n<\/tr>\n<\/tbody>\n<\/table>\n<\/div>\n<p>&nbsp;<\/p>\n","protected":false},"excerpt":{"rendered":"<p>&nbsp; Skycop.com je nejlep\u0161\u00ed z nejlep\u0161\u00edch. S 88% vynikaj\u00edc\u00edm hodnocen\u00edm od sv\u00fdch klient\u016f m\u016f\u017ee Skycop t\u00e9m\u011b\u0159 naprosto zaru\u010dit spokojenost p\u0159i spolupr\u00e1ci s nimi. Jejich webov\u00e9 str\u00e1nky se snadno pou\u017e\u00edvaj\u00ed [&hellip;]<\/p>\n","protected":false},"author":1,"featured_media":0,"parent":26763,"menu_order":0,"comment_status":"closed","ping_status":"closed","template":"","meta":{"footnotes":""},"yoast_head":"<title>Srovn\u00e1n\u00ed Skycop.com vs Airhelp.com 2026 - EFC<\/title>\n<meta name=\"robots\" content=\"index, follow, max-snippet:-1, max-image-preview:large, max-video-preview:-1\" \/>\n<link rel=\"canonical\" href=\"https:\/\/euflightcompensation.com\/cs\/porovnani\/skycop-vs-airhelp\/\" \/>\n<meta property=\"og:locale\" content=\"cs_CZ\" \/>\n<meta property=\"og:type\" content=\"article\" \/>\n<meta property=\"og:title\" content=\"Srovn\u00e1n\u00ed Skycop.com vs Airhelp.com 2026 - EFC\" \/>\n<meta property=\"og:description\" content=\"&nbsp; Skycop.com je nejlep\u0161\u00ed z nejlep\u0161\u00edch. S 88% vynikaj\u00edc\u00edm hodnocen\u00edm od sv\u00fdch klient\u016f m\u016f\u017ee Skycop t\u00e9m\u011b\u0159 naprosto zaru\u010dit spokojenost p\u0159i spolupr\u00e1ci s nimi. Jejich webov\u00e9 str\u00e1nky se snadno pou\u017e\u00edvaj\u00ed [&hellip;]\" \/>\n<meta property=\"og:url\" content=\"https:\/\/euflightcompensation.com\/cs\/porovnani\/skycop-vs-airhelp\/\" \/>\n<meta property=\"og:site_name\" content=\"EUFlightCompensation.com\" \/>\n<meta property=\"article:publisher\" content=\"https:\/\/www.facebook.com\/EUflightcompensationcom\" \/>\n<meta property=\"article:modified_time\" content=\"2023-03-27T04:03:55+00:00\" \/>\n<meta property=\"og:image\" content=\"https:\/\/euflightcompensation.com\/wp-content\/uploads\/2020\/06\/Skycop.png\" \/>\n<meta name=\"twitter:card\" content=\"summary_large_image\" \/>\n<meta name=\"twitter:label1\" content=\"Odhadovan\u00e1 doba \u010dten\u00ed\" \/>\n\t<meta name=\"twitter:data1\" content=\"2 minuty\" \/>\n<script type=\"application\/ld+json\" class=\"yoast-schema-graph\">{\"@context\":\"https:\/\/schema.org\",\"@graph\":[{\"@type\":\"WebPage\",\"@id\":\"https:\/\/euflightcompensation.com\/cs\/porovnani\/skycop-vs-airhelp\/\",\"url\":\"https:\/\/euflightcompensation.com\/cs\/porovnani\/skycop-vs-airhelp\/\",\"name\":\"Srovn\u00e1n\u00ed Skycop.com vs Airhelp.com 2026 - EFC\",\"isPartOf\":{\"@id\":\"https:\/\/euflightcompensation.com\/cs\/#website\"},\"primaryImageOfPage\":{\"@id\":\"https:\/\/euflightcompensation.com\/cs\/porovnani\/skycop-vs-airhelp\/#primaryimage\"},\"image\":{\"@id\":\"https:\/\/euflightcompensation.com\/cs\/porovnani\/skycop-vs-airhelp\/#primaryimage\"},\"thumbnailUrl\":\"https:\/\/euflightcompensation.com\/wp-content\/uploads\/2020\/06\/Skycop.png\",\"datePublished\":\"2002-12-27T08:09:12+00:00\",\"dateModified\":\"2023-03-27T04:03:55+00:00\",\"breadcrumb\":{\"@id\":\"https:\/\/euflightcompensation.com\/cs\/porovnani\/skycop-vs-airhelp\/#breadcrumb\"},\"inLanguage\":\"cs\",\"potentialAction\":[{\"@type\":\"ReadAction\",\"target\":[\"https:\/\/euflightcompensation.com\/cs\/porovnani\/skycop-vs-airhelp\/\"]}]},{\"@type\":\"ImageObject\",\"inLanguage\":\"cs\",\"@id\":\"https:\/\/euflightcompensation.com\/cs\/porovnani\/skycop-vs-airhelp\/#primaryimage\",\"url\":\"https:\/\/euflightcompensation.com\/wp-content\/uploads\/2020\/06\/Skycop.png\",\"contentUrl\":\"https:\/\/euflightcompensation.com\/wp-content\/uploads\/2020\/06\/Skycop.png\"},{\"@type\":\"BreadcrumbList\",\"@id\":\"https:\/\/euflightcompensation.com\/cs\/porovnani\/skycop-vs-airhelp\/#breadcrumb\",\"itemListElement\":[{\"@type\":\"ListItem\",\"position\":1,\"name\":\"Home\",\"item\":\"https:\/\/euflightcompensation.com\/cs\/\"},{\"@type\":\"ListItem\",\"position\":2,\"name\":\"Srovn\u00e1n\u00ed spole\u010dnost\u00ed poskytuj\u00edc\u00edch kompenzace za let\",\"item\":\"https:\/\/euflightcompensation.com\/cs\/porovnani\/\"},{\"@type\":\"ListItem\",\"position\":3,\"name\":\"Skycop.com vs Airhelp.com\"}]},{\"@type\":\"WebSite\",\"@id\":\"https:\/\/euflightcompensation.com\/cs\/#website\",\"url\":\"https:\/\/euflightcompensation.com\/cs\/\",\"name\":\"EUFlightCompensation.com\",\"description\":\"\",\"publisher\":{\"@id\":\"https:\/\/euflightcompensation.com\/cs\/#organization\"},\"potentialAction\":[{\"@type\":\"SearchAction\",\"target\":{\"@type\":\"EntryPoint\",\"urlTemplate\":\"https:\/\/euflightcompensation.com\/cs\/?s={search_term_string}\"},\"query-input\":\"required name=search_term_string\"}],\"inLanguage\":\"cs\"},{\"@type\":\"Organization\",\"@id\":\"https:\/\/euflightcompensation.com\/cs\/#organization\",\"name\":\"EU Flight Compensation\",\"url\":\"https:\/\/euflightcompensation.com\/cs\/\",\"logo\":{\"@type\":\"ImageObject\",\"inLanguage\":\"cs\",\"@id\":\"https:\/\/euflightcompensation.com\/cs\/#\/schema\/logo\/image\/\",\"url\":\"https:\/\/euflightcompensation.com\/wp-content\/uploads\/2023\/05\/EU-Flight-Compensation-Logo-280x80-1.png\",\"contentUrl\":\"https:\/\/euflightcompensation.com\/wp-content\/uploads\/2023\/05\/EU-Flight-Compensation-Logo-280x80-1.png\",\"width\":280,\"height\":80,\"caption\":\"EU Flight Compensation\"},\"image\":{\"@id\":\"https:\/\/euflightcompensation.com\/cs\/#\/schema\/logo\/image\/\"},\"sameAs\":[\"https:\/\/www.facebook.com\/EUflightcompensationcom\"]}]}<\/script>","yoast_head_json":{"title":"Srovn\u00e1n\u00ed Skycop.com vs Airhelp.com 2026 - EFC","robots":{"index":"index","follow":"follow","max-snippet":"max-snippet:-1","max-image-preview":"max-image-preview:large","max-video-preview":"max-video-preview:-1"},"canonical":"https:\/\/euflightcompensation.com\/cs\/porovnani\/skycop-vs-airhelp\/","og_locale":"cs_CZ","og_type":"article","og_title":"Srovn\u00e1n\u00ed Skycop.com vs Airhelp.com 2026 - EFC","og_description":"&nbsp; Skycop.com je nejlep\u0161\u00ed z nejlep\u0161\u00edch. S 88% vynikaj\u00edc\u00edm hodnocen\u00edm od sv\u00fdch klient\u016f m\u016f\u017ee Skycop t\u00e9m\u011b\u0159 naprosto zaru\u010dit spokojenost p\u0159i spolupr\u00e1ci s nimi. Jejich webov\u00e9 str\u00e1nky se snadno pou\u017e\u00edvaj\u00ed [&hellip;]","og_url":"https:\/\/euflightcompensation.com\/cs\/porovnani\/skycop-vs-airhelp\/","og_site_name":"EUFlightCompensation.com","article_publisher":"https:\/\/www.facebook.com\/EUflightcompensationcom","article_modified_time":"2023-03-27T04:03:55+00:00","og_image":[{"url":"https:\/\/euflightcompensation.com\/wp-content\/uploads\/2020\/06\/Skycop.png"}],"twitter_card":"summary_large_image","twitter_misc":{"Odhadovan\u00e1 doba \u010dten\u00ed":"2 minuty"},"schema":{"@context":"https:\/\/schema.org","@graph":[{"@type":"WebPage","@id":"https:\/\/euflightcompensation.com\/cs\/porovnani\/skycop-vs-airhelp\/","url":"https:\/\/euflightcompensation.com\/cs\/porovnani\/skycop-vs-airhelp\/","name":"Srovn\u00e1n\u00ed Skycop.com vs Airhelp.com 2026 - EFC","isPartOf":{"@id":"https:\/\/euflightcompensation.com\/cs\/#website"},"primaryImageOfPage":{"@id":"https:\/\/euflightcompensation.com\/cs\/porovnani\/skycop-vs-airhelp\/#primaryimage"},"image":{"@id":"https:\/\/euflightcompensation.com\/cs\/porovnani\/skycop-vs-airhelp\/#primaryimage"},"thumbnailUrl":"https:\/\/euflightcompensation.com\/wp-content\/uploads\/2020\/06\/Skycop.png","datePublished":"2002-12-27T08:09:12+00:00","dateModified":"2023-03-27T04:03:55+00:00","breadcrumb":{"@id":"https:\/\/euflightcompensation.com\/cs\/porovnani\/skycop-vs-airhelp\/#breadcrumb"},"inLanguage":"cs","potentialAction":[{"@type":"ReadAction","target":["https:\/\/euflightcompensation.com\/cs\/porovnani\/skycop-vs-airhelp\/"]}]},{"@type":"ImageObject","inLanguage":"cs","@id":"https:\/\/euflightcompensation.com\/cs\/porovnani\/skycop-vs-airhelp\/#primaryimage","url":"https:\/\/euflightcompensation.com\/wp-content\/uploads\/2020\/06\/Skycop.png","contentUrl":"https:\/\/euflightcompensation.com\/wp-content\/uploads\/2020\/06\/Skycop.png"},{"@type":"BreadcrumbList","@id":"https:\/\/euflightcompensation.com\/cs\/porovnani\/skycop-vs-airhelp\/#breadcrumb","itemListElement":[{"@type":"ListItem","position":1,"name":"Home","item":"https:\/\/euflightcompensation.com\/cs\/"},{"@type":"ListItem","position":2,"name":"Srovn\u00e1n\u00ed spole\u010dnost\u00ed poskytuj\u00edc\u00edch kompenzace za let","item":"https:\/\/euflightcompensation.com\/cs\/porovnani\/"},{"@type":"ListItem","position":3,"name":"Skycop.com vs Airhelp.com"}]},{"@type":"WebSite","@id":"https:\/\/euflightcompensation.com\/cs\/#website","url":"https:\/\/euflightcompensation.com\/cs\/","name":"EUFlightCompensation.com","description":"","publisher":{"@id":"https:\/\/euflightcompensation.com\/cs\/#organization"},"potentialAction":[{"@type":"SearchAction","target":{"@type":"EntryPoint","urlTemplate":"https:\/\/euflightcompensation.com\/cs\/?s={search_term_string}"},"query-input":"required name=search_term_string"}],"inLanguage":"cs"},{"@type":"Organization","@id":"https:\/\/euflightcompensation.com\/cs\/#organization","name":"EU Flight Compensation","url":"https:\/\/euflightcompensation.com\/cs\/","logo":{"@type":"ImageObject","inLanguage":"cs","@id":"https:\/\/euflightcompensation.com\/cs\/#\/schema\/logo\/image\/","url":"https:\/\/euflightcompensation.com\/wp-content\/uploads\/2023\/05\/EU-Flight-Compensation-Logo-280x80-1.png","contentUrl":"https:\/\/euflightcompensation.com\/wp-content\/uploads\/2023\/05\/EU-Flight-Compensation-Logo-280x80-1.png","width":280,"height":80,"caption":"EU Flight Compensation"},"image":{"@id":"https:\/\/euflightcompensation.com\/cs\/#\/schema\/logo\/image\/"},"sameAs":["https:\/\/www.facebook.com\/EUflightcompensationcom"]}]}},"_links":{"self":[{"href":"https:\/\/euflightcompensation.com\/cs\/wp-json\/wp\/v2\/pages\/26766"}],"collection":[{"href":"https:\/\/euflightcompensation.com\/cs\/wp-json\/wp\/v2\/pages"}],"about":[{"href":"https:\/\/euflightcompensation.com\/cs\/wp-json\/wp\/v2\/types\/page"}],"author":[{"embeddable":true,"href":"https:\/\/euflightcompensation.com\/cs\/wp-json\/wp\/v2\/users\/1"}],"replies":[{"embeddable":true,"href":"https:\/\/euflightcompensation.com\/cs\/wp-json\/wp\/v2\/comments?post=26766"}],"version-history":[{"count":0,"href":"https:\/\/euflightcompensation.com\/cs\/wp-json\/wp\/v2\/pages\/26766\/revisions"}],"up":[{"embeddable":true,"href":"https:\/\/euflightcompensation.com\/cs\/wp-json\/wp\/v2\/pages\/26763"}],"wp:attachment":[{"href":"https:\/\/euflightcompensation.com\/cs\/wp-json\/wp\/v2\/media?parent=26766"}],"curies":[{"name":"wp","href":"https:\/\/api.w.org\/{rel}","templated":true}]}}