{"id":26495,"date":"2019-10-26T10:17:59","date_gmt":"2019-10-26T09:17:59","guid":{"rendered":"https:\/\/euflightcompensation.com\/advertiser-disclosure\/"},"modified":"2023-03-21T02:43:10","modified_gmt":"2023-03-21T02:43:10","slug":"zpristupneni-informaci-inzerentu","status":"publish","type":"page","link":"https:\/\/euflightcompensation.com\/cs\/zpristupneni-informaci-inzerentu\/","title":{"rendered":"Zp\u0159\u00edstupn\u011bn\u00ed informac\u00ed inzerent\u016f"},"content":{"rendered":"<h3 style=\"text-align: justify;\">EUFlightCompensation.com je webov\u00e1 str\u00e1nka podporovan\u00e1 \u010dten\u00e1\u0159i.<\/h3>\n<p style=\"text-align: justify;\">Z n\u011bkter\u00fdch slu\u017eeb a produkt\u016f uveden\u00fdch na t\u011bchto str\u00e1nk\u00e1ch z\u00edsk\u00e1v\u00e1me provize.<\/p>\n<p style=\"text-align: justify;\">K tomu dojde, kdy\u017e kliknete na na\u0161e partnersk\u00e9 odkazy a nakonec nakoup\u00edte u n\u00ed\u017ee uveden\u00fdch poskytovatel\u016f kompenzace za let. Partnersk\u00fd odkaz je jedine\u010dn\u00fd odkaz poskytnut\u00fd partner\u016fm k propagaci online slu\u017eby (nebo produktu), kter\u00fd je n\u00e1sledn\u011b pou\u017eit k p\u0159ips\u00e1n\u00ed proviz\u00ed z prodeje partnerovi.<\/p>\n<ul style=\"text-align: justify;\">\n<li>Skycop (Skycop.com)<\/li>\n<li>Airhelp (Airhelp.com)<\/li>\n<li>Claimcompass (Claimcompass.eu)<\/li>\n<\/ul>\n<p style=\"text-align: justify;\">Toho vyu\u017e\u00edv\u00e1 v\u011bt\u0161ina webov\u00fdch str\u00e1nek typu &#8222;Flight compensation reviews&#8220; na internetu. Bohu\u017eel je \u010dasto skryt\u00fd, aby si lid\u00e9 mysleli, \u017ee nevyd\u011bl\u00e1vaj\u00ed \u017e\u00e1dn\u00e9 provize &#8211; co\u017e nen\u00ed pravda.<\/p>\n<p style=\"text-align: justify;\">P.S. Nejsme spojeni se v\u0161emi (24) uveden\u00fdmi poskytovateli n\u00e1hradn\u00edch let\u016f, ale pouze s t\u011bmito t\u0159emi.<\/p>\n<h3 style=\"text-align: justify;\">Pro\u010d jsme partnery t\u011bchto poskytovatel\u016f n\u00e1hrad let\u016f?<\/h3>\n<p style=\"text-align: justify;\">Kdy\u017e jsme poprv\u00e9 spustili EuFlightCompensation.com, nebyli jsme spojeni s \u017e\u00e1dnou ze spole\u010dnost\u00ed uveden\u00fdch na na\u0161ich str\u00e1nk\u00e1ch.<\/p>\n<p style=\"text-align: justify;\">Rychle jsme si v\u0161ak uv\u011bdomili, \u017ee pr\u016fzkum spole\u010dnost\u00ed poskytuj\u00edc\u00edch kompenzace za let m\u016f\u017ee zabrat spoustu \u010dasu a pen\u011bz. Abychom udr\u017eeli na\u0161e str\u00e1nky v provozu, rozhodli jsme se vyu\u017e\u00edt partnersk\u00e9 odkazy &#8211; abychom se vyhnuli reklamn\u00edm banner\u016fm a vyskakovac\u00edm okn\u016fm.<\/p>\n<p style=\"text-align: justify;\">V neposledn\u00ed \u0159ad\u011b jsme osobn\u011b zjistili, \u017ee tyto spole\u010dnosti poskytuj\u00edc\u00ed kompenzace za lety jsou lep\u0161\u00ed ne\u017e jin\u00e9.<\/p>\n<h3 style=\"text-align: justify;\">Bude v\u00e1s to st\u00e1t v\u00edce pen\u011bz?<\/h3>\n<p style=\"text-align: justify;\">Ne, nebude v\u00e1s to st\u00e1t v\u00edce pen\u011bz.<\/p>\n<h3 style=\"text-align: justify;\">M\u00e1 to vliv na hodnocen\u00ed recenz\u00ed?<\/h3>\n<p>Ne, nem\u00e1. Pod\u00edvejte se na n\u00e1\u0161 \u0161estikrokov\u00fd proces hodnocen\u00ed.<\/p>\n<p style=\"text-align: justify;\"><strong>Upozorn\u011bn\u00ed:<\/strong> Posouzen\u00ed n\u00e1hrady za let je subjektivn\u00ed z\u00e1le\u017eitost\u00ed. Hled\u00e1n\u00ed &#8222;nejlep\u0161\u00ed spole\u010dnosti pro kompenzaci let\u016f&#8220; je tak\u00e9 velmi subjektivn\u00ed. Proto si p\u0159ed objedn\u00e1n\u00edm n\u011bkter\u00e9 ze slu\u017eeb kompenzace let\u016f nezapome\u0148te p\u0159e\u010d\u00edst v\u00edce recenz\u00ed na internetu, porovnat funkce a prov\u00e9st vlastn\u00ed hloubkovou kontrolu.<\/p>\n<p style=\"text-align: justify;\">Podle na\u0161ich test\u016f to nem\u00e1 vliv na hodnocen\u00ed ani na n\u00e1\u0161 syst\u00e9m hodnocen\u00ed. Zde je uvedeno hodnocen\u00ed poskytovatel\u016f na na\u0161ich str\u00e1nk\u00e1ch:<\/p>\n<ul style=\"text-align: justify;\">\n<li>Zjist\u00edme pr\u016fm\u011brnou v\u00fd\u0161i od\u0161kodn\u011bn\u00ed;<\/li>\n<li>Zjist\u00edme, jak\u00e1 je jejich provize za \u00fasp\u011b\u0161n\u00e9 vy\u0159\u00edzen\u00ed reklamace;<\/li>\n<li>Zkontrolujeme jejich recenze;<\/li>\n<li>Testujeme, jak je na tom jejich z\u00e1kaznick\u00fd servis;<\/li>\n<li>Otestujte jejich snadn\u00e9 pou\u017e\u00edv\u00e1n\u00ed;<\/li>\n<li>Zjist\u00edme, kolik jazyk\u016f podporuj\u00ed.<\/li>\n<\/ul>\n<p style=\"text-align: justify;\">Podrobn\u011bj\u0161\u00ed informace o procesu hodnocen\u00ed a p\u0159ezkumu naleznete v n\u00e1sleduj\u00edc\u00edm textu.<\/p>\n<h3 style=\"text-align: justify;\">Pro\u010d to zve\u0159ej\u0148ujeme?<\/h3>\n<p style=\"text-align: justify;\">Chceme b\u00fdt otev\u0159en\u00ed k na\u0161im n\u00e1v\u0161t\u011bvn\u00edk\u016fm. Na\u0161e recenze pova\u017eujeme za zcela objektivn\u00ed. M\u00e1te v\u0161ak pr\u00e1vo v\u011bd\u011bt, zda dost\u00e1v\u00e1me odm\u011bnu od n\u011bjak\u00e9 spole\u010dnosti, abyste to mohli vz\u00edt v \u00favahu p\u0159i \u010dten\u00ed na\u0161ich recenz\u00ed.<\/p>\n<p style=\"text-align: justify;\">Op\u011bt chceme b\u00fdt k v\u00e1m, na\u0161im n\u00e1v\u0161t\u011bvn\u00edk\u016fm, up\u0159\u00edmn\u00ed.<\/p>\n","protected":false},"excerpt":{"rendered":"<p>EUFlightCompensation.com je webov\u00e1 str\u00e1nka podporovan\u00e1 \u010dten\u00e1\u0159i. Z n\u011bkter\u00fdch slu\u017eeb a produkt\u016f uveden\u00fdch na t\u011bchto str\u00e1nk\u00e1ch z\u00edsk\u00e1v\u00e1me provize. K tomu dojde, kdy\u017e kliknete na na\u0161e partnersk\u00e9 odkazy a nakonec nakoup\u00edte [&hellip;]<\/p>\n","protected":false},"author":1,"featured_media":0,"parent":0,"menu_order":0,"comment_status":"closed","ping_status":"closed","template":"","meta":{"footnotes":""},"yoast_head":"<title>Zp\u0159\u00edstupn\u011bn\u00ed informac\u00ed inzerent\u016f - EFC<\/title>\n<meta name=\"robots\" content=\"index, nofollow, max-snippet:-1, max-image-preview:large, max-video-preview:-1\" \/>\n<link rel=\"canonical\" href=\"https:\/\/euflightcompensation.com\/cs\/zpristupneni-informaci-inzerentu\/\" \/>\n<meta property=\"og:locale\" content=\"cs_CZ\" \/>\n<meta property=\"og:type\" content=\"article\" \/>\n<meta property=\"og:title\" content=\"Zp\u0159\u00edstupn\u011bn\u00ed informac\u00ed inzerent\u016f - EFC\" \/>\n<meta property=\"og:description\" content=\"EUFlightCompensation.com je webov\u00e1 str\u00e1nka podporovan\u00e1 \u010dten\u00e1\u0159i. Z n\u011bkter\u00fdch slu\u017eeb a produkt\u016f uveden\u00fdch na t\u011bchto str\u00e1nk\u00e1ch z\u00edsk\u00e1v\u00e1me provize. K tomu dojde, kdy\u017e kliknete na na\u0161e partnersk\u00e9 odkazy a nakonec nakoup\u00edte [&hellip;]\" \/>\n<meta property=\"og:url\" content=\"https:\/\/euflightcompensation.com\/cs\/zpristupneni-informaci-inzerentu\/\" \/>\n<meta property=\"og:site_name\" content=\"EUFlightCompensation.com\" \/>\n<meta property=\"article:publisher\" content=\"https:\/\/www.facebook.com\/EUflightcompensationcom\" \/>\n<meta property=\"article:modified_time\" content=\"2023-03-21T02:43:10+00:00\" \/>\n<meta name=\"twitter:card\" content=\"summary_large_image\" \/>\n<meta name=\"twitter:label1\" content=\"Odhadovan\u00e1 doba \u010dten\u00ed\" \/>\n\t<meta name=\"twitter:data1\" content=\"2 minuty\" \/>\n<script type=\"application\/ld+json\" class=\"yoast-schema-graph\">{\"@context\":\"https:\/\/schema.org\",\"@graph\":[{\"@type\":\"WebPage\",\"@id\":\"https:\/\/euflightcompensation.com\/cs\/zpristupneni-informaci-inzerentu\/\",\"url\":\"https:\/\/euflightcompensation.com\/cs\/zpristupneni-informaci-inzerentu\/\",\"name\":\"Zp\u0159\u00edstupn\u011bn\u00ed informac\u00ed inzerent\u016f - EFC\",\"isPartOf\":{\"@id\":\"https:\/\/euflightcompensation.com\/cs\/#website\"},\"datePublished\":\"2019-10-26T09:17:59+00:00\",\"dateModified\":\"2023-03-21T02:43:10+00:00\",\"breadcrumb\":{\"@id\":\"https:\/\/euflightcompensation.com\/cs\/zpristupneni-informaci-inzerentu\/#breadcrumb\"},\"inLanguage\":\"cs\",\"potentialAction\":[{\"@type\":\"ReadAction\",\"target\":[\"https:\/\/euflightcompensation.com\/cs\/zpristupneni-informaci-inzerentu\/\"]}]},{\"@type\":\"BreadcrumbList\",\"@id\":\"https:\/\/euflightcompensation.com\/cs\/zpristupneni-informaci-inzerentu\/#breadcrumb\",\"itemListElement\":[{\"@type\":\"ListItem\",\"position\":1,\"name\":\"Home\",\"item\":\"https:\/\/euflightcompensation.com\/cs\/\"},{\"@type\":\"ListItem\",\"position\":2,\"name\":\"Zp\u0159\u00edstupn\u011bn\u00ed informac\u00ed inzerent\u016f\"}]},{\"@type\":\"WebSite\",\"@id\":\"https:\/\/euflightcompensation.com\/cs\/#website\",\"url\":\"https:\/\/euflightcompensation.com\/cs\/\",\"name\":\"EUFlightCompensation.com\",\"description\":\"\",\"publisher\":{\"@id\":\"https:\/\/euflightcompensation.com\/cs\/#organization\"},\"potentialAction\":[{\"@type\":\"SearchAction\",\"target\":{\"@type\":\"EntryPoint\",\"urlTemplate\":\"https:\/\/euflightcompensation.com\/cs\/?s={search_term_string}\"},\"query-input\":\"required name=search_term_string\"}],\"inLanguage\":\"cs\"},{\"@type\":\"Organization\",\"@id\":\"https:\/\/euflightcompensation.com\/cs\/#organization\",\"name\":\"EU Flight Compensation\",\"url\":\"https:\/\/euflightcompensation.com\/cs\/\",\"logo\":{\"@type\":\"ImageObject\",\"inLanguage\":\"cs\",\"@id\":\"https:\/\/euflightcompensation.com\/cs\/#\/schema\/logo\/image\/\",\"url\":\"https:\/\/euflightcompensation.com\/wp-content\/uploads\/2023\/05\/EU-Flight-Compensation-Logo-280x80-1.png\",\"contentUrl\":\"https:\/\/euflightcompensation.com\/wp-content\/uploads\/2023\/05\/EU-Flight-Compensation-Logo-280x80-1.png\",\"width\":280,\"height\":80,\"caption\":\"EU Flight Compensation\"},\"image\":{\"@id\":\"https:\/\/euflightcompensation.com\/cs\/#\/schema\/logo\/image\/\"},\"sameAs\":[\"https:\/\/www.facebook.com\/EUflightcompensationcom\"]}]}<\/script>","yoast_head_json":{"title":"Zp\u0159\u00edstupn\u011bn\u00ed informac\u00ed inzerent\u016f - EFC","robots":{"index":"index","follow":"nofollow","max-snippet":"max-snippet:-1","max-image-preview":"max-image-preview:large","max-video-preview":"max-video-preview:-1"},"canonical":"https:\/\/euflightcompensation.com\/cs\/zpristupneni-informaci-inzerentu\/","og_locale":"cs_CZ","og_type":"article","og_title":"Zp\u0159\u00edstupn\u011bn\u00ed informac\u00ed inzerent\u016f - EFC","og_description":"EUFlightCompensation.com je webov\u00e1 str\u00e1nka podporovan\u00e1 \u010dten\u00e1\u0159i. Z n\u011bkter\u00fdch slu\u017eeb a produkt\u016f uveden\u00fdch na t\u011bchto str\u00e1nk\u00e1ch z\u00edsk\u00e1v\u00e1me provize. K tomu dojde, kdy\u017e kliknete na na\u0161e partnersk\u00e9 odkazy a nakonec nakoup\u00edte [&hellip;]","og_url":"https:\/\/euflightcompensation.com\/cs\/zpristupneni-informaci-inzerentu\/","og_site_name":"EUFlightCompensation.com","article_publisher":"https:\/\/www.facebook.com\/EUflightcompensationcom","article_modified_time":"2023-03-21T02:43:10+00:00","twitter_card":"summary_large_image","twitter_misc":{"Odhadovan\u00e1 doba \u010dten\u00ed":"2 minuty"},"schema":{"@context":"https:\/\/schema.org","@graph":[{"@type":"WebPage","@id":"https:\/\/euflightcompensation.com\/cs\/zpristupneni-informaci-inzerentu\/","url":"https:\/\/euflightcompensation.com\/cs\/zpristupneni-informaci-inzerentu\/","name":"Zp\u0159\u00edstupn\u011bn\u00ed informac\u00ed inzerent\u016f - EFC","isPartOf":{"@id":"https:\/\/euflightcompensation.com\/cs\/#website"},"datePublished":"2019-10-26T09:17:59+00:00","dateModified":"2023-03-21T02:43:10+00:00","breadcrumb":{"@id":"https:\/\/euflightcompensation.com\/cs\/zpristupneni-informaci-inzerentu\/#breadcrumb"},"inLanguage":"cs","potentialAction":[{"@type":"ReadAction","target":["https:\/\/euflightcompensation.com\/cs\/zpristupneni-informaci-inzerentu\/"]}]},{"@type":"BreadcrumbList","@id":"https:\/\/euflightcompensation.com\/cs\/zpristupneni-informaci-inzerentu\/#breadcrumb","itemListElement":[{"@type":"ListItem","position":1,"name":"Home","item":"https:\/\/euflightcompensation.com\/cs\/"},{"@type":"ListItem","position":2,"name":"Zp\u0159\u00edstupn\u011bn\u00ed informac\u00ed inzerent\u016f"}]},{"@type":"WebSite","@id":"https:\/\/euflightcompensation.com\/cs\/#website","url":"https:\/\/euflightcompensation.com\/cs\/","name":"EUFlightCompensation.com","description":"","publisher":{"@id":"https:\/\/euflightcompensation.com\/cs\/#organization"},"potentialAction":[{"@type":"SearchAction","target":{"@type":"EntryPoint","urlTemplate":"https:\/\/euflightcompensation.com\/cs\/?s={search_term_string}"},"query-input":"required name=search_term_string"}],"inLanguage":"cs"},{"@type":"Organization","@id":"https:\/\/euflightcompensation.com\/cs\/#organization","name":"EU Flight Compensation","url":"https:\/\/euflightcompensation.com\/cs\/","logo":{"@type":"ImageObject","inLanguage":"cs","@id":"https:\/\/euflightcompensation.com\/cs\/#\/schema\/logo\/image\/","url":"https:\/\/euflightcompensation.com\/wp-content\/uploads\/2023\/05\/EU-Flight-Compensation-Logo-280x80-1.png","contentUrl":"https:\/\/euflightcompensation.com\/wp-content\/uploads\/2023\/05\/EU-Flight-Compensation-Logo-280x80-1.png","width":280,"height":80,"caption":"EU Flight Compensation"},"image":{"@id":"https:\/\/euflightcompensation.com\/cs\/#\/schema\/logo\/image\/"},"sameAs":["https:\/\/www.facebook.com\/EUflightcompensationcom"]}]}},"_links":{"self":[{"href":"https:\/\/euflightcompensation.com\/cs\/wp-json\/wp\/v2\/pages\/26495"}],"collection":[{"href":"https:\/\/euflightcompensation.com\/cs\/wp-json\/wp\/v2\/pages"}],"about":[{"href":"https:\/\/euflightcompensation.com\/cs\/wp-json\/wp\/v2\/types\/page"}],"author":[{"embeddable":true,"href":"https:\/\/euflightcompensation.com\/cs\/wp-json\/wp\/v2\/users\/1"}],"replies":[{"embeddable":true,"href":"https:\/\/euflightcompensation.com\/cs\/wp-json\/wp\/v2\/comments?post=26495"}],"version-history":[{"count":0,"href":"https:\/\/euflightcompensation.com\/cs\/wp-json\/wp\/v2\/pages\/26495\/revisions"}],"wp:attachment":[{"href":"https:\/\/euflightcompensation.com\/cs\/wp-json\/wp\/v2\/media?parent=26495"}],"curies":[{"name":"wp","href":"https:\/\/api.w.org\/{rel}","templated":true}]}}