{"id":26489,"date":"2000-12-17T18:08:38","date_gmt":"2000-12-17T18:08:38","guid":{"rendered":"https:\/\/euflightcompensation.com\/about-us\/"},"modified":"2024-02-05T08:28:23","modified_gmt":"2024-02-05T08:28:23","slug":"o-nas","status":"publish","type":"page","link":"https:\/\/euflightcompensation.com\/cs\/o-nas\/","title":{"rendered":"O n\u00e1s"},"content":{"rendered":"<div class=\"fusion-fullwidth fullwidth-box fusion-builder-row-1 nonhundred-percent-fullwidth non-hundred-percent-height-scrolling\"  style='background-color: rgba(255,255,255,0);background-position: center center;background-repeat: no-repeat;padding-top:0px;padding-right:0px;padding-bottom:0px;padding-left:0px;'><div class=\"fusion-builder-row fusion-row \"><div  class=\"fusion-layout-column fusion_builder_column fusion_builder_column_2_3 fusion-builder-column-1 fusion-two-third fusion-column-first 2_3\"  style='margin-top:0px;margin-bottom:20px;width:66.66%;width:calc(66.66% - ( ( 4% ) * 0.6666 ) );margin-right: 4%;'>\n\t\t\t\t\t<div class=\"fusion-column-wrapper\" style=\"padding: 0px 0px 0px 0px;background-position:left top;background-repeat:no-repeat;-webkit-background-size:cover;-moz-background-size:cover;-o-background-size:cover;background-size:cover;\"   data-bg-url=\"\">\n\t\t\t\t\t\t<div class=\"fusion-text\"><p class=\"Body\" style=\"text-align: justify;\">V dne\u0161n\u00ed dob\u011b se bohu\u017eel st\u00e1le \u010dast\u011bji setk\u00e1v\u00e1me se zpo\u017ed\u011bn\u00edm let\u016f. Mnoho cestuj\u00edc\u00edch sed\u00ed na leti\u0161t\u00edch, zat\u00edmco jejich let se hodinu po hodin\u011b zpo\u017e\u010fuje, a\u017e tam sed\u00ed nezn\u00e1mo jak dlouho. N\u011bkte\u0159\u00ed cestuj\u00edc\u00ed maj\u00ed to \u0161t\u011bst\u00ed, \u017ee jejich let m\u00e1 zpo\u017ed\u011bn\u00ed jen n\u011bkolik hodin, zat\u00edmco jin\u00ed cestuj\u00edc\u00ed mus\u00ed na leti\u0161ti str\u00e1vit noc, zat\u00edmco \u010dekaj\u00ed na dal\u0161\u00ed voln\u00fd let. Mnoho z t\u011bchto lid\u00ed tak\u00e9 nev\u00ed, \u017ee podle na\u0159\u00edzen\u00ed ES \u010d. 261\/2004 pro n\u011b existuj\u00ed mo\u017enosti od\u0161kodn\u011bn\u00ed. V \u00fanoru 2004 EK rozhodla, \u017ee cestuj\u00edc\u00ed, kte\u0159\u00ed za\u017eij\u00ed zpo\u017ed\u011bn\u00ed del\u0161\u00ed ne\u017e t\u0159i hodiny, zru\u0161en\u00fd let nebo nejsou vpu\u0161t\u011bni do letadla z d\u016fvodu nadm\u011brn\u00e9 rezervace, by m\u011bli dostat od\u0161kodn\u011bn\u00ed za sv\u00e9 nep\u0159\u00edjemnosti a ztr\u00e1tu \u010dasu a pen\u011bz. Po tomto rozhodnut\u00ed vzniklo v Evrop\u011b mnoho spole\u010dnost\u00ed poskytuj\u00edc\u00edch od\u0161kodn\u011bn\u00ed za zpo\u017ed\u011bn\u00ed let\u016f.<\/p>\n<p class=\"Body\" style=\"text-align: justify;\">Kdy\u017e uv\u00edznete na leti\u0161ti a jste ji\u017e vy\u010derpan\u00ed, m\u016f\u017ee se zd\u00e1t, \u017ee hled\u00e1n\u00ed spr\u00e1vn\u00e9 spole\u010dnosti, kter\u00e1 by pomohla a z\u00e1rove\u0148 bude pln\u011b vyhovovat va\u0161im pot\u0159eb\u00e1m, je zdrcuj\u00edc\u00ed. Ka\u017ed\u00e1 spole\u010dnost m\u00e1 honosn\u00e9 webov\u00e9 str\u00e1nky se sliby o sv\u00fdch rychl\u00fdch slu\u017eb\u00e1ch, \u00fasp\u011b\u0161nosti a pen\u011bz\u00edch, kter\u00e9 sv\u00fdm z\u00e1kazn\u00edk\u016fm vr\u00e1tila. Ka\u017ed\u00e1 spole\u010dnost se za\u010dne podobat t\u00e9 druh\u00e9 a m\u016f\u017ee se zd\u00e1t, \u017ee vybrat tu spr\u00e1vnou je nemo\u017en\u00e9, tak\u017ee z\u00e1kazn\u00edci si prost\u011b vyberou jednu a doufaj\u00ed v to nejlep\u0161\u00ed. V tomto p\u0159\u00edpad\u011b p\u0159ich\u00e1z\u00ed na \u0159adu Scott Welsch.<\/p>\n<p style=\"text-align: justify;\">Scott Welsch je lond\u00fdnsk\u00fd advok\u00e1t. Specializuje se na cestovn\u00ed pr\u00e1vo a chce lidi informovat o jejich pr\u00e1vech jako evropsk\u00fdch cestovatel\u016f a tak\u00e9 je sezn\u00e1mit s mno\u017estv\u00edm spole\u010dnost\u00ed, kter\u00e9 jim mohou poskytnout sv\u00e9 slu\u017eby. Mnoho spole\u010dnost\u00ed se sna\u017e\u00ed nal\u00e1kat sv\u00e9 z\u00e1kazn\u00edky sliby o rychl\u00fdch slu\u017eb\u00e1ch, \u00fasp\u011b\u0161n\u011b vr\u00e1cen\u00fdch pen\u011bz\u00edch a utr\u00e1cej\u00ed spoustu pen\u011bz za reklamu, tak\u017ee pro nezku\u0161en\u00e9 oko a vy\u010derpan\u00e9ho cestovatele sed\u00edc\u00edho na podlaze leti\u0161t\u011b vypadaj\u00ed jako nejlep\u0161\u00ed mo\u017enosti.<\/p>\n<\/div><div class=\"fusion-clearfix\"><\/div>\n\n\t\t\t\t\t<\/div>\n\t\t\t\t<\/div><div  class=\"fusion-layout-column fusion_builder_column fusion_builder_column_1_3 fusion-builder-column-2 fusion-one-third fusion-column-last 1_3\"  style='margin-top:0px;margin-bottom:20px;width:33.33%;width:calc(33.33% - ( ( 4% ) * 0.3333 ) );'>\n\t\t\t\t\t<div class=\"fusion-column-wrapper\" style=\"padding: 0px 0px 0px 0px;background-position:left top;background-repeat:no-repeat;-webkit-background-size:cover;-moz-background-size:cover;-o-background-size:cover;background-size:cover;\"   data-bg-url=\"\">\n\t\t\t\t\t\t<div class=\"imageframe-align-center\"><span style=\"-webkit-border-radius:50%;-moz-border-radius:50%;border-radius:50%;-webkit-mask-image: -webkit-radial-gradient(circle, white, black);\" class=\"fusion-imageframe imageframe-none imageframe-1 hover-type-zoomin\"><img fetchpriority=\"high\" fetchpriority=\"high\" decoding=\"async\" src=\"https:\/\/euflightcompensation.com\/wp-content\/uploads\/2019\/10\/Scott-Welsch.jpg\" width=\"1000\" height=\"667\" alt=\"\" title=\"Scott Welsch\" class=\"img-responsive wp-image-25092\" srcset=\"https:\/\/euflightcompensation.com\/wp-content\/uploads\/2019\/10\/Scott-Welsch-200x133.jpg 200w, https:\/\/euflightcompensation.com\/wp-content\/uploads\/2019\/10\/Scott-Welsch-400x267.jpg 400w, https:\/\/euflightcompensation.com\/wp-content\/uploads\/2019\/10\/Scott-Welsch-600x400.jpg 600w, https:\/\/euflightcompensation.com\/wp-content\/uploads\/2019\/10\/Scott-Welsch-800x534.jpg 800w, https:\/\/euflightcompensation.com\/wp-content\/uploads\/2019\/10\/Scott-Welsch.jpg 1000w\" sizes=\"(max-width: 800px) 100vw, 400px\" \/><\/span><\/div><div class=\"fusion-sep-clear\"><\/div><div class=\"fusion-separator fusion-full-width-sep sep-none\" style=\"margin-left: auto;margin-right: auto;margin-top:5px;\"><\/div><div class=\"fusion-text\"><h3 style=\"text-align: center;\">Scott Welsch<\/h3>\n<p style=\"text-align: center;\">Lond\u00fdnsk\u00fd advok\u00e1t a blogger. Specializuje se na cestovn\u00ed pr\u00e1vo a chce lidi informovat o jejich pr\u00e1vech jako evropsk\u00fdch cestovatel\u016f.<\/p>\n<\/div><div class=\"aligncenter\"><div class=\"fusion-social-links\"><div class=\"fusion-social-networks boxed-icons\"><div class=\"fusion-social-networks-wrapper\"><a class=\"fusion-social-network-icon fusion-tooltip fusion-facebook fusion-icon-facebook\" style=\"color:rgb(255,255,255);background-color:#f1574d;border-color:#f1574d;border-radius:50%;\" aria-label=\"fusion-facebook\" target=\"_blank\" rel=\"noopener noreferrer nofollow\" href=\"https:\/\/www.facebook.com\/scott.welsch.313\" data-placement=\"top\" data-title=\"Facebook\" data-toggle=\"tooltip\" title=\"Facebook\"><\/a><a class=\"fusion-social-network-icon fusion-tooltip fusion-youtube fusion-icon-youtube\" style=\"color:rgb(255,255,255);background-color:#f1574d;border-color:#f1574d;border-radius:50%;\" aria-label=\"fusion-youtube\" target=\"_blank\" rel=\"noopener noreferrer nofollow\" href=\"https:\/\/www.youtube.com\/channel\/UC7rL-n6rhaT-mTnY1I1BRTA\" data-placement=\"top\" data-title=\"YouTube\" data-toggle=\"tooltip\" title=\"YouTube\"><\/a><a class=\"fusion-social-network-icon fusion-tooltip fusion-blogger fusion-icon-blogger\" style=\"color:rgb(255,255,255);background-color:#f1574d;border-color:#f1574d;border-radius:50%;\" aria-label=\"fusion-blogger\" target=\"_blank\" rel=\"noopener noreferrer nofollow\" href=\"https:\/\/www.quora.com\/profile\/Scott-Welsch-6\" data-placement=\"top\" data-title=\"Blogger\" data-toggle=\"tooltip\" title=\"Blogger\"><\/a><a class=\"fusion-social-network-icon fusion-tooltip fusion-pinterest fusion-icon-pinterest\" style=\"color:rgb(255,255,255);background-color:#f1574d;border-color:#f1574d;border-radius:50%;\" aria-label=\"fusion-pinterest\" target=\"_blank\" rel=\"noopener noreferrer nofollow\" href=\"https:\/\/www.pinterest.co.uk\/euflightcompensationcom\/\" data-placement=\"top\" data-title=\"Pinterest\" data-toggle=\"tooltip\" title=\"Pinterest\"><\/a><a class=\"fusion-social-network-icon fusion-tooltip fusion-linkedin fusion-icon-linkedin\" style=\"color:rgb(255,255,255);background-color:#f1574d;border-color:#f1574d;border-radius:50%;\" aria-label=\"fusion-linkedin\" target=\"_blank\" rel=\"noopener noreferrer nofollow\" href=\"https:\/\/www.linkedin.com\/in\/scott-welsch-1241231a5\/\" data-placement=\"top\" data-title=\"LinkedIn\" data-toggle=\"tooltip\" title=\"LinkedIn\"><\/a><a class=\"fusion-social-network-icon fusion-tooltip fusion-mail fusion-icon-mail\" style=\"color:rgb(255,255,255);background-color:#f1574d;border-color:#f1574d;border-radius:50%;\" aria-label=\"fusion-mail\" target=\"_self\" rel=\"noopener noreferrer nofollow\" href=\"mailto:i&#110;f&#111;&#064;eu&#102;li&#103;h&#116;c&#111;&#109;&#112;en&#115;&#097;ti&#111;&#110;&#046;&#099;om\" data-placement=\"top\" data-title=\"Mail\" data-toggle=\"tooltip\" title=\"Mail\"><\/a><\/div><\/div><\/div><\/div><div class=\"fusion-clearfix\"><\/div>\n\n\t\t\t\t\t<\/div>\n\t\t\t\t<\/div><div  class=\"fusion-layout-column fusion_builder_column fusion_builder_column_1_1 fusion-builder-column-3 fusion-one-full fusion-column-first fusion-column-last 1_1\"  style='margin-top:0px;margin-bottom:20px;'>\n\t\t\t\t\t<div class=\"fusion-column-wrapper\" style=\"padding: 0px 0px 0px 0px;background-position:left top;background-repeat:no-repeat;-webkit-background-size:cover;-moz-background-size:cover;-o-background-size:cover;background-size:cover;\"   data-bg-url=\"\">\n\t\t\t\t\t\t<div class=\"fusion-text\"><p class=\"Body\" style=\"text-align: justify;\">Scott Welsch v tom v\u0161ak vid\u011bl probl\u00e9m. Vid\u011bl, \u017ee spole\u010dnosti, kter\u00e9 byly nejv\u00edce inzerov\u00e1ny, nemusely b\u00fdt nutn\u011b nejlep\u0161\u00ed, proto\u017ee ne v\u017edy spl\u0148ovaly pot\u0159eby nejv\u011bt\u0161\u00edho po\u010dtu z\u00e1kazn\u00edk\u016f. Na z\u00e1klad\u011b tohoto pozorov\u00e1n\u00ed se rozhodl vytvo\u0159it centr\u00e1ln\u00ed, d\u016fv\u011bryhodn\u00e9 a dob\u0159e prozkouman\u00e9 m\u00edsto, kde by z\u00e1kazn\u00edci mohli porovnat r\u016fzn\u00e9 spole\u010dnosti na jednom m\u00edst\u011b. Scott a jeho t\u00fdm prozkoumali \u0159adu r\u016fzn\u00fdch spole\u010dnost\u00ed po cel\u00e9 Evrop\u011b a porovn\u00e1vali po\u010det jazyk\u016f, kter\u00e9 ovl\u00e1daj\u00ed, pou\u017eitelnost jejich webov\u00fdch str\u00e1nek, slu\u017eby, kter\u00e9 nab\u00edz\u00ed sv\u00fdm z\u00e1kazn\u00edk\u016fm, pr\u016fm\u011brnou dobu kompenzace, kolik si spole\u010dnost \u00fa\u010dtuje od z\u00e1kazn\u00edka za sv\u00e9 \u00fasp\u011b\u0161n\u00e9 slu\u017eby, a mnoho dal\u0161\u00edch d\u016fle\u017eit\u00fdch aspekt\u016f, aby vytvo\u0159ili seznam spole\u010dnost\u00ed, kter\u00e9 jsou d\u016fv\u011bryhodn\u00e9. Spole\u010dnosti, kter\u00e9 Scott a jeho t\u00fdm vybrali jako nejlep\u0161\u00ed, jsou ty, kter\u00e9 pe\u010dliv\u011b prov\u011b\u0159ili a maj\u00ed pocit, \u017ee sv\u00fdm z\u00e1kazn\u00edk\u016fm nab\u00edzej\u00ed nejlep\u0161\u00ed zdroje. Scott Welsch m\u00e1 na srdci pomoc cestuj\u00edc\u00edm, kte\u0159\u00ed byli zneu\u017eiti leteck\u00fdmi spole\u010dnostmi, a chce b\u00fdt d\u016fv\u011bryhodn\u00fdm p\u0159\u00edtelem, kter\u00fd je pou\u010d\u00ed a nasm\u011bruje spr\u00e1vn\u00fdm sm\u011brem k tomu, kdo by jim mohl pomoci z\u00edskat od\u0161kodn\u011bn\u00ed, kter\u00e9 si pr\u00e1vem zaslou\u017e\u00ed.<\/p>\n<\/div><div class=\"fusion-text\"><div>\n<div>\n<div>\n<h2>Dal\u0161\u00ed \u010dlenov\u00e9 t\u00fdmu<\/h2>\n<\/div>\n<\/div>\n<\/div>\n<\/div><div class=\"fusion-builder-row fusion-builder-row-inner fusion-row \"><div  class=\"fusion-layout-column fusion_builder_column fusion_builder_column_2_3  fusion-two-third fusion-column-first 2_3\"  style='margin-top: 0px;margin-bottom: 20px;width:66.66%;width:calc(66.66% - ( ( 4% ) * 0.6666 ) );margin-right:4%;'><div class=\"fusion-column-wrapper fusion-column-wrapper-1\" style=\"padding: 0px 0px 0px 0px;background-position:left top;background-repeat:no-repeat;-webkit-background-size:cover;-moz-background-size:cover;-o-background-size:cover;background-size:cover;\"  data-bg-url=\"\"><div class=\"fusion-text\"><h3>Martynas Baniulis<\/h3>\n<h6><span style=\"text-decoration: underline;\">Mana\u017eer marketingu<\/span><\/h6>\n<p style=\"text-align: justify;\">Martynas Baniulis, vysoce talentovan\u00fd mana\u017eer marketingu, p\u0159in\u00e1\u0161\u00ed sv\u00e9 znalosti v oblasti strategick\u00e9ho pl\u00e1nov\u00e1n\u00ed a inovativn\u00edch marketingov\u00fdch technik na na\u0161e webov\u00e9 str\u00e1nky. S prok\u00e1zanou histori\u00ed zvy\u0161ov\u00e1n\u00ed pov\u011bdom\u00ed o zna\u010dce a stimulov\u00e1n\u00ed zapojen\u00ed z\u00e1kazn\u00edk\u016f, je Martynas kl\u00ed\u010dovou postavou v na\u0161em posl\u00e1n\u00ed poskytovat cestuj\u00edc\u00edm v\u011bt\u0161\u00ed mo\u017enosti a zjednodu\u0161it proces n\u00e1hrady za let.<\/p>\n<\/div><div class=\"aligncenter\"><div class=\"fusion-social-links\"><div class=\"fusion-social-networks boxed-icons\"><div class=\"fusion-social-networks-wrapper\"><a class=\"fusion-social-network-icon fusion-tooltip fusion-facebook fusion-icon-facebook\" style=\"color:rgba(255,255,255,.6);background-color:#616f85;border-color:#616f85;border-radius:50%;\" aria-label=\"fusion-facebook\" target=\"_blank\" rel=\"noopener noreferrer nofollow\" href=\"https:\/\/www.facebook.com\/baniulis\" data-placement=\"top\" data-title=\"Facebook\" data-toggle=\"tooltip\" title=\"Facebook\"><\/a><a class=\"fusion-social-network-icon fusion-tooltip fusion-twitter fusion-icon-twitter\" style=\"color:rgba(255,255,255,.6);background-color:#616f85;border-color:#616f85;border-radius:50%;\" aria-label=\"fusion-twitter\" target=\"_blank\" rel=\"noopener noreferrer nofollow\" href=\"https:\/\/twitter.com\/MartynasBaniul1\" data-placement=\"top\" data-title=\"Twitter\" data-toggle=\"tooltip\" title=\"Twitter\"><\/a><a class=\"fusion-social-network-icon fusion-tooltip fusion-linkedin fusion-icon-linkedin\" style=\"color:rgba(255,255,255,.6);background-color:#616f85;border-color:#616f85;border-radius:50%;\" aria-label=\"fusion-linkedin\" target=\"_blank\" rel=\"noopener noreferrer nofollow\" href=\"https:\/\/www.linkedin.com\/in\/martynas-baniulis-76a438117\/\" data-placement=\"top\" data-title=\"LinkedIn\" data-toggle=\"tooltip\" title=\"LinkedIn\"><\/a><a class=\"fusion-social-network-icon fusion-tooltip fusion-mail fusion-icon-mail\" style=\"color:rgba(255,255,255,.6);background-color:#616f85;border-color:#616f85;border-radius:50%;\" aria-label=\"fusion-mail\" target=\"_self\" rel=\"noopener noreferrer nofollow\" href=\"mailto:&#109;&#097;r&#116;yna&#115;&#064;&#101;&#117;&#102;l&#105;&#103;&#104;&#116;co&#109;p&#101;&#110;&#115;&#097;&#116;&#105;&#111;n.&#099;&#111;&#109;\" data-placement=\"top\" data-title=\"Mail\" data-toggle=\"tooltip\" title=\"Mail\"><\/a><\/div><\/div><\/div><\/div><\/div><\/div><div  class=\"fusion-layout-column fusion_builder_column fusion_builder_column_1_3  fusion-one-third fusion-column-last 1_3\"  style='margin-top: 0px;margin-bottom: 20px;width:33.33%;width:calc(33.33% - ( ( 4% ) * 0.3333 ) );'><div class=\"fusion-column-wrapper fusion-column-wrapper-2\" style=\"padding: 0px 0px 0px 0px;background-position:left top;background-repeat:no-repeat;-webkit-background-size:cover;-moz-background-size:cover;-o-background-size:cover;background-size:cover;\"  data-bg-url=\"\"><span class=\"fusion-imageframe imageframe-none imageframe-2 hover-type-none\"><img decoding=\"async\" src=\"https:\/\/euflightcompensation.com\/wp-content\/uploads\/2023\/05\/Martynas-Baniulis-300x300.jpg\" width=\"300\" height=\"300\" alt=\"Martynas Baniulis\" title=\"Martynas-Baniulis\" class=\"img-responsive wp-image-28326\" srcset=\"https:\/\/euflightcompensation.com\/wp-content\/uploads\/2023\/05\/Martynas-Baniulis-200x200.jpg 200w, https:\/\/euflightcompensation.com\/wp-content\/uploads\/2023\/05\/Martynas-Baniulis-400x400.jpg 400w, https:\/\/euflightcompensation.com\/wp-content\/uploads\/2023\/05\/Martynas-Baniulis-600x600.jpg 600w, https:\/\/euflightcompensation.com\/wp-content\/uploads\/2023\/05\/Martynas-Baniulis.jpg 800w\" sizes=\"(max-width: 800px) 100vw, 300px\" \/><\/span><\/div><\/div><\/div><div class=\"fusion-clearfix\"><\/div>\n\n\t\t\t\t\t<\/div>\n\t\t\t\t<\/div><\/div><\/div>\n","protected":false},"excerpt":{"rendered":"","protected":false},"author":1,"featured_media":0,"parent":0,"menu_order":0,"comment_status":"closed","ping_status":"closed","template":"100-width.php","meta":{"footnotes":""},"yoast_head":"<title>O n\u00e1s - EFC<\/title>\n<meta name=\"robots\" content=\"index, follow, max-snippet:-1, max-image-preview:large, max-video-preview:-1\" \/>\n<link rel=\"canonical\" href=\"https:\/\/euflightcompensation.com\/cs\/o-nas\/\" \/>\n<meta property=\"og:locale\" content=\"cs_CZ\" \/>\n<meta property=\"og:type\" content=\"article\" \/>\n<meta property=\"og:title\" content=\"O n\u00e1s - EFC\" \/>\n<meta property=\"og:url\" content=\"https:\/\/euflightcompensation.com\/cs\/o-nas\/\" \/>\n<meta property=\"og:site_name\" content=\"EUFlightCompensation.com\" \/>\n<meta property=\"article:publisher\" content=\"https:\/\/www.facebook.com\/EUflightcompensationcom\" \/>\n<meta property=\"article:modified_time\" content=\"2024-02-05T08:28:23+00:00\" \/>\n<meta name=\"twitter:card\" content=\"summary_large_image\" \/>\n<meta name=\"twitter:label1\" content=\"Odhadovan\u00e1 doba \u010dten\u00ed\" \/>\n\t<meta name=\"twitter:data1\" content=\"10 minut\" \/>\n<script type=\"application\/ld+json\" class=\"yoast-schema-graph\">{\"@context\":\"https:\/\/schema.org\",\"@graph\":[{\"@type\":\"WebPage\",\"@id\":\"https:\/\/euflightcompensation.com\/cs\/o-nas\/\",\"url\":\"https:\/\/euflightcompensation.com\/cs\/o-nas\/\",\"name\":\"O n\u00e1s - EFC\",\"isPartOf\":{\"@id\":\"https:\/\/euflightcompensation.com\/cs\/#website\"},\"datePublished\":\"2000-12-17T18:08:38+00:00\",\"dateModified\":\"2024-02-05T08:28:23+00:00\",\"breadcrumb\":{\"@id\":\"https:\/\/euflightcompensation.com\/cs\/o-nas\/#breadcrumb\"},\"inLanguage\":\"cs\",\"potentialAction\":[{\"@type\":\"ReadAction\",\"target\":[\"https:\/\/euflightcompensation.com\/cs\/o-nas\/\"]}]},{\"@type\":\"BreadcrumbList\",\"@id\":\"https:\/\/euflightcompensation.com\/cs\/o-nas\/#breadcrumb\",\"itemListElement\":[{\"@type\":\"ListItem\",\"position\":1,\"name\":\"Home\",\"item\":\"https:\/\/euflightcompensation.com\/cs\/\"},{\"@type\":\"ListItem\",\"position\":2,\"name\":\"O n\u00e1s\"}]},{\"@type\":\"WebSite\",\"@id\":\"https:\/\/euflightcompensation.com\/cs\/#website\",\"url\":\"https:\/\/euflightcompensation.com\/cs\/\",\"name\":\"EUFlightCompensation.com\",\"description\":\"\",\"publisher\":{\"@id\":\"https:\/\/euflightcompensation.com\/cs\/#organization\"},\"potentialAction\":[{\"@type\":\"SearchAction\",\"target\":{\"@type\":\"EntryPoint\",\"urlTemplate\":\"https:\/\/euflightcompensation.com\/cs\/?s={search_term_string}\"},\"query-input\":\"required name=search_term_string\"}],\"inLanguage\":\"cs\"},{\"@type\":\"Organization\",\"@id\":\"https:\/\/euflightcompensation.com\/cs\/#organization\",\"name\":\"EU Flight Compensation\",\"url\":\"https:\/\/euflightcompensation.com\/cs\/\",\"logo\":{\"@type\":\"ImageObject\",\"inLanguage\":\"cs\",\"@id\":\"https:\/\/euflightcompensation.com\/cs\/#\/schema\/logo\/image\/\",\"url\":\"https:\/\/euflightcompensation.com\/wp-content\/uploads\/2023\/05\/EU-Flight-Compensation-Logo-280x80-1.png\",\"contentUrl\":\"https:\/\/euflightcompensation.com\/wp-content\/uploads\/2023\/05\/EU-Flight-Compensation-Logo-280x80-1.png\",\"width\":280,\"height\":80,\"caption\":\"EU Flight Compensation\"},\"image\":{\"@id\":\"https:\/\/euflightcompensation.com\/cs\/#\/schema\/logo\/image\/\"},\"sameAs\":[\"https:\/\/www.facebook.com\/EUflightcompensationcom\"]}]}<\/script>","yoast_head_json":{"title":"O n\u00e1s - EFC","robots":{"index":"index","follow":"follow","max-snippet":"max-snippet:-1","max-image-preview":"max-image-preview:large","max-video-preview":"max-video-preview:-1"},"canonical":"https:\/\/euflightcompensation.com\/cs\/o-nas\/","og_locale":"cs_CZ","og_type":"article","og_title":"O n\u00e1s - EFC","og_url":"https:\/\/euflightcompensation.com\/cs\/o-nas\/","og_site_name":"EUFlightCompensation.com","article_publisher":"https:\/\/www.facebook.com\/EUflightcompensationcom","article_modified_time":"2024-02-05T08:28:23+00:00","twitter_card":"summary_large_image","twitter_misc":{"Odhadovan\u00e1 doba \u010dten\u00ed":"10 minut"},"schema":{"@context":"https:\/\/schema.org","@graph":[{"@type":"WebPage","@id":"https:\/\/euflightcompensation.com\/cs\/o-nas\/","url":"https:\/\/euflightcompensation.com\/cs\/o-nas\/","name":"O n\u00e1s - EFC","isPartOf":{"@id":"https:\/\/euflightcompensation.com\/cs\/#website"},"datePublished":"2000-12-17T18:08:38+00:00","dateModified":"2024-02-05T08:28:23+00:00","breadcrumb":{"@id":"https:\/\/euflightcompensation.com\/cs\/o-nas\/#breadcrumb"},"inLanguage":"cs","potentialAction":[{"@type":"ReadAction","target":["https:\/\/euflightcompensation.com\/cs\/o-nas\/"]}]},{"@type":"BreadcrumbList","@id":"https:\/\/euflightcompensation.com\/cs\/o-nas\/#breadcrumb","itemListElement":[{"@type":"ListItem","position":1,"name":"Home","item":"https:\/\/euflightcompensation.com\/cs\/"},{"@type":"ListItem","position":2,"name":"O n\u00e1s"}]},{"@type":"WebSite","@id":"https:\/\/euflightcompensation.com\/cs\/#website","url":"https:\/\/euflightcompensation.com\/cs\/","name":"EUFlightCompensation.com","description":"","publisher":{"@id":"https:\/\/euflightcompensation.com\/cs\/#organization"},"potentialAction":[{"@type":"SearchAction","target":{"@type":"EntryPoint","urlTemplate":"https:\/\/euflightcompensation.com\/cs\/?s={search_term_string}"},"query-input":"required name=search_term_string"}],"inLanguage":"cs"},{"@type":"Organization","@id":"https:\/\/euflightcompensation.com\/cs\/#organization","name":"EU Flight Compensation","url":"https:\/\/euflightcompensation.com\/cs\/","logo":{"@type":"ImageObject","inLanguage":"cs","@id":"https:\/\/euflightcompensation.com\/cs\/#\/schema\/logo\/image\/","url":"https:\/\/euflightcompensation.com\/wp-content\/uploads\/2023\/05\/EU-Flight-Compensation-Logo-280x80-1.png","contentUrl":"https:\/\/euflightcompensation.com\/wp-content\/uploads\/2023\/05\/EU-Flight-Compensation-Logo-280x80-1.png","width":280,"height":80,"caption":"EU Flight Compensation"},"image":{"@id":"https:\/\/euflightcompensation.com\/cs\/#\/schema\/logo\/image\/"},"sameAs":["https:\/\/www.facebook.com\/EUflightcompensationcom"]}]}},"_links":{"self":[{"href":"https:\/\/euflightcompensation.com\/cs\/wp-json\/wp\/v2\/pages\/26489"}],"collection":[{"href":"https:\/\/euflightcompensation.com\/cs\/wp-json\/wp\/v2\/pages"}],"about":[{"href":"https:\/\/euflightcompensation.com\/cs\/wp-json\/wp\/v2\/types\/page"}],"author":[{"embeddable":true,"href":"https:\/\/euflightcompensation.com\/cs\/wp-json\/wp\/v2\/users\/1"}],"replies":[{"embeddable":true,"href":"https:\/\/euflightcompensation.com\/cs\/wp-json\/wp\/v2\/comments?post=26489"}],"version-history":[{"count":0,"href":"https:\/\/euflightcompensation.com\/cs\/wp-json\/wp\/v2\/pages\/26489\/revisions"}],"wp:attachment":[{"href":"https:\/\/euflightcompensation.com\/cs\/wp-json\/wp\/v2\/media?parent=26489"}],"curies":[{"name":"wp","href":"https:\/\/api.w.org\/{rel}","templated":true}]}}