{"id":26486,"date":"2019-10-07T11:16:05","date_gmt":"2019-10-07T10:16:05","guid":{"rendered":"https:\/\/euflightcompensation.com\/review-process\/"},"modified":"2023-04-03T14:47:15","modified_gmt":"2023-04-03T13:47:15","slug":"proces-hodnoceni","status":"publish","type":"page","link":"https:\/\/euflightcompensation.com\/cs\/proces-hodnoceni\/","title":{"rendered":"Proces hodnocen\u00ed"},"content":{"rendered":"<p><div class=\"fusion-fullwidth fullwidth-box fusion-builder-row-1 nonhundred-percent-fullwidth non-hundred-percent-height-scrolling\"  style='background-color: rgba(255,255,255,0);background-position: center center;background-repeat: no-repeat;padding-top:0px;padding-right:0px;padding-bottom:0px;padding-left:0px;'><div class=\"fusion-builder-row fusion-row \"><div  class=\"fusion-layout-column fusion_builder_column fusion_builder_column_1_2 fusion-builder-column-1 fusion-one-half fusion-column-first 1_2\"  style='margin-top:0px;margin-bottom:20px;width:50%;width:calc(50% - ( ( 4% ) * 0.5 ) );margin-right: 4%;'>\n\t\t\t\t\t<div class=\"fusion-column-wrapper\" style=\"padding: 0px 0px 0px 0px;background-position:left top;background-repeat:no-repeat;-webkit-background-size:cover;-moz-background-size:cover;-o-background-size:cover;background-size:cover;\"   data-bg-url=\"\">\n\t\t\t\t\t\t<div class=\"fusion-text\"><p class=\"Body\" style=\"text-align: justify;\">Orientace v procesu od\u0161kodn\u011bn\u00ed za let m\u016f\u017ee b\u00fdt obt\u00ed\u017en\u00e1 a nep\u0159ehledn\u00e1 a v\u011bt\u0161ina leteck\u00fdch spole\u010dnost\u00ed si nep\u0159eje, abyste usp\u011bli. Existuje n\u011bkolik firem, kter\u00e9 se specializuj\u00ed na pomoc p\u0159i tomto procesu a zaji\u0161\u0165uj\u00ed, \u017ee za zpo\u017ed\u011bn\u00fd nebo zru\u0161en\u00fd let dostanete od\u0161kodn\u011bn\u00ed, kter\u00e9 v\u00e1m n\u00e1le\u017e\u00ed.. Ka\u017ed\u00e1 z t\u011bchto spole\u010dnost\u00ed m\u00e1 v\u0161ak sv\u00e9 vlastn\u00ed nuance a m\u016f\u017ee fungovat trochu jinak.Tyto spole\u010dnost\u00ed jsme proto se\u0159adili a vytvo\u0159ili jsme tohoto pr\u016fvodce, abychom v\u00e1m vysv\u011btlili, jak jednotliv\u00e9 spole\u010dnosti hodnot\u00edme a posuzujeme, abyste mohli vyu\u017e\u00edt na\u0161ich rad a naj\u00edt tu nejvhodn\u011bj\u0161\u00ed pro va\u0161i situaci.<\/p>\n<\/div><div class=\"fusion-text\"><p class=\"Body\" style=\"text-align: justify;\">Na\u0159\u00edzen\u00ed o n\u00e1hrad\u00e1ch za let bylo zavedeno v roce 2004 a zaji\u0161\u0165uje cestuj\u00edc\u00edm v Evropsk\u00e9 unii n\u00e1hradu za zru\u0161en\u00ed letu, velk\u00e9 zpo\u017ed\u011bn\u00ed a odep\u0159en\u00ed n\u00e1stupu na palubu. Zv\u00fd\u0161ilo to n\u00e1klady pro leteck\u00e9 spole\u010dnosti, kter\u00e9 od t\u00e9 doby tento proces vybavuj\u00ed zdlouhav\u011b a komplikovan\u011b, aby spot\u0159ebitele odradily od snahy z\u00edskat od\u0161kodn\u011bn\u00ed. Zde nastupuj\u00ed spole\u010dnosti zab\u00fdvaj\u00edc\u00ed se od\u0161kod\u0148ov\u00e1n\u00edm za lety, kter\u00e9 spot\u0159ebitel\u016fm pom\u00e1haj\u00ed proj\u00edt cel\u00fdm procesem, aby se dostali k pen\u011bz\u016fm, kter\u00e9 jim leteck\u00e9 spole\u010dnosti dlu\u017e\u00ed. P\u0159i zva\u017eov\u00e1n\u00ed, zda spole\u010dnost doporu\u010dit na\u0161im \u010dten\u00e1\u0159\u016fm, se zab\u00fdv\u00e1me mnoha r\u016fzn\u00fdmi aspekty a ka\u017ed\u00fd z nich hodnot\u00edme na stupnici od 1 do 10.<\/p>\n<\/div><div class=\"fusion-clearfix\"><\/div>\n\n\t\t\t\t\t<\/div>\n\t\t\t\t<\/div><div  class=\"fusion-layout-column fusion_builder_column fusion_builder_column_1_2 fusion-builder-column-2 fusion-one-half fusion-column-last 1_2\"  style='margin-top:0px;margin-bottom:20px;width:50%;width:calc(50% - ( ( 4% ) * 0.5 ) );'>\n\t\t\t\t\t<div class=\"fusion-column-wrapper\" style=\"padding: 0px 0px 0px 0px;background-position:left top;background-repeat:no-repeat;-webkit-background-size:cover;-moz-background-size:cover;-o-background-size:cover;background-size:cover;\"   data-bg-url=\"\">\n\t\t\t\t\t\t<span class=\"fusion-imageframe imageframe-none imageframe-1 hover-type-none\"><img fetchpriority=\"high\" fetchpriority=\"high\" decoding=\"async\" src=\"https:\/\/euflightcompensation.com\/wp-content\/uploads\/2019\/10\/review-process.jpg\" width=\"700\" height=\"467\" alt=\"\" title=\"review process\" class=\"img-responsive wp-image-25123\" srcset=\"https:\/\/euflightcompensation.com\/wp-content\/uploads\/2019\/10\/review-process-200x133.jpg 200w, https:\/\/euflightcompensation.com\/wp-content\/uploads\/2019\/10\/review-process-400x267.jpg 400w, https:\/\/euflightcompensation.com\/wp-content\/uploads\/2019\/10\/review-process-600x400.jpg 600w, https:\/\/euflightcompensation.com\/wp-content\/uploads\/2019\/10\/review-process.jpg 700w\" sizes=\"(max-width: 800px) 100vw, 600px\" \/><\/span><div class=\"fusion-sep-clear\"><\/div><div class=\"fusion-separator fusion-full-width-sep sep-single sep-solid\" style=\"border-color:#e0dede;border-top-width:1px;margin-left: auto;margin-right: auto;margin-top:5px;margin-bottom:5px;\"><\/div><div class=\"fusion-button-wrapper fusion-align-block\"><style type=\"text\/css\">.fusion-button.button-1 .fusion-button-text, .fusion-button.button-1 i {color:#ffffff;}.fusion-button.button-1 .fusion-button-icon-divider{border-color:#ffffff;}.fusion-button.button-1:hover .fusion-button-text, .fusion-button.button-1:hover i,.fusion-button.button-1:focus .fusion-button-text, .fusion-button.button-1:focus i,.fusion-button.button-1:active .fusion-button-text, .fusion-button.button-1:active{color:#ffffff;}.fusion-button.button-1:hover .fusion-button-icon-divider, .fusion-button.button-1:hover .fusion-button-icon-divider, .fusion-button.button-1:active .fusion-button-icon-divider{border-color:#ffffff;}.fusion-button.button-1:hover, .fusion-button.button-1:focus, .fusion-button.button-1:active{border-color:#ffffff;}.fusion-button.button-1 {border-color:#ffffff;border-radius:1px;}.fusion-button.button-1{background: #228cdb;}.fusion-button.button-1:hover,.button-1:focus,.fusion-button.button-1:active{background: #228cdb;}<\/style><a class=\"fusion-button button-flat button-medium button-custom button-1 fusion-button-span-yes fusion-button-default-type\" target=\"_self\" href=\"https:\/\/euflightcompensation.com\/cs\/nejlepsi-spolecnosti-pro-odskodneni-letu\/\"><span class=\"fusion-button-text\">P\u0158EHLED TOP 10 SPOLE\u010cNOST\u00cd PRO OD\u0160KODN\u011aN\u00cd <\/span><\/a><\/div><div class=\"fusion-clearfix\"><\/div>\n\n\t\t\t\t\t<\/div>\n\t\t\t\t<\/div><\/div><\/div><div class=\"fusion-fullwidth fullwidth-box fusion-builder-row-2 nonhundred-percent-fullwidth non-hundred-percent-height-scrolling\"  style='background-color: rgba(255,255,255,0);background-position: center center;background-repeat: no-repeat;padding-top:0px;padding-right:0px;padding-bottom:30px;padding-left:0px;'><div class=\"fusion-builder-row fusion-row \"><div  class=\"fusion-layout-column fusion_builder_column fusion_builder_column_1_1 fusion-builder-column-3 fusion-one-full fusion-column-first fusion-column-last 1_1\"  style='margin-top:0px;margin-bottom:0px;'>\n\t\t\t\t\t<div class=\"fusion-column-wrapper\" style=\"padding: 20px 0px 20px 0px;background-position:left top;background-repeat:no-repeat;-webkit-background-size:cover;-moz-background-size:cover;-o-background-size:cover;background-size:cover;\"   data-bg-url=\"\">\n\t\t\t\t\t\t<div class=\"fusion-builder-row fusion-builder-row-inner fusion-row \"><div  class=\"fusion-layout-column fusion_builder_column fusion_builder_column_1_3  fusion-one-third fusion-column-first 1_3\"  style='margin-top: 0px;margin-bottom: 20px;width:33.33%;width:calc(33.33% - ( ( 4% + 4% ) * 0.3333 ) );margin-right:4%;'><div class=\"fusion-column-wrapper fusion-column-wrapper-1\" style=\"padding: 0px 0px 0px 0px;background-position:left top;background-repeat:no-repeat;-webkit-background-size:cover;-moz-background-size:cover;-o-background-size:cover;background-size:cover;\"  data-bg-url=\"\"><style type=\"text\/css\"><\/style><div class=\"fusion-title title fusion-title-1 fusion-sep-none fusion-title-text fusion-title-size-one\" style=\"margin-top:0px;margin-bottom:0px;\"><h1 class=\"title-heading-left\" style=\"margin:0;\"><h3 style=\"text-align: left;\" data-fontsize=\"22\" data-lineheight=\"29\">1. Kompenzace<\/h3><\/h1><\/div><div class=\"fusion-text\"><p style=\"text-align: justify;\">\u010c\u00edm v\u00edce kompenzac\u00ed, t\u00edm l\u00e9pe, a \u010d\u00edm rychleji, t\u00edm l\u00e9pe. Proces m\u016f\u017ee b\u00fdt komplikovan\u00fd a v\u00fdplata prost\u0159ednictv\u00edm kompenza\u010dn\u00edch spole\u010dnost\u00ed m\u016f\u017ee trvat od jednoho m\u011bs\u00edce do jednoho roku v z\u00e1vislosti na spolupr\u00e1ci ze strany leteck\u00e9 spole\u010dnosti.<\/p>\n<\/div><\/div><\/div><div  class=\"fusion-layout-column fusion_builder_column fusion_builder_column_1_3  fusion-one-third 1_3\"  style='margin-top: 0px;margin-bottom: 20px;width:33.33%;width:calc(33.33% - ( ( 4% + 4% ) * 0.3333 ) );margin-right:4%;'><div class=\"fusion-column-wrapper fusion-column-wrapper-2\" style=\"padding: 0px 0px 0px 0px;background-position:left top;background-repeat:no-repeat;-webkit-background-size:cover;-moz-background-size:cover;-o-background-size:cover;background-size:cover;\"  data-bg-url=\"\"><style type=\"text\/css\"><\/style><div class=\"fusion-title title fusion-title-2 fusion-sep-none fusion-title-text fusion-title-size-one\" style=\"margin-top:0px;margin-bottom:0px;\"><h1 class=\"title-heading-left\" style=\"margin:0;\"><h3 style=\"text-align: left;\">2. Poplatek za vybaven\u00ed<\/h3><\/h1><\/div><div class=\"fusion-text\"><p style=\"text-align: justify;\">Za slu\u017ebu zaplat\u00edte pouze v p\u0159\u00edpad\u011b, \u017ee se spole\u010dnosti poda\u0159\u00ed vybavit v\u00e1m od\u0161kodn\u011bn\u00ed. Poplatek se ve v\u011bt\u0161in\u011b p\u0159\u00edpad\u016f skl\u00e1d\u00e1 z procenta z celkov\u00e9 n\u00e1hrady a tak\u00e9 z dan\u011b z p\u0159idan\u00e9 hodnoty.<\/p>\n<\/div><\/div><\/div><div  class=\"fusion-layout-column fusion_builder_column fusion_builder_column_1_3  fusion-one-third fusion-column-last 1_3\"  style='margin-top: 0px;margin-bottom: 20px;width:33.33%;width:calc(33.33% - ( ( 4% + 4% ) * 0.3333 ) );'><div class=\"fusion-column-wrapper fusion-column-wrapper-3\" style=\"padding: 0px 0px 0px 0px;background-position:left top;background-repeat:no-repeat;-webkit-background-size:cover;-moz-background-size:cover;-o-background-size:cover;background-size:cover;\"  data-bg-url=\"\"><style type=\"text\/css\"><\/style><div class=\"fusion-title title fusion-title-3 fusion-sep-none fusion-title-text fusion-title-size-one\" style=\"margin-top:0px;margin-bottom:0px;\"><h1 class=\"title-heading-left\" style=\"margin:0;\"><h3 style=\"text-align: left;\">3. Online hodnocen\u00ed<\/h3><\/h1><\/div><div class=\"fusion-text\"><p style=\"text-align: justify;\">Recenze od minul\u00fdch z\u00e1kazn\u00edk\u016f vypov\u00eddaj\u00ed o spole\u010dnosti a jej\u00edch \u00fasp\u011b\u0161\u00edch mnoho. Db\u00e1me na to, abychom si tyto recenze v\u0161echny p\u0159e\u010detli, a\u0165 u\u017e jsou dobr\u00e9, nebo \u0161patn\u00e9, a z\u00edskali tak \u00fapln\u00fd obr\u00e1z o slu\u017eb\u00e1ch, kter\u00e9 mohou sv\u00fdm z\u00e1kazn\u00edk\u016fm poskytnout.<\/p>\n<\/div><\/div><\/div><\/div><div class=\"fusion-builder-row fusion-builder-row-inner fusion-row \"><div  class=\"fusion-layout-column fusion_builder_column fusion_builder_column_1_3  fusion-one-third fusion-column-first 1_3\"  style='margin-top: 0px;margin-bottom: 20px;width:33.33%;width:calc(33.33% - ( ( 4% + 4% ) * 0.3333 ) );margin-right:4%;'><div class=\"fusion-column-wrapper fusion-column-wrapper-4\" style=\"padding: 0px 0px 0px 0px;background-position:left top;background-repeat:no-repeat;-webkit-background-size:cover;-moz-background-size:cover;-o-background-size:cover;background-size:cover;\"  data-bg-url=\"\"><style type=\"text\/css\"><\/style><div class=\"fusion-title title fusion-title-4 fusion-sep-none fusion-title-text fusion-title-size-one\" style=\"margin-top:0px;margin-bottom:0px;\"><h1 class=\"title-heading-left\" style=\"margin:0;\"><h3 style=\"text-align: left;\">4. Z\u00e1kaznick\u00fd servis<\/h3><\/h1><\/div><div class=\"fusion-text\"><p style=\"text-align: justify;\">Z\u00e1kaznick\u00fd servis je d\u016fle\u017eitou sou\u010d\u00e1st\u00ed ka\u017ed\u00e9 obchodn\u00ed zku\u0161enosti a spole\u010dnosti, kter\u00e9 vych\u00e1zej\u00ed vst\u0159\u00edc sv\u00fdm klient\u016fm maj\u00ed u n\u00e1s vy\u0161\u0161\u00ed hodnocen\u00ed.<\/p>\n<\/div><\/div><\/div><div  class=\"fusion-layout-column fusion_builder_column fusion_builder_column_1_3  fusion-one-third 1_3\"  style='margin-top: 0px;margin-bottom: 20px;width:33.33%;width:calc(33.33% - ( ( 4% + 4% ) * 0.3333 ) );margin-right:4%;'><div class=\"fusion-column-wrapper fusion-column-wrapper-5\" style=\"padding: 0px 0px 0px 0px;background-position:left top;background-repeat:no-repeat;-webkit-background-size:cover;-moz-background-size:cover;-o-background-size:cover;background-size:cover;\"  data-bg-url=\"\"><style type=\"text\/css\"><\/style><div class=\"fusion-title title fusion-title-5 fusion-sep-none fusion-title-text fusion-title-size-one\" style=\"margin-top:0px;margin-bottom:0px;\"><h1 class=\"title-heading-left\" style=\"margin:0;\"><h3 style=\"text-align: left;\">5. Snadn\u00e9 pou\u017e\u00edv\u00e1n\u00ed<\/h3><\/h1><\/div><div class=\"fusion-text\"><p style=\"text-align: justify;\">Proces od\u0161kodn\u011bn\u00ed za let je dost nep\u0159ehledn\u00fd a nikdo ho nepl\u00e1nuje. Asisten\u010dn\u00ed slu\u017eba pro od\u0161kodn\u011bn\u00ed za let by m\u011bla tento proces zjednodu\u0161it a usnadnit.<\/p>\n<\/div><\/div><\/div><div  class=\"fusion-layout-column fusion_builder_column fusion_builder_column_1_3  fusion-one-third fusion-column-last 1_3\"  style='margin-top: 0px;margin-bottom: 20px;width:33.33%;width:calc(33.33% - ( ( 4% + 4% ) * 0.3333 ) );'><div class=\"fusion-column-wrapper fusion-column-wrapper-6\" style=\"padding: 0px 0px 0px 0px;background-position:left top;background-repeat:no-repeat;-webkit-background-size:cover;-moz-background-size:cover;-o-background-size:cover;background-size:cover;\"  data-bg-url=\"\"><style type=\"text\/css\"><\/style><div class=\"fusion-title title fusion-title-6 fusion-sep-none fusion-title-text fusion-title-size-one\" style=\"margin-top:0px;margin-bottom:0px;\"><h1 class=\"title-heading-left\" style=\"margin:0;\"><h3 style=\"text-align: left;\">6. Jazyky<\/h3><\/h1><\/div><div class=\"fusion-text\"><p style=\"text-align: justify;\">V r\u00e1mci EU jsou velmi r\u016fznorod\u00e9 skupiny lid\u00ed a kultur, tak\u017ee tyto spole\u010dnosti mus\u00ed b\u00fdt schopny sa jim p\u0159izp\u016fsobit a ovl\u00e1dat mnoho r\u016fzn\u00fdch jazyk\u016f.<\/p>\n<\/div><\/div><\/div><\/div><div class=\"fusion-clearfix\"><\/div>\n\n\t\t\t\t\t<\/div>\n\t\t\t\t<\/div><div  class=\"fusion-layout-column fusion_builder_column fusion_builder_column_1_1 fusion-builder-column-4 fusion-one-full fusion-column-first fusion-column-last 1_1\"  style='margin-top:0px;margin-bottom:0px;'>\n\t\t\t\t\t<div class=\"fusion-column-wrapper\" style=\"padding: 0px 0px 0px 0px;background-position:left top;background-repeat:no-repeat;-webkit-background-size:cover;-moz-background-size:cover;-o-background-size:cover;background-size:cover;\"   data-bg-url=\"\">\n\t\t\t\t\t\t<div class=\"fusion-text\"><p style=\"text-align: justify;\">Podle na\u0159\u00edzen\u00ed o n\u00e1hrad\u00e1ch za let m\u00e1te na od\u0161kodn\u011bn\u00ed od leteck\u00fdch spole\u010dnost\u00ed n\u00e1rok a je d\u016fle\u017eit\u00e9, abyste jej vyu\u017e\u00edvali a z\u00edskali finan\u010dn\u00ed n\u00e1hradu za nep\u0159\u00edjemnosti, kter\u00e9 v\u00e1m zpo\u017ed\u011bn\u00ed nebo zru\u0161en\u00ed letu zp\u016fsob\u00ed ve va\u0161em ru\u0161n\u00e9m \u017eivot\u011b. Spole\u010dnosti poskytuj\u00edc\u00ed od\u0161kodn\u011bn\u00ed za zpo\u017ed\u011bn\u00ed letu v\u00e1m mohou poskytnout cenn\u00e9 slu\u017eby t\u00edm, \u017ee projdou byrokratick\u00fdm syst\u00e9mem za v\u00e1s a z\u00edskaj\u00ed zp\u011bt finan\u010dn\u00ed prost\u0159edky, kter\u00e9 v\u00e1m n\u00e1le\u017e\u00ed. Ve snaze zajistit va\u0161i spokojenost jsme pro v\u00e1s vybrali nejlep\u0161\u00ed spole\u010dnostmi pro tuto pr\u00e1ci.<\/p>\n<\/div><div class=\"fusion-clearfix\"><\/div>\n\n\t\t\t\t\t<\/div>\n\t\t\t\t<\/div><\/div><\/div><\/p>\n","protected":false},"excerpt":{"rendered":"","protected":false},"author":1,"featured_media":0,"parent":0,"menu_order":0,"comment_status":"closed","ping_status":"closed","template":"","meta":{"footnotes":""},"yoast_head":"<title>Proces hodnocen\u00ed - EFC<\/title>\n<meta name=\"robots\" content=\"index, follow, max-snippet:-1, max-image-preview:large, max-video-preview:-1\" \/>\n<link rel=\"canonical\" href=\"https:\/\/euflightcompensation.com\/cs\/proces-hodnoceni\/\" \/>\n<meta property=\"og:locale\" content=\"cs_CZ\" \/>\n<meta property=\"og:type\" content=\"article\" \/>\n<meta property=\"og:title\" content=\"Proces hodnocen\u00ed - EFC\" \/>\n<meta property=\"og:url\" content=\"https:\/\/euflightcompensation.com\/cs\/proces-hodnoceni\/\" \/>\n<meta property=\"og:site_name\" content=\"EUFlightCompensation.com\" \/>\n<meta property=\"article:publisher\" content=\"https:\/\/www.facebook.com\/EUflightcompensationcom\" \/>\n<meta property=\"article:modified_time\" content=\"2023-04-03T13:47:15+00:00\" \/>\n<meta name=\"twitter:card\" content=\"summary_large_image\" \/>\n<meta name=\"twitter:label1\" content=\"Odhadovan\u00e1 doba \u010dten\u00ed\" \/>\n\t<meta name=\"twitter:data1\" content=\"14 minut\" \/>\n<script type=\"application\/ld+json\" class=\"yoast-schema-graph\">{\"@context\":\"https:\/\/schema.org\",\"@graph\":[{\"@type\":\"WebPage\",\"@id\":\"https:\/\/euflightcompensation.com\/cs\/proces-hodnoceni\/\",\"url\":\"https:\/\/euflightcompensation.com\/cs\/proces-hodnoceni\/\",\"name\":\"Proces hodnocen\u00ed - EFC\",\"isPartOf\":{\"@id\":\"https:\/\/euflightcompensation.com\/cs\/#website\"},\"datePublished\":\"2019-10-07T10:16:05+00:00\",\"dateModified\":\"2023-04-03T13:47:15+00:00\",\"breadcrumb\":{\"@id\":\"https:\/\/euflightcompensation.com\/cs\/proces-hodnoceni\/#breadcrumb\"},\"inLanguage\":\"cs\",\"potentialAction\":[{\"@type\":\"ReadAction\",\"target\":[\"https:\/\/euflightcompensation.com\/cs\/proces-hodnoceni\/\"]}]},{\"@type\":\"BreadcrumbList\",\"@id\":\"https:\/\/euflightcompensation.com\/cs\/proces-hodnoceni\/#breadcrumb\",\"itemListElement\":[{\"@type\":\"ListItem\",\"position\":1,\"name\":\"Home\",\"item\":\"https:\/\/euflightcompensation.com\/cs\/\"},{\"@type\":\"ListItem\",\"position\":2,\"name\":\"Proces hodnocen\u00ed\"}]},{\"@type\":\"WebSite\",\"@id\":\"https:\/\/euflightcompensation.com\/cs\/#website\",\"url\":\"https:\/\/euflightcompensation.com\/cs\/\",\"name\":\"EUFlightCompensation.com\",\"description\":\"\",\"publisher\":{\"@id\":\"https:\/\/euflightcompensation.com\/cs\/#organization\"},\"potentialAction\":[{\"@type\":\"SearchAction\",\"target\":{\"@type\":\"EntryPoint\",\"urlTemplate\":\"https:\/\/euflightcompensation.com\/cs\/?s={search_term_string}\"},\"query-input\":\"required name=search_term_string\"}],\"inLanguage\":\"cs\"},{\"@type\":\"Organization\",\"@id\":\"https:\/\/euflightcompensation.com\/cs\/#organization\",\"name\":\"EU Flight Compensation\",\"url\":\"https:\/\/euflightcompensation.com\/cs\/\",\"logo\":{\"@type\":\"ImageObject\",\"inLanguage\":\"cs\",\"@id\":\"https:\/\/euflightcompensation.com\/cs\/#\/schema\/logo\/image\/\",\"url\":\"https:\/\/euflightcompensation.com\/wp-content\/uploads\/2023\/05\/EU-Flight-Compensation-Logo-280x80-1.png\",\"contentUrl\":\"https:\/\/euflightcompensation.com\/wp-content\/uploads\/2023\/05\/EU-Flight-Compensation-Logo-280x80-1.png\",\"width\":280,\"height\":80,\"caption\":\"EU Flight Compensation\"},\"image\":{\"@id\":\"https:\/\/euflightcompensation.com\/cs\/#\/schema\/logo\/image\/\"},\"sameAs\":[\"https:\/\/www.facebook.com\/EUflightcompensationcom\"]}]}<\/script>","yoast_head_json":{"title":"Proces hodnocen\u00ed - EFC","robots":{"index":"index","follow":"follow","max-snippet":"max-snippet:-1","max-image-preview":"max-image-preview:large","max-video-preview":"max-video-preview:-1"},"canonical":"https:\/\/euflightcompensation.com\/cs\/proces-hodnoceni\/","og_locale":"cs_CZ","og_type":"article","og_title":"Proces hodnocen\u00ed - EFC","og_url":"https:\/\/euflightcompensation.com\/cs\/proces-hodnoceni\/","og_site_name":"EUFlightCompensation.com","article_publisher":"https:\/\/www.facebook.com\/EUflightcompensationcom","article_modified_time":"2023-04-03T13:47:15+00:00","twitter_card":"summary_large_image","twitter_misc":{"Odhadovan\u00e1 doba \u010dten\u00ed":"14 minut"},"schema":{"@context":"https:\/\/schema.org","@graph":[{"@type":"WebPage","@id":"https:\/\/euflightcompensation.com\/cs\/proces-hodnoceni\/","url":"https:\/\/euflightcompensation.com\/cs\/proces-hodnoceni\/","name":"Proces hodnocen\u00ed - EFC","isPartOf":{"@id":"https:\/\/euflightcompensation.com\/cs\/#website"},"datePublished":"2019-10-07T10:16:05+00:00","dateModified":"2023-04-03T13:47:15+00:00","breadcrumb":{"@id":"https:\/\/euflightcompensation.com\/cs\/proces-hodnoceni\/#breadcrumb"},"inLanguage":"cs","potentialAction":[{"@type":"ReadAction","target":["https:\/\/euflightcompensation.com\/cs\/proces-hodnoceni\/"]}]},{"@type":"BreadcrumbList","@id":"https:\/\/euflightcompensation.com\/cs\/proces-hodnoceni\/#breadcrumb","itemListElement":[{"@type":"ListItem","position":1,"name":"Home","item":"https:\/\/euflightcompensation.com\/cs\/"},{"@type":"ListItem","position":2,"name":"Proces hodnocen\u00ed"}]},{"@type":"WebSite","@id":"https:\/\/euflightcompensation.com\/cs\/#website","url":"https:\/\/euflightcompensation.com\/cs\/","name":"EUFlightCompensation.com","description":"","publisher":{"@id":"https:\/\/euflightcompensation.com\/cs\/#organization"},"potentialAction":[{"@type":"SearchAction","target":{"@type":"EntryPoint","urlTemplate":"https:\/\/euflightcompensation.com\/cs\/?s={search_term_string}"},"query-input":"required name=search_term_string"}],"inLanguage":"cs"},{"@type":"Organization","@id":"https:\/\/euflightcompensation.com\/cs\/#organization","name":"EU Flight Compensation","url":"https:\/\/euflightcompensation.com\/cs\/","logo":{"@type":"ImageObject","inLanguage":"cs","@id":"https:\/\/euflightcompensation.com\/cs\/#\/schema\/logo\/image\/","url":"https:\/\/euflightcompensation.com\/wp-content\/uploads\/2023\/05\/EU-Flight-Compensation-Logo-280x80-1.png","contentUrl":"https:\/\/euflightcompensation.com\/wp-content\/uploads\/2023\/05\/EU-Flight-Compensation-Logo-280x80-1.png","width":280,"height":80,"caption":"EU Flight Compensation"},"image":{"@id":"https:\/\/euflightcompensation.com\/cs\/#\/schema\/logo\/image\/"},"sameAs":["https:\/\/www.facebook.com\/EUflightcompensationcom"]}]}},"_links":{"self":[{"href":"https:\/\/euflightcompensation.com\/cs\/wp-json\/wp\/v2\/pages\/26486"}],"collection":[{"href":"https:\/\/euflightcompensation.com\/cs\/wp-json\/wp\/v2\/pages"}],"about":[{"href":"https:\/\/euflightcompensation.com\/cs\/wp-json\/wp\/v2\/types\/page"}],"author":[{"embeddable":true,"href":"https:\/\/euflightcompensation.com\/cs\/wp-json\/wp\/v2\/users\/1"}],"replies":[{"embeddable":true,"href":"https:\/\/euflightcompensation.com\/cs\/wp-json\/wp\/v2\/comments?post=26486"}],"version-history":[{"count":0,"href":"https:\/\/euflightcompensation.com\/cs\/wp-json\/wp\/v2\/pages\/26486\/revisions"}],"wp:attachment":[{"href":"https:\/\/euflightcompensation.com\/cs\/wp-json\/wp\/v2\/media?parent=26486"}],"curies":[{"name":"wp","href":"https:\/\/api.w.org\/{rel}","templated":true}]}}